{"id":10476,"date":"2025-12-27T23:01:55","date_gmt":"2025-12-27T22:01:55","guid":{"rendered":"https:\/\/le-chouka.com\/shop\/senza-categoria\/clip-sicurezza-raccordi-rapidi-swagelok-qc4-qc6\/"},"modified":"2026-03-06T21:07:59","modified_gmt":"2026-03-06T20:07:59","slug":"clip-sicurezza-raccordi-rapidi-swagelok-qc4-qc6","status":"publish","type":"product","link":"https:\/\/le-chouka.com\/it\/shop\/immersione\/clip-sicurezza-raccordi-rapidi-swagelok-qc4-qc6\/","title":{"rendered":"Clip di sicurezza per raccordi rapidi Swagelok QC (confezione da 8)"},"content":{"rendered":"<p>Migliora la <strong>sicurezza dei tuoi raccordi rapidi stagni<\/strong> durante le tue <strong>immersioni tecniche<\/strong> con i nostri <strong>clip di sicurezza<\/strong> appositamente progettati per connettori standard.<\/p>\n<p>Questi <strong>clip robusti<\/strong> si fissano direttamente al raccordo rapido per <strong>prevenire qualsiasi apertura involontaria o accidentale<\/strong> delle linee di ossigeno, aria o diluente, e <strong>si rimuovono facilmente in caso di freeflow<\/strong>.<\/p>\n<h3>Note:<\/h3>\n<ul>\n<li><strong>Confezione da 8 clip.<\/strong> Specifica nei commenti dell\u2019ordine la quantit\u00e0 desiderata per tipo e colore per creare il tuo <strong>assortimento personalizzato<\/strong> (es.: 4x QC4 nero, 2x QC6 verde).<\/li>\n<li>I connettori visibili nelle foto non sono inclusi.<\/li>\n<li>Il cordino non \u00e8 incluso. Puoi cos\u00ec scegliere colore, diametro (max \u00f8 2mm) e lunghezza desiderati. Ad esempio cordino da pesca subacquea \u00f8=2mm.<\/li>\n<\/ul>\n<h3>Dimensioni, colori e modelli compatibili<\/h3>\n<p>Attualmente offriamo clip per i seguenti connettori o isolatori di gas:<\/p>\n<table>\n<thead>\n<tr>\n<th>Modello<\/th>\n<th>d<\/th>\n<th>e<\/th>\n<\/tr>\n<\/thead>\n<tbody>\n<tr>\n<td>Swagelok QC4<\/td>\n<td>12.4mm<\/td>\n<td>3.5mm<\/td>\n<\/tr>\n<tr>\n<td>Swagelok QC6<\/td>\n<td>15.4mm<\/td>\n<td>3.5mm<\/td>\n<\/tr>\n<\/tbody>\n<\/table>\n<p>Per <strong>altri tipi di connettori o isolatori di gas standard<\/strong> (Flowstop, ecc.) o un <strong>colore specifico<\/strong>, <strong><a href=\"https:\/\/le-chouka.com\/it\/contatto\/\">contattaci<\/a><\/strong> indicando le dimensioni <strong>d<\/strong> e <strong>e<\/strong> mostrate nella foto sottostante, misurate con precisione con un calibro:<br \/>\n<img loading=\"lazy\" decoding=\"async\" class=\"size-medium wp-image-10447\" src=\"https:\/\/le-chouka.com\/wp-content\/uploads\/2025\/12\/clip-secu-dimensions-01-300x147.jpg\" alt=\"Dimensions clip s\u00e9cu\" width=\"300\" height=\"147\" srcset=\"https:\/\/le-chouka.com\/wp-content\/uploads\/2025\/12\/clip-secu-dimensions-01-300x147.jpg 300w, https:\/\/le-chouka.com\/wp-content\/uploads\/2025\/12\/clip-secu-dimensions-01-1024x502.jpg 1024w, https:\/\/le-chouka.com\/wp-content\/uploads\/2025\/12\/clip-secu-dimensions-01-768x376.jpg 768w, https:\/\/le-chouka.com\/wp-content\/uploads\/2025\/12\/clip-secu-dimensions-01-1536x753.jpg 1536w, https:\/\/le-chouka.com\/wp-content\/uploads\/2025\/12\/clip-secu-dimensions-01-600x294.jpg 600w, https:\/\/le-chouka.com\/wp-content\/uploads\/2025\/12\/clip-secu-dimensions-01.jpg 1800w\" sizes=\"auto, (max-width: 300px) 100vw, 300px\" \/> \u00a0<img loading=\"lazy\" decoding=\"async\" class=\"size-medium wp-image-10448\" src=\"https:\/\/le-chouka.com\/wp-content\/uploads\/2025\/12\/clip-secu-dimensions-02-300x143.jpg\" alt=\"Dimensions clip s\u00e9cu\" width=\"300\" height=\"143\" srcset=\"https:\/\/le-chouka.com\/wp-content\/uploads\/2025\/12\/clip-secu-dimensions-02-300x143.jpg 300w, https:\/\/le-chouka.com\/wp-content\/uploads\/2025\/12\/clip-secu-dimensions-02-768x367.jpg 768w, https:\/\/le-chouka.com\/wp-content\/uploads\/2025\/12\/clip-secu-dimensions-02-600x287.jpg 600w, https:\/\/le-chouka.com\/wp-content\/uploads\/2025\/12\/clip-secu-dimensions-02.jpg 867w\" sizes=\"auto, (max-width: 300px) 100vw, 300px\" \/><\/p>\n<h3>Nota di sicurezza importante<\/h3>\n<p>Questi clip di sicurezza sono destinati a <strong>subacquei esperti<\/strong>, formati nella subacquea tecnica e perfettamente padroni della propria configurazione, attrezzatura e procedure operative.<\/p>\n<p>L\u2019utente \u00e8 l\u2019unico responsabile:<\/p>\n<ul>\n<li>della scelta dell\u2019attrezzatura,<\/li>\n<li>della corretta installazione dei clip e del cordino,<\/li>\n<li>della verifica pre-immersione,<\/li>\n<li>e dell\u2019uso appropriato sott\u2019acqua.<\/li>\n<\/ul>\n<p>Chouka non potr\u00e0 in alcun caso essere ritenuta responsabile di incidenti, inconvenienti o delle loro conseguenze derivanti da un uso improprio, un\u2019installazione errata o una modifica del prodotto.<br \/>\nSpetta al subacqueo assicurarsi che la propria attrezzatura sia conforme, adatta alla pratica e utilizzata nel rispetto delle norme di sicurezza subacquea.<\/p>\n","protected":false},"excerpt":{"rendered":"<p><strong>Confezione da 8 clip di sicurezza<\/strong> per raccordi rapidi stagni, progettati per impedire qualsiasi disconnessione involontaria durante le immersioni tecniche. Facili da installare, si rimuovono rapidamente tramite un cordino (non incluso).<\/p>\n<p><strong>Modelli disponibili<\/strong>:<\/p>\n<ul>\n<li>Swagelok QC4<\/li>\n<li>Swagelok QC6<\/li>\n<\/ul>\n<p><strong>Colori disponibili:<\/strong><\/p>\n<ul>\n<li>Nero<\/li>\n<li>Verde<\/li>\n<\/ul>\n<p style=\"text-align: left;\"><strong>Importante: indica nei commenti dell\u2019ordine il numero di clip desiderato per tipo e per colore<\/strong>, per un totale di 8 pezzi (es.: 4x QC4 nero, 2x QC6 verde).<br \/>\n<small>Vedi sotto per altri tipi di connettori o colori.<\/small><\/p>\n","protected":false},"featured_media":10466,"comment_status":"open","ping_status":"closed","template":"","meta":[],"product_brand":[],"product_cat":[163],"product_tag":[],"class_list":{"0":"post-10476","1":"product","2":"type-product","3":"status-publish","4":"has-post-thumbnail","6":"product_cat-immersione","8":"first","9":"instock","10":"taxable","11":"shipping-taxable","12":"purchasable","13":"product-type-simple"},"yoast_head":"<!-- This site is optimized with the Yoast SEO Premium plugin v26.1 (Yoast SEO v27.1.1) - https:\/\/yoast.com\/product\/yoast-seo-premium-wordpress\/ -->\n<title>Clip di sicurezza per raccordi rapidi da immersione (confezione da 8)<\/title>\n<meta name=\"description\" content=\"Clip di sicurezza per connettori rapidi stagni Swagelok. Prevenzione delle aperture accidentali nelle immersioni tecniche. Confezione da 8 clip su misura.\" \/>\n<meta name=\"robots\" content=\"index, follow, max-snippet:-1, max-image-preview:large, max-video-preview:-1\" \/>\n<link rel=\"canonical\" href=\"https:\/\/le-chouka.com\/it\/shop\/immersione\/clip-sicurezza-raccordi-rapidi-swagelok-qc4-qc6\/\" \/>\n<meta property=\"og:locale\" content=\"it_IT\" \/>\n<meta property=\"og:type\" content=\"article\" \/>\n<meta property=\"og:title\" content=\"Clip di sicurezza per raccordi rapidi Swagelok QC (confezione da 8)\" \/>\n<meta property=\"og:description\" content=\"Clip di sicurezza per connettori rapidi stagni Swagelok. Prevenzione delle aperture accidentali nelle immersioni tecniche. Confezione da 8 clip su misura.\" \/>\n<meta property=\"og:url\" content=\"https:\/\/le-chouka.com\/it\/shop\/immersione\/clip-sicurezza-raccordi-rapidi-swagelok-qc4-qc6\/\" \/>\n<meta property=\"og:site_name\" content=\"Chouka Shop: Parapendio, Arrampicata e Immersione\" \/>\n<meta property=\"article:publisher\" content=\"https:\/\/www.facebook.com\/le.chouka.parapente\" \/>\n<meta property=\"article:modified_time\" content=\"2026-03-06T20:07:59+00:00\" \/>\n<meta property=\"og:image\" content=\"https:\/\/le-chouka.com\/wp-content\/uploads\/2025\/12\/montage-03.png\" \/>\n\t<meta property=\"og:image:width\" content=\"864\" \/>\n\t<meta property=\"og:image:height\" content=\"864\" \/>\n\t<meta property=\"og:image:type\" content=\"image\/png\" \/>\n<meta name=\"twitter:card\" content=\"summary_large_image\" \/>\n<meta name=\"twitter:label1\" content=\"Prezzo\" \/>\n\t<meta name=\"twitter:data1\" content=\"10&nbsp;&euro;\" \/>\n\t<meta name=\"twitter:label2\" content=\"Disponibilit\u00e0\" \/>\n\t<meta name=\"twitter:data2\" content=\"Disponibile\" \/>\n<script type=\"application\/ld+json\" class=\"yoast-schema-graph\">{\"@context\":\"https:\/\/schema.org\",\"@graph\":[{\"@type\":\"WebPage\",\"@id\":\"https:\/\/le-chouka.com\/it\/shop\/immersione\/clip-sicurezza-raccordi-rapidi-swagelok-qc4-qc6\/\",\"url\":\"https:\/\/le-chouka.com\/it\/shop\/immersione\/clip-sicurezza-raccordi-rapidi-swagelok-qc4-qc6\/\",\"name\":\"Clip di sicurezza per raccordi rapidi da immersione (confezione da 8)\",\"isPartOf\":{\"@id\":\"https:\/\/le-chouka.com\/it\/#website\"},\"primaryImageOfPage\":{\"@id\":\"https:\/\/le-chouka.com\/it\/shop\/immersione\/clip-sicurezza-raccordi-rapidi-swagelok-qc4-qc6\/#primaryimage\"},\"image\":{\"@id\":\"https:\/\/le-chouka.com\/it\/shop\/immersione\/clip-sicurezza-raccordi-rapidi-swagelok-qc4-qc6\/#primaryimage\"},\"thumbnailUrl\":\"https:\/\/le-chouka.com\/wp-content\/uploads\/2025\/12\/montage-03.png\",\"datePublished\":\"2025-12-27T22:01:55+00:00\",\"dateModified\":\"2026-03-06T20:07:59+00:00\",\"description\":\"Clip di sicurezza per connettori rapidi stagni Swagelok. Prevenzione delle aperture accidentali nelle immersioni tecniche. Confezione da 8 clip su misura.\",\"breadcrumb\":{\"@id\":\"https:\/\/le-chouka.com\/it\/shop\/immersione\/clip-sicurezza-raccordi-rapidi-swagelok-qc4-qc6\/#breadcrumb\"},\"inLanguage\":\"it-IT\",\"potentialAction\":[{\"@type\":\"ReadAction\",\"target\":[\"https:\/\/le-chouka.com\/it\/shop\/immersione\/clip-sicurezza-raccordi-rapidi-swagelok-qc4-qc6\/\"]}]},{\"@type\":\"ImageObject\",\"inLanguage\":\"it-IT\",\"@id\":\"https:\/\/le-chouka.com\/it\/shop\/immersione\/clip-sicurezza-raccordi-rapidi-swagelok-qc4-qc6\/#primaryimage\",\"url\":\"https:\/\/le-chouka.com\/wp-content\/uploads\/2025\/12\/montage-03.png\",\"contentUrl\":\"https:\/\/le-chouka.com\/wp-content\/uploads\/2025\/12\/montage-03.png\",\"width\":864,\"height\":864,\"caption\":\"Montaggio del clip di sicurezza 03\"},{\"@type\":\"BreadcrumbList\",\"@id\":\"https:\/\/le-chouka.com\/it\/shop\/immersione\/clip-sicurezza-raccordi-rapidi-swagelok-qc4-qc6\/#breadcrumb\",\"itemListElement\":[{\"@type\":\"ListItem\",\"position\":1,\"name\":\"Home\",\"item\":\"https:\/\/le-chouka.com\/it\/\"},{\"@type\":\"ListItem\",\"position\":2,\"name\":\"Tutti i nostri prodotti\",\"item\":\"https:\/\/le-chouka.com\/it\/shop\/\"},{\"@type\":\"ListItem\",\"position\":3,\"name\":\"Clip di sicurezza per raccordi rapidi Swagelok QC (confezione da 8)\"}]},{\"@type\":\"WebSite\",\"@id\":\"https:\/\/le-chouka.com\/it\/#website\",\"url\":\"https:\/\/le-chouka.com\/it\/\",\"name\":\"Chouka shop: Parapente, Montagne, Plong\u00e9e\",\"description\":\"Chouka Shop: variometri, bussole e accessori per parapendio, montagna e immersione\",\"publisher\":{\"@id\":\"https:\/\/le-chouka.com\/it\/#organization\"},\"alternateName\":\"Chouka parapente & montagne\",\"potentialAction\":[{\"@type\":\"SearchAction\",\"target\":{\"@type\":\"EntryPoint\",\"urlTemplate\":\"https:\/\/le-chouka.com\/it\/?s={search_term_string}\"},\"query-input\":{\"@type\":\"PropertyValueSpecification\",\"valueRequired\":true,\"valueName\":\"search_term_string\"}}],\"inLanguage\":\"it-IT\"},{\"@type\":\"Organization\",\"@id\":\"https:\/\/le-chouka.com\/it\/#organization\",\"name\":\"Chouka\",\"alternateName\":\"Chouka\",\"url\":\"https:\/\/le-chouka.com\/it\/\",\"logo\":{\"@type\":\"ImageObject\",\"inLanguage\":\"it-IT\",\"@id\":\"https:\/\/le-chouka.com\/it\/#\/schema\/logo\/image\/\",\"url\":\"https:\/\/le-chouka.com\/wp-content\/uploads\/2025\/10\/logo-chouka-grand-orange.png\",\"contentUrl\":\"https:\/\/le-chouka.com\/wp-content\/uploads\/2025\/10\/logo-chouka-grand-orange.png\",\"width\":491,\"height\":424,\"caption\":\"Chouka\"},\"image\":{\"@id\":\"https:\/\/le-chouka.com\/it\/#\/schema\/logo\/image\/\"},\"sameAs\":[\"https:\/\/www.facebook.com\/le.chouka.parapente\",\"https:\/\/www.instagram.com\/chouka_parapente\"]}]}<\/script>\n<meta property=\"product:price:amount\" content=\"10.00\" \/>\n<meta property=\"product:price:currency\" content=\"EUR\" \/>\n<meta property=\"og:availability\" content=\"instock\" \/>\n<meta property=\"product:availability\" content=\"instock\" \/>\n<meta property=\"product:condition\" content=\"new\" \/>\n<!-- \/ Yoast SEO Premium plugin. -->","yoast_head_json":{"title":"Clip di sicurezza per raccordi rapidi da immersione (confezione da 8)","description":"Clip di sicurezza per connettori rapidi stagni Swagelok. Prevenzione delle aperture accidentali nelle immersioni tecniche. Confezione da 8 clip su misura.","robots":{"index":"index","follow":"follow","max-snippet":"max-snippet:-1","max-image-preview":"max-image-preview:large","max-video-preview":"max-video-preview:-1"},"canonical":"https:\/\/le-chouka.com\/it\/shop\/immersione\/clip-sicurezza-raccordi-rapidi-swagelok-qc4-qc6\/","og_locale":"it_IT","og_type":"article","og_title":"Clip di sicurezza per raccordi rapidi Swagelok QC (confezione da 8)","og_description":"Clip di sicurezza per connettori rapidi stagni Swagelok. Prevenzione delle aperture accidentali nelle immersioni tecniche. Confezione da 8 clip su misura.","og_url":"https:\/\/le-chouka.com\/it\/shop\/immersione\/clip-sicurezza-raccordi-rapidi-swagelok-qc4-qc6\/","og_site_name":"Chouka Shop: Parapendio, Arrampicata e Immersione","article_publisher":"https:\/\/www.facebook.com\/le.chouka.parapente","article_modified_time":"2026-03-06T20:07:59+00:00","og_image":[{"width":864,"height":864,"url":"https:\/\/le-chouka.com\/wp-content\/uploads\/2025\/12\/montage-03.png","type":"image\/png"}],"twitter_card":"summary_large_image","twitter_misc":{"Prezzo":"10&nbsp;&euro;","Disponibilit\u00e0":"Disponibile"},"schema":{"@context":"https:\/\/schema.org","@graph":[{"@type":"WebPage","@id":"https:\/\/le-chouka.com\/it\/shop\/immersione\/clip-sicurezza-raccordi-rapidi-swagelok-qc4-qc6\/","url":"https:\/\/le-chouka.com\/it\/shop\/immersione\/clip-sicurezza-raccordi-rapidi-swagelok-qc4-qc6\/","name":"Clip di sicurezza per raccordi rapidi da immersione (confezione da 8)","isPartOf":{"@id":"https:\/\/le-chouka.com\/it\/#website"},"primaryImageOfPage":{"@id":"https:\/\/le-chouka.com\/it\/shop\/immersione\/clip-sicurezza-raccordi-rapidi-swagelok-qc4-qc6\/#primaryimage"},"image":{"@id":"https:\/\/le-chouka.com\/it\/shop\/immersione\/clip-sicurezza-raccordi-rapidi-swagelok-qc4-qc6\/#primaryimage"},"thumbnailUrl":"https:\/\/le-chouka.com\/wp-content\/uploads\/2025\/12\/montage-03.png","datePublished":"2025-12-27T22:01:55+00:00","dateModified":"2026-03-06T20:07:59+00:00","description":"Clip di sicurezza per connettori rapidi stagni Swagelok. Prevenzione delle aperture accidentali nelle immersioni tecniche. Confezione da 8 clip su misura.","breadcrumb":{"@id":"https:\/\/le-chouka.com\/it\/shop\/immersione\/clip-sicurezza-raccordi-rapidi-swagelok-qc4-qc6\/#breadcrumb"},"inLanguage":"it-IT","potentialAction":[{"@type":"ReadAction","target":["https:\/\/le-chouka.com\/it\/shop\/immersione\/clip-sicurezza-raccordi-rapidi-swagelok-qc4-qc6\/"]}]},{"@type":"ImageObject","inLanguage":"it-IT","@id":"https:\/\/le-chouka.com\/it\/shop\/immersione\/clip-sicurezza-raccordi-rapidi-swagelok-qc4-qc6\/#primaryimage","url":"https:\/\/le-chouka.com\/wp-content\/uploads\/2025\/12\/montage-03.png","contentUrl":"https:\/\/le-chouka.com\/wp-content\/uploads\/2025\/12\/montage-03.png","width":864,"height":864,"caption":"Montaggio del clip di sicurezza 03"},{"@type":"BreadcrumbList","@id":"https:\/\/le-chouka.com\/it\/shop\/immersione\/clip-sicurezza-raccordi-rapidi-swagelok-qc4-qc6\/#breadcrumb","itemListElement":[{"@type":"ListItem","position":1,"name":"Home","item":"https:\/\/le-chouka.com\/it\/"},{"@type":"ListItem","position":2,"name":"Tutti i nostri prodotti","item":"https:\/\/le-chouka.com\/it\/shop\/"},{"@type":"ListItem","position":3,"name":"Clip di sicurezza per raccordi rapidi Swagelok QC (confezione da 8)"}]},{"@type":"WebSite","@id":"https:\/\/le-chouka.com\/it\/#website","url":"https:\/\/le-chouka.com\/it\/","name":"Chouka shop: Parapente, Montagne, Plong\u00e9e","description":"Chouka Shop: variometri, bussole e accessori per parapendio, montagna e immersione","publisher":{"@id":"https:\/\/le-chouka.com\/it\/#organization"},"alternateName":"Chouka parapente & montagne","potentialAction":[{"@type":"SearchAction","target":{"@type":"EntryPoint","urlTemplate":"https:\/\/le-chouka.com\/it\/?s={search_term_string}"},"query-input":{"@type":"PropertyValueSpecification","valueRequired":true,"valueName":"search_term_string"}}],"inLanguage":"it-IT"},{"@type":"Organization","@id":"https:\/\/le-chouka.com\/it\/#organization","name":"Chouka","alternateName":"Chouka","url":"https:\/\/le-chouka.com\/it\/","logo":{"@type":"ImageObject","inLanguage":"it-IT","@id":"https:\/\/le-chouka.com\/it\/#\/schema\/logo\/image\/","url":"https:\/\/le-chouka.com\/wp-content\/uploads\/2025\/10\/logo-chouka-grand-orange.png","contentUrl":"https:\/\/le-chouka.com\/wp-content\/uploads\/2025\/10\/logo-chouka-grand-orange.png","width":491,"height":424,"caption":"Chouka"},"image":{"@id":"https:\/\/le-chouka.com\/it\/#\/schema\/logo\/image\/"},"sameAs":["https:\/\/www.facebook.com\/le.chouka.parapente","https:\/\/www.instagram.com\/chouka_parapente"]}]},"product_price_amount":"10.00","product_price_currency":"EUR","og_availability":"instock","product_availability":"instock","product_condition":"new"},"_links":{"self":[{"href":"https:\/\/le-chouka.com\/it\/wp-json\/wp\/v2\/product\/10476","targetHints":{"allow":["GET"]}}],"collection":[{"href":"https:\/\/le-chouka.com\/it\/wp-json\/wp\/v2\/product"}],"about":[{"href":"https:\/\/le-chouka.com\/it\/wp-json\/wp\/v2\/types\/product"}],"replies":[{"embeddable":true,"href":"https:\/\/le-chouka.com\/it\/wp-json\/wp\/v2\/comments?post=10476"}],"wp:featuredmedia":[{"embeddable":true,"href":"https:\/\/le-chouka.com\/it\/wp-json\/wp\/v2\/media\/10466"}],"wp:attachment":[{"href":"https:\/\/le-chouka.com\/it\/wp-json\/wp\/v2\/media?parent=10476"}],"wp:term":[{"taxonomy":"product_brand","embeddable":true,"href":"https:\/\/le-chouka.com\/it\/wp-json\/wp\/v2\/product_brand?post=10476"},{"taxonomy":"product_cat","embeddable":true,"href":"https:\/\/le-chouka.com\/it\/wp-json\/wp\/v2\/product_cat?post=10476"},{"taxonomy":"product_tag","embeddable":true,"href":"https:\/\/le-chouka.com\/it\/wp-json\/wp\/v2\/product_tag?post=10476"}],"curies":[{"name":"wp","href":"https:\/\/api.w.org\/{rel}","templated":true}]}}