{"id":10227,"date":"2025-12-03T11:34:19","date_gmt":"2025-12-03T10:34:19","guid":{"rendered":"https:\/\/le-chouka.com\/?post_type=product&#038;p=10227"},"modified":"2026-03-06T09:47:57","modified_gmt":"2026-03-06T08:47:57","slug":"t-shirt-parapente-aero-lexique","status":"publish","type":"product","link":"https:\/\/le-chouka.com\/it\/shop\/parapendio\/t-shirt-parapente-aero-lexique\/","title":{"rendered":"T-shirt A\u00e9ro-lexique"},"content":{"rendered":"<p>Le t-shirt Chouka A\u00e9ro-Lexique est un <strong>concentr\u00e9 d\u2019humour et de culture parapentesque<\/strong>.<\/p>\n<p>Id\u00e9al comme cadeau pour les parapentistes passionn\u00e9s ou si vous en avez marre d\u2019entendre<strong> votre conjoint.e ou votre ami.e utiliser des expressions incompr\u00e9hensibles <\/strong>du style :<em> \u201cle fusible s&#8217;est extrait super facilement, mais je me suis fait d\u00e9gueuler en sortie de d\u00e9co et j&#8217;ai d\u00fb vacher sans m\u00eame pouvoir rejoindre l&#8217;atterro\u201d.<\/em><\/p>\n<h3>Explication des 4 expressions illustr\u00e9es<\/h3>\n<ul class=\"my-chouka-bullet\">\n<li><strong>\u201cSe faire d\u00e9gueuler\u201d<\/strong><br \/>\nPasser dans une grosse descendance thermique et perdre de l\u2019altitude \u00e0 la vitesse d\u2019un ascenseur en panne. Jamais un bon moment.<\/li>\n<li><strong>\u201cUn fusible\u201d<\/strong><br \/>\nCelui qui d\u00e9colle en premier pour tester les conditions. Si \u00e7a passe, tout le monde le suit !<\/li>\n<li><strong>\u201cSe vacher\u201d<\/strong><br \/>\nSe poser dans un endroit non pr\u00e9vu comme atterrissage officiel de parapente : p\u00e2ture, champ, clairi\u00e8re, jardin d\u2019un inconnu, parking du supermarch\u00e9\u2026<\/li>\n<li><strong>\u201cJet\u00e9 de viande\u201d<\/strong><br \/>\nSe lancer dans une transition douteuse ou un d\u00e9collage engag\u00e9 type \u201cd\u00e9co falaise\u201d, avec un risque non n\u00e9gligeable de finir les pieds dans les sapins et la voile sur la t\u00eate !<\/li>\n<\/ul>\n","protected":false},"excerpt":{"rendered":"<p>Le t-shirt Chouka A\u00e9ro-Lexique r\u00e9unit <strong>4 expressions cultes du parapente<\/strong> illustr\u00e9es avec humour : se faire d\u00e9gueuler, un fusible, se vacher et un jet\u00e9 de viande.<\/p>\n<p>Le <strong>cadeau parfait pour un.e pilote de parapente<\/strong>.<\/p>\n<p><em>Coupe mixte homme ou femme.<\/em><\/p>\n","protected":false},"featured_media":10228,"comment_status":"open","ping_status":"closed","template":"","meta":[],"product_brand":[],"product_cat":[41,80],"product_tag":[],"class_list":{"0":"post-10227","1":"product","2":"type-product","3":"status-publish","4":"has-post-thumbnail","6":"product_cat-parapente","7":"product_cat-accessoires","9":"first","10":"instock","11":"sale","12":"featured","13":"taxable","14":"shipping-taxable","15":"purchasable","16":"product-type-variable"},"yoast_head":"<!-- This site is optimized with the Yoast SEO Premium plugin v26.1 (Yoast SEO v27.1.1) - https:\/\/yoast.com\/product\/yoast-seo-premium-wordpress\/ -->\n<title>T-shirt Parapente \u201cA\u00e9ro-lexique\u201d - Chouka shop<\/title>\n<meta name=\"description\" content=\"Le cadeau parfait pour un.e pilote de parapente. Ce tshirt r\u00e9unit 4 expressions cultes du parapente illustr\u00e9es avec humour : se vacher, un fusible...\" \/>\n<meta name=\"robots\" content=\"index, follow, max-snippet:-1, max-image-preview:large, max-video-preview:-1\" \/>\n<link rel=\"canonical\" href=\"https:\/\/le-chouka.com\/it\/shop\/parapendio\/t-shirt-parapente-aero-lexique\/\" \/>\n<meta property=\"og:locale\" content=\"it_IT\" \/>\n<meta property=\"og:type\" content=\"article\" \/>\n<meta property=\"og:title\" content=\"T-shirt A\u00e9ro-lexique\" \/>\n<meta property=\"og:description\" content=\"Le cadeau parfait pour un.e pilote de parapente. Ce tshirt r\u00e9unit 4 expressions cultes du parapente illustr\u00e9es avec humour : se vacher, un fusible...\" \/>\n<meta property=\"og:url\" content=\"https:\/\/le-chouka.com\/it\/shop\/parapendio\/t-shirt-parapente-aero-lexique\/\" \/>\n<meta property=\"og:site_name\" content=\"Chouka Shop: Parapendio, Arrampicata e Immersione\" \/>\n<meta property=\"article:publisher\" content=\"https:\/\/www.facebook.com\/le.chouka.parapente\" \/>\n<meta property=\"article:modified_time\" content=\"2026-03-06T08:47:57+00:00\" \/>\n<meta property=\"og:image\" content=\"https:\/\/le-chouka.com\/wp-content\/uploads\/2025\/12\/tshirt-parapente-chouka-aerolexique-bleu-stone-01_sqr.png\" \/>\n\t<meta property=\"og:image:width\" content=\"777\" \/>\n\t<meta property=\"og:image:height\" content=\"777\" \/>\n\t<meta property=\"og:image:type\" content=\"image\/png\" \/>\n<meta name=\"twitter:card\" content=\"summary_large_image\" \/>\n<meta name=\"twitter:label1\" content=\"Disponibilit\u00e0\" \/>\n\t<meta name=\"twitter:data1\" content=\"Disponibile\" \/>\n<script type=\"application\/ld+json\" class=\"yoast-schema-graph\">{\"@context\":\"https:\/\/schema.org\",\"@graph\":[{\"@type\":\"WebPage\",\"@id\":\"https:\/\/le-chouka.com\/it\/shop\/parapendio\/t-shirt-parapente-aero-lexique\/\",\"url\":\"https:\/\/le-chouka.com\/it\/shop\/parapendio\/t-shirt-parapente-aero-lexique\/\",\"name\":\"T-shirt Parapente \u201cA\u00e9ro-lexique\u201d - Chouka shop\",\"isPartOf\":{\"@id\":\"https:\/\/le-chouka.com\/it\/#website\"},\"primaryImageOfPage\":{\"@id\":\"https:\/\/le-chouka.com\/it\/shop\/parapendio\/t-shirt-parapente-aero-lexique\/#primaryimage\"},\"image\":{\"@id\":\"https:\/\/le-chouka.com\/it\/shop\/parapendio\/t-shirt-parapente-aero-lexique\/#primaryimage\"},\"thumbnailUrl\":\"https:\/\/le-chouka.com\/wp-content\/uploads\/2025\/12\/tshirt-parapente-chouka-aerolexique-bleu-stone-01_sqr.png\",\"datePublished\":\"2025-12-03T10:34:19+00:00\",\"dateModified\":\"2026-03-06T08:47:57+00:00\",\"description\":\"Le cadeau parfait pour un.e pilote de parapente. Ce tshirt r\u00e9unit 4 expressions cultes du parapente illustr\u00e9es avec humour : se vacher, un fusible...\",\"breadcrumb\":{\"@id\":\"https:\/\/le-chouka.com\/it\/shop\/parapendio\/t-shirt-parapente-aero-lexique\/#breadcrumb\"},\"inLanguage\":\"it-IT\",\"potentialAction\":[{\"@type\":\"ReadAction\",\"target\":[\"https:\/\/le-chouka.com\/it\/shop\/parapendio\/t-shirt-parapente-aero-lexique\/\"]}]},{\"@type\":\"ImageObject\",\"inLanguage\":\"it-IT\",\"@id\":\"https:\/\/le-chouka.com\/it\/shop\/parapendio\/t-shirt-parapente-aero-lexique\/#primaryimage\",\"url\":\"https:\/\/le-chouka.com\/wp-content\/uploads\/2025\/12\/tshirt-parapente-chouka-aerolexique-bleu-stone-01_sqr.png\",\"contentUrl\":\"https:\/\/le-chouka.com\/wp-content\/uploads\/2025\/12\/tshirt-parapente-chouka-aerolexique-bleu-stone-01_sqr.png\",\"width\":777,\"height\":777,\"caption\":\"T-Shirt Chouka A\u00e9ro-lexique\"},{\"@type\":\"BreadcrumbList\",\"@id\":\"https:\/\/le-chouka.com\/it\/shop\/parapendio\/t-shirt-parapente-aero-lexique\/#breadcrumb\",\"itemListElement\":[{\"@type\":\"ListItem\",\"position\":1,\"name\":\"Home\",\"item\":\"https:\/\/le-chouka.com\/it\/\"},{\"@type\":\"ListItem\",\"position\":2,\"name\":\"Tutti i nostri prodotti\",\"item\":\"https:\/\/le-chouka.com\/it\/shop\/\"},{\"@type\":\"ListItem\",\"position\":3,\"name\":\"T-shirt A\u00e9ro-lexique\"}]},{\"@type\":\"WebSite\",\"@id\":\"https:\/\/le-chouka.com\/it\/#website\",\"url\":\"https:\/\/le-chouka.com\/it\/\",\"name\":\"Chouka shop: Parapente, Montagne, Plong\u00e9e\",\"description\":\"Chouka Shop: variometri, bussole e accessori per parapendio, montagna e immersione\",\"publisher\":{\"@id\":\"https:\/\/le-chouka.com\/it\/#organization\"},\"alternateName\":\"Chouka parapente & montagne\",\"potentialAction\":[{\"@type\":\"SearchAction\",\"target\":{\"@type\":\"EntryPoint\",\"urlTemplate\":\"https:\/\/le-chouka.com\/it\/?s={search_term_string}\"},\"query-input\":{\"@type\":\"PropertyValueSpecification\",\"valueRequired\":true,\"valueName\":\"search_term_string\"}}],\"inLanguage\":\"it-IT\"},{\"@type\":\"Organization\",\"@id\":\"https:\/\/le-chouka.com\/it\/#organization\",\"name\":\"Chouka\",\"alternateName\":\"Chouka\",\"url\":\"https:\/\/le-chouka.com\/it\/\",\"logo\":{\"@type\":\"ImageObject\",\"inLanguage\":\"it-IT\",\"@id\":\"https:\/\/le-chouka.com\/it\/#\/schema\/logo\/image\/\",\"url\":\"https:\/\/le-chouka.com\/wp-content\/uploads\/2025\/10\/logo-chouka-grand-orange.png\",\"contentUrl\":\"https:\/\/le-chouka.com\/wp-content\/uploads\/2025\/10\/logo-chouka-grand-orange.png\",\"width\":491,\"height\":424,\"caption\":\"Chouka\"},\"image\":{\"@id\":\"https:\/\/le-chouka.com\/it\/#\/schema\/logo\/image\/\"},\"sameAs\":[\"https:\/\/www.facebook.com\/le.chouka.parapente\",\"https:\/\/www.instagram.com\/chouka_parapente\"]}]}<\/script>\n<meta property=\"og:availability\" content=\"instock\" \/>\n<meta property=\"product:availability\" content=\"instock\" \/>\n<meta property=\"product:condition\" content=\"new\" \/>\n<!-- \/ Yoast SEO Premium plugin. -->","yoast_head_json":{"title":"T-shirt Parapente \u201cA\u00e9ro-lexique\u201d - Chouka shop","description":"Le cadeau parfait pour un.e pilote de parapente. Ce tshirt r\u00e9unit 4 expressions cultes du parapente illustr\u00e9es avec humour : se vacher, un fusible...","robots":{"index":"index","follow":"follow","max-snippet":"max-snippet:-1","max-image-preview":"max-image-preview:large","max-video-preview":"max-video-preview:-1"},"canonical":"https:\/\/le-chouka.com\/it\/shop\/parapendio\/t-shirt-parapente-aero-lexique\/","og_locale":"it_IT","og_type":"article","og_title":"T-shirt A\u00e9ro-lexique","og_description":"Le cadeau parfait pour un.e pilote de parapente. Ce tshirt r\u00e9unit 4 expressions cultes du parapente illustr\u00e9es avec humour : se vacher, un fusible...","og_url":"https:\/\/le-chouka.com\/it\/shop\/parapendio\/t-shirt-parapente-aero-lexique\/","og_site_name":"Chouka Shop: Parapendio, Arrampicata e Immersione","article_publisher":"https:\/\/www.facebook.com\/le.chouka.parapente","article_modified_time":"2026-03-06T08:47:57+00:00","og_image":[{"width":777,"height":777,"url":"https:\/\/le-chouka.com\/wp-content\/uploads\/2025\/12\/tshirt-parapente-chouka-aerolexique-bleu-stone-01_sqr.png","type":"image\/png"}],"twitter_card":"summary_large_image","twitter_misc":{"Disponibilit\u00e0":"Disponibile"},"schema":{"@context":"https:\/\/schema.org","@graph":[{"@type":"WebPage","@id":"https:\/\/le-chouka.com\/it\/shop\/parapendio\/t-shirt-parapente-aero-lexique\/","url":"https:\/\/le-chouka.com\/it\/shop\/parapendio\/t-shirt-parapente-aero-lexique\/","name":"T-shirt Parapente \u201cA\u00e9ro-lexique\u201d - Chouka shop","isPartOf":{"@id":"https:\/\/le-chouka.com\/it\/#website"},"primaryImageOfPage":{"@id":"https:\/\/le-chouka.com\/it\/shop\/parapendio\/t-shirt-parapente-aero-lexique\/#primaryimage"},"image":{"@id":"https:\/\/le-chouka.com\/it\/shop\/parapendio\/t-shirt-parapente-aero-lexique\/#primaryimage"},"thumbnailUrl":"https:\/\/le-chouka.com\/wp-content\/uploads\/2025\/12\/tshirt-parapente-chouka-aerolexique-bleu-stone-01_sqr.png","datePublished":"2025-12-03T10:34:19+00:00","dateModified":"2026-03-06T08:47:57+00:00","description":"Le cadeau parfait pour un.e pilote de parapente. Ce tshirt r\u00e9unit 4 expressions cultes du parapente illustr\u00e9es avec humour : se vacher, un fusible...","breadcrumb":{"@id":"https:\/\/le-chouka.com\/it\/shop\/parapendio\/t-shirt-parapente-aero-lexique\/#breadcrumb"},"inLanguage":"it-IT","potentialAction":[{"@type":"ReadAction","target":["https:\/\/le-chouka.com\/it\/shop\/parapendio\/t-shirt-parapente-aero-lexique\/"]}]},{"@type":"ImageObject","inLanguage":"it-IT","@id":"https:\/\/le-chouka.com\/it\/shop\/parapendio\/t-shirt-parapente-aero-lexique\/#primaryimage","url":"https:\/\/le-chouka.com\/wp-content\/uploads\/2025\/12\/tshirt-parapente-chouka-aerolexique-bleu-stone-01_sqr.png","contentUrl":"https:\/\/le-chouka.com\/wp-content\/uploads\/2025\/12\/tshirt-parapente-chouka-aerolexique-bleu-stone-01_sqr.png","width":777,"height":777,"caption":"T-Shirt Chouka A\u00e9ro-lexique"},{"@type":"BreadcrumbList","@id":"https:\/\/le-chouka.com\/it\/shop\/parapendio\/t-shirt-parapente-aero-lexique\/#breadcrumb","itemListElement":[{"@type":"ListItem","position":1,"name":"Home","item":"https:\/\/le-chouka.com\/it\/"},{"@type":"ListItem","position":2,"name":"Tutti i nostri prodotti","item":"https:\/\/le-chouka.com\/it\/shop\/"},{"@type":"ListItem","position":3,"name":"T-shirt A\u00e9ro-lexique"}]},{"@type":"WebSite","@id":"https:\/\/le-chouka.com\/it\/#website","url":"https:\/\/le-chouka.com\/it\/","name":"Chouka shop: Parapente, Montagne, Plong\u00e9e","description":"Chouka Shop: variometri, bussole e accessori per parapendio, montagna e immersione","publisher":{"@id":"https:\/\/le-chouka.com\/it\/#organization"},"alternateName":"Chouka parapente & montagne","potentialAction":[{"@type":"SearchAction","target":{"@type":"EntryPoint","urlTemplate":"https:\/\/le-chouka.com\/it\/?s={search_term_string}"},"query-input":{"@type":"PropertyValueSpecification","valueRequired":true,"valueName":"search_term_string"}}],"inLanguage":"it-IT"},{"@type":"Organization","@id":"https:\/\/le-chouka.com\/it\/#organization","name":"Chouka","alternateName":"Chouka","url":"https:\/\/le-chouka.com\/it\/","logo":{"@type":"ImageObject","inLanguage":"it-IT","@id":"https:\/\/le-chouka.com\/it\/#\/schema\/logo\/image\/","url":"https:\/\/le-chouka.com\/wp-content\/uploads\/2025\/10\/logo-chouka-grand-orange.png","contentUrl":"https:\/\/le-chouka.com\/wp-content\/uploads\/2025\/10\/logo-chouka-grand-orange.png","width":491,"height":424,"caption":"Chouka"},"image":{"@id":"https:\/\/le-chouka.com\/it\/#\/schema\/logo\/image\/"},"sameAs":["https:\/\/www.facebook.com\/le.chouka.parapente","https:\/\/www.instagram.com\/chouka_parapente"]}]},"og_availability":"instock","product_availability":"instock","product_condition":"new"},"_links":{"self":[{"href":"https:\/\/le-chouka.com\/it\/wp-json\/wp\/v2\/product\/10227","targetHints":{"allow":["GET"]}}],"collection":[{"href":"https:\/\/le-chouka.com\/it\/wp-json\/wp\/v2\/product"}],"about":[{"href":"https:\/\/le-chouka.com\/it\/wp-json\/wp\/v2\/types\/product"}],"replies":[{"embeddable":true,"href":"https:\/\/le-chouka.com\/it\/wp-json\/wp\/v2\/comments?post=10227"}],"wp:featuredmedia":[{"embeddable":true,"href":"https:\/\/le-chouka.com\/it\/wp-json\/wp\/v2\/media\/10228"}],"wp:attachment":[{"href":"https:\/\/le-chouka.com\/it\/wp-json\/wp\/v2\/media?parent=10227"}],"wp:term":[{"taxonomy":"product_brand","embeddable":true,"href":"https:\/\/le-chouka.com\/it\/wp-json\/wp\/v2\/product_brand?post=10227"},{"taxonomy":"product_cat","embeddable":true,"href":"https:\/\/le-chouka.com\/it\/wp-json\/wp\/v2\/product_cat?post=10227"},{"taxonomy":"product_tag","embeddable":true,"href":"https:\/\/le-chouka.com\/it\/wp-json\/wp\/v2\/product_tag?post=10227"}],"curies":[{"name":"wp","href":"https:\/\/api.w.org\/{rel}","templated":true}]}}