{"id":1287,"date":"2025-10-08T18:49:21","date_gmt":"2025-10-08T16:49:21","guid":{"rendered":"https:\/\/new.le-chouka.com\/informativa-privacy\/"},"modified":"2025-10-30T09:57:36","modified_gmt":"2025-10-30T08:57:36","slug":"informativa-privacy","status":"publish","type":"page","link":"https:\/\/le-chouka.com\/it\/informativa-privacy\/","title":{"rendered":"Informativa sulla privacy"},"content":{"rendered":"\n<h2 class=\"wp-block-heading\">1. Chi siamo?<\/h2>\n\n<p>Il prodotto <strong>Chouka<\/strong> \u00e8 commercializzato dalla societ\u00e0 <strong>LOUISNARD<\/strong>. Il sito web \u00e8 accessibile all\u2019indirizzo: <a href=\"https:\/\/www.le-chouka.com\/it\">https:\/\/www.le-chouka.com<\/a>.<br\/><\/p>\n\n<h2 class=\"wp-block-heading\">2. Utilizzo dei dati personali raccolti<\/h2>\n\n<h3 class=\"wp-block-heading\">2.1 Pagamento online<\/h3>\n\n<p>Durante un pagamento sul nostro sito, i dati di pagamento non vengono n\u00e9 utilizzati direttamente n\u00e9 conservati da Chouka. Il fornitore del servizio di pagamento \u00e8 <strong>REVOLUT<\/strong> e la loro informativa sulla privacy \u00e8 consultabile sul sito ufficiale.<\/p>\n\n<h3 class=\"wp-block-heading\">2.2 Recensioni e commenti<\/h3>\n\n<p>Le recensioni e i commenti sul nostro sito sono gestiti dalla piattaforma indipendente <a href=\"https:\/\/www.cusrev.com\/\">CusRev<\/a>.<br\/><\/p>\n\n<p>Quando lasci una recensione:<\/p>\n\n<ul class=\"wp-block-list\">\n<li>Le informazioni inserite nel modulo, insieme al tuo indirizzo IP e all\u2019agente utente del browser, possono essere raccolte da CusRev per la moderazione e il rilevamento delle recensioni indesiderate.&#13;\n<\/li>\n\n\n\n<li>La tua foto del profilo pu\u00f2 essere visualizzata se utilizzi un servizio di terze parti come <strong>Gravatar<\/strong>. L\u2019informativa sulla privacy di Gravatar \u00e8 disponibile qui: <a href=\"https:\/\/automattic.com\/privacy\/\">https:\/\/automattic.com\/privacy\/<\/a>.<br\/><\/li>\n<\/ul>\n\n<h3 class=\"wp-block-heading\">2.3 Contenuti multimediali<\/h3>\n\n<p>Se sei registrato(a) e carichi immagini sul sito, evita di caricare immagini che contengono dati EXIF di geolocalizzazione. I visitatori potrebbero estrarre queste informazioni dai file.&#13;\n<\/p>\n\n<h3 class=\"wp-block-heading\">2.4 Moduli di contatto<\/h3>\n\n<p>Le informazioni inserite tramite i moduli di contatto vengono utilizzate esclusivamente per rispondere alle tue richieste attraverso la pagina <a href=\"https:\/\/www.le-chouka.com\/it\/contatto\">Contatto<\/a>.<br\/><\/p>\n\n<h3 class=\"wp-block-heading\">2.5 Cookie<\/h3>\n\n<ul class=\"wp-block-list\">\n<li>Quando viene lasciata una recensione o un commento, \u00e8 possibile scegliere di salvare il proprio nome, email e sito web nei cookie per maggiore comodit\u00e0. Questi cookie scadono dopo un anno.&#13;\n<\/li>\n\n\n\n<li>Nella pagina di accesso viene creato un cookie temporaneo per verificare se il tuo browser accetta i cookie. Viene eliminato alla chiusura del browser.&#13;\n<\/li>\n\n\n\n<li>Al momento dell\u2019accesso, i cookie possono memorizzare le tue informazioni e preferenze dello schermo:\r\n\n<ul class=\"wp-block-list\">\n<li>Cookie di accesso: 2 giorni<\/li>\n\n\n\n<li>Cookie \u201cRicordami\u201d: 2 settimane<\/li>\n\n\n\n<li>Cookie di preferenza dello schermo: 1 anno<\/li>\n<\/ul>\n<\/li>\n\n\n\n<li>Durante le modifiche o le pubblicazioni, viene aggiunto un cookie che identifica la pubblicazione per 1 giorno, senza contenere dati personali.&#13;\n<\/li>\n<\/ul>\n\n<h3 class=\"wp-block-heading\">2.6 Contenuti incorporati da altri siti web<\/h3>\n\n<p>Gli articoli possono includere contenuti incorporati (video, immagini, articoli, ecc.). Tali contenuti si comportano come se visitassi quei siti di terze parti, che possono raccogliere dati, utilizzare cookie o tracciare le tue interazioni se hai effettuato l\u2019accesso al loro servizio.&#13;\n<\/p>\n\n<h3 class=\"wp-block-heading\">2.7 Statistiche e misurazione del pubblico<\/h3>\n\n<p>Chouka utilizza strumenti di analisi del pubblico per migliorare la navigazione e l\u2019esperienza dell\u2019utente. I dati raccolti sono anonimizzati e utilizzati esclusivamente a fini statistici.&#13;\n<\/p>\n\n<h2 class=\"wp-block-heading\">3. Utilizzo e trasmissione dei tuoi dati personali<\/h2>\n\n<p>I tuoi dati personali non vengono trasmessi a terzi non menzionati sopra. Le recensioni e i commenti vengono verificati tramite <strong>CusRev<\/strong> per individuare spam.<br\/><\/p>\n\n<h2 class=\"wp-block-heading\">4. Durate di conservazione<\/h2>\n\n<ul class=\"wp-block-list\">\n<li>Le recensioni e i commenti vengono conservati a tempo indeterminato per facilitare il riconoscimento di recensioni future e la moderazione.&#13;\n<\/li>\n\n\n\n<li>Per gli utenti registrati, i dati personali del profilo vengono conservati finch\u00e9 l\u2019account esiste. L\u2019utente pu\u00f2 modificare o eliminare le proprie informazioni in qualsiasi momento (tranne il nome utente). Gli amministratori del sito possono visualizzare e modificare queste informazioni se necessario.&#13;\n<\/li>\n<\/ul>\n\n<h2 class=\"wp-block-heading\">5. I tuoi diritti<\/h2>\n\n<p>Puoi richiedere:<\/p>\n\n<ul class=\"wp-block-list\">\n<li>Un file contenente tutti i dati personali che possediamo su di te&#13;\n<\/li>\n\n\n\n<li>La cancellazione dei tuoi dati personali (salvo obblighi legali, amministrativi o di sicurezza)&#13;\n<\/li>\n<\/ul>\n\n<h2 class=\"wp-block-heading\">6. Informazioni di contatto<\/h2>\n\n<p>Per qualsiasi richiesta relativa alla protezione dei tuoi dati personali, utilizza il modulo nella pagina <a href=\"https:\/\/www.le-chouka.com\/it\/contatto\">Contatto<\/a>.<br\/><\/p>\n\n<h2 class=\"wp-block-heading\">7. Sicurezza dei dati<\/h2>\n\n<p>Chouka adotta tutte le misure tecniche e organizzative appropriate per proteggere i tuoi dati da accessi non autorizzati, alterazioni o divulgazioni.&#13;\n<\/p>\n\n<h2 class=\"wp-block-heading\">8. Servizi di terze parti<\/h2>\n\n<p>Nessun servizio di terze parti non menzionato sopra trasmette dati personali a Chouka.&#13;\n<\/p>\n","protected":false},"excerpt":{"rendered":"<p>1. Chi siamo? Il prodotto Chouka \u00e8 commercializzato dalla societ\u00e0 LOUISNARD. Il sito web \u00e8 accessibile all\u2019indirizzo: https:\/\/www.le-chouka.com. 2. Utilizzo dei dati personali raccolti 2.1 Pagamento online Durante un pagamento sul nostro sito, i dati di pagamento non vengono n\u00e9 utilizzati direttamente n\u00e9 conservati da Chouka. Il fornitore del servizio di pagamento \u00e8 REVOLUT e [&hellip;]<\/p>\n","protected":false},"author":1,"featured_media":0,"parent":0,"menu_order":0,"comment_status":"closed","ping_status":"open","template":"","meta":{"footnotes":""},"class_list":["post-1287","page","type-page","status-publish","hentry"],"yoast_head":"<!-- This site is optimized with the Yoast SEO Premium plugin v26.1 (Yoast SEO v27.1.1) - https:\/\/yoast.com\/product\/yoast-seo-premium-wordpress\/ -->\n<title>Informativa sulla privacy - Chouka Shop: Parapendio, Arrampicata e Immersione<\/title>\n<meta name=\"robots\" content=\"index, follow, max-snippet:-1, max-image-preview:large, max-video-preview:-1\" \/>\n<link rel=\"canonical\" href=\"https:\/\/le-chouka.com\/it\/informativa-privacy\/\" \/>\n<meta property=\"og:locale\" content=\"it_IT\" \/>\n<meta property=\"og:type\" content=\"article\" \/>\n<meta property=\"og:title\" content=\"Informativa sulla privacy\" \/>\n<meta property=\"og:description\" content=\"1. Chi siamo? Il prodotto Chouka \u00e8 commercializzato dalla societ\u00e0 LOUISNARD. Il sito web \u00e8 accessibile all\u2019indirizzo: https:\/\/www.le-chouka.com. 2. Utilizzo dei dati personali raccolti 2.1 Pagamento online Durante un pagamento sul nostro sito, i dati di pagamento non vengono n\u00e9 utilizzati direttamente n\u00e9 conservati da Chouka. Il fornitore del servizio di pagamento \u00e8 REVOLUT e [&hellip;]\" \/>\n<meta property=\"og:url\" content=\"https:\/\/le-chouka.com\/it\/informativa-privacy\/\" \/>\n<meta property=\"og:site_name\" content=\"Chouka Shop: Parapendio, Arrampicata e Immersione\" \/>\n<meta property=\"article:publisher\" content=\"https:\/\/www.facebook.com\/le.chouka.parapente\" \/>\n<meta property=\"article:modified_time\" content=\"2025-10-30T08:57:36+00:00\" \/>\n<meta name=\"twitter:card\" content=\"summary_large_image\" \/>\n<meta name=\"twitter:label1\" content=\"Tempo di lettura stimato\" \/>\n\t<meta name=\"twitter:data1\" content=\"3 minuti\" \/>\n<script type=\"application\/ld+json\" class=\"yoast-schema-graph\">{\"@context\":\"https:\/\/schema.org\",\"@graph\":[{\"@type\":\"WebPage\",\"@id\":\"https:\/\/le-chouka.com\/it\/informativa-privacy\/\",\"url\":\"https:\/\/le-chouka.com\/it\/informativa-privacy\/\",\"name\":\"Informativa sulla privacy - Chouka Shop: Parapendio, Arrampicata e Immersione\",\"isPartOf\":{\"@id\":\"https:\/\/le-chouka.com\/it\/#website\"},\"datePublished\":\"2025-10-08T16:49:21+00:00\",\"dateModified\":\"2025-10-30T08:57:36+00:00\",\"breadcrumb\":{\"@id\":\"https:\/\/le-chouka.com\/it\/informativa-privacy\/#breadcrumb\"},\"inLanguage\":\"it-IT\",\"potentialAction\":[{\"@type\":\"ReadAction\",\"target\":[\"https:\/\/le-chouka.com\/it\/informativa-privacy\/\"]}]},{\"@type\":\"BreadcrumbList\",\"@id\":\"https:\/\/le-chouka.com\/it\/informativa-privacy\/#breadcrumb\",\"itemListElement\":[{\"@type\":\"ListItem\",\"position\":1,\"name\":\"Home\",\"item\":\"https:\/\/le-chouka.com\/it\/\"},{\"@type\":\"ListItem\",\"position\":2,\"name\":\"Informativa sulla privacy\"}]},{\"@type\":\"WebSite\",\"@id\":\"https:\/\/le-chouka.com\/it\/#website\",\"url\":\"https:\/\/le-chouka.com\/it\/\",\"name\":\"Chouka shop: Parapente, Montagne, Plong\u00e9e\",\"description\":\"Chouka Shop: variometri, bussole e accessori per parapendio, montagna e immersione\",\"publisher\":{\"@id\":\"https:\/\/le-chouka.com\/it\/#organization\"},\"alternateName\":\"Chouka parapente & montagne\",\"potentialAction\":[{\"@type\":\"SearchAction\",\"target\":{\"@type\":\"EntryPoint\",\"urlTemplate\":\"https:\/\/le-chouka.com\/it\/?s={search_term_string}\"},\"query-input\":{\"@type\":\"PropertyValueSpecification\",\"valueRequired\":true,\"valueName\":\"search_term_string\"}}],\"inLanguage\":\"it-IT\"},{\"@type\":\"Organization\",\"@id\":\"https:\/\/le-chouka.com\/it\/#organization\",\"name\":\"Chouka\",\"alternateName\":\"Chouka\",\"url\":\"https:\/\/le-chouka.com\/it\/\",\"logo\":{\"@type\":\"ImageObject\",\"inLanguage\":\"it-IT\",\"@id\":\"https:\/\/le-chouka.com\/it\/#\/schema\/logo\/image\/\",\"url\":\"https:\/\/le-chouka.com\/wp-content\/uploads\/2025\/10\/logo-chouka-grand-orange.png\",\"contentUrl\":\"https:\/\/le-chouka.com\/wp-content\/uploads\/2025\/10\/logo-chouka-grand-orange.png\",\"width\":491,\"height\":424,\"caption\":\"Chouka\"},\"image\":{\"@id\":\"https:\/\/le-chouka.com\/it\/#\/schema\/logo\/image\/\"},\"sameAs\":[\"https:\/\/www.facebook.com\/le.chouka.parapente\",\"https:\/\/www.instagram.com\/chouka_parapente\"]}]}<\/script>\n<!-- \/ Yoast SEO Premium plugin. -->","yoast_head_json":{"title":"Informativa sulla privacy - Chouka Shop: Parapendio, Arrampicata e Immersione","robots":{"index":"index","follow":"follow","max-snippet":"max-snippet:-1","max-image-preview":"max-image-preview:large","max-video-preview":"max-video-preview:-1"},"canonical":"https:\/\/le-chouka.com\/it\/informativa-privacy\/","og_locale":"it_IT","og_type":"article","og_title":"Informativa sulla privacy","og_description":"1. Chi siamo? Il prodotto Chouka \u00e8 commercializzato dalla societ\u00e0 LOUISNARD. Il sito web \u00e8 accessibile all\u2019indirizzo: https:\/\/www.le-chouka.com. 2. Utilizzo dei dati personali raccolti 2.1 Pagamento online Durante un pagamento sul nostro sito, i dati di pagamento non vengono n\u00e9 utilizzati direttamente n\u00e9 conservati da Chouka. Il fornitore del servizio di pagamento \u00e8 REVOLUT e [&hellip;]","og_url":"https:\/\/le-chouka.com\/it\/informativa-privacy\/","og_site_name":"Chouka Shop: Parapendio, Arrampicata e Immersione","article_publisher":"https:\/\/www.facebook.com\/le.chouka.parapente","article_modified_time":"2025-10-30T08:57:36+00:00","twitter_card":"summary_large_image","twitter_misc":{"Tempo di lettura stimato":"3 minuti"},"schema":{"@context":"https:\/\/schema.org","@graph":[{"@type":"WebPage","@id":"https:\/\/le-chouka.com\/it\/informativa-privacy\/","url":"https:\/\/le-chouka.com\/it\/informativa-privacy\/","name":"Informativa sulla privacy - Chouka Shop: Parapendio, Arrampicata e Immersione","isPartOf":{"@id":"https:\/\/le-chouka.com\/it\/#website"},"datePublished":"2025-10-08T16:49:21+00:00","dateModified":"2025-10-30T08:57:36+00:00","breadcrumb":{"@id":"https:\/\/le-chouka.com\/it\/informativa-privacy\/#breadcrumb"},"inLanguage":"it-IT","potentialAction":[{"@type":"ReadAction","target":["https:\/\/le-chouka.com\/it\/informativa-privacy\/"]}]},{"@type":"BreadcrumbList","@id":"https:\/\/le-chouka.com\/it\/informativa-privacy\/#breadcrumb","itemListElement":[{"@type":"ListItem","position":1,"name":"Home","item":"https:\/\/le-chouka.com\/it\/"},{"@type":"ListItem","position":2,"name":"Informativa sulla privacy"}]},{"@type":"WebSite","@id":"https:\/\/le-chouka.com\/it\/#website","url":"https:\/\/le-chouka.com\/it\/","name":"Chouka shop: Parapente, Montagne, Plong\u00e9e","description":"Chouka Shop: variometri, bussole e accessori per parapendio, montagna e immersione","publisher":{"@id":"https:\/\/le-chouka.com\/it\/#organization"},"alternateName":"Chouka parapente & montagne","potentialAction":[{"@type":"SearchAction","target":{"@type":"EntryPoint","urlTemplate":"https:\/\/le-chouka.com\/it\/?s={search_term_string}"},"query-input":{"@type":"PropertyValueSpecification","valueRequired":true,"valueName":"search_term_string"}}],"inLanguage":"it-IT"},{"@type":"Organization","@id":"https:\/\/le-chouka.com\/it\/#organization","name":"Chouka","alternateName":"Chouka","url":"https:\/\/le-chouka.com\/it\/","logo":{"@type":"ImageObject","inLanguage":"it-IT","@id":"https:\/\/le-chouka.com\/it\/#\/schema\/logo\/image\/","url":"https:\/\/le-chouka.com\/wp-content\/uploads\/2025\/10\/logo-chouka-grand-orange.png","contentUrl":"https:\/\/le-chouka.com\/wp-content\/uploads\/2025\/10\/logo-chouka-grand-orange.png","width":491,"height":424,"caption":"Chouka"},"image":{"@id":"https:\/\/le-chouka.com\/it\/#\/schema\/logo\/image\/"},"sameAs":["https:\/\/www.facebook.com\/le.chouka.parapente","https:\/\/www.instagram.com\/chouka_parapente"]}]}},"_links":{"self":[{"href":"https:\/\/le-chouka.com\/it\/wp-json\/wp\/v2\/pages\/1287","targetHints":{"allow":["GET"]}}],"collection":[{"href":"https:\/\/le-chouka.com\/it\/wp-json\/wp\/v2\/pages"}],"about":[{"href":"https:\/\/le-chouka.com\/it\/wp-json\/wp\/v2\/types\/page"}],"author":[{"embeddable":true,"href":"https:\/\/le-chouka.com\/it\/wp-json\/wp\/v2\/users\/1"}],"replies":[{"embeddable":true,"href":"https:\/\/le-chouka.com\/it\/wp-json\/wp\/v2\/comments?post=1287"}],"version-history":[{"count":1,"href":"https:\/\/le-chouka.com\/it\/wp-json\/wp\/v2\/pages\/1287\/revisions"}],"predecessor-version":[{"id":1288,"href":"https:\/\/le-chouka.com\/it\/wp-json\/wp\/v2\/pages\/1287\/revisions\/1288"}],"wp:attachment":[{"href":"https:\/\/le-chouka.com\/it\/wp-json\/wp\/v2\/media?parent=1287"}],"curies":[{"name":"wp","href":"https:\/\/api.w.org\/{rel}","templated":true}]}}