{"id":2123,"date":"2025-11-01T09:57:34","date_gmt":"2025-11-01T08:57:34","guid":{"rendered":"https:\/\/new.le-chouka.com\/shop\/sin%20categor\u00eda\/variometro-xctrack-parapente-chouka-smart\/"},"modified":"2026-02-14T09:29:21","modified_gmt":"2026-02-14T08:29:21","slug":"variometro-xctrack-parapente-chouka-smart","status":"publish","type":"product","link":"https:\/\/le-chouka.com\/es\/shop\/parapente\/variometro-xctrack-parapente-chouka-smart\/","title":{"rendered":"Vari\u00f3metro Chouka Smart"},"content":{"rendered":"<p>El Chouka Smart <strong>incluye todas las funciones del <a href=\"https:\/\/le-chouka.com\/es\/shop\/parapente\/variometro-parapente-chouka\/\">vari\u00f3metro Chouka cl\u00e1sico<\/a><\/strong> y a\u00f1ade la <strong>conectividad con la aplicaci\u00f3n m\u00f3vil <a href=\"https:\/\/www.xcontest.org\/xctrack\/\" target=\"_blank\" rel=\"noopener\">XCTrack<\/a><\/strong>.<\/p>\n<p>Combina la precisi\u00f3n del Chouka, las funciones avanzadas y la cartograf\u00eda de XCTrack y el GPS del smartphone.<\/p>\n<h3>Conexi\u00f3n con Android + XCTrack<\/h3>\n<p>El Chouka Smart incluye todas las funciones del <a href=\"https:\/\/le-chouka.com\/es\/shop\/parapente\/variometro-parapente-chouka\/\">vari\u00f3metro Chouka cl\u00e1sico<\/a> y a\u00f1ade la conectividad con la aplicaci\u00f3n m\u00f3vil <a href=\"https:\/\/www.xcontest.org\/xctrack\/\" target=\"_blank\" rel=\"noopener\">XCTrack<\/a>.<\/p>\n<ul>\n<li>El vario se conecta f\u00e1cilmente a la <a href=\"https:\/\/play.google.com\/store\/apps\/details?id=org.xcontest.XCTrack\" target=\"_blank\" rel=\"noopener noreferrer\">aplicaci\u00f3n XCTrack en Android<\/a> mediante un cable USB OTG (incluido \u2013 elegir el tipo correcto al hacer el pedido).<\/li>\n<li>Combina la precisi\u00f3n del Chouka con la potencia de XCTrack.<\/li>\n<li>El sonido del <span class=\"chouka-name\">Chouka<\/span> se desactiva autom\u00e1ticamente cuando est\u00e1 conectado al smartphone para usar el sonido personalizado de XCTrack.<\/li>\n<\/ul>\n<h3>\u00a1Vari\u00f3metro ultraligero!<\/h3>\n<ul>\n<li>Peso: <strong>13 g<\/strong> (sin cable)<\/li>\n<li>Dimensiones: 32 x 25 x 16 mm<\/li>\n<\/ul>\n<h3>Pr\u00e1ctico<\/h3>\n<ul>\n<li><strong>40 h<\/strong> de autonom\u00eda en vuelo<\/li>\n<li>Vari\u00f3metro recargable por USB-C (cable est\u00e1ndar)<\/li>\n<li>Alerta de bater\u00eda baja ~4 h antes del apagado<\/li>\n<li>Interruptor f\u00e1cil de usar con guantes gruesos<\/li>\n<li>Sujeci\u00f3n por velcro y cord\u00f3n: casco, cockpit, tirantes, bandas del parapente, bolsillo de la chaqueta, etc.<\/li>\n<\/ul>\n<h3>Preciso<\/h3>\n<ul>\n<li>Sensibilidad: 15 cm\/s<\/li>\n<li>El sonido del vario var\u00eda en frecuencia y tono seg\u00fan la velocidad vertical\n<p><figure id=\"attachment_58\" aria-describedby=\"caption-attachment-58\" style=\"width: 300px\" class=\"wp-caption alignnone\"><img loading=\"lazy\" decoding=\"async\" class=\"size-medium wp-image-0\" src=\"https:\/\/le-chouka.com\/wp-content\/uploads\/2025\/11\/vario_chouka_seuils_es-300x251.png\" alt=\"Umbrales del vari\u00f3metro Chouka\" width=\"300\" height=\"251\" \/><figcaption id=\"caption-attachment-58\" class=\"wp-caption-text\">Umbrales del vari\u00f3metro Chouka<\/figcaption><\/figure><\/li>\n<\/ul>\n","protected":false},"excerpt":{"rendered":"<p>\u00a1El <strong>vari\u00f3metro de parapente m\u00e1s ligero y compacto del mercado<\/strong>! Solo <strong>13 g<\/strong> y <strong>40 h<\/strong> de autonom\u00eda.<\/p>\n<ul class=\"my-chouka-bullet\">\n<li><strong>Usado solo<\/strong>, es un <strong>vari\u00f3metro simple, ligero y eficaz<\/strong> que pasa totalmente desapercibido durante el vuelo.<\/li>\n<li><strong>Conectado a XCTrack (Android)<\/strong>, se convierte en una <strong>herramienta potente para el cross<\/strong>, que ofrece precisi\u00f3n, navegaci\u00f3n avanzada, seguimiento GPS y an\u00e1lisis completo del vuelo.<\/li>\n<\/ul>\n<p>\ud83c\uddeb\ud83c\uddf7 \u00a1Fabricado en Francia!<\/p>\n","protected":false},"featured_media":2096,"comment_status":"open","ping_status":"closed","template":"","meta":[],"product_brand":[],"product_cat":[119,152],"product_tag":[],"class_list":{"0":"post-2123","1":"product","2":"type-product","3":"status-publish","4":"has-post-thumbnail","6":"product_cat-parapente","7":"product_cat-variometros","9":"first","10":"instock","11":"featured","12":"taxable","13":"shipping-taxable","14":"purchasable","15":"product-type-variable"},"yoast_head":"<!-- This site is optimized with the Yoast SEO Premium plugin v26.1 (Yoast SEO v27.1.1) - https:\/\/yoast.com\/product\/yoast-seo-premium-wordpress\/ -->\n<title>Vari\u00f3metro de parapente Chouka Smart conectado a XCTrack<\/title>\n<meta name=\"description\" content=\"Chouka Smart, vari\u00f3metro de parapente conectado a XCTrack: ultraligero, preciso y fabricado en Francia, con larga autonom\u00eda para vuelos de alto rendimiento.\" \/>\n<meta name=\"robots\" content=\"index, follow, max-snippet:-1, max-image-preview:large, max-video-preview:-1\" \/>\n<link rel=\"canonical\" href=\"https:\/\/le-chouka.com\/es\/shop\/parapente\/variometro-xctrack-parapente-chouka-smart\/\" \/>\n<meta property=\"og:locale\" content=\"es_ES\" \/>\n<meta property=\"og:type\" content=\"article\" \/>\n<meta property=\"og:title\" content=\"Vari\u00f3metro Chouka Smart\" \/>\n<meta property=\"og:description\" content=\"Chouka Smart, vari\u00f3metro de parapente conectado a XCTrack: ultraligero, preciso y fabricado en Francia, con larga autonom\u00eda para vuelos de alto rendimiento.\" \/>\n<meta property=\"og:url\" content=\"https:\/\/le-chouka.com\/es\/shop\/parapente\/variometro-xctrack-parapente-chouka-smart\/\" \/>\n<meta property=\"og:site_name\" content=\"Chouka Shop: Parapente, Escalada y Buceo\" \/>\n<meta property=\"article:publisher\" content=\"https:\/\/www.facebook.com\/le.chouka.parapente\" \/>\n<meta property=\"article:modified_time\" content=\"2026-02-14T08:29:21+00:00\" \/>\n<meta property=\"og:image\" content=\"https:\/\/le-chouka.com\/wp-content\/uploads\/2025\/10\/vario-parapente-chouka-smart-smartphone-xctrack-01-orange.jpg\" \/>\n\t<meta property=\"og:image:width\" content=\"2550\" \/>\n\t<meta property=\"og:image:height\" content=\"2550\" \/>\n\t<meta property=\"og:image:type\" content=\"image\/jpeg\" \/>\n<meta name=\"twitter:card\" content=\"summary_large_image\" \/>\n<meta name=\"twitter:label1\" content=\"Disponibilidad\" \/>\n\t<meta name=\"twitter:data1\" content=\"Disponible\" \/>\n<script type=\"application\/ld+json\" class=\"yoast-schema-graph\">{\"@context\":\"https:\/\/schema.org\",\"@graph\":[{\"@type\":\"WebPage\",\"@id\":\"https:\/\/le-chouka.com\/es\/shop\/parapente\/variometro-xctrack-parapente-chouka-smart\/\",\"url\":\"https:\/\/le-chouka.com\/es\/shop\/parapente\/variometro-xctrack-parapente-chouka-smart\/\",\"name\":\"Vari\u00f3metro de parapente Chouka Smart conectado a XCTrack\",\"isPartOf\":{\"@id\":\"https:\/\/le-chouka.com\/es\/#website\"},\"primaryImageOfPage\":{\"@id\":\"https:\/\/le-chouka.com\/es\/shop\/parapente\/variometro-xctrack-parapente-chouka-smart\/#primaryimage\"},\"image\":{\"@id\":\"https:\/\/le-chouka.com\/es\/shop\/parapente\/variometro-xctrack-parapente-chouka-smart\/#primaryimage\"},\"thumbnailUrl\":\"https:\/\/le-chouka.com\/wp-content\/uploads\/2025\/10\/vario-parapente-chouka-smart-smartphone-xctrack-01-orange.jpg\",\"datePublished\":\"2025-11-01T08:57:34+00:00\",\"dateModified\":\"2026-02-14T08:29:21+00:00\",\"description\":\"Chouka Smart, vari\u00f3metro de parapente conectado a XCTrack: ultraligero, preciso y fabricado en Francia, con larga autonom\u00eda para vuelos de alto rendimiento.\",\"breadcrumb\":{\"@id\":\"https:\/\/le-chouka.com\/es\/shop\/parapente\/variometro-xctrack-parapente-chouka-smart\/#breadcrumb\"},\"inLanguage\":\"es\",\"potentialAction\":[{\"@type\":\"ReadAction\",\"target\":[\"https:\/\/le-chouka.com\/es\/shop\/parapente\/variometro-xctrack-parapente-chouka-smart\/\"]}]},{\"@type\":\"ImageObject\",\"inLanguage\":\"es\",\"@id\":\"https:\/\/le-chouka.com\/es\/shop\/parapente\/variometro-xctrack-parapente-chouka-smart\/#primaryimage\",\"url\":\"https:\/\/le-chouka.com\/wp-content\/uploads\/2025\/10\/vario-parapente-chouka-smart-smartphone-xctrack-01-orange.jpg\",\"contentUrl\":\"https:\/\/le-chouka.com\/wp-content\/uploads\/2025\/10\/vario-parapente-chouka-smart-smartphone-xctrack-01-orange.jpg\",\"width\":2550,\"height\":2550,\"caption\":\"Vari\u00f3metro Chouka Smart conectado a XCTrack\"},{\"@type\":\"BreadcrumbList\",\"@id\":\"https:\/\/le-chouka.com\/es\/shop\/parapente\/variometro-xctrack-parapente-chouka-smart\/#breadcrumb\",\"itemListElement\":[{\"@type\":\"ListItem\",\"position\":1,\"name\":\"Inicio\",\"item\":\"https:\/\/le-chouka.com\/es\/\"},{\"@type\":\"ListItem\",\"position\":2,\"name\":\"Todos nuestros productos\",\"item\":\"https:\/\/le-chouka.com\/es\/shop\/\"},{\"@type\":\"ListItem\",\"position\":3,\"name\":\"Vari\u00f3metro Chouka Smart\"}]},{\"@type\":\"WebSite\",\"@id\":\"https:\/\/le-chouka.com\/es\/#website\",\"url\":\"https:\/\/le-chouka.com\/es\/\",\"name\":\"Chouka shop: Parapente, Montagne, Plong\u00e9e\",\"description\":\"Chouka Shop: vari\u00f3metros, br\u00fajulas y accesorios para parapente, monta\u00f1a y buceo\",\"publisher\":{\"@id\":\"https:\/\/le-chouka.com\/es\/#organization\"},\"alternateName\":\"Chouka parapente & montagne\",\"potentialAction\":[{\"@type\":\"SearchAction\",\"target\":{\"@type\":\"EntryPoint\",\"urlTemplate\":\"https:\/\/le-chouka.com\/es\/?s={search_term_string}\"},\"query-input\":{\"@type\":\"PropertyValueSpecification\",\"valueRequired\":true,\"valueName\":\"search_term_string\"}}],\"inLanguage\":\"es\"},{\"@type\":\"Organization\",\"@id\":\"https:\/\/le-chouka.com\/es\/#organization\",\"name\":\"Chouka\",\"alternateName\":\"Chouka\",\"url\":\"https:\/\/le-chouka.com\/es\/\",\"logo\":{\"@type\":\"ImageObject\",\"inLanguage\":\"es\",\"@id\":\"https:\/\/le-chouka.com\/es\/#\/schema\/logo\/image\/\",\"url\":\"https:\/\/le-chouka.com\/wp-content\/uploads\/2025\/10\/logo-chouka-grand-orange.png\",\"contentUrl\":\"https:\/\/le-chouka.com\/wp-content\/uploads\/2025\/10\/logo-chouka-grand-orange.png\",\"width\":491,\"height\":424,\"caption\":\"Chouka\"},\"image\":{\"@id\":\"https:\/\/le-chouka.com\/es\/#\/schema\/logo\/image\/\"},\"sameAs\":[\"https:\/\/www.facebook.com\/le.chouka.parapente\",\"https:\/\/www.instagram.com\/chouka_parapente\"]}]}<\/script>\n<meta property=\"og:availability\" content=\"instock\" \/>\n<meta property=\"product:availability\" content=\"instock\" \/>\n<meta property=\"product:condition\" content=\"new\" \/>\n<!-- \/ Yoast SEO Premium plugin. -->","yoast_head_json":{"title":"Vari\u00f3metro de parapente Chouka Smart conectado a XCTrack","description":"Chouka Smart, vari\u00f3metro de parapente conectado a XCTrack: ultraligero, preciso y fabricado en Francia, con larga autonom\u00eda para vuelos de alto rendimiento.","robots":{"index":"index","follow":"follow","max-snippet":"max-snippet:-1","max-image-preview":"max-image-preview:large","max-video-preview":"max-video-preview:-1"},"canonical":"https:\/\/le-chouka.com\/es\/shop\/parapente\/variometro-xctrack-parapente-chouka-smart\/","og_locale":"es_ES","og_type":"article","og_title":"Vari\u00f3metro Chouka Smart","og_description":"Chouka Smart, vari\u00f3metro de parapente conectado a XCTrack: ultraligero, preciso y fabricado en Francia, con larga autonom\u00eda para vuelos de alto rendimiento.","og_url":"https:\/\/le-chouka.com\/es\/shop\/parapente\/variometro-xctrack-parapente-chouka-smart\/","og_site_name":"Chouka Shop: Parapente, Escalada y Buceo","article_publisher":"https:\/\/www.facebook.com\/le.chouka.parapente","article_modified_time":"2026-02-14T08:29:21+00:00","og_image":[{"width":2550,"height":2550,"url":"https:\/\/le-chouka.com\/wp-content\/uploads\/2025\/10\/vario-parapente-chouka-smart-smartphone-xctrack-01-orange.jpg","type":"image\/jpeg"}],"twitter_card":"summary_large_image","twitter_misc":{"Disponibilidad":"Disponible"},"schema":{"@context":"https:\/\/schema.org","@graph":[{"@type":"WebPage","@id":"https:\/\/le-chouka.com\/es\/shop\/parapente\/variometro-xctrack-parapente-chouka-smart\/","url":"https:\/\/le-chouka.com\/es\/shop\/parapente\/variometro-xctrack-parapente-chouka-smart\/","name":"Vari\u00f3metro de parapente Chouka Smart conectado a XCTrack","isPartOf":{"@id":"https:\/\/le-chouka.com\/es\/#website"},"primaryImageOfPage":{"@id":"https:\/\/le-chouka.com\/es\/shop\/parapente\/variometro-xctrack-parapente-chouka-smart\/#primaryimage"},"image":{"@id":"https:\/\/le-chouka.com\/es\/shop\/parapente\/variometro-xctrack-parapente-chouka-smart\/#primaryimage"},"thumbnailUrl":"https:\/\/le-chouka.com\/wp-content\/uploads\/2025\/10\/vario-parapente-chouka-smart-smartphone-xctrack-01-orange.jpg","datePublished":"2025-11-01T08:57:34+00:00","dateModified":"2026-02-14T08:29:21+00:00","description":"Chouka Smart, vari\u00f3metro de parapente conectado a XCTrack: ultraligero, preciso y fabricado en Francia, con larga autonom\u00eda para vuelos de alto rendimiento.","breadcrumb":{"@id":"https:\/\/le-chouka.com\/es\/shop\/parapente\/variometro-xctrack-parapente-chouka-smart\/#breadcrumb"},"inLanguage":"es","potentialAction":[{"@type":"ReadAction","target":["https:\/\/le-chouka.com\/es\/shop\/parapente\/variometro-xctrack-parapente-chouka-smart\/"]}]},{"@type":"ImageObject","inLanguage":"es","@id":"https:\/\/le-chouka.com\/es\/shop\/parapente\/variometro-xctrack-parapente-chouka-smart\/#primaryimage","url":"https:\/\/le-chouka.com\/wp-content\/uploads\/2025\/10\/vario-parapente-chouka-smart-smartphone-xctrack-01-orange.jpg","contentUrl":"https:\/\/le-chouka.com\/wp-content\/uploads\/2025\/10\/vario-parapente-chouka-smart-smartphone-xctrack-01-orange.jpg","width":2550,"height":2550,"caption":"Vari\u00f3metro Chouka Smart conectado a XCTrack"},{"@type":"BreadcrumbList","@id":"https:\/\/le-chouka.com\/es\/shop\/parapente\/variometro-xctrack-parapente-chouka-smart\/#breadcrumb","itemListElement":[{"@type":"ListItem","position":1,"name":"Inicio","item":"https:\/\/le-chouka.com\/es\/"},{"@type":"ListItem","position":2,"name":"Todos nuestros productos","item":"https:\/\/le-chouka.com\/es\/shop\/"},{"@type":"ListItem","position":3,"name":"Vari\u00f3metro Chouka Smart"}]},{"@type":"WebSite","@id":"https:\/\/le-chouka.com\/es\/#website","url":"https:\/\/le-chouka.com\/es\/","name":"Chouka shop: Parapente, Montagne, Plong\u00e9e","description":"Chouka Shop: vari\u00f3metros, br\u00fajulas y accesorios para parapente, monta\u00f1a y buceo","publisher":{"@id":"https:\/\/le-chouka.com\/es\/#organization"},"alternateName":"Chouka parapente & montagne","potentialAction":[{"@type":"SearchAction","target":{"@type":"EntryPoint","urlTemplate":"https:\/\/le-chouka.com\/es\/?s={search_term_string}"},"query-input":{"@type":"PropertyValueSpecification","valueRequired":true,"valueName":"search_term_string"}}],"inLanguage":"es"},{"@type":"Organization","@id":"https:\/\/le-chouka.com\/es\/#organization","name":"Chouka","alternateName":"Chouka","url":"https:\/\/le-chouka.com\/es\/","logo":{"@type":"ImageObject","inLanguage":"es","@id":"https:\/\/le-chouka.com\/es\/#\/schema\/logo\/image\/","url":"https:\/\/le-chouka.com\/wp-content\/uploads\/2025\/10\/logo-chouka-grand-orange.png","contentUrl":"https:\/\/le-chouka.com\/wp-content\/uploads\/2025\/10\/logo-chouka-grand-orange.png","width":491,"height":424,"caption":"Chouka"},"image":{"@id":"https:\/\/le-chouka.com\/es\/#\/schema\/logo\/image\/"},"sameAs":["https:\/\/www.facebook.com\/le.chouka.parapente","https:\/\/www.instagram.com\/chouka_parapente"]}]},"og_availability":"instock","product_availability":"instock","product_condition":"new"},"_links":{"self":[{"href":"https:\/\/le-chouka.com\/es\/wp-json\/wp\/v2\/product\/2123","targetHints":{"allow":["GET"]}}],"collection":[{"href":"https:\/\/le-chouka.com\/es\/wp-json\/wp\/v2\/product"}],"about":[{"href":"https:\/\/le-chouka.com\/es\/wp-json\/wp\/v2\/types\/product"}],"replies":[{"embeddable":true,"href":"https:\/\/le-chouka.com\/es\/wp-json\/wp\/v2\/comments?post=2123"}],"wp:featuredmedia":[{"embeddable":true,"href":"https:\/\/le-chouka.com\/es\/wp-json\/wp\/v2\/media\/2096"}],"wp:attachment":[{"href":"https:\/\/le-chouka.com\/es\/wp-json\/wp\/v2\/media?parent=2123"}],"wp:term":[{"taxonomy":"product_brand","embeddable":true,"href":"https:\/\/le-chouka.com\/es\/wp-json\/wp\/v2\/product_brand?post=2123"},{"taxonomy":"product_cat","embeddable":true,"href":"https:\/\/le-chouka.com\/es\/wp-json\/wp\/v2\/product_cat?post=2123"},{"taxonomy":"product_tag","embeddable":true,"href":"https:\/\/le-chouka.com\/es\/wp-json\/wp\/v2\/product_tag?post=2123"}],"curies":[{"name":"wp","href":"https:\/\/api.w.org\/{rel}","templated":true}]}}