{"id":2082,"date":"2025-11-01T09:57:19","date_gmt":"2025-11-01T08:57:19","guid":{"rendered":"https:\/\/new.le-chouka.com\/shop\/sin%20categor\u00eda\/variometro-parapente-chouka\/"},"modified":"2026-02-14T09:29:21","modified_gmt":"2026-02-14T08:29:21","slug":"variometro-parapente-chouka","status":"publish","type":"product","link":"https:\/\/le-chouka.com\/es\/shop\/parapente\/variometro-parapente-chouka\/","title":{"rendered":"Vari\u00f3metro de parapente Chouka"},"content":{"rendered":"<h3>\u00a1Vari\u00f3metro ultraligero!<\/h3>\n<table>\n<tbody>\n<tr>\n<td>Peso<\/td>\n<td>13 g<\/td>\n<\/tr>\n<tr>\n<td>Dimensiones<\/td>\n<td>32 x 25 x 16 mm<\/td>\n<\/tr>\n<tr>\n<td>Autonom\u00eda<\/td>\n<td>40 h en t\u00e9rmica<\/td>\n<\/tr>\n<\/tbody>\n<\/table>\n<h3>Pr\u00e1ctico<\/h3>\n<ul>\n<li>Vari\u00f3metro recargable por USB-C (cable est\u00e1ndar)<\/li>\n<li>Alerta sonora de bater\u00eda baja ~4h antes de apagarse<\/li>\n<li>Interruptor f\u00e1cil de usar incluso con guantes gruesos<\/li>\n<li>Sujeci\u00f3n con velcro y cord\u00f3n: casco, cockpit, bandas, tirantes, bolsillo de la chaqueta, etc.<\/li>\n<\/ul>\n<h3>Preciso<\/h3>\n<ul>\n<li>Sensibilidad de 15 cm\/s<\/li>\n<li>El sonido del vario var\u00eda en frecuencia y tono seg\u00fan la velocidad vertical:<\/li>\n<\/ul>\n<figure><img loading=\"lazy\" decoding=\"async\" class=\"size-medium wp-image-0\" src=\"https:\/\/le-chouka.com\/wp-content\/uploads\/2025\/11\/vario_chouka_seuils_es-300x251.png\" alt=\"Umbrales del vario Chouka\" width=\"300\" height=\"251\" \/><figcaption>Umbrales del vario Chouka<\/figcaption><\/figure>\n","protected":false},"excerpt":{"rendered":"<p>\u00a1El <strong>vari\u00f3metro de parapente m\u00e1s ligero y compacto<\/strong> del mercado!<\/p>\n<p>Su ligereza (13 g) y su autonom\u00eda (40 h) te permitir\u00e1n dejarlo siempre colocado (casco, bandas, arn\u00e9s, cockpit, etc.). Este vario es ideal para el vuelo monta\u00f1a, hike &amp; fly, biplaza, y para todos los pilotos que no quieren volar con un equipo complicado.<\/p>\n<p>\ud83c\uddeb\ud83c\uddf7 \u00a1Fabricado en Francia!<\/p>\n<p><small><em>Para la versi\u00f3n conectada a XCTrack, consulta el <a href=\"https:\/\/le-chouka.com\/es\/shop\/parapente\/variometro-xctrack-parapente-chouka-smart\/\">Chouka Smart<\/a>.<\/em><\/small><\/p>\n","protected":false},"featured_media":2061,"comment_status":"open","ping_status":"closed","template":"","meta":[],"product_brand":[],"product_cat":[119,152],"product_tag":[],"class_list":{"0":"post-2082","1":"product","2":"type-product","3":"status-publish","4":"has-post-thumbnail","6":"product_cat-parapente","7":"product_cat-variometros","9":"first","10":"instock","11":"taxable","12":"shipping-taxable","13":"purchasable","14":"product-type-variable"},"yoast_head":"<!-- This site is optimized with the Yoast SEO Premium plugin v26.1 (Yoast SEO v27.1.1) - https:\/\/yoast.com\/product\/yoast-seo-premium-wordpress\/ -->\n<title>Vari\u00f3metro de parapente Chouka. Ultraligero y gran autonom\u00eda.<\/title>\n<meta name=\"description\" content=\"Chouka \u2013 vari\u00f3metro de parapente preciso, compacto y ultraligero, fabricado en Francia. Larga autonom\u00eda de bater\u00eda para disfrutar plenamente de tus vuelos.\" \/>\n<meta name=\"robots\" content=\"index, follow, max-snippet:-1, max-image-preview:large, max-video-preview:-1\" \/>\n<link rel=\"canonical\" href=\"https:\/\/le-chouka.com\/es\/shop\/parapente\/variometro-parapente-chouka\/\" \/>\n<meta property=\"og:locale\" content=\"es_ES\" \/>\n<meta property=\"og:type\" content=\"article\" \/>\n<meta property=\"og:title\" content=\"Vari\u00f3metro de parapente Chouka\" \/>\n<meta property=\"og:description\" content=\"Chouka \u2013 vari\u00f3metro de parapente preciso, compacto y ultraligero, fabricado en Francia. Larga autonom\u00eda de bater\u00eda para disfrutar plenamente de tus vuelos.\" \/>\n<meta property=\"og:url\" content=\"https:\/\/le-chouka.com\/es\/shop\/parapente\/variometro-parapente-chouka\/\" \/>\n<meta property=\"og:site_name\" content=\"Chouka Shop: Parapente, Escalada y Buceo\" \/>\n<meta property=\"article:publisher\" content=\"https:\/\/www.facebook.com\/le.chouka.parapente\" \/>\n<meta property=\"article:modified_time\" content=\"2026-02-14T08:29:21+00:00\" \/>\n<meta property=\"og:image\" content=\"https:\/\/le-chouka.com\/wp-content\/uploads\/2025\/10\/vario-parapente-chouka-casque-02_sqr.jpg\" \/>\n\t<meta property=\"og:image:width\" content=\"2120\" \/>\n\t<meta property=\"og:image:height\" content=\"2120\" \/>\n\t<meta property=\"og:image:type\" content=\"image\/jpeg\" \/>\n<meta name=\"twitter:card\" content=\"summary_large_image\" \/>\n<meta name=\"twitter:label1\" content=\"Disponibilidad\" \/>\n\t<meta name=\"twitter:data1\" content=\"Disponible\" \/>\n<script type=\"application\/ld+json\" class=\"yoast-schema-graph\">{\"@context\":\"https:\/\/schema.org\",\"@graph\":[{\"@type\":\"WebPage\",\"@id\":\"https:\/\/le-chouka.com\/es\/shop\/parapente\/variometro-parapente-chouka\/\",\"url\":\"https:\/\/le-chouka.com\/es\/shop\/parapente\/variometro-parapente-chouka\/\",\"name\":\"Vari\u00f3metro de parapente Chouka. Ultraligero y gran autonom\u00eda.\",\"isPartOf\":{\"@id\":\"https:\/\/le-chouka.com\/es\/#website\"},\"primaryImageOfPage\":{\"@id\":\"https:\/\/le-chouka.com\/es\/shop\/parapente\/variometro-parapente-chouka\/#primaryimage\"},\"image\":{\"@id\":\"https:\/\/le-chouka.com\/es\/shop\/parapente\/variometro-parapente-chouka\/#primaryimage\"},\"thumbnailUrl\":\"https:\/\/le-chouka.com\/wp-content\/uploads\/2025\/10\/vario-parapente-chouka-casque-02_sqr.jpg\",\"datePublished\":\"2025-11-01T08:57:19+00:00\",\"dateModified\":\"2026-02-14T08:29:21+00:00\",\"description\":\"Chouka \u2013 vari\u00f3metro de parapente preciso, compacto y ultraligero, fabricado en Francia. Larga autonom\u00eda de bater\u00eda para disfrutar plenamente de tus vuelos.\",\"breadcrumb\":{\"@id\":\"https:\/\/le-chouka.com\/es\/shop\/parapente\/variometro-parapente-chouka\/#breadcrumb\"},\"inLanguage\":\"es\",\"potentialAction\":[{\"@type\":\"ReadAction\",\"target\":[\"https:\/\/le-chouka.com\/es\/shop\/parapente\/variometro-parapente-chouka\/\"]}]},{\"@type\":\"ImageObject\",\"inLanguage\":\"es\",\"@id\":\"https:\/\/le-chouka.com\/es\/shop\/parapente\/variometro-parapente-chouka\/#primaryimage\",\"url\":\"https:\/\/le-chouka.com\/wp-content\/uploads\/2025\/10\/vario-parapente-chouka-casque-02_sqr.jpg\",\"contentUrl\":\"https:\/\/le-chouka.com\/wp-content\/uploads\/2025\/10\/vario-parapente-chouka-casque-02_sqr.jpg\",\"width\":2120,\"height\":2120,\"caption\":\"Vari\u00f3metro Chouka en el casco de parapente\"},{\"@type\":\"BreadcrumbList\",\"@id\":\"https:\/\/le-chouka.com\/es\/shop\/parapente\/variometro-parapente-chouka\/#breadcrumb\",\"itemListElement\":[{\"@type\":\"ListItem\",\"position\":1,\"name\":\"Inicio\",\"item\":\"https:\/\/le-chouka.com\/es\/\"},{\"@type\":\"ListItem\",\"position\":2,\"name\":\"Todos nuestros productos\",\"item\":\"https:\/\/le-chouka.com\/es\/shop\/\"},{\"@type\":\"ListItem\",\"position\":3,\"name\":\"Vari\u00f3metro de parapente Chouka\"}]},{\"@type\":\"WebSite\",\"@id\":\"https:\/\/le-chouka.com\/es\/#website\",\"url\":\"https:\/\/le-chouka.com\/es\/\",\"name\":\"Chouka shop: Parapente, Montagne, Plong\u00e9e\",\"description\":\"Chouka Shop: vari\u00f3metros, br\u00fajulas y accesorios para parapente, monta\u00f1a y buceo\",\"publisher\":{\"@id\":\"https:\/\/le-chouka.com\/es\/#organization\"},\"alternateName\":\"Chouka parapente & montagne\",\"potentialAction\":[{\"@type\":\"SearchAction\",\"target\":{\"@type\":\"EntryPoint\",\"urlTemplate\":\"https:\/\/le-chouka.com\/es\/?s={search_term_string}\"},\"query-input\":{\"@type\":\"PropertyValueSpecification\",\"valueRequired\":true,\"valueName\":\"search_term_string\"}}],\"inLanguage\":\"es\"},{\"@type\":\"Organization\",\"@id\":\"https:\/\/le-chouka.com\/es\/#organization\",\"name\":\"Chouka\",\"alternateName\":\"Chouka\",\"url\":\"https:\/\/le-chouka.com\/es\/\",\"logo\":{\"@type\":\"ImageObject\",\"inLanguage\":\"es\",\"@id\":\"https:\/\/le-chouka.com\/es\/#\/schema\/logo\/image\/\",\"url\":\"https:\/\/le-chouka.com\/wp-content\/uploads\/2025\/10\/logo-chouka-grand-orange.png\",\"contentUrl\":\"https:\/\/le-chouka.com\/wp-content\/uploads\/2025\/10\/logo-chouka-grand-orange.png\",\"width\":491,\"height\":424,\"caption\":\"Chouka\"},\"image\":{\"@id\":\"https:\/\/le-chouka.com\/es\/#\/schema\/logo\/image\/\"},\"sameAs\":[\"https:\/\/www.facebook.com\/le.chouka.parapente\",\"https:\/\/www.instagram.com\/chouka_parapente\"]}]}<\/script>\n<meta property=\"og:availability\" content=\"instock\" \/>\n<meta property=\"product:availability\" content=\"instock\" \/>\n<meta property=\"product:condition\" content=\"new\" \/>\n<!-- \/ Yoast SEO Premium plugin. -->","yoast_head_json":{"title":"Vari\u00f3metro de parapente Chouka. Ultraligero y gran autonom\u00eda.","description":"Chouka \u2013 vari\u00f3metro de parapente preciso, compacto y ultraligero, fabricado en Francia. Larga autonom\u00eda de bater\u00eda para disfrutar plenamente de tus vuelos.","robots":{"index":"index","follow":"follow","max-snippet":"max-snippet:-1","max-image-preview":"max-image-preview:large","max-video-preview":"max-video-preview:-1"},"canonical":"https:\/\/le-chouka.com\/es\/shop\/parapente\/variometro-parapente-chouka\/","og_locale":"es_ES","og_type":"article","og_title":"Vari\u00f3metro de parapente Chouka","og_description":"Chouka \u2013 vari\u00f3metro de parapente preciso, compacto y ultraligero, fabricado en Francia. Larga autonom\u00eda de bater\u00eda para disfrutar plenamente de tus vuelos.","og_url":"https:\/\/le-chouka.com\/es\/shop\/parapente\/variometro-parapente-chouka\/","og_site_name":"Chouka Shop: Parapente, Escalada y Buceo","article_publisher":"https:\/\/www.facebook.com\/le.chouka.parapente","article_modified_time":"2026-02-14T08:29:21+00:00","og_image":[{"width":2120,"height":2120,"url":"https:\/\/le-chouka.com\/wp-content\/uploads\/2025\/10\/vario-parapente-chouka-casque-02_sqr.jpg","type":"image\/jpeg"}],"twitter_card":"summary_large_image","twitter_misc":{"Disponibilidad":"Disponible"},"schema":{"@context":"https:\/\/schema.org","@graph":[{"@type":"WebPage","@id":"https:\/\/le-chouka.com\/es\/shop\/parapente\/variometro-parapente-chouka\/","url":"https:\/\/le-chouka.com\/es\/shop\/parapente\/variometro-parapente-chouka\/","name":"Vari\u00f3metro de parapente Chouka. Ultraligero y gran autonom\u00eda.","isPartOf":{"@id":"https:\/\/le-chouka.com\/es\/#website"},"primaryImageOfPage":{"@id":"https:\/\/le-chouka.com\/es\/shop\/parapente\/variometro-parapente-chouka\/#primaryimage"},"image":{"@id":"https:\/\/le-chouka.com\/es\/shop\/parapente\/variometro-parapente-chouka\/#primaryimage"},"thumbnailUrl":"https:\/\/le-chouka.com\/wp-content\/uploads\/2025\/10\/vario-parapente-chouka-casque-02_sqr.jpg","datePublished":"2025-11-01T08:57:19+00:00","dateModified":"2026-02-14T08:29:21+00:00","description":"Chouka \u2013 vari\u00f3metro de parapente preciso, compacto y ultraligero, fabricado en Francia. Larga autonom\u00eda de bater\u00eda para disfrutar plenamente de tus vuelos.","breadcrumb":{"@id":"https:\/\/le-chouka.com\/es\/shop\/parapente\/variometro-parapente-chouka\/#breadcrumb"},"inLanguage":"es","potentialAction":[{"@type":"ReadAction","target":["https:\/\/le-chouka.com\/es\/shop\/parapente\/variometro-parapente-chouka\/"]}]},{"@type":"ImageObject","inLanguage":"es","@id":"https:\/\/le-chouka.com\/es\/shop\/parapente\/variometro-parapente-chouka\/#primaryimage","url":"https:\/\/le-chouka.com\/wp-content\/uploads\/2025\/10\/vario-parapente-chouka-casque-02_sqr.jpg","contentUrl":"https:\/\/le-chouka.com\/wp-content\/uploads\/2025\/10\/vario-parapente-chouka-casque-02_sqr.jpg","width":2120,"height":2120,"caption":"Vari\u00f3metro Chouka en el casco de parapente"},{"@type":"BreadcrumbList","@id":"https:\/\/le-chouka.com\/es\/shop\/parapente\/variometro-parapente-chouka\/#breadcrumb","itemListElement":[{"@type":"ListItem","position":1,"name":"Inicio","item":"https:\/\/le-chouka.com\/es\/"},{"@type":"ListItem","position":2,"name":"Todos nuestros productos","item":"https:\/\/le-chouka.com\/es\/shop\/"},{"@type":"ListItem","position":3,"name":"Vari\u00f3metro de parapente Chouka"}]},{"@type":"WebSite","@id":"https:\/\/le-chouka.com\/es\/#website","url":"https:\/\/le-chouka.com\/es\/","name":"Chouka shop: Parapente, Montagne, Plong\u00e9e","description":"Chouka Shop: vari\u00f3metros, br\u00fajulas y accesorios para parapente, monta\u00f1a y buceo","publisher":{"@id":"https:\/\/le-chouka.com\/es\/#organization"},"alternateName":"Chouka parapente & montagne","potentialAction":[{"@type":"SearchAction","target":{"@type":"EntryPoint","urlTemplate":"https:\/\/le-chouka.com\/es\/?s={search_term_string}"},"query-input":{"@type":"PropertyValueSpecification","valueRequired":true,"valueName":"search_term_string"}}],"inLanguage":"es"},{"@type":"Organization","@id":"https:\/\/le-chouka.com\/es\/#organization","name":"Chouka","alternateName":"Chouka","url":"https:\/\/le-chouka.com\/es\/","logo":{"@type":"ImageObject","inLanguage":"es","@id":"https:\/\/le-chouka.com\/es\/#\/schema\/logo\/image\/","url":"https:\/\/le-chouka.com\/wp-content\/uploads\/2025\/10\/logo-chouka-grand-orange.png","contentUrl":"https:\/\/le-chouka.com\/wp-content\/uploads\/2025\/10\/logo-chouka-grand-orange.png","width":491,"height":424,"caption":"Chouka"},"image":{"@id":"https:\/\/le-chouka.com\/es\/#\/schema\/logo\/image\/"},"sameAs":["https:\/\/www.facebook.com\/le.chouka.parapente","https:\/\/www.instagram.com\/chouka_parapente"]}]},"og_availability":"instock","product_availability":"instock","product_condition":"new"},"_links":{"self":[{"href":"https:\/\/le-chouka.com\/es\/wp-json\/wp\/v2\/product\/2082","targetHints":{"allow":["GET"]}}],"collection":[{"href":"https:\/\/le-chouka.com\/es\/wp-json\/wp\/v2\/product"}],"about":[{"href":"https:\/\/le-chouka.com\/es\/wp-json\/wp\/v2\/types\/product"}],"replies":[{"embeddable":true,"href":"https:\/\/le-chouka.com\/es\/wp-json\/wp\/v2\/comments?post=2082"}],"wp:featuredmedia":[{"embeddable":true,"href":"https:\/\/le-chouka.com\/es\/wp-json\/wp\/v2\/media\/2061"}],"wp:attachment":[{"href":"https:\/\/le-chouka.com\/es\/wp-json\/wp\/v2\/media?parent=2082"}],"wp:term":[{"taxonomy":"product_brand","embeddable":true,"href":"https:\/\/le-chouka.com\/es\/wp-json\/wp\/v2\/product_brand?post=2082"},{"taxonomy":"product_cat","embeddable":true,"href":"https:\/\/le-chouka.com\/es\/wp-json\/wp\/v2\/product_cat?post=2082"},{"taxonomy":"product_tag","embeddable":true,"href":"https:\/\/le-chouka.com\/es\/wp-json\/wp\/v2\/product_tag?post=2082"}],"curies":[{"name":"wp","href":"https:\/\/api.w.org\/{rel}","templated":true}]}}