{"id":2024,"date":"2025-11-01T09:46:34","date_gmt":"2025-11-01T08:46:34","guid":{"rendered":"https:\/\/new.le-chouka.com\/shop\/sin%20categor\u00eda\/brujula-chouka-bandas\/"},"modified":"2026-03-11T09:50:10","modified_gmt":"2026-03-11T08:50:10","slug":"brujula-chouka-bandas","status":"publish","type":"product","link":"https:\/\/le-chouka.com\/es\/shop\/parapente\/brujula-chouka-bandas\/","title":{"rendered":"Br\u00fajula Chouka para las bandas"},"content":{"rendered":"<p>Esta br\u00fajula para las bandas est\u00e1 especialmente dise\u00f1ada para el parapente. Permanece <strong>perfectamente legible<\/strong> incluso en <strong>vuelo turbulento (balanceo, cabeceo)<\/strong> y permite una orientaci\u00f3n r\u00e1pida y fiable sin distracci\u00f3n.<\/p>\n<p>\u2705 Ayuda a mantener el rumbo y orientarse eficazmente.<br \/>\n\u2705 Refuerza la seguridad cerca de las nubes.<\/p>\n<h3>Orientaci\u00f3n<\/h3>\n<p><img loading=\"lazy\" decoding=\"async\" class=\"alignnone size-medium wp-image-168\" src=\"https:\/\/le-chouka.com\/wp-content\/uploads\/2025\/10\/boussole-parapente-chouka-orientation-04-elevateurs-300x300.jpg\" alt=\"\" width=\"300\" height=\"300\" srcset=\"https:\/\/le-chouka.com\/wp-content\/uploads\/2025\/10\/boussole-parapente-chouka-orientation-04-elevateurs-300x300.jpg 300w, https:\/\/le-chouka.com\/wp-content\/uploads\/2025\/10\/boussole-parapente-chouka-orientation-04-elevateurs-100x100.jpg 100w, https:\/\/le-chouka.com\/wp-content\/uploads\/2025\/10\/boussole-parapente-chouka-orientation-04-elevateurs-600x600.jpg 600w, https:\/\/le-chouka.com\/wp-content\/uploads\/2025\/10\/boussole-parapente-chouka-orientation-04-elevateurs-150x150.jpg 150w, https:\/\/le-chouka.com\/wp-content\/uploads\/2025\/10\/boussole-parapente-chouka-orientation-04-elevateurs-768x768.jpg 768w, https:\/\/le-chouka.com\/wp-content\/uploads\/2025\/10\/boussole-parapente-chouka-orientation-04-elevateurs.jpg 1015w\" sizes=\"auto, (max-width: 300px) 100vw, 300px\" \/><\/p>\n<p>La letra <strong>N se encuentra en el lado opuesto al norte magn\u00e9tico<\/strong>.<br \/>\nLa lectura es id\u00e9ntica a la de una <strong>br\u00fajula estilo n\u00e1utico<\/strong> (rumbo de la aeronave).<br \/>\nEl piloto lee el rumbo directamente en la parte visible de la br\u00fajula.<\/p>\n<h3>Fijaci\u00f3n<\/h3>\n<p>La br\u00fajula Chouka&#8217;p para las bandas se coloca f\u00e1cil y r\u00e1pidamente en una de las bandas del parapente (generalmente la trasera). En pocos segundos est\u00e1 en su sitio, sin necesidad de <strong>desmontaje ni modificaci\u00f3n<\/strong> del equipo. Un nudo de alondra mantiene todo seguro.<br \/>\nEn vuelo, la br\u00fajula puede ajustarse desliz\u00e1ndola a lo largo de la banda.<\/p>\n<h3>Dimensiones<\/h3>\n<ul>\n<li>Peso: <strong>19 g<\/strong><\/li>\n<li>Compacta: <strong>base 43\u00d730 mm, altura 34 mm<\/strong><\/li>\n<li><strong>Compatibilidad con bandas<\/strong>: disponible en 2 versiones para adaptarse a todas las velas \u2014 hasta 15 mm o hasta 24 mm de ancho (seg\u00fan la anchura de tus bandas).<\/li>\n<\/ul>\n<h3>Restricciones<\/h3>\n<ul>\n<li>No permite volar en nubes o sin visibilidad.<\/li>\n<li>Deben respetarse las reglas VFR.<\/li>\n<li>Este instrumento es una ayuda de orientaci\u00f3n y no un dispositivo de navegaci\u00f3n certificado.<\/li>\n<li>Prohibido en vuelo IFR.<\/li>\n<\/ul>\n","protected":false},"excerpt":{"rendered":"<p>Una <strong>br\u00fajula ultraligera<\/strong> dise\u00f1ada para el parapente, que se <strong>fija a las bandas en segundos<\/strong> sin necesidad de herramientas.<\/p>\n<p>Lectura clara en vuelo, incluso con balanceo o cabeceo.<\/p>\n<p><small><em>Tambi\u00e9n ofrecemos una <a href=\"https:\/\/le-chouka.com\/es\/shop\/parapente\/brujula-parapente\/\">br\u00fajula o comp\u00e1s de cockpit<\/a>.<\/em><\/small><\/p>\n","protected":false},"featured_media":1982,"comment_status":"open","ping_status":"closed","template":"","meta":[],"product_brand":[],"product_cat":[119,120],"product_tag":[],"class_list":{"0":"post-2024","1":"product","2":"type-product","3":"status-publish","4":"has-post-thumbnail","6":"product_cat-parapente","7":"product_cat-brujulas","9":"first","10":"instock","11":"featured","12":"taxable","13":"shipping-taxable","14":"purchasable","15":"product-type-variable","16":"has-default-attributes"},"yoast_head":"<!-- This site is optimized with the Yoast SEO Premium plugin v26.1 (Yoast SEO v27.1.1) - https:\/\/yoast.com\/product\/yoast-seo-premium-wordpress\/ -->\n<title>Br\u00fajula de parapente Chouka&#039;p para las bandas<\/title>\n<meta name=\"description\" content=\"Br\u00fajula para fijar a las bandas de tu parapente. Mejora tu seguridad en vuelo cerca de las nubes. Fabricada en los Alpes.\" \/>\n<meta name=\"robots\" content=\"index, follow, max-snippet:-1, max-image-preview:large, max-video-preview:-1\" \/>\n<link rel=\"canonical\" href=\"https:\/\/le-chouka.com\/es\/shop\/parapente\/brujula-chouka-bandas\/\" \/>\n<meta property=\"og:locale\" content=\"es_ES\" \/>\n<meta property=\"og:type\" content=\"article\" \/>\n<meta property=\"og:title\" content=\"Br\u00fajula Chouka para las bandas\" \/>\n<meta property=\"og:description\" content=\"Br\u00fajula para fijar a las bandas de tu parapente. Mejora tu seguridad en vuelo cerca de las nubes. Fabricada en los Alpes.\" \/>\n<meta property=\"og:url\" content=\"https:\/\/le-chouka.com\/es\/shop\/parapente\/brujula-chouka-bandas\/\" \/>\n<meta property=\"og:site_name\" content=\"Chouka Shop: Parapente, Escalada y Buceo\" \/>\n<meta property=\"article:publisher\" content=\"https:\/\/www.facebook.com\/le.chouka.parapente\" \/>\n<meta property=\"article:modified_time\" content=\"2026-03-11T08:50:10+00:00\" \/>\n<meta property=\"og:image\" content=\"https:\/\/le-chouka.com\/wp-content\/uploads\/2025\/10\/boussole-parapente-chouka-elevateurs-fly-02-zoom.jpg\" \/>\n\t<meta property=\"og:image:width\" content=\"1015\" \/>\n\t<meta property=\"og:image:height\" content=\"1015\" \/>\n\t<meta property=\"og:image:type\" content=\"image\/jpeg\" \/>\n<meta name=\"twitter:card\" content=\"summary_large_image\" \/>\n<meta name=\"twitter:label1\" content=\"Disponibilidad\" \/>\n\t<meta name=\"twitter:data1\" content=\"Disponible\" \/>\n<script type=\"application\/ld+json\" class=\"yoast-schema-graph\">{\"@context\":\"https:\/\/schema.org\",\"@graph\":[{\"@type\":\"WebPage\",\"@id\":\"https:\/\/le-chouka.com\/es\/shop\/parapente\/brujula-chouka-bandas\/\",\"url\":\"https:\/\/le-chouka.com\/es\/shop\/parapente\/brujula-chouka-bandas\/\",\"name\":\"Br\u00fajula de parapente Chouka'p para las bandas\",\"isPartOf\":{\"@id\":\"https:\/\/le-chouka.com\/es\/#website\"},\"primaryImageOfPage\":{\"@id\":\"https:\/\/le-chouka.com\/es\/shop\/parapente\/brujula-chouka-bandas\/#primaryimage\"},\"image\":{\"@id\":\"https:\/\/le-chouka.com\/es\/shop\/parapente\/brujula-chouka-bandas\/#primaryimage\"},\"thumbnailUrl\":\"https:\/\/le-chouka.com\/wp-content\/uploads\/2025\/10\/boussole-parapente-chouka-elevateurs-fly-02-zoom.jpg\",\"datePublished\":\"2025-11-01T08:46:34+00:00\",\"dateModified\":\"2026-03-11T08:50:10+00:00\",\"description\":\"Br\u00fajula para fijar a las bandas de tu parapente. Mejora tu seguridad en vuelo cerca de las nubes. Fabricada en los Alpes.\",\"breadcrumb\":{\"@id\":\"https:\/\/le-chouka.com\/es\/shop\/parapente\/brujula-chouka-bandas\/#breadcrumb\"},\"inLanguage\":\"es\",\"potentialAction\":[{\"@type\":\"ReadAction\",\"target\":[\"https:\/\/le-chouka.com\/es\/shop\/parapente\/brujula-chouka-bandas\/\"]}]},{\"@type\":\"ImageObject\",\"inLanguage\":\"es\",\"@id\":\"https:\/\/le-chouka.com\/es\/shop\/parapente\/brujula-chouka-bandas\/#primaryimage\",\"url\":\"https:\/\/le-chouka.com\/wp-content\/uploads\/2025\/10\/boussole-parapente-chouka-elevateurs-fly-02-zoom.jpg\",\"contentUrl\":\"https:\/\/le-chouka.com\/wp-content\/uploads\/2025\/10\/boussole-parapente-chouka-elevateurs-fly-02-zoom.jpg\",\"width\":1015,\"height\":1015,\"caption\":\"Br\u00fajula Chouka para las bandas\"},{\"@type\":\"BreadcrumbList\",\"@id\":\"https:\/\/le-chouka.com\/es\/shop\/parapente\/brujula-chouka-bandas\/#breadcrumb\",\"itemListElement\":[{\"@type\":\"ListItem\",\"position\":1,\"name\":\"Inicio\",\"item\":\"https:\/\/le-chouka.com\/es\/\"},{\"@type\":\"ListItem\",\"position\":2,\"name\":\"Todos nuestros productos\",\"item\":\"https:\/\/le-chouka.com\/es\/shop\/\"},{\"@type\":\"ListItem\",\"position\":3,\"name\":\"Br\u00fajula Chouka para las bandas\"}]},{\"@type\":\"WebSite\",\"@id\":\"https:\/\/le-chouka.com\/es\/#website\",\"url\":\"https:\/\/le-chouka.com\/es\/\",\"name\":\"Chouka shop: Parapente, Montagne, Plong\u00e9e\",\"description\":\"Chouka Shop: vari\u00f3metros, br\u00fajulas y accesorios para parapente, monta\u00f1a y buceo\",\"publisher\":{\"@id\":\"https:\/\/le-chouka.com\/es\/#organization\"},\"alternateName\":\"Chouka parapente & montagne\",\"potentialAction\":[{\"@type\":\"SearchAction\",\"target\":{\"@type\":\"EntryPoint\",\"urlTemplate\":\"https:\/\/le-chouka.com\/es\/?s={search_term_string}\"},\"query-input\":{\"@type\":\"PropertyValueSpecification\",\"valueRequired\":true,\"valueName\":\"search_term_string\"}}],\"inLanguage\":\"es\"},{\"@type\":\"Organization\",\"@id\":\"https:\/\/le-chouka.com\/es\/#organization\",\"name\":\"Chouka\",\"alternateName\":\"Chouka\",\"url\":\"https:\/\/le-chouka.com\/es\/\",\"logo\":{\"@type\":\"ImageObject\",\"inLanguage\":\"es\",\"@id\":\"https:\/\/le-chouka.com\/es\/#\/schema\/logo\/image\/\",\"url\":\"https:\/\/le-chouka.com\/wp-content\/uploads\/2025\/10\/logo-chouka-grand-orange.png\",\"contentUrl\":\"https:\/\/le-chouka.com\/wp-content\/uploads\/2025\/10\/logo-chouka-grand-orange.png\",\"width\":491,\"height\":424,\"caption\":\"Chouka\"},\"image\":{\"@id\":\"https:\/\/le-chouka.com\/es\/#\/schema\/logo\/image\/\"},\"sameAs\":[\"https:\/\/www.facebook.com\/le.chouka.parapente\",\"https:\/\/www.instagram.com\/chouka_parapente\"]}]}<\/script>\n<meta property=\"og:availability\" content=\"instock\" \/>\n<meta property=\"product:availability\" content=\"instock\" \/>\n<meta property=\"product:condition\" content=\"new\" \/>\n<!-- \/ Yoast SEO Premium plugin. -->","yoast_head_json":{"title":"Br\u00fajula de parapente Chouka'p para las bandas","description":"Br\u00fajula para fijar a las bandas de tu parapente. Mejora tu seguridad en vuelo cerca de las nubes. Fabricada en los Alpes.","robots":{"index":"index","follow":"follow","max-snippet":"max-snippet:-1","max-image-preview":"max-image-preview:large","max-video-preview":"max-video-preview:-1"},"canonical":"https:\/\/le-chouka.com\/es\/shop\/parapente\/brujula-chouka-bandas\/","og_locale":"es_ES","og_type":"article","og_title":"Br\u00fajula Chouka para las bandas","og_description":"Br\u00fajula para fijar a las bandas de tu parapente. Mejora tu seguridad en vuelo cerca de las nubes. Fabricada en los Alpes.","og_url":"https:\/\/le-chouka.com\/es\/shop\/parapente\/brujula-chouka-bandas\/","og_site_name":"Chouka Shop: Parapente, Escalada y Buceo","article_publisher":"https:\/\/www.facebook.com\/le.chouka.parapente","article_modified_time":"2026-03-11T08:50:10+00:00","og_image":[{"width":1015,"height":1015,"url":"https:\/\/le-chouka.com\/wp-content\/uploads\/2025\/10\/boussole-parapente-chouka-elevateurs-fly-02-zoom.jpg","type":"image\/jpeg"}],"twitter_card":"summary_large_image","twitter_misc":{"Disponibilidad":"Disponible"},"schema":{"@context":"https:\/\/schema.org","@graph":[{"@type":"WebPage","@id":"https:\/\/le-chouka.com\/es\/shop\/parapente\/brujula-chouka-bandas\/","url":"https:\/\/le-chouka.com\/es\/shop\/parapente\/brujula-chouka-bandas\/","name":"Br\u00fajula de parapente Chouka'p para las bandas","isPartOf":{"@id":"https:\/\/le-chouka.com\/es\/#website"},"primaryImageOfPage":{"@id":"https:\/\/le-chouka.com\/es\/shop\/parapente\/brujula-chouka-bandas\/#primaryimage"},"image":{"@id":"https:\/\/le-chouka.com\/es\/shop\/parapente\/brujula-chouka-bandas\/#primaryimage"},"thumbnailUrl":"https:\/\/le-chouka.com\/wp-content\/uploads\/2025\/10\/boussole-parapente-chouka-elevateurs-fly-02-zoom.jpg","datePublished":"2025-11-01T08:46:34+00:00","dateModified":"2026-03-11T08:50:10+00:00","description":"Br\u00fajula para fijar a las bandas de tu parapente. Mejora tu seguridad en vuelo cerca de las nubes. Fabricada en los Alpes.","breadcrumb":{"@id":"https:\/\/le-chouka.com\/es\/shop\/parapente\/brujula-chouka-bandas\/#breadcrumb"},"inLanguage":"es","potentialAction":[{"@type":"ReadAction","target":["https:\/\/le-chouka.com\/es\/shop\/parapente\/brujula-chouka-bandas\/"]}]},{"@type":"ImageObject","inLanguage":"es","@id":"https:\/\/le-chouka.com\/es\/shop\/parapente\/brujula-chouka-bandas\/#primaryimage","url":"https:\/\/le-chouka.com\/wp-content\/uploads\/2025\/10\/boussole-parapente-chouka-elevateurs-fly-02-zoom.jpg","contentUrl":"https:\/\/le-chouka.com\/wp-content\/uploads\/2025\/10\/boussole-parapente-chouka-elevateurs-fly-02-zoom.jpg","width":1015,"height":1015,"caption":"Br\u00fajula Chouka para las bandas"},{"@type":"BreadcrumbList","@id":"https:\/\/le-chouka.com\/es\/shop\/parapente\/brujula-chouka-bandas\/#breadcrumb","itemListElement":[{"@type":"ListItem","position":1,"name":"Inicio","item":"https:\/\/le-chouka.com\/es\/"},{"@type":"ListItem","position":2,"name":"Todos nuestros productos","item":"https:\/\/le-chouka.com\/es\/shop\/"},{"@type":"ListItem","position":3,"name":"Br\u00fajula Chouka para las bandas"}]},{"@type":"WebSite","@id":"https:\/\/le-chouka.com\/es\/#website","url":"https:\/\/le-chouka.com\/es\/","name":"Chouka shop: Parapente, Montagne, Plong\u00e9e","description":"Chouka Shop: vari\u00f3metros, br\u00fajulas y accesorios para parapente, monta\u00f1a y buceo","publisher":{"@id":"https:\/\/le-chouka.com\/es\/#organization"},"alternateName":"Chouka parapente & montagne","potentialAction":[{"@type":"SearchAction","target":{"@type":"EntryPoint","urlTemplate":"https:\/\/le-chouka.com\/es\/?s={search_term_string}"},"query-input":{"@type":"PropertyValueSpecification","valueRequired":true,"valueName":"search_term_string"}}],"inLanguage":"es"},{"@type":"Organization","@id":"https:\/\/le-chouka.com\/es\/#organization","name":"Chouka","alternateName":"Chouka","url":"https:\/\/le-chouka.com\/es\/","logo":{"@type":"ImageObject","inLanguage":"es","@id":"https:\/\/le-chouka.com\/es\/#\/schema\/logo\/image\/","url":"https:\/\/le-chouka.com\/wp-content\/uploads\/2025\/10\/logo-chouka-grand-orange.png","contentUrl":"https:\/\/le-chouka.com\/wp-content\/uploads\/2025\/10\/logo-chouka-grand-orange.png","width":491,"height":424,"caption":"Chouka"},"image":{"@id":"https:\/\/le-chouka.com\/es\/#\/schema\/logo\/image\/"},"sameAs":["https:\/\/www.facebook.com\/le.chouka.parapente","https:\/\/www.instagram.com\/chouka_parapente"]}]},"og_availability":"instock","product_availability":"instock","product_condition":"new"},"_links":{"self":[{"href":"https:\/\/le-chouka.com\/es\/wp-json\/wp\/v2\/product\/2024","targetHints":{"allow":["GET"]}}],"collection":[{"href":"https:\/\/le-chouka.com\/es\/wp-json\/wp\/v2\/product"}],"about":[{"href":"https:\/\/le-chouka.com\/es\/wp-json\/wp\/v2\/types\/product"}],"replies":[{"embeddable":true,"href":"https:\/\/le-chouka.com\/es\/wp-json\/wp\/v2\/comments?post=2024"}],"wp:featuredmedia":[{"embeddable":true,"href":"https:\/\/le-chouka.com\/es\/wp-json\/wp\/v2\/media\/1982"}],"wp:attachment":[{"href":"https:\/\/le-chouka.com\/es\/wp-json\/wp\/v2\/media?parent=2024"}],"wp:term":[{"taxonomy":"product_brand","embeddable":true,"href":"https:\/\/le-chouka.com\/es\/wp-json\/wp\/v2\/product_brand?post=2024"},{"taxonomy":"product_cat","embeddable":true,"href":"https:\/\/le-chouka.com\/es\/wp-json\/wp\/v2\/product_cat?post=2024"},{"taxonomy":"product_tag","embeddable":true,"href":"https:\/\/le-chouka.com\/es\/wp-json\/wp\/v2\/product_tag?post=2024"}],"curies":[{"name":"wp","href":"https:\/\/api.w.org\/{rel}","templated":true}]}}