{"id":1963,"date":"2025-10-09T14:14:31","date_gmt":"2025-10-09T12:14:31","guid":{"rendered":"https:\/\/new.le-chouka.com\/shop\/sin%20categor\u00eda\/chouka-balls-mandos-parapente\/"},"modified":"2025-12-01T21:45:26","modified_gmt":"2025-12-01T20:45:26","slug":"chouka-balls-mandos-parapente","status":"publish","type":"product","link":"https:\/\/le-chouka.com\/es\/shop\/parapente\/chouka-balls-mandos-parapente\/","title":{"rendered":"Mandos Chouka Balls"},"content":{"rendered":"<h3>Dimensiones<\/h3>\n<p>Las Chouka Balls est\u00e1n disponibles en dos di\u00e1metros:<\/p>\n<ul>\n<li><strong>\u2300 30 mm<\/strong>: ocupaci\u00f3n m\u00ednima en el cockpit.<\/li>\n<li><strong>\u2300 40 mm<\/strong>: mejor agarre, especialmente con guantes gruesos.<\/li>\n<\/ul>\n<p>Compatibles con mandos de freno simples o con giratorio de di\u00e1metro m\u00e1ximo \u2300 8,2 mm (est\u00e1ndar \u2300 8 mm).<\/p>\n<h3>Montaje<\/h3>\n<p>La instalaci\u00f3n es r\u00e1pida y sencilla \u2014 menos de un minuto, sin herramientas y sin desconectar la vela:<\/p>\n<ol>\n<li>Desliza la l\u00ednea de freno en la ranura de la bola de control.<\/li>\n<li>Hazla deslizar hasta que llegue al tope en el mando de freno (por encima del giratorio).<\/li>\n<li>Ata el extremo restante de la l\u00ednea de freno para evitar que la bola se deslice.<br \/>\nSi el extremo es demasiado corto, usa un trozo adicional de l\u00ednea para bloquearla.<\/li>\n<li>Comprueba que el recorrido de los frenos no haya cambiado.\n<ul>\n<li>En caso de ligera modificaci\u00f3n, aseg\u00farate durante el inflado y un primer vuelo de prueba de que el borde de fuga no est\u00e9 frenado en posici\u00f3n de \u201cmanos arriba\u201d o acelerada.<\/li>\n<li>Alarga los mandos de freno si es necesario.<\/li>\n<\/ul>\n<\/li>\n<\/ol>\n<p><img loading=\"lazy\" decoding=\"async\" class=\"size-thumbnail wp-image-223\" src=\"https:\/\/le-chouka.com\/wp-content\/uploads\/2025\/10\/chouka-balls-parapente-setup-01-150x150.jpg\" alt=\"Montaje Chouka Balls\" width=\"150\" height=\"150\" srcset=\"https:\/\/le-chouka.com\/wp-content\/uploads\/2025\/10\/chouka-balls-parapente-setup-01-150x150.jpg 150w, https:\/\/le-chouka.com\/wp-content\/uploads\/2025\/10\/chouka-balls-parapente-setup-01-300x300.jpg 300w, https:\/\/le-chouka.com\/wp-content\/uploads\/2025\/10\/chouka-balls-parapente-setup-01-100x100.jpg 100w, https:\/\/le-chouka.com\/wp-content\/uploads\/2025\/10\/chouka-balls-parapente-setup-01-600x600.jpg 600w, https:\/\/le-chouka.com\/wp-content\/uploads\/2025\/10\/chouka-balls-parapente-setup-01-1024x1024.jpg 1024w, https:\/\/le-chouka.com\/wp-content\/uploads\/2025\/10\/chouka-balls-parapente-setup-01-768x768.jpg 768w, https:\/\/le-chouka.com\/wp-content\/uploads\/2025\/10\/chouka-balls-parapente-setup-01.jpg 1200w\" sizes=\"auto, (max-width: 150px) 100vw, 150px\" \/><br \/>\n<img loading=\"lazy\" decoding=\"async\" class=\"size-thumbnail wp-image-224\" src=\"https:\/\/le-chouka.com\/wp-content\/uploads\/2025\/10\/chouka-balls-parapente-setup-02-150x150.jpg\" alt=\"Montaje Chouka Balls\" width=\"150\" height=\"150\" srcset=\"https:\/\/le-chouka.com\/wp-content\/uploads\/2025\/10\/chouka-balls-parapente-setup-02-150x150.jpg 150w, https:\/\/le-chouka.com\/wp-content\/uploads\/2025\/10\/chouka-balls-parapente-setup-02-300x300.jpg 300w, https:\/\/le-chouka.com\/wp-content\/uploads\/2025\/10\/chouka-balls-parapente-setup-02-100x100.jpg 100w, https:\/\/le-chouka.com\/wp-content\/uploads\/2025\/10\/chouka-balls-parapente-setup-02-600x600.jpg 600w, https:\/\/le-chouka.com\/wp-content\/uploads\/2025\/10\/chouka-balls-parapente-setup-02-1024x1024.jpg 1024w, https:\/\/le-chouka.com\/wp-content\/uploads\/2025\/10\/chouka-balls-parapente-setup-02-768x768.jpg 768w, https:\/\/le-chouka.com\/wp-content\/uploads\/2025\/10\/chouka-balls-parapente-setup-02.jpg 1200w\" sizes=\"auto, (max-width: 150px) 100vw, 150px\" \/><br \/>\n<img loading=\"lazy\" decoding=\"async\" class=\"size-thumbnail wp-image-225\" src=\"https:\/\/le-chouka.com\/wp-content\/uploads\/2025\/10\/chouka-balls-parapente-setup-03-150x150.jpg\" alt=\"Montaje Chouka Balls\" width=\"150\" height=\"150\" srcset=\"https:\/\/le-chouka.com\/wp-content\/uploads\/2025\/10\/chouka-balls-parapente-setup-03-150x150.jpg 150w, https:\/\/le-chouka.com\/wp-content\/uploads\/2025\/10\/chouka-balls-parapente-setup-03-300x300.jpg 300w, https:\/\/le-chouka.com\/wp-content\/uploads\/2025\/10\/chouka-balls-parapente-setup-03-100x100.jpg 100w, https:\/\/le-chouka.com\/wp-content\/uploads\/2025\/10\/chouka-balls-parapente-setup-03-600x600.jpg 600w, https:\/\/le-chouka.com\/wp-content\/uploads\/2025\/10\/chouka-balls-parapente-setup-03-1024x1024.jpg 1024w, https:\/\/le-chouka.com\/wp-content\/uploads\/2025\/10\/chouka-balls-parapente-setup-03-768x768.jpg 768w, https:\/\/le-chouka.com\/wp-content\/uploads\/2025\/10\/chouka-balls-parapente-setup-03.jpg 1200w\" sizes=\"auto, (max-width: 150px) 100vw, 150px\" \/><br \/>\n<img loading=\"lazy\" decoding=\"async\" class=\"size-thumbnail wp-image-226\" src=\"https:\/\/le-chouka.com\/wp-content\/uploads\/2025\/10\/chouka-balls-parapente-setup-04-150x150.jpg\" alt=\"Montaje Chouka Balls\" width=\"150\" height=\"150\" srcset=\"https:\/\/le-chouka.com\/wp-content\/uploads\/2025\/10\/chouka-balls-parapente-setup-04-150x150.jpg 150w, https:\/\/le-chouka.com\/wp-content\/uploads\/2025\/10\/chouka-balls-parapente-setup-04-300x300.jpg 300w, https:\/\/le-chouka.com\/wp-content\/uploads\/2025\/10\/chouka-balls-parapente-setup-04-100x100.jpg 100w, https:\/\/le-chouka.com\/wp-content\/uploads\/2025\/10\/chouka-balls-parapente-setup-04-600x600.jpg 600w, https:\/\/le-chouka.com\/wp-content\/uploads\/2025\/10\/chouka-balls-parapente-setup-04-1024x1024.jpg 1024w, https:\/\/le-chouka.com\/wp-content\/uploads\/2025\/10\/chouka-balls-parapente-setup-04-768x768.jpg 768w, https:\/\/le-chouka.com\/wp-content\/uploads\/2025\/10\/chouka-balls-parapente-setup-04.jpg 1200w\" sizes=\"auto, (max-width: 150px) 100vw, 150px\" \/><br \/>\n<img loading=\"lazy\" decoding=\"async\" class=\"size-thumbnail wp-image-227\" src=\"https:\/\/le-chouka.com\/wp-content\/uploads\/2025\/10\/chouka-balls-parapente-setup-05-150x150.jpg\" alt=\"Montaje Chouka Balls\" width=\"150\" height=\"150\" srcset=\"https:\/\/le-chouka.com\/wp-content\/uploads\/2025\/10\/chouka-balls-parapente-setup-05-150x150.jpg 150w, https:\/\/le-chouka.com\/wp-content\/uploads\/2025\/10\/chouka-balls-parapente-setup-05-300x300.jpg 300w, https:\/\/le-chouka.com\/wp-content\/uploads\/2025\/10\/chouka-balls-parapente-setup-05-100x100.jpg 100w, https:\/\/le-chouka.com\/wp-content\/uploads\/2025\/10\/chouka-balls-parapente-setup-05-600x600.jpg 600w, https:\/\/le-chouka.com\/wp-content\/uploads\/2025\/10\/chouka-balls-parapente-setup-05-1024x1024.jpg 1024w, https:\/\/le-chouka.com\/wp-content\/uploads\/2025\/10\/chouka-balls-parapente-setup-05-768x768.jpg 768w, https:\/\/le-chouka.com\/wp-content\/uploads\/2025\/10\/chouka-balls-parapente-setup-05.jpg 1200w\" sizes=\"auto, (max-width: 150px) 100vw, 150px\" \/><\/p>\n<h3>Seguridad y controles prevuelo<\/h3>\n<p>Antes de cada vuelo, verifica que las bolas no se enreden con otras l\u00edneas y que est\u00e9n bien fijadas a lo largo de la l\u00ednea de freno.<\/p>\n","protected":false},"excerpt":{"rendered":"<p>Las <strong>Chouka Balls*<\/strong> se montan r\u00e1pida y f\u00e1cilmente en los mandos de freno de tu parapente.<\/p>\n<p>Permiten <strong>mejorar el agarre<\/strong> y obtener una sensaci\u00f3n m\u00e1s precisa de la masa de aire para un pilotaje m\u00e1s fino y c\u00f3modo.<\/p>\n<p><small><em>* Las Chouka Balls se venden por pareja; el mando de freno visible en algunas fotos no est\u00e1 incluido.<\/em><\/small><\/p>\n","protected":false},"featured_media":1938,"comment_status":"open","ping_status":"closed","template":"","meta":[],"product_brand":[],"product_cat":[119,158],"product_tag":[],"class_list":{"0":"post-1963","1":"product","2":"type-product","3":"status-publish","4":"has-post-thumbnail","6":"product_cat-parapente","7":"product_cat-accesorios","9":"first","10":"instock","11":"taxable","12":"shipping-taxable","13":"purchasable","14":"product-type-variable","15":"has-default-attributes"},"yoast_head":"<!-- This site is optimized with the Yoast SEO Premium plugin v26.1 (Yoast SEO v27.1.1) - https:\/\/yoast.com\/product\/yoast-seo-premium-wordpress\/ -->\n<title>Chouka Balls: mandos de freno para parapente<\/title>\n<meta name=\"description\" content=\"Mandos de freno para parapente, que ofrecen un mejor agarre y un control m\u00e1s preciso. Fabricados en Francia.\" \/>\n<meta name=\"robots\" content=\"index, follow, max-snippet:-1, max-image-preview:large, max-video-preview:-1\" \/>\n<link rel=\"canonical\" href=\"https:\/\/le-chouka.com\/es\/shop\/parapente\/chouka-balls-mandos-parapente\/\" \/>\n<meta property=\"og:locale\" content=\"es_ES\" \/>\n<meta property=\"og:type\" content=\"article\" \/>\n<meta property=\"og:title\" content=\"Chouka Balls \u2013 Bolas de control de parapente\" \/>\n<meta property=\"og:description\" content=\"Mandos de freno para parapente, que ofrecen un mejor agarre y un control m\u00e1s preciso. Fabricados en Francia.\" \/>\n<meta property=\"og:url\" content=\"https:\/\/le-chouka.com\/es\/shop\/parapente\/chouka-balls-mandos-parapente\/\" \/>\n<meta property=\"og:site_name\" content=\"Chouka Shop: Parapente, Escalada y Buceo\" \/>\n<meta property=\"article:publisher\" content=\"https:\/\/www.facebook.com\/le.chouka.parapente\" \/>\n<meta property=\"article:modified_time\" content=\"2025-12-01T20:45:26+00:00\" \/>\n<meta property=\"og:image\" content=\"https:\/\/le-chouka.com\/wp-content\/uploads\/2025\/10\/chouka-balls-parapente-40mm-05.jpg\" \/>\n\t<meta property=\"og:image:width\" content=\"1200\" \/>\n\t<meta property=\"og:image:height\" content=\"1200\" \/>\n\t<meta property=\"og:image:type\" content=\"image\/jpeg\" \/>\n<meta name=\"twitter:card\" content=\"summary_large_image\" \/>\n<meta name=\"twitter:title\" content=\"Mandos Chouka Balls\" \/>\n<meta name=\"twitter:label1\" content=\"Disponibilidad\" \/>\n\t<meta name=\"twitter:data1\" content=\"Disponible\" \/>\n<script type=\"application\/ld+json\" class=\"yoast-schema-graph\">{\"@context\":\"https:\/\/schema.org\",\"@graph\":[{\"@type\":\"WebPage\",\"@id\":\"https:\/\/le-chouka.com\/es\/shop\/parapente\/chouka-balls-mandos-parapente\/\",\"url\":\"https:\/\/le-chouka.com\/es\/shop\/parapente\/chouka-balls-mandos-parapente\/\",\"name\":\"Chouka Balls: mandos de freno para parapente\",\"isPartOf\":{\"@id\":\"https:\/\/le-chouka.com\/es\/#website\"},\"primaryImageOfPage\":{\"@id\":\"https:\/\/le-chouka.com\/es\/shop\/parapente\/chouka-balls-mandos-parapente\/#primaryimage\"},\"image\":{\"@id\":\"https:\/\/le-chouka.com\/es\/shop\/parapente\/chouka-balls-mandos-parapente\/#primaryimage\"},\"thumbnailUrl\":\"https:\/\/le-chouka.com\/wp-content\/uploads\/2025\/10\/chouka-balls-parapente-40mm-05.jpg\",\"datePublished\":\"2025-10-09T12:14:31+00:00\",\"dateModified\":\"2025-12-01T20:45:26+00:00\",\"description\":\"Mandos de freno para parapente, que ofrecen un mejor agarre y un control m\u00e1s preciso. Fabricados en Francia.\",\"breadcrumb\":{\"@id\":\"https:\/\/le-chouka.com\/es\/shop\/parapente\/chouka-balls-mandos-parapente\/#breadcrumb\"},\"inLanguage\":\"es\",\"potentialAction\":[{\"@type\":\"ReadAction\",\"target\":[\"https:\/\/le-chouka.com\/es\/shop\/parapente\/chouka-balls-mandos-parapente\/\"]}]},{\"@type\":\"ImageObject\",\"inLanguage\":\"es\",\"@id\":\"https:\/\/le-chouka.com\/es\/shop\/parapente\/chouka-balls-mandos-parapente\/#primaryimage\",\"url\":\"https:\/\/le-chouka.com\/wp-content\/uploads\/2025\/10\/chouka-balls-parapente-40mm-05.jpg\",\"contentUrl\":\"https:\/\/le-chouka.com\/wp-content\/uploads\/2025\/10\/chouka-balls-parapente-40mm-05.jpg\",\"width\":1200,\"height\":1200,\"caption\":\"Chouka Balls\"},{\"@type\":\"BreadcrumbList\",\"@id\":\"https:\/\/le-chouka.com\/es\/shop\/parapente\/chouka-balls-mandos-parapente\/#breadcrumb\",\"itemListElement\":[{\"@type\":\"ListItem\",\"position\":1,\"name\":\"Inicio\",\"item\":\"https:\/\/le-chouka.com\/es\/\"},{\"@type\":\"ListItem\",\"position\":2,\"name\":\"Todos nuestros productos\",\"item\":\"https:\/\/le-chouka.com\/es\/shop\/\"},{\"@type\":\"ListItem\",\"position\":3,\"name\":\"Mandos Chouka Balls\"}]},{\"@type\":\"WebSite\",\"@id\":\"https:\/\/le-chouka.com\/es\/#website\",\"url\":\"https:\/\/le-chouka.com\/es\/\",\"name\":\"Chouka shop: Parapente, Montagne, Plong\u00e9e\",\"description\":\"Chouka Shop: vari\u00f3metros, br\u00fajulas y accesorios para parapente, monta\u00f1a y buceo\",\"publisher\":{\"@id\":\"https:\/\/le-chouka.com\/es\/#organization\"},\"alternateName\":\"Chouka parapente & montagne\",\"potentialAction\":[{\"@type\":\"SearchAction\",\"target\":{\"@type\":\"EntryPoint\",\"urlTemplate\":\"https:\/\/le-chouka.com\/es\/?s={search_term_string}\"},\"query-input\":{\"@type\":\"PropertyValueSpecification\",\"valueRequired\":true,\"valueName\":\"search_term_string\"}}],\"inLanguage\":\"es\"},{\"@type\":\"Organization\",\"@id\":\"https:\/\/le-chouka.com\/es\/#organization\",\"name\":\"Chouka\",\"alternateName\":\"Chouka\",\"url\":\"https:\/\/le-chouka.com\/es\/\",\"logo\":{\"@type\":\"ImageObject\",\"inLanguage\":\"es\",\"@id\":\"https:\/\/le-chouka.com\/es\/#\/schema\/logo\/image\/\",\"url\":\"https:\/\/le-chouka.com\/wp-content\/uploads\/2025\/10\/logo-chouka-grand-orange.png\",\"contentUrl\":\"https:\/\/le-chouka.com\/wp-content\/uploads\/2025\/10\/logo-chouka-grand-orange.png\",\"width\":491,\"height\":424,\"caption\":\"Chouka\"},\"image\":{\"@id\":\"https:\/\/le-chouka.com\/es\/#\/schema\/logo\/image\/\"},\"sameAs\":[\"https:\/\/www.facebook.com\/le.chouka.parapente\",\"https:\/\/www.instagram.com\/chouka_parapente\"]}]}<\/script>\n<meta property=\"og:availability\" content=\"instock\" \/>\n<meta property=\"product:availability\" content=\"instock\" \/>\n<meta property=\"product:condition\" content=\"new\" \/>\n<!-- \/ Yoast SEO Premium plugin. -->","yoast_head_json":{"title":"Chouka Balls: mandos de freno para parapente","description":"Mandos de freno para parapente, que ofrecen un mejor agarre y un control m\u00e1s preciso. Fabricados en Francia.","robots":{"index":"index","follow":"follow","max-snippet":"max-snippet:-1","max-image-preview":"max-image-preview:large","max-video-preview":"max-video-preview:-1"},"canonical":"https:\/\/le-chouka.com\/es\/shop\/parapente\/chouka-balls-mandos-parapente\/","og_locale":"es_ES","og_type":"article","og_title":"Chouka Balls \u2013 Bolas de control de parapente","og_description":"Mandos de freno para parapente, que ofrecen un mejor agarre y un control m\u00e1s preciso. Fabricados en Francia.","og_url":"https:\/\/le-chouka.com\/es\/shop\/parapente\/chouka-balls-mandos-parapente\/","og_site_name":"Chouka Shop: Parapente, Escalada y Buceo","article_publisher":"https:\/\/www.facebook.com\/le.chouka.parapente","article_modified_time":"2025-12-01T20:45:26+00:00","og_image":[{"width":1200,"height":1200,"url":"https:\/\/le-chouka.com\/wp-content\/uploads\/2025\/10\/chouka-balls-parapente-40mm-05.jpg","type":"image\/jpeg"}],"twitter_card":"summary_large_image","twitter_title":"Mandos Chouka Balls","twitter_misc":{"Disponibilidad":"Disponible"},"schema":{"@context":"https:\/\/schema.org","@graph":[{"@type":"WebPage","@id":"https:\/\/le-chouka.com\/es\/shop\/parapente\/chouka-balls-mandos-parapente\/","url":"https:\/\/le-chouka.com\/es\/shop\/parapente\/chouka-balls-mandos-parapente\/","name":"Chouka Balls: mandos de freno para parapente","isPartOf":{"@id":"https:\/\/le-chouka.com\/es\/#website"},"primaryImageOfPage":{"@id":"https:\/\/le-chouka.com\/es\/shop\/parapente\/chouka-balls-mandos-parapente\/#primaryimage"},"image":{"@id":"https:\/\/le-chouka.com\/es\/shop\/parapente\/chouka-balls-mandos-parapente\/#primaryimage"},"thumbnailUrl":"https:\/\/le-chouka.com\/wp-content\/uploads\/2025\/10\/chouka-balls-parapente-40mm-05.jpg","datePublished":"2025-10-09T12:14:31+00:00","dateModified":"2025-12-01T20:45:26+00:00","description":"Mandos de freno para parapente, que ofrecen un mejor agarre y un control m\u00e1s preciso. Fabricados en Francia.","breadcrumb":{"@id":"https:\/\/le-chouka.com\/es\/shop\/parapente\/chouka-balls-mandos-parapente\/#breadcrumb"},"inLanguage":"es","potentialAction":[{"@type":"ReadAction","target":["https:\/\/le-chouka.com\/es\/shop\/parapente\/chouka-balls-mandos-parapente\/"]}]},{"@type":"ImageObject","inLanguage":"es","@id":"https:\/\/le-chouka.com\/es\/shop\/parapente\/chouka-balls-mandos-parapente\/#primaryimage","url":"https:\/\/le-chouka.com\/wp-content\/uploads\/2025\/10\/chouka-balls-parapente-40mm-05.jpg","contentUrl":"https:\/\/le-chouka.com\/wp-content\/uploads\/2025\/10\/chouka-balls-parapente-40mm-05.jpg","width":1200,"height":1200,"caption":"Chouka Balls"},{"@type":"BreadcrumbList","@id":"https:\/\/le-chouka.com\/es\/shop\/parapente\/chouka-balls-mandos-parapente\/#breadcrumb","itemListElement":[{"@type":"ListItem","position":1,"name":"Inicio","item":"https:\/\/le-chouka.com\/es\/"},{"@type":"ListItem","position":2,"name":"Todos nuestros productos","item":"https:\/\/le-chouka.com\/es\/shop\/"},{"@type":"ListItem","position":3,"name":"Mandos Chouka Balls"}]},{"@type":"WebSite","@id":"https:\/\/le-chouka.com\/es\/#website","url":"https:\/\/le-chouka.com\/es\/","name":"Chouka shop: Parapente, Montagne, Plong\u00e9e","description":"Chouka Shop: vari\u00f3metros, br\u00fajulas y accesorios para parapente, monta\u00f1a y buceo","publisher":{"@id":"https:\/\/le-chouka.com\/es\/#organization"},"alternateName":"Chouka parapente & montagne","potentialAction":[{"@type":"SearchAction","target":{"@type":"EntryPoint","urlTemplate":"https:\/\/le-chouka.com\/es\/?s={search_term_string}"},"query-input":{"@type":"PropertyValueSpecification","valueRequired":true,"valueName":"search_term_string"}}],"inLanguage":"es"},{"@type":"Organization","@id":"https:\/\/le-chouka.com\/es\/#organization","name":"Chouka","alternateName":"Chouka","url":"https:\/\/le-chouka.com\/es\/","logo":{"@type":"ImageObject","inLanguage":"es","@id":"https:\/\/le-chouka.com\/es\/#\/schema\/logo\/image\/","url":"https:\/\/le-chouka.com\/wp-content\/uploads\/2025\/10\/logo-chouka-grand-orange.png","contentUrl":"https:\/\/le-chouka.com\/wp-content\/uploads\/2025\/10\/logo-chouka-grand-orange.png","width":491,"height":424,"caption":"Chouka"},"image":{"@id":"https:\/\/le-chouka.com\/es\/#\/schema\/logo\/image\/"},"sameAs":["https:\/\/www.facebook.com\/le.chouka.parapente","https:\/\/www.instagram.com\/chouka_parapente"]}]},"og_availability":"instock","product_availability":"instock","product_condition":"new"},"_links":{"self":[{"href":"https:\/\/le-chouka.com\/es\/wp-json\/wp\/v2\/product\/1963","targetHints":{"allow":["GET"]}}],"collection":[{"href":"https:\/\/le-chouka.com\/es\/wp-json\/wp\/v2\/product"}],"about":[{"href":"https:\/\/le-chouka.com\/es\/wp-json\/wp\/v2\/types\/product"}],"replies":[{"embeddable":true,"href":"https:\/\/le-chouka.com\/es\/wp-json\/wp\/v2\/comments?post=1963"}],"wp:featuredmedia":[{"embeddable":true,"href":"https:\/\/le-chouka.com\/es\/wp-json\/wp\/v2\/media\/1938"}],"wp:attachment":[{"href":"https:\/\/le-chouka.com\/es\/wp-json\/wp\/v2\/media?parent=1963"}],"wp:term":[{"taxonomy":"product_brand","embeddable":true,"href":"https:\/\/le-chouka.com\/es\/wp-json\/wp\/v2\/product_brand?post=1963"},{"taxonomy":"product_cat","embeddable":true,"href":"https:\/\/le-chouka.com\/es\/wp-json\/wp\/v2\/product_cat?post=1963"},{"taxonomy":"product_tag","embeddable":true,"href":"https:\/\/le-chouka.com\/es\/wp-json\/wp\/v2\/product_tag?post=1963"}],"curies":[{"name":"wp","href":"https:\/\/api.w.org\/{rel}","templated":true}]}}