{"id":1915,"date":"2025-10-09T14:14:11","date_gmt":"2025-10-09T12:14:11","guid":{"rendered":"https:\/\/new.le-chouka.com\/shop\/sin%20categor\u00eda\/chouka-bars-mandos-bandas-traseras\/"},"modified":"2025-12-26T15:14:41","modified_gmt":"2025-12-26T14:14:41","slug":"chouka-bars-mandos-bandas-traseras","status":"publish","type":"product","link":"https:\/\/le-chouka.com\/es\/shop\/parapente\/chouka-bars-mandos-bandas-traseras\/","title":{"rendered":"Chouka Bars: mandos de parapente en las bandas traseras"},"content":{"rendered":"<p>Las Chouka Bars est\u00e1n dise\u00f1adas para mejorar el control y la comodidad al pilotar el parapente con las <strong>bandas traseras<\/strong>:<\/p>\n<ul>\n<li><strong>Mejor agarre<\/strong> y comodidad al pilotar.<\/li>\n<li><strong>Precisi\u00f3n<\/strong> en las acciones de control y mayor sensibilidad a la masa de aire.<\/li>\n<li><strong>Reducci\u00f3n de la sensaci\u00f3n de fr\u00edo<\/strong> y de la fatiga.<\/li>\n<li><strong>Instalaci\u00f3n sencilla<\/strong> en las bandas traseras para un uso inmediato.<\/li>\n<\/ul>\n<h3>Dimensiones<\/h3>\n<p>Las <strong>barras de control en las bandas traseras Chouka Bars<\/strong> son compatibles con bandas de <strong>ancho m\u00e1ximo 20\u00a0mm<\/strong> (est\u00e1ndar en la mayor\u00eda de velas modernas).<\/p>\n<p>Est\u00e1n disponibles en dos tama\u00f1os:<\/p>\n<table border=\"1\" cellspacing=\"0\" cellpadding=\"5\">\n<thead>\n<tr>\n<th>Tama\u00f1o<\/th>\n<th>Uso recomendado<\/th>\n<th>Peso<\/th>\n<\/tr>\n<\/thead>\n<tbody>\n<tr>\n<td><strong>50 mm<\/strong><\/td>\n<td>Ocupaci\u00f3n m\u00ednima en el cockpit;<br \/>\nPrensi\u00f3n de <strong>2 dedos<\/strong> (1 a cada lado de la banda)<\/td>\n<td><strong>25 g<\/strong><\/td>\n<\/tr>\n<tr>\n<td><strong>90 mm<\/strong><\/td>\n<td>Mayor control;<br \/>\nPrensi\u00f3n de <strong>4 dedos<\/strong> (2 a cada lado de la banda)<\/td>\n<td><strong>33 g<\/strong><\/td>\n<\/tr>\n<\/tbody>\n<\/table>\n<h3>Dise\u00f1o<\/h3>\n<ul>\n<li><strong>Protecci\u00f3n de las bandas<\/strong>: inserciones blandas de goma para no da\u00f1ar las bandas.<\/li>\n<li><strong>Seguridad en el despegue<\/strong>: sin ranuras abiertas y con formas redondeadas para limitar el riesgo de que se enganchen las <em>suspentes<\/em>.<\/li>\n<li><strong>Conservaci\u00f3n del material<\/strong>: dise\u00f1o que permite un <strong>bajo par de apriete<\/strong> sin deslizamiento (<strong>5 N.m<\/strong> son suficientes), evitando aplastar o da\u00f1ar las bandas.<\/li>\n<\/ul>\n<h3>Montaje<\/h3>\n<p>Repetir el procedimiento para cada banda trasera:<\/p>\n<ol>\n<li>Desliza las protecciones blandas en las ranuras de las empu\u00f1aduras y de los capuchones para proteger las bandas.<br \/>\n<img loading=\"lazy\" decoding=\"async\" class=\"alignnone wp-image-211 size-thumbnail\" src=\"https:\/\/le-chouka.com\/wp-content\/uploads\/2025\/10\/chouka-bars-parapente-setup-01-150x150.jpg\" alt=\"Montaje Chouka Bars\" width=\"150\" height=\"150\" srcset=\"https:\/\/le-chouka.com\/wp-content\/uploads\/2025\/10\/chouka-bars-parapente-setup-01-150x150.jpg 150w, https:\/\/le-chouka.com\/wp-content\/uploads\/2025\/10\/chouka-bars-parapente-setup-01-300x300.jpg 300w, https:\/\/le-chouka.com\/wp-content\/uploads\/2025\/10\/chouka-bars-parapente-setup-01-100x100.jpg 100w, https:\/\/le-chouka.com\/wp-content\/uploads\/2025\/10\/chouka-bars-parapente-setup-01-600x600.jpg 600w, https:\/\/le-chouka.com\/wp-content\/uploads\/2025\/10\/chouka-bars-parapente-setup-01-1024x1024.jpg 1024w, https:\/\/le-chouka.com\/wp-content\/uploads\/2025\/10\/chouka-bars-parapente-setup-01-768x768.jpg 768w, https:\/\/le-chouka.com\/wp-content\/uploads\/2025\/10\/chouka-bars-parapente-setup-01-1536x1536.jpg 1536w, https:\/\/le-chouka.com\/wp-content\/uploads\/2025\/10\/chouka-bars-parapente-setup-01-2048x2048.jpg 2048w\" sizes=\"auto, (max-width: 150px) 100vw, 150px\" \/><\/li>\n<li>Coloca la banda trasera en la hendidura, sobre la protecci\u00f3n. Coloca el capuch\u00f3n peque\u00f1o con su protecci\u00f3n encima.<br \/>\n<img loading=\"lazy\" decoding=\"async\" class=\"size-thumbnail wp-image-212\" src=\"https:\/\/le-chouka.com\/wp-content\/uploads\/2025\/10\/chouka-bars-parapente-setup-02-150x150.jpg\" alt=\"Montaje Chouka Bars\" width=\"150\" height=\"150\" srcset=\"https:\/\/le-chouka.com\/wp-content\/uploads\/2025\/10\/chouka-bars-parapente-setup-02-150x150.jpg 150w, https:\/\/le-chouka.com\/wp-content\/uploads\/2025\/10\/chouka-bars-parapente-setup-02-300x300.jpg 300w, https:\/\/le-chouka.com\/wp-content\/uploads\/2025\/10\/chouka-bars-parapente-setup-02-100x100.jpg 100w, https:\/\/le-chouka.com\/wp-content\/uploads\/2025\/10\/chouka-bars-parapente-setup-02-600x600.jpg 600w, https:\/\/le-chouka.com\/wp-content\/uploads\/2025\/10\/chouka-bars-parapente-setup-02-1024x1024.jpg 1024w, https:\/\/le-chouka.com\/wp-content\/uploads\/2025\/10\/chouka-bars-parapente-setup-02-768x768.jpg 768w, https:\/\/le-chouka.com\/wp-content\/uploads\/2025\/10\/chouka-bars-parapente-setup-02-1536x1536.jpg 1536w, https:\/\/le-chouka.com\/wp-content\/uploads\/2025\/10\/chouka-bars-parapente-setup-02-2048x2048.jpg 2048w\" sizes=\"auto, (max-width: 150px) 100vw, 150px\" \/><\/li>\n<li>Aseg\u00farate de que las tuercas est\u00e9n bien alojadas en el capuch\u00f3n y aprieta ligeramente los 2 tornillos.<\/li>\n<li>Ajusta la altura\/posici\u00f3n deseada de la empu\u00f1adura.<\/li>\n<li>Comprueba que la banda solo toque las protecciones blandas a cada lado.<br \/>\n<img loading=\"lazy\" decoding=\"async\" class=\"size-thumbnail wp-image-215\" src=\"https:\/\/le-chouka.com\/wp-content\/uploads\/2025\/10\/chouka-bars-parapente-setup-05-150x150.jpg\" alt=\"Montaje Chouka Bars\" width=\"150\" height=\"150\" srcset=\"https:\/\/le-chouka.com\/wp-content\/uploads\/2025\/10\/chouka-bars-parapente-setup-05-150x150.jpg 150w, https:\/\/le-chouka.com\/wp-content\/uploads\/2025\/10\/chouka-bars-parapente-setup-05-300x300.jpg 300w, https:\/\/le-chouka.com\/wp-content\/uploads\/2025\/10\/chouka-bars-parapente-setup-05-scaled-100x100.jpg 100w, https:\/\/le-chouka.com\/wp-content\/uploads\/2025\/10\/chouka-bars-parapente-setup-05-scaled-600x600.jpg 600w, https:\/\/le-chouka.com\/wp-content\/uploads\/2025\/10\/chouka-bars-parapente-setup-05-1024x1024.jpg 1024w, https:\/\/le-chouka.com\/wp-content\/uploads\/2025\/10\/chouka-bars-parapente-setup-05-768x768.jpg 768w, https:\/\/le-chouka.com\/wp-content\/uploads\/2025\/10\/chouka-bars-parapente-setup-05-1536x1536.jpg 1536w, https:\/\/le-chouka.com\/wp-content\/uploads\/2025\/10\/chouka-bars-parapente-setup-05-2048x2048.jpg 2048w\" sizes=\"auto, (max-width: 150px) 100vw, 150px\" \/><\/li>\n<li>Aprieta progresiva y homog\u00e9neamente los 2 tornillos a <strong>5 N.m<\/strong>.<br \/>\n<img loading=\"lazy\" decoding=\"async\" class=\"size-thumbnail wp-image-213\" src=\"https:\/\/le-chouka.com\/wp-content\/uploads\/2025\/10\/chouka-bars-parapente-setup-03-150x150.jpg\" alt=\"Montaje Chouka Bars\" width=\"150\" height=\"150\" srcset=\"https:\/\/le-chouka.com\/wp-content\/uploads\/2025\/10\/chouka-bars-parapente-setup-03-150x150.jpg 150w, https:\/\/le-chouka.com\/wp-content\/uploads\/2025\/10\/chouka-bars-parapente-setup-03-300x300.jpg 300w, https:\/\/le-chouka.com\/wp-content\/uploads\/2025\/10\/chouka-bars-parapente-setup-03-100x100.jpg 100w, https:\/\/le-chouka.com\/wp-content\/uploads\/2025\/10\/chouka-bars-parapente-setup-03-600x600.jpg 600w, https:\/\/le-chouka.com\/wp-content\/uploads\/2025\/10\/chouka-bars-parapente-setup-03-1024x1024.jpg 1024w, https:\/\/le-chouka.com\/wp-content\/uploads\/2025\/10\/chouka-bars-parapente-setup-03-768x768.jpg 768w, https:\/\/le-chouka.com\/wp-content\/uploads\/2025\/10\/chouka-bars-parapente-setup-03-1536x1536.jpg 1536w, https:\/\/le-chouka.com\/wp-content\/uploads\/2025\/10\/chouka-bars-parapente-setup-03-2048x2048.jpg 2048w\" sizes=\"auto, (max-width: 150px) 100vw, 150px\" \/><\/p>\n<ul>\n<li>La longitud de tornillo que sobresale de la tuerca debe ser id\u00e9ntica en ambos lados.<\/li>\n<li>Aprieta lo justo para evitar el deslizamiento: no aplastes la banda.<\/li>\n<\/ul>\n<\/li>\n<\/ol>\n<h3>Seguridad<\/h3>\n<p>Las empu\u00f1aduras en las bandas traseras est\u00e1n destinadas a pilotos experimentados o formados en esta t\u00e9cnica de pilotaje.<\/p>\n<p><strong>Controles en la instalaci\u00f3n:<\/strong><\/p>\n<ul>\n<li>Apriete correcto pero no excesivo (5 N.m).<\/li>\n<li>Apriete equilibrado entre los dos tornillos.<\/li>\n<li>Las bandas deben estar en contacto \u00fanicamente con las protecciones blandas.<\/li>\n<\/ul>\n<p><strong>Controles prevuelo adicionales:<\/strong><\/p>\n<ul>\n<li>Ninguna suspente atrapada.<\/li>\n<li>Empe\u00f1aduras bien fijadas.<\/li>\n<\/ul>\n<p><strong>Mantenimiento<\/strong><\/p>\n<ul>\n<li>Control cada 100 h de vuelo o una vez al a\u00f1o: inspecci\u00f3n del estado de las bandas.<\/li>\n<li>En caso de almacenamiento prolongado: aflojar ligeramente los tornillos.<\/li>\n<\/ul>\n<h3>Pilotaje con bandas traseras<\/h3>\n<p>El pilotaje con bandas traseras sustituye al uso de frenos para:<\/p>\n<ul>\n<li>Mantener el control del perfil con acelerador.<\/li>\n<li>Optimizar transiciones y fases de planeo.<\/li>\n<li>Mejorar el rendimiento en cross.<\/li>\n<li>Reducir la resistencia en vuelo acelerado.<\/li>\n<\/ul>\n<p>En condiciones turbulentas va dirigido principalmente a pilotos experimentados, pero se recomienda familiarizarse progresivamente con esta t\u00e9cnica desde la fase de progresi\u00f3n.<\/p>\n","protected":false},"excerpt":{"rendered":"<p>Las <strong>Chouka Bars<\/strong> mejoran el agarre, la sensaci\u00f3n del aire, la <strong>precisi\u00f3n del pilotaje<\/strong> y la comodidad al volar con las bandas traseras del parapente. Tambi\u00e9n <strong>reducen la sensaci\u00f3n de fr\u00edo<\/strong> causada por la presi\u00f3n de las bandas o las l\u00edneas sobre los guantes.<\/p>\n<p><small><em>* Los mandos de parapente Chouka Bars para las bandas traseras se venden por pares; se incluyen protectores de goma para preservar las bandas.<\/em><\/small><\/p>\n","protected":false},"featured_media":1886,"comment_status":"open","ping_status":"closed","template":"","meta":[],"product_brand":[],"product_cat":[119,158],"product_tag":[],"class_list":{"0":"post-1915","1":"product","2":"type-product","3":"status-publish","4":"has-post-thumbnail","6":"product_cat-parapente","7":"product_cat-accesorios","9":"first","10":"instock","11":"featured","12":"taxable","13":"shipping-taxable","14":"purchasable","15":"product-type-variable","16":"has-default-attributes"},"yoast_head":"<!-- This site is optimized with the Yoast SEO Premium plugin v26.1 (Yoast SEO v27.1.1) - https:\/\/yoast.com\/product\/yoast-seo-premium-wordpress\/ -->\n<title>Chouka Bars: mandos de pilotaje en los frenos traseros del parapente<\/title>\n<meta name=\"description\" content=\"Chouka Bars: mandos de parapente en las bandas traseras\" \/>\n<meta name=\"robots\" content=\"index, follow, max-snippet:-1, max-image-preview:large, max-video-preview:-1\" \/>\n<link rel=\"canonical\" href=\"https:\/\/le-chouka.com\/es\/shop\/parapente\/chouka-bars-mandos-bandas-traseras\/\" \/>\n<meta property=\"og:locale\" content=\"es_ES\" \/>\n<meta property=\"og:type\" content=\"article\" \/>\n<meta property=\"og:title\" content=\"Chouka Bars: mandos de parapente en las bandas traseras\" \/>\n<meta property=\"og:description\" content=\"Chouka Bars: mandos de parapente en las bandas traseras\" \/>\n<meta property=\"og:url\" content=\"https:\/\/le-chouka.com\/es\/shop\/parapente\/chouka-bars-mandos-bandas-traseras\/\" \/>\n<meta property=\"og:site_name\" content=\"Chouka Shop: Parapente, Escalada y Buceo\" \/>\n<meta property=\"article:publisher\" content=\"https:\/\/www.facebook.com\/le.chouka.parapente\" \/>\n<meta property=\"article:modified_time\" content=\"2025-12-26T14:14:41+00:00\" \/>\n<meta property=\"og:image\" content=\"https:\/\/le-chouka.com\/wp-content\/uploads\/2025\/10\/chouka-bars-parapente-fly-02-zoom.jpg\" \/>\n\t<meta property=\"og:image:width\" content=\"983\" \/>\n\t<meta property=\"og:image:height\" content=\"983\" \/>\n\t<meta property=\"og:image:type\" content=\"image\/jpeg\" \/>\n<meta name=\"twitter:card\" content=\"summary_large_image\" \/>\n<meta name=\"twitter:label1\" content=\"Disponibilidad\" \/>\n\t<meta name=\"twitter:data1\" content=\"Disponible\" \/>\n<script type=\"application\/ld+json\" class=\"yoast-schema-graph\">{\"@context\":\"https:\/\/schema.org\",\"@graph\":[{\"@type\":\"WebPage\",\"@id\":\"https:\/\/le-chouka.com\/es\/shop\/parapente\/chouka-bars-mandos-bandas-traseras\/\",\"url\":\"https:\/\/le-chouka.com\/es\/shop\/parapente\/chouka-bars-mandos-bandas-traseras\/\",\"name\":\"Chouka Bars: mandos de pilotaje en los frenos traseros del parapente\",\"isPartOf\":{\"@id\":\"https:\/\/le-chouka.com\/es\/#website\"},\"primaryImageOfPage\":{\"@id\":\"https:\/\/le-chouka.com\/es\/shop\/parapente\/chouka-bars-mandos-bandas-traseras\/#primaryimage\"},\"image\":{\"@id\":\"https:\/\/le-chouka.com\/es\/shop\/parapente\/chouka-bars-mandos-bandas-traseras\/#primaryimage\"},\"thumbnailUrl\":\"https:\/\/le-chouka.com\/wp-content\/uploads\/2025\/10\/chouka-bars-parapente-fly-02-zoom.jpg\",\"datePublished\":\"2025-10-09T12:14:11+00:00\",\"dateModified\":\"2025-12-26T14:14:41+00:00\",\"description\":\"Chouka Bars: mandos de parapente en las bandas traseras\",\"breadcrumb\":{\"@id\":\"https:\/\/le-chouka.com\/es\/shop\/parapente\/chouka-bars-mandos-bandas-traseras\/#breadcrumb\"},\"inLanguage\":\"es\",\"potentialAction\":[{\"@type\":\"ReadAction\",\"target\":[\"https:\/\/le-chouka.com\/es\/shop\/parapente\/chouka-bars-mandos-bandas-traseras\/\"]}]},{\"@type\":\"ImageObject\",\"inLanguage\":\"es\",\"@id\":\"https:\/\/le-chouka.com\/es\/shop\/parapente\/chouka-bars-mandos-bandas-traseras\/#primaryimage\",\"url\":\"https:\/\/le-chouka.com\/wp-content\/uploads\/2025\/10\/chouka-bars-parapente-fly-02-zoom.jpg\",\"contentUrl\":\"https:\/\/le-chouka.com\/wp-content\/uploads\/2025\/10\/chouka-bars-parapente-fly-02-zoom.jpg\",\"width\":983,\"height\":983,\"caption\":\"Chouka Bars: mandos de parapente en las bandas traseras\"},{\"@type\":\"BreadcrumbList\",\"@id\":\"https:\/\/le-chouka.com\/es\/shop\/parapente\/chouka-bars-mandos-bandas-traseras\/#breadcrumb\",\"itemListElement\":[{\"@type\":\"ListItem\",\"position\":1,\"name\":\"Inicio\",\"item\":\"https:\/\/le-chouka.com\/es\/\"},{\"@type\":\"ListItem\",\"position\":2,\"name\":\"Todos nuestros productos\",\"item\":\"https:\/\/le-chouka.com\/es\/shop\/\"},{\"@type\":\"ListItem\",\"position\":3,\"name\":\"Chouka Bars: mandos de parapente en las bandas traseras\"}]},{\"@type\":\"WebSite\",\"@id\":\"https:\/\/le-chouka.com\/es\/#website\",\"url\":\"https:\/\/le-chouka.com\/es\/\",\"name\":\"Chouka shop: Parapente, Montagne, Plong\u00e9e\",\"description\":\"Chouka Shop: vari\u00f3metros, br\u00fajulas y accesorios para parapente, monta\u00f1a y buceo\",\"publisher\":{\"@id\":\"https:\/\/le-chouka.com\/es\/#organization\"},\"alternateName\":\"Chouka parapente & montagne\",\"potentialAction\":[{\"@type\":\"SearchAction\",\"target\":{\"@type\":\"EntryPoint\",\"urlTemplate\":\"https:\/\/le-chouka.com\/es\/?s={search_term_string}\"},\"query-input\":{\"@type\":\"PropertyValueSpecification\",\"valueRequired\":true,\"valueName\":\"search_term_string\"}}],\"inLanguage\":\"es\"},{\"@type\":\"Organization\",\"@id\":\"https:\/\/le-chouka.com\/es\/#organization\",\"name\":\"Chouka\",\"alternateName\":\"Chouka\",\"url\":\"https:\/\/le-chouka.com\/es\/\",\"logo\":{\"@type\":\"ImageObject\",\"inLanguage\":\"es\",\"@id\":\"https:\/\/le-chouka.com\/es\/#\/schema\/logo\/image\/\",\"url\":\"https:\/\/le-chouka.com\/wp-content\/uploads\/2025\/10\/logo-chouka-grand-orange.png\",\"contentUrl\":\"https:\/\/le-chouka.com\/wp-content\/uploads\/2025\/10\/logo-chouka-grand-orange.png\",\"width\":491,\"height\":424,\"caption\":\"Chouka\"},\"image\":{\"@id\":\"https:\/\/le-chouka.com\/es\/#\/schema\/logo\/image\/\"},\"sameAs\":[\"https:\/\/www.facebook.com\/le.chouka.parapente\",\"https:\/\/www.instagram.com\/chouka_parapente\"]}]}<\/script>\n<meta property=\"og:availability\" content=\"instock\" \/>\n<meta property=\"product:availability\" content=\"instock\" \/>\n<meta property=\"product:condition\" content=\"new\" \/>\n<!-- \/ Yoast SEO Premium plugin. -->","yoast_head_json":{"title":"Chouka Bars: mandos de pilotaje en los frenos traseros del parapente","description":"Chouka Bars: mandos de parapente en las bandas traseras","robots":{"index":"index","follow":"follow","max-snippet":"max-snippet:-1","max-image-preview":"max-image-preview:large","max-video-preview":"max-video-preview:-1"},"canonical":"https:\/\/le-chouka.com\/es\/shop\/parapente\/chouka-bars-mandos-bandas-traseras\/","og_locale":"es_ES","og_type":"article","og_title":"Chouka Bars: mandos de parapente en las bandas traseras","og_description":"Chouka Bars: mandos de parapente en las bandas traseras","og_url":"https:\/\/le-chouka.com\/es\/shop\/parapente\/chouka-bars-mandos-bandas-traseras\/","og_site_name":"Chouka Shop: Parapente, Escalada y Buceo","article_publisher":"https:\/\/www.facebook.com\/le.chouka.parapente","article_modified_time":"2025-12-26T14:14:41+00:00","og_image":[{"width":983,"height":983,"url":"https:\/\/le-chouka.com\/wp-content\/uploads\/2025\/10\/chouka-bars-parapente-fly-02-zoom.jpg","type":"image\/jpeg"}],"twitter_card":"summary_large_image","twitter_misc":{"Disponibilidad":"Disponible"},"schema":{"@context":"https:\/\/schema.org","@graph":[{"@type":"WebPage","@id":"https:\/\/le-chouka.com\/es\/shop\/parapente\/chouka-bars-mandos-bandas-traseras\/","url":"https:\/\/le-chouka.com\/es\/shop\/parapente\/chouka-bars-mandos-bandas-traseras\/","name":"Chouka Bars: mandos de pilotaje en los frenos traseros del parapente","isPartOf":{"@id":"https:\/\/le-chouka.com\/es\/#website"},"primaryImageOfPage":{"@id":"https:\/\/le-chouka.com\/es\/shop\/parapente\/chouka-bars-mandos-bandas-traseras\/#primaryimage"},"image":{"@id":"https:\/\/le-chouka.com\/es\/shop\/parapente\/chouka-bars-mandos-bandas-traseras\/#primaryimage"},"thumbnailUrl":"https:\/\/le-chouka.com\/wp-content\/uploads\/2025\/10\/chouka-bars-parapente-fly-02-zoom.jpg","datePublished":"2025-10-09T12:14:11+00:00","dateModified":"2025-12-26T14:14:41+00:00","description":"Chouka Bars: mandos de parapente en las bandas traseras","breadcrumb":{"@id":"https:\/\/le-chouka.com\/es\/shop\/parapente\/chouka-bars-mandos-bandas-traseras\/#breadcrumb"},"inLanguage":"es","potentialAction":[{"@type":"ReadAction","target":["https:\/\/le-chouka.com\/es\/shop\/parapente\/chouka-bars-mandos-bandas-traseras\/"]}]},{"@type":"ImageObject","inLanguage":"es","@id":"https:\/\/le-chouka.com\/es\/shop\/parapente\/chouka-bars-mandos-bandas-traseras\/#primaryimage","url":"https:\/\/le-chouka.com\/wp-content\/uploads\/2025\/10\/chouka-bars-parapente-fly-02-zoom.jpg","contentUrl":"https:\/\/le-chouka.com\/wp-content\/uploads\/2025\/10\/chouka-bars-parapente-fly-02-zoom.jpg","width":983,"height":983,"caption":"Chouka Bars: mandos de parapente en las bandas traseras"},{"@type":"BreadcrumbList","@id":"https:\/\/le-chouka.com\/es\/shop\/parapente\/chouka-bars-mandos-bandas-traseras\/#breadcrumb","itemListElement":[{"@type":"ListItem","position":1,"name":"Inicio","item":"https:\/\/le-chouka.com\/es\/"},{"@type":"ListItem","position":2,"name":"Todos nuestros productos","item":"https:\/\/le-chouka.com\/es\/shop\/"},{"@type":"ListItem","position":3,"name":"Chouka Bars: mandos de parapente en las bandas traseras"}]},{"@type":"WebSite","@id":"https:\/\/le-chouka.com\/es\/#website","url":"https:\/\/le-chouka.com\/es\/","name":"Chouka shop: Parapente, Montagne, Plong\u00e9e","description":"Chouka Shop: vari\u00f3metros, br\u00fajulas y accesorios para parapente, monta\u00f1a y buceo","publisher":{"@id":"https:\/\/le-chouka.com\/es\/#organization"},"alternateName":"Chouka parapente & montagne","potentialAction":[{"@type":"SearchAction","target":{"@type":"EntryPoint","urlTemplate":"https:\/\/le-chouka.com\/es\/?s={search_term_string}"},"query-input":{"@type":"PropertyValueSpecification","valueRequired":true,"valueName":"search_term_string"}}],"inLanguage":"es"},{"@type":"Organization","@id":"https:\/\/le-chouka.com\/es\/#organization","name":"Chouka","alternateName":"Chouka","url":"https:\/\/le-chouka.com\/es\/","logo":{"@type":"ImageObject","inLanguage":"es","@id":"https:\/\/le-chouka.com\/es\/#\/schema\/logo\/image\/","url":"https:\/\/le-chouka.com\/wp-content\/uploads\/2025\/10\/logo-chouka-grand-orange.png","contentUrl":"https:\/\/le-chouka.com\/wp-content\/uploads\/2025\/10\/logo-chouka-grand-orange.png","width":491,"height":424,"caption":"Chouka"},"image":{"@id":"https:\/\/le-chouka.com\/es\/#\/schema\/logo\/image\/"},"sameAs":["https:\/\/www.facebook.com\/le.chouka.parapente","https:\/\/www.instagram.com\/chouka_parapente"]}]},"og_availability":"instock","product_availability":"instock","product_condition":"new"},"_links":{"self":[{"href":"https:\/\/le-chouka.com\/es\/wp-json\/wp\/v2\/product\/1915","targetHints":{"allow":["GET"]}}],"collection":[{"href":"https:\/\/le-chouka.com\/es\/wp-json\/wp\/v2\/product"}],"about":[{"href":"https:\/\/le-chouka.com\/es\/wp-json\/wp\/v2\/types\/product"}],"replies":[{"embeddable":true,"href":"https:\/\/le-chouka.com\/es\/wp-json\/wp\/v2\/comments?post=1915"}],"wp:featuredmedia":[{"embeddable":true,"href":"https:\/\/le-chouka.com\/es\/wp-json\/wp\/v2\/media\/1886"}],"wp:attachment":[{"href":"https:\/\/le-chouka.com\/es\/wp-json\/wp\/v2\/media?parent=1915"}],"wp:term":[{"taxonomy":"product_brand","embeddable":true,"href":"https:\/\/le-chouka.com\/es\/wp-json\/wp\/v2\/product_brand?post=1915"},{"taxonomy":"product_cat","embeddable":true,"href":"https:\/\/le-chouka.com\/es\/wp-json\/wp\/v2\/product_cat?post=1915"},{"taxonomy":"product_tag","embeddable":true,"href":"https:\/\/le-chouka.com\/es\/wp-json\/wp\/v2\/product_tag?post=1915"}],"curies":[{"name":"wp","href":"https:\/\/api.w.org\/{rel}","templated":true}]}}