{"id":1860,"date":"2025-10-09T14:15:21","date_gmt":"2025-10-09T12:15:21","guid":{"rendered":"https:\/\/new.le-chouka.com\/shop\/sin%20categor\u00eda\/kit-seguridad-arborizaje\/"},"modified":"2025-12-27T11:25:37","modified_gmt":"2025-12-27T10:25:37","slug":"kit-seguridad-arborizaje","status":"publish","type":"product","link":"https:\/\/le-chouka.com\/es\/shop\/parapente\/kit-seguridad-arborizaje\/","title":{"rendered":"Kit arborizaje seguridad rescate"},"content":{"rendered":"<h3>Contenido del kit<\/h3>\n<p>El kit de seguridad completo de Chouka contiene:<\/p>\n<ul>\n<li><strong>Bolsa con cremallera<\/strong> compacta que contiene todo.<\/li>\n<li><strong>Silbato<\/strong> Chouka de alta potencia.<\/li>\n<li><strong>Anillo de cinta de Dyneema de 150 cm<\/strong> (normas EN566, UIAA104).<\/li>\n<li><strong>Mosquet\u00f3n de seguridad<\/strong> (homologado seg\u00fan las normas EN12275, UIAA121): \u00fasalo con el anillo de cinta Dyneema para asegurarte (con el arn\u00e9s) en caso de aterrizaje en altura en un \u00e1rbol.<\/li>\n<li><strong>Bobina de 25 m de cuerda Dyneema ultrafina:<\/strong> \u00d8 0,5 mm, resistencia 40 kg \u2013 utilizada para izar una cuerda de rappel desde el suelo hasta ti para preparar un descenso asistido.<br \/>\n\u26a0\ufe0f No utilizar directamente para soportar una carga humana.<\/li>\n<li><strong>Mosquet\u00f3n porta-accesorios Chouka:<\/strong> \u00fatil para mantener el silbato o el cuchillo al alcance de la mano.<\/li>\n<li><strong>Cuchillo ultraligero Chouka:<\/strong> compacto, r\u00e1pido de desplegar y eficaz en emergencias (<a href=\"https:\/\/le-chouka.com\/es\/shop\/escalada-montana\/cuchillo-ultralight-chouka\/\">tambi\u00e9n disponible por separado<\/a>).<\/li>\n<li><strong>Manta de emergencia<\/strong> 210 cm x 160 cm.<\/li>\n<li>Material de primeros auxilios:\n<ul>\n<li><strong>Vendaje compresivo<\/strong> (tipo \u201camericano\u201d) que ayuda a detener una hemorragia.<\/li>\n<li><strong>Venda el\u00e1stica<\/strong> 3 m x 7 cm.<\/li>\n<li><strong>Tiritas<\/strong> adhesivas para peque\u00f1as heridas.<\/li>\n<\/ul>\n<\/li>\n<\/ul>\n<h3>Peso<\/h3>\n<p>Seleccionamos cada componente cuidadosamente para obtener un kit completo sin comprometer la ligereza.<\/p>\n<table>\n<tbody>\n<tr>\n<td><strong>Elemento<\/strong><\/td>\n<td><strong>Peso<\/strong><\/td>\n<\/tr>\n<tr>\n<td>Bolsa con cremallera<\/td>\n<td>11 g<\/td>\n<\/tr>\n<tr>\n<td>Silbato<\/td>\n<td>5 g<\/td>\n<\/tr>\n<tr>\n<td>Anillo de cinta Dyneema 150 cm<\/td>\n<td>72 g<\/td>\n<\/tr>\n<tr>\n<td>Mosquet\u00f3n de seguridad homologado<\/td>\n<td>37 g<\/td>\n<\/tr>\n<tr>\n<td>Bobina cuerda Dyneema (25 m x 0,5 mm, 40 kg)<\/td>\n<td>8 g<\/td>\n<\/tr>\n<tr>\n<td>Cuchillo ultraligero Chouka<\/td>\n<td>5 g<\/td>\n<\/tr>\n<tr>\n<td>Mosquet\u00f3n porta-accesorios Chouka<\/td>\n<td>3 g<\/td>\n<\/tr>\n<tr>\n<td>Manta de emergencia<\/td>\n<td>64 g<\/td>\n<\/tr>\n<tr>\n<td>Vendajes y tiritas<\/td>\n<td>26 g<\/td>\n<\/tr>\n<tr>\n<td><strong>TOTAL<\/strong><\/td>\n<td><strong>231 g<\/strong><\/td>\n<\/tr>\n<\/tbody>\n<\/table>\n<h3>\u26a0\ufe0fNotas y seguridad<\/h3>\n<ul>\n<li>Cuerda Dyneema: no usar directamente para descender del \u00e1rbol. Solo sirve para izar una cuerda de rappel hasta el piloto.<\/li>\n<li>Silbato: evitar el uso cerca de los o\u00eddos o en espacios cerrados.<\/li>\n<li>Kit y cuchillo: mantener fuera del alcance de los ni\u00f1os.<\/li>\n<\/ul>\n","protected":false},"excerpt":{"rendered":"<p><strong>\u00a1No vuelvas a fallar tus aterrizajes en los \u00e1rboles*!<\/strong> El kit de seguridad\/rescate Chouka est\u00e1 dise\u00f1ado para ayudarte a gestionar con calma un aterrizaje accidental en un \u00e1rbol o una peque\u00f1a lesi\u00f3n.<br \/>\n<small><em>* T\u00f3matelo con humor \ud83d\ude09<\/em><\/small><\/p>\n<p>Compacto, completo y ultraligero, re\u00fane lo esencial para <strong>esperar con seguridad<\/strong> hasta la llegada de los servicios de rescate y <strong>facilitar el descenso del \u00e1rbol<\/strong> gracias al carrete de cordino Dyneema ultrafino de 25 m.<\/p>\n<p><small><em>Nota 1: es posible <strong>reducir el coste del kit<\/strong> si ya tienes un anillo de cinta Dyneema (EN566, UIAA104) y un mosquet\u00f3n de seguridad (EN12275, UIAA121).<\/em><\/small><\/p>\n<p><small><em>Nota 2: los colores de los diferentes elementos pueden variar respecto a las fotos.<\/em><\/small><\/p>\n","protected":false},"featured_media":1849,"comment_status":"open","ping_status":"closed","template":"","meta":[],"product_brand":[],"product_cat":[119,158],"product_tag":[],"class_list":{"0":"post-1860","1":"product","2":"type-product","3":"status-publish","4":"has-post-thumbnail","6":"product_cat-parapente","7":"product_cat-accesorios","9":"first","10":"instock","11":"featured","12":"taxable","13":"shipping-taxable","14":"purchasable","15":"product-type-variable","16":"has-default-attributes"},"yoast_head":"<!-- This site is optimized with the Yoast SEO Premium plugin v26.1 (Yoast SEO v27.1.1) - https:\/\/yoast.com\/product\/yoast-seo-premium-wordpress\/ -->\n<title>Kit arborizaje seguridad rescate parapente Chouka - Vuela con seguridad<\/title>\n<meta name=\"description\" content=\"Kit de seguridad Chouka en caso de arborizaje en parapente: todo lo necesario para asegurarte, gestionar los primeros auxilios y preparar el descenso del \u00e1rbol.\" \/>\n<meta name=\"robots\" content=\"index, follow, max-snippet:-1, max-image-preview:large, max-video-preview:-1\" \/>\n<link rel=\"canonical\" href=\"https:\/\/le-chouka.com\/es\/shop\/parapente\/kit-seguridad-arborizaje\/\" \/>\n<meta property=\"og:locale\" content=\"es_ES\" \/>\n<meta property=\"og:type\" content=\"article\" \/>\n<meta property=\"og:title\" content=\"kit de seguridad y arborizaje para parapente\" \/>\n<meta property=\"og:description\" content=\"Kit de seguridad Chouka en caso de arborizaje en parapente: todo lo necesario para asegurarte, gestionar los primeros auxilios y preparar el descenso del \u00e1rbol.\" \/>\n<meta property=\"og:url\" content=\"https:\/\/le-chouka.com\/es\/shop\/parapente\/kit-seguridad-arborizaje\/\" \/>\n<meta property=\"og:site_name\" content=\"Chouka Shop: Parapente, Escalada y Buceo\" \/>\n<meta property=\"article:publisher\" content=\"https:\/\/www.facebook.com\/le.chouka.parapente\" \/>\n<meta property=\"article:modified_time\" content=\"2025-12-27T10:25:37+00:00\" \/>\n<meta property=\"og:image\" content=\"https:\/\/le-chouka.com\/wp-content\/uploads\/2025\/10\/kit-secours-chouka_01-scaled.jpg\" \/>\n\t<meta property=\"og:image:width\" content=\"2560\" \/>\n\t<meta property=\"og:image:height\" content=\"2560\" \/>\n\t<meta property=\"og:image:type\" content=\"image\/jpeg\" \/>\n<meta name=\"twitter:card\" content=\"summary_large_image\" \/>\n<meta name=\"twitter:title\" content=\"Kit arborizaje seguridad rescate\" \/>\n<meta name=\"twitter:label1\" content=\"Disponibilidad\" \/>\n\t<meta name=\"twitter:data1\" content=\"Disponible\" \/>\n<script type=\"application\/ld+json\" class=\"yoast-schema-graph\">{\"@context\":\"https:\/\/schema.org\",\"@graph\":[{\"@type\":\"WebPage\",\"@id\":\"https:\/\/le-chouka.com\/es\/shop\/parapente\/kit-seguridad-arborizaje\/\",\"url\":\"https:\/\/le-chouka.com\/es\/shop\/parapente\/kit-seguridad-arborizaje\/\",\"name\":\"Kit arborizaje seguridad rescate parapente Chouka - Vuela con seguridad\",\"isPartOf\":{\"@id\":\"https:\/\/le-chouka.com\/es\/#website\"},\"primaryImageOfPage\":{\"@id\":\"https:\/\/le-chouka.com\/es\/shop\/parapente\/kit-seguridad-arborizaje\/#primaryimage\"},\"image\":{\"@id\":\"https:\/\/le-chouka.com\/es\/shop\/parapente\/kit-seguridad-arborizaje\/#primaryimage\"},\"thumbnailUrl\":\"https:\/\/le-chouka.com\/wp-content\/uploads\/2025\/10\/kit-secours-chouka_01-scaled.jpg\",\"datePublished\":\"2025-10-09T12:15:21+00:00\",\"dateModified\":\"2025-12-27T10:25:37+00:00\",\"description\":\"Kit de seguridad Chouka en caso de arborizaje en parapente: todo lo necesario para asegurarte, gestionar los primeros auxilios y preparar el descenso del \u00e1rbol.\",\"breadcrumb\":{\"@id\":\"https:\/\/le-chouka.com\/es\/shop\/parapente\/kit-seguridad-arborizaje\/#breadcrumb\"},\"inLanguage\":\"es\",\"potentialAction\":[{\"@type\":\"ReadAction\",\"target\":[\"https:\/\/le-chouka.com\/es\/shop\/parapente\/kit-seguridad-arborizaje\/\"]}]},{\"@type\":\"ImageObject\",\"inLanguage\":\"es\",\"@id\":\"https:\/\/le-chouka.com\/es\/shop\/parapente\/kit-seguridad-arborizaje\/#primaryimage\",\"url\":\"https:\/\/le-chouka.com\/wp-content\/uploads\/2025\/10\/kit-secours-chouka_01-scaled.jpg\",\"contentUrl\":\"https:\/\/le-chouka.com\/wp-content\/uploads\/2025\/10\/kit-secours-chouka_01-scaled.jpg\",\"width\":2560,\"height\":2560,\"caption\":\"Kit de arborizaje en parapente Chouka\"},{\"@type\":\"BreadcrumbList\",\"@id\":\"https:\/\/le-chouka.com\/es\/shop\/parapente\/kit-seguridad-arborizaje\/#breadcrumb\",\"itemListElement\":[{\"@type\":\"ListItem\",\"position\":1,\"name\":\"Inicio\",\"item\":\"https:\/\/le-chouka.com\/es\/\"},{\"@type\":\"ListItem\",\"position\":2,\"name\":\"Todos nuestros productos\",\"item\":\"https:\/\/le-chouka.com\/es\/shop\/\"},{\"@type\":\"ListItem\",\"position\":3,\"name\":\"Kit arborizaje seguridad rescate\"}]},{\"@type\":\"WebSite\",\"@id\":\"https:\/\/le-chouka.com\/es\/#website\",\"url\":\"https:\/\/le-chouka.com\/es\/\",\"name\":\"Chouka shop: Parapente, Montagne, Plong\u00e9e\",\"description\":\"Chouka Shop: vari\u00f3metros, br\u00fajulas y accesorios para parapente, monta\u00f1a y buceo\",\"publisher\":{\"@id\":\"https:\/\/le-chouka.com\/es\/#organization\"},\"alternateName\":\"Chouka parapente & montagne\",\"potentialAction\":[{\"@type\":\"SearchAction\",\"target\":{\"@type\":\"EntryPoint\",\"urlTemplate\":\"https:\/\/le-chouka.com\/es\/?s={search_term_string}\"},\"query-input\":{\"@type\":\"PropertyValueSpecification\",\"valueRequired\":true,\"valueName\":\"search_term_string\"}}],\"inLanguage\":\"es\"},{\"@type\":\"Organization\",\"@id\":\"https:\/\/le-chouka.com\/es\/#organization\",\"name\":\"Chouka\",\"alternateName\":\"Chouka\",\"url\":\"https:\/\/le-chouka.com\/es\/\",\"logo\":{\"@type\":\"ImageObject\",\"inLanguage\":\"es\",\"@id\":\"https:\/\/le-chouka.com\/es\/#\/schema\/logo\/image\/\",\"url\":\"https:\/\/le-chouka.com\/wp-content\/uploads\/2025\/10\/logo-chouka-grand-orange.png\",\"contentUrl\":\"https:\/\/le-chouka.com\/wp-content\/uploads\/2025\/10\/logo-chouka-grand-orange.png\",\"width\":491,\"height\":424,\"caption\":\"Chouka\"},\"image\":{\"@id\":\"https:\/\/le-chouka.com\/es\/#\/schema\/logo\/image\/\"},\"sameAs\":[\"https:\/\/www.facebook.com\/le.chouka.parapente\",\"https:\/\/www.instagram.com\/chouka_parapente\"]}]}<\/script>\n<meta property=\"og:availability\" content=\"instock\" \/>\n<meta property=\"product:availability\" content=\"instock\" \/>\n<meta property=\"product:condition\" content=\"new\" \/>\n<!-- \/ Yoast SEO Premium plugin. -->","yoast_head_json":{"title":"Kit arborizaje seguridad rescate parapente Chouka - Vuela con seguridad","description":"Kit de seguridad Chouka en caso de arborizaje en parapente: todo lo necesario para asegurarte, gestionar los primeros auxilios y preparar el descenso del \u00e1rbol.","robots":{"index":"index","follow":"follow","max-snippet":"max-snippet:-1","max-image-preview":"max-image-preview:large","max-video-preview":"max-video-preview:-1"},"canonical":"https:\/\/le-chouka.com\/es\/shop\/parapente\/kit-seguridad-arborizaje\/","og_locale":"es_ES","og_type":"article","og_title":"kit de seguridad y arborizaje para parapente","og_description":"Kit de seguridad Chouka en caso de arborizaje en parapente: todo lo necesario para asegurarte, gestionar los primeros auxilios y preparar el descenso del \u00e1rbol.","og_url":"https:\/\/le-chouka.com\/es\/shop\/parapente\/kit-seguridad-arborizaje\/","og_site_name":"Chouka Shop: Parapente, Escalada y Buceo","article_publisher":"https:\/\/www.facebook.com\/le.chouka.parapente","article_modified_time":"2025-12-27T10:25:37+00:00","og_image":[{"width":2560,"height":2560,"url":"https:\/\/le-chouka.com\/wp-content\/uploads\/2025\/10\/kit-secours-chouka_01-scaled.jpg","type":"image\/jpeg"}],"twitter_card":"summary_large_image","twitter_title":"Kit arborizaje seguridad rescate","twitter_misc":{"Disponibilidad":"Disponible"},"schema":{"@context":"https:\/\/schema.org","@graph":[{"@type":"WebPage","@id":"https:\/\/le-chouka.com\/es\/shop\/parapente\/kit-seguridad-arborizaje\/","url":"https:\/\/le-chouka.com\/es\/shop\/parapente\/kit-seguridad-arborizaje\/","name":"Kit arborizaje seguridad rescate parapente Chouka - Vuela con seguridad","isPartOf":{"@id":"https:\/\/le-chouka.com\/es\/#website"},"primaryImageOfPage":{"@id":"https:\/\/le-chouka.com\/es\/shop\/parapente\/kit-seguridad-arborizaje\/#primaryimage"},"image":{"@id":"https:\/\/le-chouka.com\/es\/shop\/parapente\/kit-seguridad-arborizaje\/#primaryimage"},"thumbnailUrl":"https:\/\/le-chouka.com\/wp-content\/uploads\/2025\/10\/kit-secours-chouka_01-scaled.jpg","datePublished":"2025-10-09T12:15:21+00:00","dateModified":"2025-12-27T10:25:37+00:00","description":"Kit de seguridad Chouka en caso de arborizaje en parapente: todo lo necesario para asegurarte, gestionar los primeros auxilios y preparar el descenso del \u00e1rbol.","breadcrumb":{"@id":"https:\/\/le-chouka.com\/es\/shop\/parapente\/kit-seguridad-arborizaje\/#breadcrumb"},"inLanguage":"es","potentialAction":[{"@type":"ReadAction","target":["https:\/\/le-chouka.com\/es\/shop\/parapente\/kit-seguridad-arborizaje\/"]}]},{"@type":"ImageObject","inLanguage":"es","@id":"https:\/\/le-chouka.com\/es\/shop\/parapente\/kit-seguridad-arborizaje\/#primaryimage","url":"https:\/\/le-chouka.com\/wp-content\/uploads\/2025\/10\/kit-secours-chouka_01-scaled.jpg","contentUrl":"https:\/\/le-chouka.com\/wp-content\/uploads\/2025\/10\/kit-secours-chouka_01-scaled.jpg","width":2560,"height":2560,"caption":"Kit de arborizaje en parapente Chouka"},{"@type":"BreadcrumbList","@id":"https:\/\/le-chouka.com\/es\/shop\/parapente\/kit-seguridad-arborizaje\/#breadcrumb","itemListElement":[{"@type":"ListItem","position":1,"name":"Inicio","item":"https:\/\/le-chouka.com\/es\/"},{"@type":"ListItem","position":2,"name":"Todos nuestros productos","item":"https:\/\/le-chouka.com\/es\/shop\/"},{"@type":"ListItem","position":3,"name":"Kit arborizaje seguridad rescate"}]},{"@type":"WebSite","@id":"https:\/\/le-chouka.com\/es\/#website","url":"https:\/\/le-chouka.com\/es\/","name":"Chouka shop: Parapente, Montagne, Plong\u00e9e","description":"Chouka Shop: vari\u00f3metros, br\u00fajulas y accesorios para parapente, monta\u00f1a y buceo","publisher":{"@id":"https:\/\/le-chouka.com\/es\/#organization"},"alternateName":"Chouka parapente & montagne","potentialAction":[{"@type":"SearchAction","target":{"@type":"EntryPoint","urlTemplate":"https:\/\/le-chouka.com\/es\/?s={search_term_string}"},"query-input":{"@type":"PropertyValueSpecification","valueRequired":true,"valueName":"search_term_string"}}],"inLanguage":"es"},{"@type":"Organization","@id":"https:\/\/le-chouka.com\/es\/#organization","name":"Chouka","alternateName":"Chouka","url":"https:\/\/le-chouka.com\/es\/","logo":{"@type":"ImageObject","inLanguage":"es","@id":"https:\/\/le-chouka.com\/es\/#\/schema\/logo\/image\/","url":"https:\/\/le-chouka.com\/wp-content\/uploads\/2025\/10\/logo-chouka-grand-orange.png","contentUrl":"https:\/\/le-chouka.com\/wp-content\/uploads\/2025\/10\/logo-chouka-grand-orange.png","width":491,"height":424,"caption":"Chouka"},"image":{"@id":"https:\/\/le-chouka.com\/es\/#\/schema\/logo\/image\/"},"sameAs":["https:\/\/www.facebook.com\/le.chouka.parapente","https:\/\/www.instagram.com\/chouka_parapente"]}]},"og_availability":"instock","product_availability":"instock","product_condition":"new"},"_links":{"self":[{"href":"https:\/\/le-chouka.com\/es\/wp-json\/wp\/v2\/product\/1860","targetHints":{"allow":["GET"]}}],"collection":[{"href":"https:\/\/le-chouka.com\/es\/wp-json\/wp\/v2\/product"}],"about":[{"href":"https:\/\/le-chouka.com\/es\/wp-json\/wp\/v2\/types\/product"}],"replies":[{"embeddable":true,"href":"https:\/\/le-chouka.com\/es\/wp-json\/wp\/v2\/comments?post=1860"}],"wp:featuredmedia":[{"embeddable":true,"href":"https:\/\/le-chouka.com\/es\/wp-json\/wp\/v2\/media\/1849"}],"wp:attachment":[{"href":"https:\/\/le-chouka.com\/es\/wp-json\/wp\/v2\/media?parent=1860"}],"wp:term":[{"taxonomy":"product_brand","embeddable":true,"href":"https:\/\/le-chouka.com\/es\/wp-json\/wp\/v2\/product_brand?post=1860"},{"taxonomy":"product_cat","embeddable":true,"href":"https:\/\/le-chouka.com\/es\/wp-json\/wp\/v2\/product_cat?post=1860"},{"taxonomy":"product_tag","embeddable":true,"href":"https:\/\/le-chouka.com\/es\/wp-json\/wp\/v2\/product_tag?post=1860"}],"curies":[{"name":"wp","href":"https:\/\/api.w.org\/{rel}","templated":true}]}}