{"id":1680,"date":"2025-10-09T14:16:44","date_gmt":"2025-10-09T12:16:44","guid":{"rendered":"https:\/\/new.le-chouka.com\/shop\/sin%20categor\u00eda\/mini-mosquetones-accesorios-ultraligeros\/"},"modified":"2025-12-01T21:43:52","modified_gmt":"2025-12-01T20:43:52","slug":"mini-mosquetones-accesorios-ultraligeros","status":"publish","type":"product","link":"https:\/\/le-chouka.com\/es\/shop\/parapente\/accesorios\/mini-mosquetones-accesorios-ultraligeros\/","title":{"rendered":"Pack de 4 mini mosquetones ultraligeros"},"content":{"rendered":"<p>Estos cuatro mini mosquetones pr\u00e1cticos y ultraligeros permiten sujetar f\u00e1cilmente tus accesorios esenciales al alcance de la mano.<\/p>\n<table role=\"table\" aria-label=\"Caracter\u00edsticas mini mosquetones\">\n<thead>\n<tr>\n<th style=\"text-align: left; padding: 8px 12px;\">Caracter\u00edstica<\/th>\n<th style=\"text-align: left; padding: 8px 12px;\">Detalle<\/th>\n<\/tr>\n<\/thead>\n<tbody>\n<tr>\n<td style=\"padding: 8px 12px;\"><strong>Peso<\/strong><\/td>\n<td style=\"padding: 8px 12px;\">3 g<\/td>\n<\/tr>\n<tr>\n<td style=\"padding: 8px 12px;\"><strong>Dimensiones<\/strong><\/td>\n<td style=\"padding: 8px 12px;\">39 \u00d7 22 mm<\/td>\n<\/tr>\n<tr>\n<td style=\"padding: 8px 12px;\"><strong>Resistencia<\/strong><\/td>\n<td style=\"padding: 8px 12px;\">~40 kg<\/td>\n<\/tr>\n<tr>\n<td style=\"padding: 8px 12px;\"><strong>Uso y seguridad<\/strong><\/td>\n<td style=\"padding: 8px 12px;\">Dise\u00f1ados para sujetar accesorios. No certificados \u2014 no aptos para escalada, aseguramiento o cargas cr\u00edticas.<\/td>\n<\/tr>\n<\/tbody>\n<\/table>\n","protected":false},"excerpt":{"rendered":"<p><strong>Pack de 4 mini mosquetones de accesorios ultraligeros<\/strong> para organizar y asegurar tus accesorios: cuchillo, vario, smartphone, llaves, camelback en el bolsillo del arn\u00e9s, etc.<\/p>\n<p>Es el mismo modelo que el suministrado con el <a href=\"https:\/\/le-chouka.com\/es\/shop\/escalada-montana\/cuchillo-ultralight-chouka\/\">cuchillo ultralight Chouka<\/a>.<\/p>\n","protected":false},"featured_media":1669,"comment_status":"open","ping_status":"closed","template":"","meta":[],"product_brand":[],"product_cat":[276,119,158,164],"product_tag":[],"class_list":{"0":"post-1680","1":"product","2":"type-product","3":"status-publish","4":"has-post-thumbnail","6":"product_cat-escalada-montana-esqui","7":"product_cat-parapente","8":"product_cat-accesorios","9":"product_cat-buceo","11":"first","12":"instock","13":"taxable","14":"shipping-taxable","15":"purchasable","16":"product-type-simple"},"yoast_head":"<!-- This site is optimized with the Yoast SEO Premium plugin v26.1 (Yoast SEO v27.1.1) - https:\/\/yoast.com\/product\/yoast-seo-premium-wordpress\/ -->\n<title>Pack de 4 mini mosquetones accesorios ultraligeros (3g)<\/title>\n<meta name=\"description\" content=\"Pack de 4 mini mosquetones ultraligeros para asegurar tus accesorios en escalada, parapente, senderismo y otros deportes al aire libre.\" \/>\n<meta name=\"robots\" content=\"index, follow, max-snippet:-1, max-image-preview:large, max-video-preview:-1\" \/>\n<link rel=\"canonical\" href=\"https:\/\/le-chouka.com\/es\/shop\/parapente\/accesorios\/mini-mosquetones-accesorios-ultraligeros\/\" \/>\n<meta property=\"og:locale\" content=\"es_ES\" \/>\n<meta property=\"og:type\" content=\"article\" \/>\n<meta property=\"og:title\" content=\"Pack de 4 mini mosquetones ultraligeros\" \/>\n<meta property=\"og:description\" content=\"Pack de 4 mini mosquetones ultraligeros para asegurar tus accesorios en escalada, parapente, senderismo y otros deportes al aire libre.\" \/>\n<meta property=\"og:url\" content=\"https:\/\/le-chouka.com\/es\/shop\/parapente\/accesorios\/mini-mosquetones-accesorios-ultraligeros\/\" \/>\n<meta property=\"og:site_name\" content=\"Chouka Shop: Parapente, Escalada y Buceo\" \/>\n<meta property=\"article:publisher\" content=\"https:\/\/www.facebook.com\/le.chouka.parapente\" \/>\n<meta property=\"article:modified_time\" content=\"2025-12-01T20:43:52+00:00\" \/>\n<meta property=\"og:image\" content=\"https:\/\/le-chouka.com\/wp-content\/uploads\/2025\/10\/mousqueton-chouka-x4-01-scaled.jpg\" \/>\n\t<meta property=\"og:image:width\" content=\"2560\" \/>\n\t<meta property=\"og:image:height\" content=\"2560\" \/>\n\t<meta property=\"og:image:type\" content=\"image\/jpeg\" \/>\n<meta name=\"twitter:card\" content=\"summary_large_image\" \/>\n<meta name=\"twitter:label1\" content=\"Precio\" \/>\n\t<meta name=\"twitter:data1\" content=\"8&nbsp;&euro;\" \/>\n\t<meta name=\"twitter:label2\" content=\"Disponibilidad\" \/>\n\t<meta name=\"twitter:data2\" content=\"Disponible\" \/>\n<script type=\"application\/ld+json\" class=\"yoast-schema-graph\">{\"@context\":\"https:\/\/schema.org\",\"@graph\":[{\"@type\":\"WebPage\",\"@id\":\"https:\/\/le-chouka.com\/es\/shop\/parapente\/accesorios\/mini-mosquetones-accesorios-ultraligeros\/\",\"url\":\"https:\/\/le-chouka.com\/es\/shop\/parapente\/accesorios\/mini-mosquetones-accesorios-ultraligeros\/\",\"name\":\"Pack de 4 mini mosquetones accesorios ultraligeros (3g)\",\"isPartOf\":{\"@id\":\"https:\/\/le-chouka.com\/es\/#website\"},\"primaryImageOfPage\":{\"@id\":\"https:\/\/le-chouka.com\/es\/shop\/parapente\/accesorios\/mini-mosquetones-accesorios-ultraligeros\/#primaryimage\"},\"image\":{\"@id\":\"https:\/\/le-chouka.com\/es\/shop\/parapente\/accesorios\/mini-mosquetones-accesorios-ultraligeros\/#primaryimage\"},\"thumbnailUrl\":\"https:\/\/le-chouka.com\/wp-content\/uploads\/2025\/10\/mousqueton-chouka-x4-01-scaled.jpg\",\"datePublished\":\"2025-10-09T12:16:44+00:00\",\"dateModified\":\"2025-12-01T20:43:52+00:00\",\"description\":\"Pack de 4 mini mosquetones ultraligeros para asegurar tus accesorios en escalada, parapente, senderismo y otros deportes al aire libre.\",\"breadcrumb\":{\"@id\":\"https:\/\/le-chouka.com\/es\/shop\/parapente\/accesorios\/mini-mosquetones-accesorios-ultraligeros\/#breadcrumb\"},\"inLanguage\":\"es\",\"potentialAction\":[{\"@type\":\"ReadAction\",\"target\":[\"https:\/\/le-chouka.com\/es\/shop\/parapente\/accesorios\/mini-mosquetones-accesorios-ultraligeros\/\"]}]},{\"@type\":\"ImageObject\",\"inLanguage\":\"es\",\"@id\":\"https:\/\/le-chouka.com\/es\/shop\/parapente\/accesorios\/mini-mosquetones-accesorios-ultraligeros\/#primaryimage\",\"url\":\"https:\/\/le-chouka.com\/wp-content\/uploads\/2025\/10\/mousqueton-chouka-x4-01-scaled.jpg\",\"contentUrl\":\"https:\/\/le-chouka.com\/wp-content\/uploads\/2025\/10\/mousqueton-chouka-x4-01-scaled.jpg\",\"width\":2560,\"height\":2560,\"caption\":\"Pack de 4 mini mosquetones Chouka\"},{\"@type\":\"BreadcrumbList\",\"@id\":\"https:\/\/le-chouka.com\/es\/shop\/parapente\/accesorios\/mini-mosquetones-accesorios-ultraligeros\/#breadcrumb\",\"itemListElement\":[{\"@type\":\"ListItem\",\"position\":1,\"name\":\"Inicio\",\"item\":\"https:\/\/le-chouka.com\/es\/\"},{\"@type\":\"ListItem\",\"position\":2,\"name\":\"Todos nuestros productos\",\"item\":\"https:\/\/le-chouka.com\/es\/shop\/\"},{\"@type\":\"ListItem\",\"position\":3,\"name\":\"Pack de 4 mini mosquetones ultraligeros\"}]},{\"@type\":\"WebSite\",\"@id\":\"https:\/\/le-chouka.com\/es\/#website\",\"url\":\"https:\/\/le-chouka.com\/es\/\",\"name\":\"Chouka shop: Parapente, Montagne, Plong\u00e9e\",\"description\":\"Chouka Shop: vari\u00f3metros, br\u00fajulas y accesorios para parapente, monta\u00f1a y buceo\",\"publisher\":{\"@id\":\"https:\/\/le-chouka.com\/es\/#organization\"},\"alternateName\":\"Chouka parapente & montagne\",\"potentialAction\":[{\"@type\":\"SearchAction\",\"target\":{\"@type\":\"EntryPoint\",\"urlTemplate\":\"https:\/\/le-chouka.com\/es\/?s={search_term_string}\"},\"query-input\":{\"@type\":\"PropertyValueSpecification\",\"valueRequired\":true,\"valueName\":\"search_term_string\"}}],\"inLanguage\":\"es\"},{\"@type\":\"Organization\",\"@id\":\"https:\/\/le-chouka.com\/es\/#organization\",\"name\":\"Chouka\",\"alternateName\":\"Chouka\",\"url\":\"https:\/\/le-chouka.com\/es\/\",\"logo\":{\"@type\":\"ImageObject\",\"inLanguage\":\"es\",\"@id\":\"https:\/\/le-chouka.com\/es\/#\/schema\/logo\/image\/\",\"url\":\"https:\/\/le-chouka.com\/wp-content\/uploads\/2025\/10\/logo-chouka-grand-orange.png\",\"contentUrl\":\"https:\/\/le-chouka.com\/wp-content\/uploads\/2025\/10\/logo-chouka-grand-orange.png\",\"width\":491,\"height\":424,\"caption\":\"Chouka\"},\"image\":{\"@id\":\"https:\/\/le-chouka.com\/es\/#\/schema\/logo\/image\/\"},\"sameAs\":[\"https:\/\/www.facebook.com\/le.chouka.parapente\",\"https:\/\/www.instagram.com\/chouka_parapente\"]}]}<\/script>\n<meta property=\"product:price:amount\" content=\"8.00\" \/>\n<meta property=\"product:price:currency\" content=\"EUR\" \/>\n<meta property=\"og:availability\" content=\"instock\" \/>\n<meta property=\"product:availability\" content=\"instock\" \/>\n<meta property=\"product:condition\" content=\"new\" \/>\n<!-- \/ Yoast SEO Premium plugin. -->","yoast_head_json":{"title":"Pack de 4 mini mosquetones accesorios ultraligeros (3g)","description":"Pack de 4 mini mosquetones ultraligeros para asegurar tus accesorios en escalada, parapente, senderismo y otros deportes al aire libre.","robots":{"index":"index","follow":"follow","max-snippet":"max-snippet:-1","max-image-preview":"max-image-preview:large","max-video-preview":"max-video-preview:-1"},"canonical":"https:\/\/le-chouka.com\/es\/shop\/parapente\/accesorios\/mini-mosquetones-accesorios-ultraligeros\/","og_locale":"es_ES","og_type":"article","og_title":"Pack de 4 mini mosquetones ultraligeros","og_description":"Pack de 4 mini mosquetones ultraligeros para asegurar tus accesorios en escalada, parapente, senderismo y otros deportes al aire libre.","og_url":"https:\/\/le-chouka.com\/es\/shop\/parapente\/accesorios\/mini-mosquetones-accesorios-ultraligeros\/","og_site_name":"Chouka Shop: Parapente, Escalada y Buceo","article_publisher":"https:\/\/www.facebook.com\/le.chouka.parapente","article_modified_time":"2025-12-01T20:43:52+00:00","og_image":[{"width":2560,"height":2560,"url":"https:\/\/le-chouka.com\/wp-content\/uploads\/2025\/10\/mousqueton-chouka-x4-01-scaled.jpg","type":"image\/jpeg"}],"twitter_card":"summary_large_image","twitter_misc":{"Precio":"8&nbsp;&euro;","Disponibilidad":"Disponible"},"schema":{"@context":"https:\/\/schema.org","@graph":[{"@type":"WebPage","@id":"https:\/\/le-chouka.com\/es\/shop\/parapente\/accesorios\/mini-mosquetones-accesorios-ultraligeros\/","url":"https:\/\/le-chouka.com\/es\/shop\/parapente\/accesorios\/mini-mosquetones-accesorios-ultraligeros\/","name":"Pack de 4 mini mosquetones accesorios ultraligeros (3g)","isPartOf":{"@id":"https:\/\/le-chouka.com\/es\/#website"},"primaryImageOfPage":{"@id":"https:\/\/le-chouka.com\/es\/shop\/parapente\/accesorios\/mini-mosquetones-accesorios-ultraligeros\/#primaryimage"},"image":{"@id":"https:\/\/le-chouka.com\/es\/shop\/parapente\/accesorios\/mini-mosquetones-accesorios-ultraligeros\/#primaryimage"},"thumbnailUrl":"https:\/\/le-chouka.com\/wp-content\/uploads\/2025\/10\/mousqueton-chouka-x4-01-scaled.jpg","datePublished":"2025-10-09T12:16:44+00:00","dateModified":"2025-12-01T20:43:52+00:00","description":"Pack de 4 mini mosquetones ultraligeros para asegurar tus accesorios en escalada, parapente, senderismo y otros deportes al aire libre.","breadcrumb":{"@id":"https:\/\/le-chouka.com\/es\/shop\/parapente\/accesorios\/mini-mosquetones-accesorios-ultraligeros\/#breadcrumb"},"inLanguage":"es","potentialAction":[{"@type":"ReadAction","target":["https:\/\/le-chouka.com\/es\/shop\/parapente\/accesorios\/mini-mosquetones-accesorios-ultraligeros\/"]}]},{"@type":"ImageObject","inLanguage":"es","@id":"https:\/\/le-chouka.com\/es\/shop\/parapente\/accesorios\/mini-mosquetones-accesorios-ultraligeros\/#primaryimage","url":"https:\/\/le-chouka.com\/wp-content\/uploads\/2025\/10\/mousqueton-chouka-x4-01-scaled.jpg","contentUrl":"https:\/\/le-chouka.com\/wp-content\/uploads\/2025\/10\/mousqueton-chouka-x4-01-scaled.jpg","width":2560,"height":2560,"caption":"Pack de 4 mini mosquetones Chouka"},{"@type":"BreadcrumbList","@id":"https:\/\/le-chouka.com\/es\/shop\/parapente\/accesorios\/mini-mosquetones-accesorios-ultraligeros\/#breadcrumb","itemListElement":[{"@type":"ListItem","position":1,"name":"Inicio","item":"https:\/\/le-chouka.com\/es\/"},{"@type":"ListItem","position":2,"name":"Todos nuestros productos","item":"https:\/\/le-chouka.com\/es\/shop\/"},{"@type":"ListItem","position":3,"name":"Pack de 4 mini mosquetones ultraligeros"}]},{"@type":"WebSite","@id":"https:\/\/le-chouka.com\/es\/#website","url":"https:\/\/le-chouka.com\/es\/","name":"Chouka shop: Parapente, Montagne, Plong\u00e9e","description":"Chouka Shop: vari\u00f3metros, br\u00fajulas y accesorios para parapente, monta\u00f1a y buceo","publisher":{"@id":"https:\/\/le-chouka.com\/es\/#organization"},"alternateName":"Chouka parapente & montagne","potentialAction":[{"@type":"SearchAction","target":{"@type":"EntryPoint","urlTemplate":"https:\/\/le-chouka.com\/es\/?s={search_term_string}"},"query-input":{"@type":"PropertyValueSpecification","valueRequired":true,"valueName":"search_term_string"}}],"inLanguage":"es"},{"@type":"Organization","@id":"https:\/\/le-chouka.com\/es\/#organization","name":"Chouka","alternateName":"Chouka","url":"https:\/\/le-chouka.com\/es\/","logo":{"@type":"ImageObject","inLanguage":"es","@id":"https:\/\/le-chouka.com\/es\/#\/schema\/logo\/image\/","url":"https:\/\/le-chouka.com\/wp-content\/uploads\/2025\/10\/logo-chouka-grand-orange.png","contentUrl":"https:\/\/le-chouka.com\/wp-content\/uploads\/2025\/10\/logo-chouka-grand-orange.png","width":491,"height":424,"caption":"Chouka"},"image":{"@id":"https:\/\/le-chouka.com\/es\/#\/schema\/logo\/image\/"},"sameAs":["https:\/\/www.facebook.com\/le.chouka.parapente","https:\/\/www.instagram.com\/chouka_parapente"]}]},"product_price_amount":"8.00","product_price_currency":"EUR","og_availability":"instock","product_availability":"instock","product_condition":"new"},"_links":{"self":[{"href":"https:\/\/le-chouka.com\/es\/wp-json\/wp\/v2\/product\/1680","targetHints":{"allow":["GET"]}}],"collection":[{"href":"https:\/\/le-chouka.com\/es\/wp-json\/wp\/v2\/product"}],"about":[{"href":"https:\/\/le-chouka.com\/es\/wp-json\/wp\/v2\/types\/product"}],"replies":[{"embeddable":true,"href":"https:\/\/le-chouka.com\/es\/wp-json\/wp\/v2\/comments?post=1680"}],"wp:featuredmedia":[{"embeddable":true,"href":"https:\/\/le-chouka.com\/es\/wp-json\/wp\/v2\/media\/1669"}],"wp:attachment":[{"href":"https:\/\/le-chouka.com\/es\/wp-json\/wp\/v2\/media?parent=1680"}],"wp:term":[{"taxonomy":"product_brand","embeddable":true,"href":"https:\/\/le-chouka.com\/es\/wp-json\/wp\/v2\/product_brand?post=1680"},{"taxonomy":"product_cat","embeddable":true,"href":"https:\/\/le-chouka.com\/es\/wp-json\/wp\/v2\/product_cat?post=1680"},{"taxonomy":"product_tag","embeddable":true,"href":"https:\/\/le-chouka.com\/es\/wp-json\/wp\/v2\/product_tag?post=1680"}],"curies":[{"name":"wp","href":"https:\/\/api.w.org\/{rel}","templated":true}]}}