{"id":1636,"date":"2025-10-09T14:19:17","date_gmt":"2025-10-09T12:19:17","guid":{"rendered":"https:\/\/new.le-chouka.com\/shop\/sin%20categor\u00eda\/cable-usb-otg-vario-chouka-smart\/"},"modified":"2025-12-01T21:40:25","modified_gmt":"2025-12-01T20:40:25","slug":"cable-usb-otg-vario-chouka-smart","status":"publish","type":"product","link":"https:\/\/le-chouka.com\/es\/shop\/parapente\/piezas-de-repuesto-parapente\/cable-usb-otg-vario-chouka-smart\/","title":{"rendered":"[Vario Chouka Smart] Cable USB OTG para conexi\u00f3n con smartphone"},"content":{"rendered":"<p><strong>Cable USB OTG<\/strong> que permite conectar el <a href=\"https:\/\/le-chouka.com\/es\/shop\/parapente\/variometro-xctrack-parapente-chouka-smart\/\">variometro Chouka Smart<\/a> a un <strong>smartphone Android (XCTrack)<\/strong>.<\/p>\n<p>El <a href=\"https:\/\/le-chouka.com\/es\/shop\/parapente\/variometro-xctrack-parapente-chouka-smart\/\">variometro Chouka Smart<\/a> se entrega con el cable USB OTG incluido. Este <strong>cable adicional<\/strong> es \u00fatil si lo has perdido o si cambias de smartphone con un puerto USB diferente.<\/p>\n<p><strong>Importante<\/strong>: no funciona con el <a href=\"https:\/\/le-chouka.com\/es\/shop\/parapente\/variometro-parapente-chouka\/\">variometro Chouka cl\u00e1sico.<\/a><\/p>\n","protected":false},"excerpt":{"rendered":"<p><strong>Cable USB OTG<\/strong> que permite conectar el <a href=\"https:\/\/le-chouka.com\/es\/shop\/parapente\/variometro-xctrack-parapente-chouka-smart\/\">variometro Chouka Smart<\/a> a un <strong>smartphone Android (XCTrack)<\/strong>.<\/p>\n<p>El <a href=\"https:\/\/le-chouka.com\/es\/shop\/parapente\/variometro-xctrack-parapente-chouka-smart\/\">variometro Chouka Smart<\/a> se entrega con el cable USB OTG incluido. Este <strong>cable adicional<\/strong> es \u00fatil si lo has perdido o si cambias de smartphone con un puerto USB diferente.<\/p>\n<p><strong>Importante<\/strong>: no funciona con el <a href=\"https:\/\/le-chouka.com\/es\/shop\/parapente\/variometro-parapente-chouka\/\">vario Chouka cl\u00e1sico<\/a>.<\/p>\n","protected":false},"featured_media":1615,"comment_status":"open","ping_status":"closed","template":"","meta":[],"product_brand":[],"product_cat":[131],"product_tag":[],"class_list":{"0":"post-1636","1":"product","2":"type-product","3":"status-publish","4":"has-post-thumbnail","6":"product_cat-piezas-de-repuesto-parapente","8":"first","9":"instock","10":"taxable","11":"shipping-taxable","12":"purchasable","13":"product-type-variable"},"yoast_head":"<!-- This site is optimized with the Yoast SEO Premium plugin v26.1 (Yoast SEO v27.1.1) - https:\/\/yoast.com\/product\/yoast-seo-premium-wordpress\/ -->\n<title>Cables OTG para vari\u00f3metros de parapente Chouka<\/title>\n<meta name=\"robots\" content=\"index, follow, max-snippet:-1, max-image-preview:large, max-video-preview:-1\" \/>\n<link rel=\"canonical\" href=\"https:\/\/le-chouka.com\/es\/shop\/parapente\/piezas-de-repuesto-parapente\/cable-usb-otg-vario-chouka-smart\/\" \/>\n<meta property=\"og:locale\" content=\"es_ES\" \/>\n<meta property=\"og:type\" content=\"article\" \/>\n<meta property=\"og:title\" content=\"[Vario Chouka Smart] Cable USB OTG para conexi\u00f3n con smartphone\" \/>\n<meta property=\"og:description\" content=\"Cable USB OTG que permite conectar el variometro Chouka Smart a un smartphone Android (XCTrack).  El variometro Chouka Smart se entrega con el cable USB OTG incluido. Este cable adicional es \u00fatil si lo has perdido o si cambias de smartphone con un puerto USB diferente.  Importante: no funciona con el vario Chouka cl\u00e1sico.\" \/>\n<meta property=\"og:url\" content=\"https:\/\/le-chouka.com\/es\/shop\/parapente\/piezas-de-repuesto-parapente\/cable-usb-otg-vario-chouka-smart\/\" \/>\n<meta property=\"og:site_name\" content=\"Chouka Shop: Parapente, Escalada y Buceo\" \/>\n<meta property=\"article:publisher\" content=\"https:\/\/www.facebook.com\/le.chouka.parapente\" \/>\n<meta property=\"article:modified_time\" content=\"2025-12-01T20:40:25+00:00\" \/>\n<meta property=\"og:image\" content=\"https:\/\/le-chouka.com\/wp-content\/uploads\/2025\/10\/cable-vario-otg-b-c-01.jpg\" \/>\n\t<meta property=\"og:image:width\" content=\"542\" \/>\n\t<meta property=\"og:image:height\" content=\"542\" \/>\n\t<meta property=\"og:image:type\" content=\"image\/jpeg\" \/>\n<meta name=\"twitter:card\" content=\"summary_large_image\" \/>\n<meta name=\"twitter:label1\" content=\"Disponibilidad\" \/>\n\t<meta name=\"twitter:data1\" content=\"Disponible\" \/>\n<script type=\"application\/ld+json\" class=\"yoast-schema-graph\">{\"@context\":\"https:\/\/schema.org\",\"@graph\":[{\"@type\":\"WebPage\",\"@id\":\"https:\/\/le-chouka.com\/es\/shop\/parapente\/piezas-de-repuesto-parapente\/cable-usb-otg-vario-chouka-smart\/\",\"url\":\"https:\/\/le-chouka.com\/es\/shop\/parapente\/piezas-de-repuesto-parapente\/cable-usb-otg-vario-chouka-smart\/\",\"name\":\"Cables OTG para vari\u00f3metros de parapente Chouka\",\"isPartOf\":{\"@id\":\"https:\/\/le-chouka.com\/es\/#website\"},\"primaryImageOfPage\":{\"@id\":\"https:\/\/le-chouka.com\/es\/shop\/parapente\/piezas-de-repuesto-parapente\/cable-usb-otg-vario-chouka-smart\/#primaryimage\"},\"image\":{\"@id\":\"https:\/\/le-chouka.com\/es\/shop\/parapente\/piezas-de-repuesto-parapente\/cable-usb-otg-vario-chouka-smart\/#primaryimage\"},\"thumbnailUrl\":\"https:\/\/le-chouka.com\/wp-content\/uploads\/2025\/10\/cable-vario-otg-b-c-01.jpg\",\"datePublished\":\"2025-10-09T12:19:17+00:00\",\"dateModified\":\"2025-12-01T20:40:25+00:00\",\"breadcrumb\":{\"@id\":\"https:\/\/le-chouka.com\/es\/shop\/parapente\/piezas-de-repuesto-parapente\/cable-usb-otg-vario-chouka-smart\/#breadcrumb\"},\"inLanguage\":\"es\",\"potentialAction\":[{\"@type\":\"ReadAction\",\"target\":[\"https:\/\/le-chouka.com\/es\/shop\/parapente\/piezas-de-repuesto-parapente\/cable-usb-otg-vario-chouka-smart\/\"]}]},{\"@type\":\"ImageObject\",\"inLanguage\":\"es\",\"@id\":\"https:\/\/le-chouka.com\/es\/shop\/parapente\/piezas-de-repuesto-parapente\/cable-usb-otg-vario-chouka-smart\/#primaryimage\",\"url\":\"https:\/\/le-chouka.com\/wp-content\/uploads\/2025\/10\/cable-vario-otg-b-c-01.jpg\",\"contentUrl\":\"https:\/\/le-chouka.com\/wp-content\/uploads\/2025\/10\/cable-vario-otg-b-c-01.jpg\",\"width\":542,\"height\":542,\"caption\":\"Cable OTG para Chouka Smart\"},{\"@type\":\"BreadcrumbList\",\"@id\":\"https:\/\/le-chouka.com\/es\/shop\/parapente\/piezas-de-repuesto-parapente\/cable-usb-otg-vario-chouka-smart\/#breadcrumb\",\"itemListElement\":[{\"@type\":\"ListItem\",\"position\":1,\"name\":\"Inicio\",\"item\":\"https:\/\/le-chouka.com\/es\/\"},{\"@type\":\"ListItem\",\"position\":2,\"name\":\"Todos nuestros productos\",\"item\":\"https:\/\/le-chouka.com\/es\/shop\/\"},{\"@type\":\"ListItem\",\"position\":3,\"name\":\"[Vario Chouka Smart] Cable USB OTG para conexi\u00f3n con smartphone\"}]},{\"@type\":\"WebSite\",\"@id\":\"https:\/\/le-chouka.com\/es\/#website\",\"url\":\"https:\/\/le-chouka.com\/es\/\",\"name\":\"Chouka shop: Parapente, Montagne, Plong\u00e9e\",\"description\":\"Chouka Shop: vari\u00f3metros, br\u00fajulas y accesorios para parapente, monta\u00f1a y buceo\",\"publisher\":{\"@id\":\"https:\/\/le-chouka.com\/es\/#organization\"},\"alternateName\":\"Chouka parapente & montagne\",\"potentialAction\":[{\"@type\":\"SearchAction\",\"target\":{\"@type\":\"EntryPoint\",\"urlTemplate\":\"https:\/\/le-chouka.com\/es\/?s={search_term_string}\"},\"query-input\":{\"@type\":\"PropertyValueSpecification\",\"valueRequired\":true,\"valueName\":\"search_term_string\"}}],\"inLanguage\":\"es\"},{\"@type\":\"Organization\",\"@id\":\"https:\/\/le-chouka.com\/es\/#organization\",\"name\":\"Chouka\",\"alternateName\":\"Chouka\",\"url\":\"https:\/\/le-chouka.com\/es\/\",\"logo\":{\"@type\":\"ImageObject\",\"inLanguage\":\"es\",\"@id\":\"https:\/\/le-chouka.com\/es\/#\/schema\/logo\/image\/\",\"url\":\"https:\/\/le-chouka.com\/wp-content\/uploads\/2025\/10\/logo-chouka-grand-orange.png\",\"contentUrl\":\"https:\/\/le-chouka.com\/wp-content\/uploads\/2025\/10\/logo-chouka-grand-orange.png\",\"width\":491,\"height\":424,\"caption\":\"Chouka\"},\"image\":{\"@id\":\"https:\/\/le-chouka.com\/es\/#\/schema\/logo\/image\/\"},\"sameAs\":[\"https:\/\/www.facebook.com\/le.chouka.parapente\",\"https:\/\/www.instagram.com\/chouka_parapente\"]}]}<\/script>\n<meta property=\"og:availability\" content=\"instock\" \/>\n<meta property=\"product:availability\" content=\"instock\" \/>\n<meta property=\"product:condition\" content=\"new\" \/>\n<!-- \/ Yoast SEO Premium plugin. -->","yoast_head_json":{"title":"Cables OTG para vari\u00f3metros de parapente Chouka","robots":{"index":"index","follow":"follow","max-snippet":"max-snippet:-1","max-image-preview":"max-image-preview:large","max-video-preview":"max-video-preview:-1"},"canonical":"https:\/\/le-chouka.com\/es\/shop\/parapente\/piezas-de-repuesto-parapente\/cable-usb-otg-vario-chouka-smart\/","og_locale":"es_ES","og_type":"article","og_title":"[Vario Chouka Smart] Cable USB OTG para conexi\u00f3n con smartphone","og_description":"Cable USB OTG que permite conectar el variometro Chouka Smart a un smartphone Android (XCTrack).  El variometro Chouka Smart se entrega con el cable USB OTG incluido. Este cable adicional es \u00fatil si lo has perdido o si cambias de smartphone con un puerto USB diferente.  Importante: no funciona con el vario Chouka cl\u00e1sico.","og_url":"https:\/\/le-chouka.com\/es\/shop\/parapente\/piezas-de-repuesto-parapente\/cable-usb-otg-vario-chouka-smart\/","og_site_name":"Chouka Shop: Parapente, Escalada y Buceo","article_publisher":"https:\/\/www.facebook.com\/le.chouka.parapente","article_modified_time":"2025-12-01T20:40:25+00:00","og_image":[{"width":542,"height":542,"url":"https:\/\/le-chouka.com\/wp-content\/uploads\/2025\/10\/cable-vario-otg-b-c-01.jpg","type":"image\/jpeg"}],"twitter_card":"summary_large_image","twitter_misc":{"Disponibilidad":"Disponible"},"schema":{"@context":"https:\/\/schema.org","@graph":[{"@type":"WebPage","@id":"https:\/\/le-chouka.com\/es\/shop\/parapente\/piezas-de-repuesto-parapente\/cable-usb-otg-vario-chouka-smart\/","url":"https:\/\/le-chouka.com\/es\/shop\/parapente\/piezas-de-repuesto-parapente\/cable-usb-otg-vario-chouka-smart\/","name":"Cables OTG para vari\u00f3metros de parapente Chouka","isPartOf":{"@id":"https:\/\/le-chouka.com\/es\/#website"},"primaryImageOfPage":{"@id":"https:\/\/le-chouka.com\/es\/shop\/parapente\/piezas-de-repuesto-parapente\/cable-usb-otg-vario-chouka-smart\/#primaryimage"},"image":{"@id":"https:\/\/le-chouka.com\/es\/shop\/parapente\/piezas-de-repuesto-parapente\/cable-usb-otg-vario-chouka-smart\/#primaryimage"},"thumbnailUrl":"https:\/\/le-chouka.com\/wp-content\/uploads\/2025\/10\/cable-vario-otg-b-c-01.jpg","datePublished":"2025-10-09T12:19:17+00:00","dateModified":"2025-12-01T20:40:25+00:00","breadcrumb":{"@id":"https:\/\/le-chouka.com\/es\/shop\/parapente\/piezas-de-repuesto-parapente\/cable-usb-otg-vario-chouka-smart\/#breadcrumb"},"inLanguage":"es","potentialAction":[{"@type":"ReadAction","target":["https:\/\/le-chouka.com\/es\/shop\/parapente\/piezas-de-repuesto-parapente\/cable-usb-otg-vario-chouka-smart\/"]}]},{"@type":"ImageObject","inLanguage":"es","@id":"https:\/\/le-chouka.com\/es\/shop\/parapente\/piezas-de-repuesto-parapente\/cable-usb-otg-vario-chouka-smart\/#primaryimage","url":"https:\/\/le-chouka.com\/wp-content\/uploads\/2025\/10\/cable-vario-otg-b-c-01.jpg","contentUrl":"https:\/\/le-chouka.com\/wp-content\/uploads\/2025\/10\/cable-vario-otg-b-c-01.jpg","width":542,"height":542,"caption":"Cable OTG para Chouka Smart"},{"@type":"BreadcrumbList","@id":"https:\/\/le-chouka.com\/es\/shop\/parapente\/piezas-de-repuesto-parapente\/cable-usb-otg-vario-chouka-smart\/#breadcrumb","itemListElement":[{"@type":"ListItem","position":1,"name":"Inicio","item":"https:\/\/le-chouka.com\/es\/"},{"@type":"ListItem","position":2,"name":"Todos nuestros productos","item":"https:\/\/le-chouka.com\/es\/shop\/"},{"@type":"ListItem","position":3,"name":"[Vario Chouka Smart] Cable USB OTG para conexi\u00f3n con smartphone"}]},{"@type":"WebSite","@id":"https:\/\/le-chouka.com\/es\/#website","url":"https:\/\/le-chouka.com\/es\/","name":"Chouka shop: Parapente, Montagne, Plong\u00e9e","description":"Chouka Shop: vari\u00f3metros, br\u00fajulas y accesorios para parapente, monta\u00f1a y buceo","publisher":{"@id":"https:\/\/le-chouka.com\/es\/#organization"},"alternateName":"Chouka parapente & montagne","potentialAction":[{"@type":"SearchAction","target":{"@type":"EntryPoint","urlTemplate":"https:\/\/le-chouka.com\/es\/?s={search_term_string}"},"query-input":{"@type":"PropertyValueSpecification","valueRequired":true,"valueName":"search_term_string"}}],"inLanguage":"es"},{"@type":"Organization","@id":"https:\/\/le-chouka.com\/es\/#organization","name":"Chouka","alternateName":"Chouka","url":"https:\/\/le-chouka.com\/es\/","logo":{"@type":"ImageObject","inLanguage":"es","@id":"https:\/\/le-chouka.com\/es\/#\/schema\/logo\/image\/","url":"https:\/\/le-chouka.com\/wp-content\/uploads\/2025\/10\/logo-chouka-grand-orange.png","contentUrl":"https:\/\/le-chouka.com\/wp-content\/uploads\/2025\/10\/logo-chouka-grand-orange.png","width":491,"height":424,"caption":"Chouka"},"image":{"@id":"https:\/\/le-chouka.com\/es\/#\/schema\/logo\/image\/"},"sameAs":["https:\/\/www.facebook.com\/le.chouka.parapente","https:\/\/www.instagram.com\/chouka_parapente"]}]},"og_availability":"instock","product_availability":"instock","product_condition":"new"},"_links":{"self":[{"href":"https:\/\/le-chouka.com\/es\/wp-json\/wp\/v2\/product\/1636","targetHints":{"allow":["GET"]}}],"collection":[{"href":"https:\/\/le-chouka.com\/es\/wp-json\/wp\/v2\/product"}],"about":[{"href":"https:\/\/le-chouka.com\/es\/wp-json\/wp\/v2\/types\/product"}],"replies":[{"embeddable":true,"href":"https:\/\/le-chouka.com\/es\/wp-json\/wp\/v2\/comments?post=1636"}],"wp:featuredmedia":[{"embeddable":true,"href":"https:\/\/le-chouka.com\/es\/wp-json\/wp\/v2\/media\/1615"}],"wp:attachment":[{"href":"https:\/\/le-chouka.com\/es\/wp-json\/wp\/v2\/media?parent=1636"}],"wp:term":[{"taxonomy":"product_brand","embeddable":true,"href":"https:\/\/le-chouka.com\/es\/wp-json\/wp\/v2\/product_brand?post=1636"},{"taxonomy":"product_cat","embeddable":true,"href":"https:\/\/le-chouka.com\/es\/wp-json\/wp\/v2\/product_cat?post=1636"},{"taxonomy":"product_tag","embeddable":true,"href":"https:\/\/le-chouka.com\/es\/wp-json\/wp\/v2\/product_tag?post=1636"}],"curies":[{"name":"wp","href":"https:\/\/api.w.org\/{rel}","templated":true}]}}