{"id":1577,"date":"2025-10-09T14:21:06","date_gmt":"2025-10-09T12:21:06","guid":{"rendered":"https:\/\/new.le-chouka.com\/shop\/sin%20categor\u00eda\/cuchillo-chouka-hojas-recambio\/"},"modified":"2025-12-01T21:36:32","modified_gmt":"2025-12-01T20:36:32","slug":"cuchillo-chouka-hojas-recambio","status":"publish","type":"product","link":"https:\/\/le-chouka.com\/es\/shop\/piezas-repuesto-montana-escalada\/cuchillo-chouka-hojas-recambio\/","title":{"rendered":"[Cuchillo Chouka] Hoja de repuesto"},"content":{"rendered":"<p>Hoja para el <a href=\"https:\/\/le-chouka.com\/es\/shop\/escalada-montana\/cuchillo-ultralight-chouka\/\">cuchillo Ultralight Chouka<\/a>. Longitud del filo: 37 mm<\/p>\n<figure id=\"attachment_263\" aria-describedby=\"caption-attachment-263\" style=\"width: 300px\" class=\"wp-caption alignnone\"><img loading=\"lazy\" decoding=\"async\" class=\"wp-image-263 size-medium\" src=\"https:\/\/le-chouka.com\/wp-content\/uploads\/2025\/10\/lame-nano-01-300x71.png\" alt=\"Hoja con punta\" width=\"300\" height=\"71\" srcset=\"https:\/\/le-chouka.com\/wp-content\/uploads\/2025\/10\/lame-nano-01-300x71.png 300w, https:\/\/le-chouka.com\/wp-content\/uploads\/2025\/10\/lame-nano-01-600x141.png 600w, https:\/\/le-chouka.com\/wp-content\/uploads\/2025\/10\/lame-nano-01-768x181.png 768w, https:\/\/le-chouka.com\/wp-content\/uploads\/2025\/10\/lame-nano-01.png 1020w\" sizes=\"auto, (max-width: 300px) 100vw, 300px\" \/><figcaption id=\"caption-attachment-263\" class=\"wp-caption-text\">Hoja con punta<\/figcaption><\/figure>\n<p>&nbsp;<\/p>\n<figure id=\"attachment_264\" aria-describedby=\"caption-attachment-264\" style=\"width: 300px\" class=\"wp-caption alignnone\"><img loading=\"lazy\" decoding=\"async\" class=\"wp-image-264 size-medium\" src=\"https:\/\/le-chouka.com\/wp-content\/uploads\/2025\/10\/lame-nano-round-01-300x67.png\" alt=\"Hoja de punta redondeada\" width=\"300\" height=\"67\" srcset=\"https:\/\/le-chouka.com\/wp-content\/uploads\/2025\/10\/lame-nano-round-01-300x67.png 300w, https:\/\/le-chouka.com\/wp-content\/uploads\/2025\/10\/lame-nano-round-01-600x134.png 600w, https:\/\/le-chouka.com\/wp-content\/uploads\/2025\/10\/lame-nano-round-01-768x171.png 768w, https:\/\/le-chouka.com\/wp-content\/uploads\/2025\/10\/lame-nano-round-01.png 966w\" sizes=\"auto, (max-width: 300px) 100vw, 300px\" \/><figcaption id=\"caption-attachment-264\" class=\"wp-caption-text\">Hoja de punta redondeada<\/figcaption><\/figure>\n<p>&nbsp;<\/p>\n","protected":false},"excerpt":{"rendered":"<p>Hojas de repuesto para el <a href=\"https:\/\/le-chouka.com\/es\/shop\/escalada-montana\/cuchillo-ultralight-chouka\/\">cuchillo ultralight Chouka<\/a>.<\/p>\n","protected":false},"featured_media":1570,"comment_status":"open","ping_status":"closed","template":"","meta":[],"product_brand":[],"product_cat":[131,146],"product_tag":[],"class_list":{"0":"post-1577","1":"product","2":"type-product","3":"status-publish","4":"has-post-thumbnail","6":"product_cat-piezas-de-repuesto-parapente","7":"product_cat-piezas-repuesto-montana-escalada","9":"first","10":"instock","11":"taxable","12":"shipping-taxable","13":"purchasable","14":"product-type-variable","15":"has-default-attributes"},"yoast_head":"<!-- This site is optimized with the Yoast SEO Premium plugin v26.1 (Yoast SEO v27.1.1) - https:\/\/yoast.com\/product\/yoast-seo-premium-wordpress\/ -->\n<title>[Cuchillo Chouka] Hoja de repuesto<\/title>\n<meta name=\"robots\" content=\"index, follow, max-snippet:-1, max-image-preview:large, max-video-preview:-1\" \/>\n<link rel=\"canonical\" href=\"https:\/\/le-chouka.com\/es\/shop\/piezas-repuesto-montana-escalada\/cuchillo-chouka-hojas-recambio\/\" \/>\n<meta property=\"og:locale\" content=\"es_ES\" \/>\n<meta property=\"og:type\" content=\"article\" \/>\n<meta property=\"og:title\" content=\"[Cuchillo Chouka] Hoja de repuesto\" \/>\n<meta property=\"og:description\" content=\"Hojas de repuesto para el cuchillo ultralight Chouka.\" \/>\n<meta property=\"og:url\" content=\"https:\/\/le-chouka.com\/es\/shop\/piezas-repuesto-montana-escalada\/cuchillo-chouka-hojas-recambio\/\" \/>\n<meta property=\"og:site_name\" content=\"Chouka Shop: Parapente, Escalada y Buceo\" \/>\n<meta property=\"article:publisher\" content=\"https:\/\/www.facebook.com\/le.chouka.parapente\" \/>\n<meta property=\"article:modified_time\" content=\"2025-12-01T20:36:32+00:00\" \/>\n<meta property=\"og:image\" content=\"https:\/\/le-chouka.com\/wp-content\/uploads\/2025\/10\/lames-couteaux-chouka-nano-01.jpg\" \/>\n\t<meta property=\"og:image:width\" content=\"1500\" \/>\n\t<meta property=\"og:image:height\" content=\"1500\" \/>\n\t<meta property=\"og:image:type\" content=\"image\/jpeg\" \/>\n<meta name=\"twitter:card\" content=\"summary_large_image\" \/>\n<meta name=\"twitter:label1\" content=\"Disponibilidad\" \/>\n\t<meta name=\"twitter:data1\" content=\"Disponible\" \/>\n<script type=\"application\/ld+json\" class=\"yoast-schema-graph\">{\"@context\":\"https:\/\/schema.org\",\"@graph\":[{\"@type\":\"WebPage\",\"@id\":\"https:\/\/le-chouka.com\/es\/shop\/piezas-repuesto-montana-escalada\/cuchillo-chouka-hojas-recambio\/\",\"url\":\"https:\/\/le-chouka.com\/es\/shop\/piezas-repuesto-montana-escalada\/cuchillo-chouka-hojas-recambio\/\",\"name\":\"[Cuchillo Chouka] Hoja de repuesto\",\"isPartOf\":{\"@id\":\"https:\/\/le-chouka.com\/es\/#website\"},\"primaryImageOfPage\":{\"@id\":\"https:\/\/le-chouka.com\/es\/shop\/piezas-repuesto-montana-escalada\/cuchillo-chouka-hojas-recambio\/#primaryimage\"},\"image\":{\"@id\":\"https:\/\/le-chouka.com\/es\/shop\/piezas-repuesto-montana-escalada\/cuchillo-chouka-hojas-recambio\/#primaryimage\"},\"thumbnailUrl\":\"https:\/\/le-chouka.com\/wp-content\/uploads\/2025\/10\/lames-couteaux-chouka-nano-01.jpg\",\"datePublished\":\"2025-10-09T12:21:06+00:00\",\"dateModified\":\"2025-12-01T20:36:32+00:00\",\"breadcrumb\":{\"@id\":\"https:\/\/le-chouka.com\/es\/shop\/piezas-repuesto-montana-escalada\/cuchillo-chouka-hojas-recambio\/#breadcrumb\"},\"inLanguage\":\"es\",\"potentialAction\":[{\"@type\":\"ReadAction\",\"target\":[\"https:\/\/le-chouka.com\/es\/shop\/piezas-repuesto-montana-escalada\/cuchillo-chouka-hojas-recambio\/\"]}]},{\"@type\":\"ImageObject\",\"inLanguage\":\"es\",\"@id\":\"https:\/\/le-chouka.com\/es\/shop\/piezas-repuesto-montana-escalada\/cuchillo-chouka-hojas-recambio\/#primaryimage\",\"url\":\"https:\/\/le-chouka.com\/wp-content\/uploads\/2025\/10\/lames-couteaux-chouka-nano-01.jpg\",\"contentUrl\":\"https:\/\/le-chouka.com\/wp-content\/uploads\/2025\/10\/lames-couteaux-chouka-nano-01.jpg\",\"width\":1500,\"height\":1500,\"caption\":\"Hojas de repuesto para cuchillo Chouka\"},{\"@type\":\"BreadcrumbList\",\"@id\":\"https:\/\/le-chouka.com\/es\/shop\/piezas-repuesto-montana-escalada\/cuchillo-chouka-hojas-recambio\/#breadcrumb\",\"itemListElement\":[{\"@type\":\"ListItem\",\"position\":1,\"name\":\"Inicio\",\"item\":\"https:\/\/le-chouka.com\/es\/\"},{\"@type\":\"ListItem\",\"position\":2,\"name\":\"Todos nuestros productos\",\"item\":\"https:\/\/le-chouka.com\/es\/shop\/\"},{\"@type\":\"ListItem\",\"position\":3,\"name\":\"[Cuchillo Chouka] Hoja de repuesto\"}]},{\"@type\":\"WebSite\",\"@id\":\"https:\/\/le-chouka.com\/es\/#website\",\"url\":\"https:\/\/le-chouka.com\/es\/\",\"name\":\"Chouka shop: Parapente, Montagne, Plong\u00e9e\",\"description\":\"Chouka Shop: vari\u00f3metros, br\u00fajulas y accesorios para parapente, monta\u00f1a y buceo\",\"publisher\":{\"@id\":\"https:\/\/le-chouka.com\/es\/#organization\"},\"alternateName\":\"Chouka parapente & montagne\",\"potentialAction\":[{\"@type\":\"SearchAction\",\"target\":{\"@type\":\"EntryPoint\",\"urlTemplate\":\"https:\/\/le-chouka.com\/es\/?s={search_term_string}\"},\"query-input\":{\"@type\":\"PropertyValueSpecification\",\"valueRequired\":true,\"valueName\":\"search_term_string\"}}],\"inLanguage\":\"es\"},{\"@type\":\"Organization\",\"@id\":\"https:\/\/le-chouka.com\/es\/#organization\",\"name\":\"Chouka\",\"alternateName\":\"Chouka\",\"url\":\"https:\/\/le-chouka.com\/es\/\",\"logo\":{\"@type\":\"ImageObject\",\"inLanguage\":\"es\",\"@id\":\"https:\/\/le-chouka.com\/es\/#\/schema\/logo\/image\/\",\"url\":\"https:\/\/le-chouka.com\/wp-content\/uploads\/2025\/10\/logo-chouka-grand-orange.png\",\"contentUrl\":\"https:\/\/le-chouka.com\/wp-content\/uploads\/2025\/10\/logo-chouka-grand-orange.png\",\"width\":491,\"height\":424,\"caption\":\"Chouka\"},\"image\":{\"@id\":\"https:\/\/le-chouka.com\/es\/#\/schema\/logo\/image\/\"},\"sameAs\":[\"https:\/\/www.facebook.com\/le.chouka.parapente\",\"https:\/\/www.instagram.com\/chouka_parapente\"]}]}<\/script>\n<meta property=\"og:availability\" content=\"instock\" \/>\n<meta property=\"product:availability\" content=\"instock\" \/>\n<meta property=\"product:condition\" content=\"new\" \/>\n<!-- \/ Yoast SEO Premium plugin. -->","yoast_head_json":{"title":"[Cuchillo Chouka] Hoja de repuesto","robots":{"index":"index","follow":"follow","max-snippet":"max-snippet:-1","max-image-preview":"max-image-preview:large","max-video-preview":"max-video-preview:-1"},"canonical":"https:\/\/le-chouka.com\/es\/shop\/piezas-repuesto-montana-escalada\/cuchillo-chouka-hojas-recambio\/","og_locale":"es_ES","og_type":"article","og_title":"[Cuchillo Chouka] Hoja de repuesto","og_description":"Hojas de repuesto para el cuchillo ultralight Chouka.","og_url":"https:\/\/le-chouka.com\/es\/shop\/piezas-repuesto-montana-escalada\/cuchillo-chouka-hojas-recambio\/","og_site_name":"Chouka Shop: Parapente, Escalada y Buceo","article_publisher":"https:\/\/www.facebook.com\/le.chouka.parapente","article_modified_time":"2025-12-01T20:36:32+00:00","og_image":[{"width":1500,"height":1500,"url":"https:\/\/le-chouka.com\/wp-content\/uploads\/2025\/10\/lames-couteaux-chouka-nano-01.jpg","type":"image\/jpeg"}],"twitter_card":"summary_large_image","twitter_misc":{"Disponibilidad":"Disponible"},"schema":{"@context":"https:\/\/schema.org","@graph":[{"@type":"WebPage","@id":"https:\/\/le-chouka.com\/es\/shop\/piezas-repuesto-montana-escalada\/cuchillo-chouka-hojas-recambio\/","url":"https:\/\/le-chouka.com\/es\/shop\/piezas-repuesto-montana-escalada\/cuchillo-chouka-hojas-recambio\/","name":"[Cuchillo Chouka] Hoja de repuesto","isPartOf":{"@id":"https:\/\/le-chouka.com\/es\/#website"},"primaryImageOfPage":{"@id":"https:\/\/le-chouka.com\/es\/shop\/piezas-repuesto-montana-escalada\/cuchillo-chouka-hojas-recambio\/#primaryimage"},"image":{"@id":"https:\/\/le-chouka.com\/es\/shop\/piezas-repuesto-montana-escalada\/cuchillo-chouka-hojas-recambio\/#primaryimage"},"thumbnailUrl":"https:\/\/le-chouka.com\/wp-content\/uploads\/2025\/10\/lames-couteaux-chouka-nano-01.jpg","datePublished":"2025-10-09T12:21:06+00:00","dateModified":"2025-12-01T20:36:32+00:00","breadcrumb":{"@id":"https:\/\/le-chouka.com\/es\/shop\/piezas-repuesto-montana-escalada\/cuchillo-chouka-hojas-recambio\/#breadcrumb"},"inLanguage":"es","potentialAction":[{"@type":"ReadAction","target":["https:\/\/le-chouka.com\/es\/shop\/piezas-repuesto-montana-escalada\/cuchillo-chouka-hojas-recambio\/"]}]},{"@type":"ImageObject","inLanguage":"es","@id":"https:\/\/le-chouka.com\/es\/shop\/piezas-repuesto-montana-escalada\/cuchillo-chouka-hojas-recambio\/#primaryimage","url":"https:\/\/le-chouka.com\/wp-content\/uploads\/2025\/10\/lames-couteaux-chouka-nano-01.jpg","contentUrl":"https:\/\/le-chouka.com\/wp-content\/uploads\/2025\/10\/lames-couteaux-chouka-nano-01.jpg","width":1500,"height":1500,"caption":"Hojas de repuesto para cuchillo Chouka"},{"@type":"BreadcrumbList","@id":"https:\/\/le-chouka.com\/es\/shop\/piezas-repuesto-montana-escalada\/cuchillo-chouka-hojas-recambio\/#breadcrumb","itemListElement":[{"@type":"ListItem","position":1,"name":"Inicio","item":"https:\/\/le-chouka.com\/es\/"},{"@type":"ListItem","position":2,"name":"Todos nuestros productos","item":"https:\/\/le-chouka.com\/es\/shop\/"},{"@type":"ListItem","position":3,"name":"[Cuchillo Chouka] Hoja de repuesto"}]},{"@type":"WebSite","@id":"https:\/\/le-chouka.com\/es\/#website","url":"https:\/\/le-chouka.com\/es\/","name":"Chouka shop: Parapente, Montagne, Plong\u00e9e","description":"Chouka Shop: vari\u00f3metros, br\u00fajulas y accesorios para parapente, monta\u00f1a y buceo","publisher":{"@id":"https:\/\/le-chouka.com\/es\/#organization"},"alternateName":"Chouka parapente & montagne","potentialAction":[{"@type":"SearchAction","target":{"@type":"EntryPoint","urlTemplate":"https:\/\/le-chouka.com\/es\/?s={search_term_string}"},"query-input":{"@type":"PropertyValueSpecification","valueRequired":true,"valueName":"search_term_string"}}],"inLanguage":"es"},{"@type":"Organization","@id":"https:\/\/le-chouka.com\/es\/#organization","name":"Chouka","alternateName":"Chouka","url":"https:\/\/le-chouka.com\/es\/","logo":{"@type":"ImageObject","inLanguage":"es","@id":"https:\/\/le-chouka.com\/es\/#\/schema\/logo\/image\/","url":"https:\/\/le-chouka.com\/wp-content\/uploads\/2025\/10\/logo-chouka-grand-orange.png","contentUrl":"https:\/\/le-chouka.com\/wp-content\/uploads\/2025\/10\/logo-chouka-grand-orange.png","width":491,"height":424,"caption":"Chouka"},"image":{"@id":"https:\/\/le-chouka.com\/es\/#\/schema\/logo\/image\/"},"sameAs":["https:\/\/www.facebook.com\/le.chouka.parapente","https:\/\/www.instagram.com\/chouka_parapente"]}]},"og_availability":"instock","product_availability":"instock","product_condition":"new"},"_links":{"self":[{"href":"https:\/\/le-chouka.com\/es\/wp-json\/wp\/v2\/product\/1577","targetHints":{"allow":["GET"]}}],"collection":[{"href":"https:\/\/le-chouka.com\/es\/wp-json\/wp\/v2\/product"}],"about":[{"href":"https:\/\/le-chouka.com\/es\/wp-json\/wp\/v2\/types\/product"}],"replies":[{"embeddable":true,"href":"https:\/\/le-chouka.com\/es\/wp-json\/wp\/v2\/comments?post=1577"}],"wp:featuredmedia":[{"embeddable":true,"href":"https:\/\/le-chouka.com\/es\/wp-json\/wp\/v2\/media\/1570"}],"wp:attachment":[{"href":"https:\/\/le-chouka.com\/es\/wp-json\/wp\/v2\/media?parent=1577"}],"wp:term":[{"taxonomy":"product_brand","embeddable":true,"href":"https:\/\/le-chouka.com\/es\/wp-json\/wp\/v2\/product_brand?post=1577"},{"taxonomy":"product_cat","embeddable":true,"href":"https:\/\/le-chouka.com\/es\/wp-json\/wp\/v2\/product_cat?post=1577"},{"taxonomy":"product_tag","embeddable":true,"href":"https:\/\/le-chouka.com\/es\/wp-json\/wp\/v2\/product_tag?post=1577"}],"curies":[{"name":"wp","href":"https:\/\/api.w.org\/{rel}","templated":true}]}}