{"id":1564,"date":"2025-10-30T18:01:15","date_gmt":"2025-10-30T17:01:15","guid":{"rendered":"https:\/\/new.le-chouka.com\/shop\/sin%20categor\u00eda\/brujula-parapente\/"},"modified":"2026-04-11T16:05:49","modified_gmt":"2026-04-11T14:05:49","slug":"brujula-parapente","status":"publish","type":"product","link":"https:\/\/le-chouka.com\/es\/shop\/parapente\/brujula-parapente\/","title":{"rendered":"Br\u00fajula de parapente Chouka"},"content":{"rendered":"<p>Esta <strong>br\u00fajula (o comp\u00e1s)<\/strong> est\u00e1 especialmente dise\u00f1ada para el parapente. Permanece <strong>perfectamente legible<\/strong> incluso en <strong>vuelo turbulento (balanceo, cabeceo)<\/strong> y permite una orientaci\u00f3n r\u00e1pida y fiable sin distracciones.<\/p>\n<p>\u2705 Ayuda a mantener el rumbo y a orientarse eficazmente.<br \/>\n\u2705 Refuerza la seguridad cerca de las nubes.<\/p>\n<h3><a id=\"model1\"><\/a>Orientaci\u00f3n<\/h3>\n<table>\n<tbody>\n<tr>\n<td>Modelo <strong>1<\/strong>: br\u00fajula cl\u00e1sica<\/td>\n<td>La letra <strong>N se encuentra en el lado del norte magn\u00e9tico<\/strong>.<br \/>\nLectura id\u00e9ntica a una <strong>br\u00fajula de senderismo<\/strong> tradicional.<\/td>\n<\/tr>\n<tr>\n<td>Modelo <strong>2<\/strong>: comp\u00e1s (estilo n\u00e1utico)<\/td>\n<td>La letra <strong>N se encuentra en el lado opuesto al norte magn\u00e9tico<\/strong>.<br \/>\nLectura id\u00e9ntica a la de un <strong>comp\u00e1s estilo n\u00e1utico<\/strong> (rumbo de la aeronave).<br \/>\nRecomendado para arneses tipo cocoon reclinados con cockpit inclinado a la altura del rostro.<\/td>\n<\/tr>\n<\/tbody>\n<\/table>\n<p><img loading=\"lazy\" decoding=\"async\" class=\"alignnone size-medium wp-image-160\" src=\"https:\/\/le-chouka.com\/wp-content\/uploads\/2025\/10\/boussole-parapente-chouka-orientation-04-classique-300x300.jpg\" alt=\"\" width=\"300\" height=\"300\" srcset=\"https:\/\/le-chouka.com\/wp-content\/uploads\/2025\/10\/boussole-parapente-chouka-orientation-04-classique-300x300.jpg 300w, https:\/\/le-chouka.com\/wp-content\/uploads\/2025\/10\/boussole-parapente-chouka-orientation-04-classique-100x100.jpg 100w, https:\/\/le-chouka.com\/wp-content\/uploads\/2025\/10\/boussole-parapente-chouka-orientation-04-classique-600x600.jpg 600w, https:\/\/le-chouka.com\/wp-content\/uploads\/2025\/10\/boussole-parapente-chouka-orientation-04-classique-150x150.jpg 150w, https:\/\/le-chouka.com\/wp-content\/uploads\/2025\/10\/boussole-parapente-chouka-orientation-04-classique-768x768.jpg 768w, https:\/\/le-chouka.com\/wp-content\/uploads\/2025\/10\/boussole-parapente-chouka-orientation-04-classique.jpg 1015w\" sizes=\"auto, (max-width: 300px) 100vw, 300px\" \/> <img loading=\"lazy\" decoding=\"async\" class=\"alignnone size-medium wp-image-161\" src=\"https:\/\/le-chouka.com\/wp-content\/uploads\/2025\/10\/boussole-parapente-chouka-orientation-04-compas-300x300.jpg\" alt=\"\" width=\"300\" height=\"300\" srcset=\"https:\/\/le-chouka.com\/wp-content\/uploads\/2025\/10\/boussole-parapente-chouka-orientation-04-compas-300x300.jpg 300w, https:\/\/le-chouka.com\/wp-content\/uploads\/2025\/10\/boussole-parapente-chouka-orientation-04-compas-100x100.jpg 100w, https:\/\/le-chouka.com\/wp-content\/uploads\/2025\/10\/boussole-parapente-chouka-orientation-04-compas-600x600.jpg 600w, https:\/\/le-chouka.com\/wp-content\/uploads\/2025\/10\/boussole-parapente-chouka-orientation-04-compas-150x150.jpg 150w, https:\/\/le-chouka.com\/wp-content\/uploads\/2025\/10\/boussole-parapente-chouka-orientation-04-compas-768x768.jpg 768w, https:\/\/le-chouka.com\/wp-content\/uploads\/2025\/10\/boussole-parapente-chouka-orientation-04-compas.jpg 1015w\" sizes=\"auto, (max-width: 300px) 100vw, 300px\" \/><\/p>\n<h3>Fijaci\u00f3n<\/h3>\n<ul>\n<li><strong>Cockpit<\/strong>: fijaci\u00f3n mediante Velcro + correa antica\u00edda.<\/li>\n<li><strong>Muslo<\/strong>: alrededor del muslo con la correa el\u00e1stica incluida, r\u00e1pida y ajustable.<\/li>\n<\/ul>\n<h3>Dimensiones<\/h3>\n<ul>\n<li>Peso: <strong>22 g<\/strong><\/li>\n<li>Compacta: <strong>base \u2300 40mm x altura 31mm<\/strong><\/li>\n<\/ul>\n<h3>Restricciones<\/h3>\n<ul>\n<li>No permite volar en nubes ni sin visibilidad.<\/li>\n<li>Deben respetarse las reglas VFR.<\/li>\n<li>Este instrumento es una ayuda de orientaci\u00f3n y no constituye un instrumento de navegaci\u00f3n certificado.<\/li>\n<li>Prohibido en vuelo IFR.<\/li>\n<\/ul>\n","protected":false},"excerpt":{"rendered":"<p>Br\u00fajula (o comp\u00e1s) <strong>ligera<\/strong> y compacta para fijar al <strong>cockpit<\/strong> o al muslo.<\/p>\n<p>Lectura clara en vuelo, incluso con balanceo o cabeceo.<\/p>\n<p><small><em>Tambi\u00e9n ofrecemos un modelo de <a href=\"https:\/\/le-chouka.com\/es\/shop\/parapente\/brujula-chouka-bandas\/\">br\u00fajula en las bandas<\/a>.<\/em><\/small><\/p>\n","protected":false},"featured_media":1476,"comment_status":"open","ping_status":"closed","template":"","meta":[],"product_brand":[],"product_cat":[119,120],"product_tag":[],"class_list":{"0":"post-1564","1":"product","2":"type-product","3":"status-publish","4":"has-post-thumbnail","6":"product_cat-parapente","7":"product_cat-brujulas","9":"first","10":"instock","11":"taxable","12":"shipping-taxable","13":"purchasable","14":"product-type-variable","15":"has-default-attributes"},"yoast_head":"<!-- This site is optimized with the Yoast SEO Premium plugin v26.1 (Yoast SEO v27.1.1) - https:\/\/yoast.com\/product\/yoast-seo-premium-wordpress\/ -->\n<title>Br\u00fajula de parapente Chouka (cockpit o pierna)<\/title>\n<meta name=\"description\" content=\"Mejora tu seguridad en vuelo con la br\u00fajula o comp\u00e1s Chouka en el cockpit. Dise\u00f1ada especialmente para el parapente y fabricada en los Alpes.\" \/>\n<meta name=\"robots\" content=\"index, follow, max-snippet:-1, max-image-preview:large, max-video-preview:-1\" \/>\n<link rel=\"canonical\" href=\"https:\/\/le-chouka.com\/es\/shop\/parapente\/brujula-parapente\/\" \/>\n<meta property=\"og:locale\" content=\"es_ES\" \/>\n<meta property=\"og:type\" content=\"article\" \/>\n<meta property=\"og:title\" content=\"Br\u00fajula de parapente Chouka\" \/>\n<meta property=\"og:description\" content=\"Mejora tu seguridad en vuelo con la br\u00fajula o comp\u00e1s Chouka en el cockpit. Dise\u00f1ada especialmente para el parapente y fabricada en los Alpes.\" \/>\n<meta property=\"og:url\" content=\"https:\/\/le-chouka.com\/es\/shop\/parapente\/brujula-parapente\/\" \/>\n<meta property=\"og:site_name\" content=\"Chouka Shop: Parapente, Escalada y Buceo\" \/>\n<meta property=\"article:publisher\" content=\"https:\/\/www.facebook.com\/le.chouka.parapente\" \/>\n<meta property=\"article:modified_time\" content=\"2026-04-11T14:05:49+00:00\" \/>\n<meta property=\"og:image\" content=\"https:\/\/le-chouka.com\/wp-content\/uploads\/2025\/10\/boussole-parapente-chouka-cockpit-01_sqr.jpg\" \/>\n\t<meta property=\"og:image:width\" content=\"2196\" \/>\n\t<meta property=\"og:image:height\" content=\"2196\" \/>\n\t<meta property=\"og:image:type\" content=\"image\/jpeg\" \/>\n<meta name=\"twitter:card\" content=\"summary_large_image\" \/>\n<meta name=\"twitter:title\" content=\"Br\u00fajula de parapente Chouka\" \/>\n<meta name=\"twitter:label1\" content=\"Disponibilidad\" \/>\n\t<meta name=\"twitter:data1\" content=\"Disponible\" \/>\n<script type=\"application\/ld+json\" class=\"yoast-schema-graph\">{\"@context\":\"https:\/\/schema.org\",\"@graph\":[{\"@type\":\"WebPage\",\"@id\":\"https:\/\/le-chouka.com\/es\/shop\/parapente\/brujula-parapente\/\",\"url\":\"https:\/\/le-chouka.com\/es\/shop\/parapente\/brujula-parapente\/\",\"name\":\"Br\u00fajula de parapente Chouka (cockpit o pierna)\",\"isPartOf\":{\"@id\":\"https:\/\/le-chouka.com\/es\/#website\"},\"primaryImageOfPage\":{\"@id\":\"https:\/\/le-chouka.com\/es\/shop\/parapente\/brujula-parapente\/#primaryimage\"},\"image\":{\"@id\":\"https:\/\/le-chouka.com\/es\/shop\/parapente\/brujula-parapente\/#primaryimage\"},\"thumbnailUrl\":\"https:\/\/le-chouka.com\/wp-content\/uploads\/2025\/10\/boussole-parapente-chouka-cockpit-01_sqr.jpg\",\"datePublished\":\"2025-10-30T17:01:15+00:00\",\"dateModified\":\"2026-04-11T14:05:49+00:00\",\"description\":\"Mejora tu seguridad en vuelo con la br\u00fajula o comp\u00e1s Chouka en el cockpit. Dise\u00f1ada especialmente para el parapente y fabricada en los Alpes.\",\"breadcrumb\":{\"@id\":\"https:\/\/le-chouka.com\/es\/shop\/parapente\/brujula-parapente\/#breadcrumb\"},\"inLanguage\":\"es\",\"potentialAction\":[{\"@type\":\"ReadAction\",\"target\":[\"https:\/\/le-chouka.com\/es\/shop\/parapente\/brujula-parapente\/\"]}]},{\"@type\":\"ImageObject\",\"inLanguage\":\"es\",\"@id\":\"https:\/\/le-chouka.com\/es\/shop\/parapente\/brujula-parapente\/#primaryimage\",\"url\":\"https:\/\/le-chouka.com\/wp-content\/uploads\/2025\/10\/boussole-parapente-chouka-cockpit-01_sqr.jpg\",\"contentUrl\":\"https:\/\/le-chouka.com\/wp-content\/uploads\/2025\/10\/boussole-parapente-chouka-cockpit-01_sqr.jpg\",\"width\":2196,\"height\":2196,\"caption\":\"Br\u00fajula Chouka en el cockpit del parapente\"},{\"@type\":\"BreadcrumbList\",\"@id\":\"https:\/\/le-chouka.com\/es\/shop\/parapente\/brujula-parapente\/#breadcrumb\",\"itemListElement\":[{\"@type\":\"ListItem\",\"position\":1,\"name\":\"Inicio\",\"item\":\"https:\/\/le-chouka.com\/es\/\"},{\"@type\":\"ListItem\",\"position\":2,\"name\":\"Todos nuestros productos\",\"item\":\"https:\/\/le-chouka.com\/es\/shop\/\"},{\"@type\":\"ListItem\",\"position\":3,\"name\":\"Br\u00fajula de parapente Chouka\"}]},{\"@type\":\"WebSite\",\"@id\":\"https:\/\/le-chouka.com\/es\/#website\",\"url\":\"https:\/\/le-chouka.com\/es\/\",\"name\":\"Chouka shop: Parapente, Montagne, Plong\u00e9e\",\"description\":\"Chouka Shop: vari\u00f3metros, br\u00fajulas y accesorios para parapente, monta\u00f1a y buceo\",\"publisher\":{\"@id\":\"https:\/\/le-chouka.com\/es\/#organization\"},\"alternateName\":\"Chouka parapente & montagne\",\"potentialAction\":[{\"@type\":\"SearchAction\",\"target\":{\"@type\":\"EntryPoint\",\"urlTemplate\":\"https:\/\/le-chouka.com\/es\/?s={search_term_string}\"},\"query-input\":{\"@type\":\"PropertyValueSpecification\",\"valueRequired\":true,\"valueName\":\"search_term_string\"}}],\"inLanguage\":\"es\"},{\"@type\":\"Organization\",\"@id\":\"https:\/\/le-chouka.com\/es\/#organization\",\"name\":\"Chouka\",\"alternateName\":\"Chouka\",\"url\":\"https:\/\/le-chouka.com\/es\/\",\"logo\":{\"@type\":\"ImageObject\",\"inLanguage\":\"es\",\"@id\":\"https:\/\/le-chouka.com\/es\/#\/schema\/logo\/image\/\",\"url\":\"https:\/\/le-chouka.com\/wp-content\/uploads\/2025\/10\/logo-chouka-grand-orange.png\",\"contentUrl\":\"https:\/\/le-chouka.com\/wp-content\/uploads\/2025\/10\/logo-chouka-grand-orange.png\",\"width\":491,\"height\":424,\"caption\":\"Chouka\"},\"image\":{\"@id\":\"https:\/\/le-chouka.com\/es\/#\/schema\/logo\/image\/\"},\"sameAs\":[\"https:\/\/www.facebook.com\/le.chouka.parapente\",\"https:\/\/www.instagram.com\/chouka_parapente\"]}]}<\/script>\n<meta property=\"og:availability\" content=\"instock\" \/>\n<meta property=\"product:availability\" content=\"instock\" \/>\n<meta property=\"product:condition\" content=\"new\" \/>\n<!-- \/ Yoast SEO Premium plugin. -->","yoast_head_json":{"title":"Br\u00fajula de parapente Chouka (cockpit o pierna)","description":"Mejora tu seguridad en vuelo con la br\u00fajula o comp\u00e1s Chouka en el cockpit. Dise\u00f1ada especialmente para el parapente y fabricada en los Alpes.","robots":{"index":"index","follow":"follow","max-snippet":"max-snippet:-1","max-image-preview":"max-image-preview:large","max-video-preview":"max-video-preview:-1"},"canonical":"https:\/\/le-chouka.com\/es\/shop\/parapente\/brujula-parapente\/","og_locale":"es_ES","og_type":"article","og_title":"Br\u00fajula de parapente Chouka","og_description":"Mejora tu seguridad en vuelo con la br\u00fajula o comp\u00e1s Chouka en el cockpit. Dise\u00f1ada especialmente para el parapente y fabricada en los Alpes.","og_url":"https:\/\/le-chouka.com\/es\/shop\/parapente\/brujula-parapente\/","og_site_name":"Chouka Shop: Parapente, Escalada y Buceo","article_publisher":"https:\/\/www.facebook.com\/le.chouka.parapente","article_modified_time":"2026-04-11T14:05:49+00:00","og_image":[{"width":2196,"height":2196,"url":"https:\/\/le-chouka.com\/wp-content\/uploads\/2025\/10\/boussole-parapente-chouka-cockpit-01_sqr.jpg","type":"image\/jpeg"}],"twitter_card":"summary_large_image","twitter_title":"Br\u00fajula de parapente Chouka","twitter_misc":{"Disponibilidad":"Disponible"},"schema":{"@context":"https:\/\/schema.org","@graph":[{"@type":"WebPage","@id":"https:\/\/le-chouka.com\/es\/shop\/parapente\/brujula-parapente\/","url":"https:\/\/le-chouka.com\/es\/shop\/parapente\/brujula-parapente\/","name":"Br\u00fajula de parapente Chouka (cockpit o pierna)","isPartOf":{"@id":"https:\/\/le-chouka.com\/es\/#website"},"primaryImageOfPage":{"@id":"https:\/\/le-chouka.com\/es\/shop\/parapente\/brujula-parapente\/#primaryimage"},"image":{"@id":"https:\/\/le-chouka.com\/es\/shop\/parapente\/brujula-parapente\/#primaryimage"},"thumbnailUrl":"https:\/\/le-chouka.com\/wp-content\/uploads\/2025\/10\/boussole-parapente-chouka-cockpit-01_sqr.jpg","datePublished":"2025-10-30T17:01:15+00:00","dateModified":"2026-04-11T14:05:49+00:00","description":"Mejora tu seguridad en vuelo con la br\u00fajula o comp\u00e1s Chouka en el cockpit. Dise\u00f1ada especialmente para el parapente y fabricada en los Alpes.","breadcrumb":{"@id":"https:\/\/le-chouka.com\/es\/shop\/parapente\/brujula-parapente\/#breadcrumb"},"inLanguage":"es","potentialAction":[{"@type":"ReadAction","target":["https:\/\/le-chouka.com\/es\/shop\/parapente\/brujula-parapente\/"]}]},{"@type":"ImageObject","inLanguage":"es","@id":"https:\/\/le-chouka.com\/es\/shop\/parapente\/brujula-parapente\/#primaryimage","url":"https:\/\/le-chouka.com\/wp-content\/uploads\/2025\/10\/boussole-parapente-chouka-cockpit-01_sqr.jpg","contentUrl":"https:\/\/le-chouka.com\/wp-content\/uploads\/2025\/10\/boussole-parapente-chouka-cockpit-01_sqr.jpg","width":2196,"height":2196,"caption":"Br\u00fajula Chouka en el cockpit del parapente"},{"@type":"BreadcrumbList","@id":"https:\/\/le-chouka.com\/es\/shop\/parapente\/brujula-parapente\/#breadcrumb","itemListElement":[{"@type":"ListItem","position":1,"name":"Inicio","item":"https:\/\/le-chouka.com\/es\/"},{"@type":"ListItem","position":2,"name":"Todos nuestros productos","item":"https:\/\/le-chouka.com\/es\/shop\/"},{"@type":"ListItem","position":3,"name":"Br\u00fajula de parapente Chouka"}]},{"@type":"WebSite","@id":"https:\/\/le-chouka.com\/es\/#website","url":"https:\/\/le-chouka.com\/es\/","name":"Chouka shop: Parapente, Montagne, Plong\u00e9e","description":"Chouka Shop: vari\u00f3metros, br\u00fajulas y accesorios para parapente, monta\u00f1a y buceo","publisher":{"@id":"https:\/\/le-chouka.com\/es\/#organization"},"alternateName":"Chouka parapente & montagne","potentialAction":[{"@type":"SearchAction","target":{"@type":"EntryPoint","urlTemplate":"https:\/\/le-chouka.com\/es\/?s={search_term_string}"},"query-input":{"@type":"PropertyValueSpecification","valueRequired":true,"valueName":"search_term_string"}}],"inLanguage":"es"},{"@type":"Organization","@id":"https:\/\/le-chouka.com\/es\/#organization","name":"Chouka","alternateName":"Chouka","url":"https:\/\/le-chouka.com\/es\/","logo":{"@type":"ImageObject","inLanguage":"es","@id":"https:\/\/le-chouka.com\/es\/#\/schema\/logo\/image\/","url":"https:\/\/le-chouka.com\/wp-content\/uploads\/2025\/10\/logo-chouka-grand-orange.png","contentUrl":"https:\/\/le-chouka.com\/wp-content\/uploads\/2025\/10\/logo-chouka-grand-orange.png","width":491,"height":424,"caption":"Chouka"},"image":{"@id":"https:\/\/le-chouka.com\/es\/#\/schema\/logo\/image\/"},"sameAs":["https:\/\/www.facebook.com\/le.chouka.parapente","https:\/\/www.instagram.com\/chouka_parapente"]}]},"og_availability":"instock","product_availability":"instock","product_condition":"new"},"_links":{"self":[{"href":"https:\/\/le-chouka.com\/es\/wp-json\/wp\/v2\/product\/1564","targetHints":{"allow":["GET"]}}],"collection":[{"href":"https:\/\/le-chouka.com\/es\/wp-json\/wp\/v2\/product"}],"about":[{"href":"https:\/\/le-chouka.com\/es\/wp-json\/wp\/v2\/types\/product"}],"replies":[{"embeddable":true,"href":"https:\/\/le-chouka.com\/es\/wp-json\/wp\/v2\/comments?post=1564"}],"wp:featuredmedia":[{"embeddable":true,"href":"https:\/\/le-chouka.com\/es\/wp-json\/wp\/v2\/media\/1476"}],"wp:attachment":[{"href":"https:\/\/le-chouka.com\/es\/wp-json\/wp\/v2\/media?parent=1564"}],"wp:term":[{"taxonomy":"product_brand","embeddable":true,"href":"https:\/\/le-chouka.com\/es\/wp-json\/wp\/v2\/product_brand?post=1564"},{"taxonomy":"product_cat","embeddable":true,"href":"https:\/\/le-chouka.com\/es\/wp-json\/wp\/v2\/product_cat?post=1564"},{"taxonomy":"product_tag","embeddable":true,"href":"https:\/\/le-chouka.com\/es\/wp-json\/wp\/v2\/product_tag?post=1564"}],"curies":[{"name":"wp","href":"https:\/\/api.w.org\/{rel}","templated":true}]}}