{"id":10482,"date":"2025-12-27T23:01:55","date_gmt":"2025-12-27T22:01:55","guid":{"rendered":"https:\/\/le-chouka.com\/shop\/sin%20categor\u00eda\/clips-seguridad-conexiones-rapidas-swagelok-qc4-qc6\/"},"modified":"2026-03-06T21:07:59","modified_gmt":"2026-03-06T20:07:59","slug":"clips-seguridad-conexiones-rapidas-swagelok-qc4-qc6","status":"publish","type":"product","link":"https:\/\/le-chouka.com\/es\/shop\/buceo\/clips-seguridad-conexiones-rapidas-swagelok-qc4-qc6\/","title":{"rendered":"Clips de seguridad para conexiones r\u00e1pidas Swagelok QC (pack de 8)"},"content":{"rendered":"<p>Mejora la <strong>seguridad de tus conectores r\u00e1pidos estancos<\/strong> durante tus <strong>inmersiones t\u00e9cnicas<\/strong> con nuestros <strong>clips de seguridad<\/strong> especialmente dise\u00f1ados para conectores est\u00e1ndar.<\/p>\n<p>Estos <strong>clips robustos<\/strong> se fijan directamente al conector r\u00e1pido para <strong>evitar cualquier apertura involuntaria o accidental<\/strong> de las l\u00edneas de ox\u00edgeno, aire o diluyente, y <strong>se retiran f\u00e1cilmente en caso de freeflow<\/strong>.<\/p>\n<h3>Notas:<\/h3>\n<ul>\n<li><strong>Pack de 8 clips.<\/strong> Indica en los comentarios del pedido la cantidad deseada por tipo y color para crear tu <strong>surtido personalizado<\/strong> (ej.: 4x QC4 negro, 2x QC6 verde).<\/li>\n<li>Los conectores visibles en las fotos no est\u00e1n incluidos.<\/li>\n<li>El cordino no est\u00e1 incluido. As\u00ed puedes elegir el color, di\u00e1metro (m\u00e1x. \u00f8 2mm) y longitud que prefieras. Por ejemplo, cordino de pesca submarina \u00f8=2mm.<\/li>\n<\/ul>\n<h3>Dimensiones, colores y modelos compatibles<\/h3>\n<p>Actualmente ofrecemos clips para los siguientes conectores o aisladores de gas:<\/p>\n<table>\n<thead>\n<tr>\n<th>Modelo<\/th>\n<th>d<\/th>\n<th>e<\/th>\n<\/tr>\n<\/thead>\n<tbody>\n<tr>\n<td>Swagelok QC4<\/td>\n<td>12.4mm<\/td>\n<td>3.5mm<\/td>\n<\/tr>\n<tr>\n<td>Swagelok QC6<\/td>\n<td>15.4mm<\/td>\n<td>3.5mm<\/td>\n<\/tr>\n<\/tbody>\n<\/table>\n<p>Para <strong>otros tipos de conectores o aisladores de gas est\u00e1ndar<\/strong> (Flowstop, etc.) o un <strong>color espec\u00edfico<\/strong>, <strong><a href=\"https:\/\/le-chouka.com\/es\/contacto\/\">cont\u00e1ctanos<\/a><\/strong> indicando las dimensiones <strong>d<\/strong> y <strong>e<\/strong> de la foto inferior, medidas con precisi\u00f3n con un calibre:<br \/>\n<img loading=\"lazy\" decoding=\"async\" class=\"size-medium wp-image-10447\" src=\"https:\/\/le-chouka.com\/wp-content\/uploads\/2025\/12\/clip-secu-dimensions-01-300x147.jpg\" alt=\"Dimensions clip s\u00e9cu\" width=\"300\" height=\"147\" srcset=\"https:\/\/le-chouka.com\/wp-content\/uploads\/2025\/12\/clip-secu-dimensions-01-300x147.jpg 300w, https:\/\/le-chouka.com\/wp-content\/uploads\/2025\/12\/clip-secu-dimensions-01-1024x502.jpg 1024w, https:\/\/le-chouka.com\/wp-content\/uploads\/2025\/12\/clip-secu-dimensions-01-768x376.jpg 768w, https:\/\/le-chouka.com\/wp-content\/uploads\/2025\/12\/clip-secu-dimensions-01-1536x753.jpg 1536w, https:\/\/le-chouka.com\/wp-content\/uploads\/2025\/12\/clip-secu-dimensions-01-600x294.jpg 600w, https:\/\/le-chouka.com\/wp-content\/uploads\/2025\/12\/clip-secu-dimensions-01.jpg 1800w\" sizes=\"auto, (max-width: 300px) 100vw, 300px\" \/> \u00a0<img loading=\"lazy\" decoding=\"async\" class=\"size-medium wp-image-10448\" src=\"https:\/\/le-chouka.com\/wp-content\/uploads\/2025\/12\/clip-secu-dimensions-02-300x143.jpg\" alt=\"Dimensions clip s\u00e9cu\" width=\"300\" height=\"143\" srcset=\"https:\/\/le-chouka.com\/wp-content\/uploads\/2025\/12\/clip-secu-dimensions-02-300x143.jpg 300w, https:\/\/le-chouka.com\/wp-content\/uploads\/2025\/12\/clip-secu-dimensions-02-768x367.jpg 768w, https:\/\/le-chouka.com\/wp-content\/uploads\/2025\/12\/clip-secu-dimensions-02-600x287.jpg 600w, https:\/\/le-chouka.com\/wp-content\/uploads\/2025\/12\/clip-secu-dimensions-02.jpg 867w\" sizes=\"auto, (max-width: 300px) 100vw, 300px\" \/><\/p>\n<h3>Nota de seguridad importante<\/h3>\n<p>Estos clips de seguridad est\u00e1n destinados a <strong>buceadores experimentados<\/strong>, formados en buceo t\u00e9cnico y que dominan perfectamente su configuraci\u00f3n, equipo y procedimientos de uso.<\/p>\n<p>El usuario es el \u00fanico responsable de:<\/p>\n<ul>\n<li>la elecci\u00f3n del material,<\/li>\n<li>la correcta instalaci\u00f3n de los clips y el cordino,<\/li>\n<li>la verificaci\u00f3n previa a la inmersi\u00f3n,<\/li>\n<li>y el uso adecuado bajo el agua.<\/li>\n<\/ul>\n<p>Chouka no podr\u00e1 ser considerado responsable en ning\u00fan caso de un accidente, incidente o sus consecuencias derivados de un uso indebido, una instalaci\u00f3n incorrecta o una modificaci\u00f3n del producto.<br \/>\nCorresponde al buceador asegurarse de que su equipo sea conforme, adecuado a su pr\u00e1ctica y utilizado respetando las normas de seguridad del buceo.<\/p>\n","protected":false},"excerpt":{"rendered":"<p><strong>Pack de 8 clips de seguridad<\/strong> para conectores r\u00e1pidos estancos, dise\u00f1ados para evitar cualquier desconexi\u00f3n involuntaria durante tus inmersiones t\u00e9cnicas. F\u00e1ciles de instalar, se retiran r\u00e1pidamente mediante un cordino (no incluido).<\/p>\n<p><strong>Modelos disponibles<\/strong>:<\/p>\n<ul>\n<li>Swagelok QC4<\/li>\n<li>Swagelok QC6<\/li>\n<\/ul>\n<p><strong>Colores disponibles:<\/strong><\/p>\n<ul>\n<li>Negro<\/li>\n<li>Verde<\/li>\n<\/ul>\n<p style=\"text-align: left;\"><strong>Importante: indica en los comentarios del pedido el n\u00famero de clips deseado por tipo y por color<\/strong>, para un total de 8 unidades (ej.: 4x QC4 negro, 2x QC6 verde).<br \/>\n<small>Ver m\u00e1s abajo otros tipos de conectores o colores.<\/small><\/p>\n","protected":false},"featured_media":10460,"comment_status":"open","ping_status":"closed","template":"","meta":[],"product_brand":[],"product_cat":[164],"product_tag":[],"class_list":{"0":"post-10482","1":"product","2":"type-product","3":"status-publish","4":"has-post-thumbnail","6":"product_cat-buceo","8":"first","9":"instock","10":"taxable","11":"shipping-taxable","12":"purchasable","13":"product-type-simple"},"yoast_head":"<!-- This site is optimized with the Yoast SEO Premium plugin v26.1 (Yoast SEO v27.1.1) - https:\/\/yoast.com\/product\/yoast-seo-premium-wordpress\/ -->\n<title>Clips de seguridad para conectores r\u00e1pidos de buceo (pack de 8)<\/title>\n<meta name=\"description\" content=\"Clips de seguridad para conectores r\u00e1pidos estancos Swagelok. Prevenci\u00f3n de aperturas accidentales en buceo t\u00e9cnico. Pack de 8 clips a medida.\" \/>\n<meta name=\"robots\" content=\"index, follow, max-snippet:-1, max-image-preview:large, max-video-preview:-1\" \/>\n<link rel=\"canonical\" href=\"https:\/\/le-chouka.com\/es\/shop\/buceo\/clips-seguridad-conexiones-rapidas-swagelok-qc4-qc6\/\" \/>\n<meta property=\"og:locale\" content=\"es_ES\" \/>\n<meta property=\"og:type\" content=\"article\" \/>\n<meta property=\"og:title\" content=\"Clips de seguridad para conexiones r\u00e1pidas Swagelok QC (pack de 8)\" \/>\n<meta property=\"og:description\" content=\"Clips de seguridad para conectores r\u00e1pidos estancos Swagelok. Prevenci\u00f3n de aperturas accidentales en buceo t\u00e9cnico. Pack de 8 clips a medida.\" \/>\n<meta property=\"og:url\" content=\"https:\/\/le-chouka.com\/es\/shop\/buceo\/clips-seguridad-conexiones-rapidas-swagelok-qc4-qc6\/\" \/>\n<meta property=\"og:site_name\" content=\"Chouka Shop: Parapente, Escalada y Buceo\" \/>\n<meta property=\"article:publisher\" content=\"https:\/\/www.facebook.com\/le.chouka.parapente\" \/>\n<meta property=\"article:modified_time\" content=\"2026-03-06T20:07:59+00:00\" \/>\n<meta property=\"og:image\" content=\"https:\/\/le-chouka.com\/wp-content\/uploads\/2025\/12\/montage-03.png\" \/>\n\t<meta property=\"og:image:width\" content=\"864\" \/>\n\t<meta property=\"og:image:height\" content=\"864\" \/>\n\t<meta property=\"og:image:type\" content=\"image\/png\" \/>\n<meta name=\"twitter:card\" content=\"summary_large_image\" \/>\n<meta name=\"twitter:label1\" content=\"Precio\" \/>\n\t<meta name=\"twitter:data1\" content=\"10&nbsp;&euro;\" \/>\n\t<meta name=\"twitter:label2\" content=\"Disponibilidad\" \/>\n\t<meta name=\"twitter:data2\" content=\"Disponible\" \/>\n<script type=\"application\/ld+json\" class=\"yoast-schema-graph\">{\"@context\":\"https:\/\/schema.org\",\"@graph\":[{\"@type\":\"WebPage\",\"@id\":\"https:\/\/le-chouka.com\/es\/shop\/buceo\/clips-seguridad-conexiones-rapidas-swagelok-qc4-qc6\/\",\"url\":\"https:\/\/le-chouka.com\/es\/shop\/buceo\/clips-seguridad-conexiones-rapidas-swagelok-qc4-qc6\/\",\"name\":\"Clips de seguridad para conectores r\u00e1pidos de buceo (pack de 8)\",\"isPartOf\":{\"@id\":\"https:\/\/le-chouka.com\/es\/#website\"},\"primaryImageOfPage\":{\"@id\":\"https:\/\/le-chouka.com\/es\/shop\/buceo\/clips-seguridad-conexiones-rapidas-swagelok-qc4-qc6\/#primaryimage\"},\"image\":{\"@id\":\"https:\/\/le-chouka.com\/es\/shop\/buceo\/clips-seguridad-conexiones-rapidas-swagelok-qc4-qc6\/#primaryimage\"},\"thumbnailUrl\":\"https:\/\/le-chouka.com\/wp-content\/uploads\/2025\/12\/montage-03.png\",\"datePublished\":\"2025-12-27T22:01:55+00:00\",\"dateModified\":\"2026-03-06T20:07:59+00:00\",\"description\":\"Clips de seguridad para conectores r\u00e1pidos estancos Swagelok. Prevenci\u00f3n de aperturas accidentales en buceo t\u00e9cnico. Pack de 8 clips a medida.\",\"breadcrumb\":{\"@id\":\"https:\/\/le-chouka.com\/es\/shop\/buceo\/clips-seguridad-conexiones-rapidas-swagelok-qc4-qc6\/#breadcrumb\"},\"inLanguage\":\"es\",\"potentialAction\":[{\"@type\":\"ReadAction\",\"target\":[\"https:\/\/le-chouka.com\/es\/shop\/buceo\/clips-seguridad-conexiones-rapidas-swagelok-qc4-qc6\/\"]}]},{\"@type\":\"ImageObject\",\"inLanguage\":\"es\",\"@id\":\"https:\/\/le-chouka.com\/es\/shop\/buceo\/clips-seguridad-conexiones-rapidas-swagelok-qc4-qc6\/#primaryimage\",\"url\":\"https:\/\/le-chouka.com\/wp-content\/uploads\/2025\/12\/montage-03.png\",\"contentUrl\":\"https:\/\/le-chouka.com\/wp-content\/uploads\/2025\/12\/montage-03.png\",\"width\":864,\"height\":864,\"caption\":\"Montaje del clip de seguridad 03\"},{\"@type\":\"BreadcrumbList\",\"@id\":\"https:\/\/le-chouka.com\/es\/shop\/buceo\/clips-seguridad-conexiones-rapidas-swagelok-qc4-qc6\/#breadcrumb\",\"itemListElement\":[{\"@type\":\"ListItem\",\"position\":1,\"name\":\"Inicio\",\"item\":\"https:\/\/le-chouka.com\/es\/\"},{\"@type\":\"ListItem\",\"position\":2,\"name\":\"Todos nuestros productos\",\"item\":\"https:\/\/le-chouka.com\/es\/shop\/\"},{\"@type\":\"ListItem\",\"position\":3,\"name\":\"Clips de seguridad para conexiones r\u00e1pidas Swagelok QC (pack de 8)\"}]},{\"@type\":\"WebSite\",\"@id\":\"https:\/\/le-chouka.com\/es\/#website\",\"url\":\"https:\/\/le-chouka.com\/es\/\",\"name\":\"Chouka shop: Parapente, Montagne, Plong\u00e9e\",\"description\":\"Chouka Shop: vari\u00f3metros, br\u00fajulas y accesorios para parapente, monta\u00f1a y buceo\",\"publisher\":{\"@id\":\"https:\/\/le-chouka.com\/es\/#organization\"},\"alternateName\":\"Chouka parapente & montagne\",\"potentialAction\":[{\"@type\":\"SearchAction\",\"target\":{\"@type\":\"EntryPoint\",\"urlTemplate\":\"https:\/\/le-chouka.com\/es\/?s={search_term_string}\"},\"query-input\":{\"@type\":\"PropertyValueSpecification\",\"valueRequired\":true,\"valueName\":\"search_term_string\"}}],\"inLanguage\":\"es\"},{\"@type\":\"Organization\",\"@id\":\"https:\/\/le-chouka.com\/es\/#organization\",\"name\":\"Chouka\",\"alternateName\":\"Chouka\",\"url\":\"https:\/\/le-chouka.com\/es\/\",\"logo\":{\"@type\":\"ImageObject\",\"inLanguage\":\"es\",\"@id\":\"https:\/\/le-chouka.com\/es\/#\/schema\/logo\/image\/\",\"url\":\"https:\/\/le-chouka.com\/wp-content\/uploads\/2025\/10\/logo-chouka-grand-orange.png\",\"contentUrl\":\"https:\/\/le-chouka.com\/wp-content\/uploads\/2025\/10\/logo-chouka-grand-orange.png\",\"width\":491,\"height\":424,\"caption\":\"Chouka\"},\"image\":{\"@id\":\"https:\/\/le-chouka.com\/es\/#\/schema\/logo\/image\/\"},\"sameAs\":[\"https:\/\/www.facebook.com\/le.chouka.parapente\",\"https:\/\/www.instagram.com\/chouka_parapente\"]}]}<\/script>\n<meta property=\"product:price:amount\" content=\"10.00\" \/>\n<meta property=\"product:price:currency\" content=\"EUR\" \/>\n<meta property=\"og:availability\" content=\"instock\" \/>\n<meta property=\"product:availability\" content=\"instock\" \/>\n<meta property=\"product:condition\" content=\"new\" \/>\n<!-- \/ Yoast SEO Premium plugin. -->","yoast_head_json":{"title":"Clips de seguridad para conectores r\u00e1pidos de buceo (pack de 8)","description":"Clips de seguridad para conectores r\u00e1pidos estancos Swagelok. Prevenci\u00f3n de aperturas accidentales en buceo t\u00e9cnico. Pack de 8 clips a medida.","robots":{"index":"index","follow":"follow","max-snippet":"max-snippet:-1","max-image-preview":"max-image-preview:large","max-video-preview":"max-video-preview:-1"},"canonical":"https:\/\/le-chouka.com\/es\/shop\/buceo\/clips-seguridad-conexiones-rapidas-swagelok-qc4-qc6\/","og_locale":"es_ES","og_type":"article","og_title":"Clips de seguridad para conexiones r\u00e1pidas Swagelok QC (pack de 8)","og_description":"Clips de seguridad para conectores r\u00e1pidos estancos Swagelok. Prevenci\u00f3n de aperturas accidentales en buceo t\u00e9cnico. Pack de 8 clips a medida.","og_url":"https:\/\/le-chouka.com\/es\/shop\/buceo\/clips-seguridad-conexiones-rapidas-swagelok-qc4-qc6\/","og_site_name":"Chouka Shop: Parapente, Escalada y Buceo","article_publisher":"https:\/\/www.facebook.com\/le.chouka.parapente","article_modified_time":"2026-03-06T20:07:59+00:00","og_image":[{"width":864,"height":864,"url":"https:\/\/le-chouka.com\/wp-content\/uploads\/2025\/12\/montage-03.png","type":"image\/png"}],"twitter_card":"summary_large_image","twitter_misc":{"Precio":"10&nbsp;&euro;","Disponibilidad":"Disponible"},"schema":{"@context":"https:\/\/schema.org","@graph":[{"@type":"WebPage","@id":"https:\/\/le-chouka.com\/es\/shop\/buceo\/clips-seguridad-conexiones-rapidas-swagelok-qc4-qc6\/","url":"https:\/\/le-chouka.com\/es\/shop\/buceo\/clips-seguridad-conexiones-rapidas-swagelok-qc4-qc6\/","name":"Clips de seguridad para conectores r\u00e1pidos de buceo (pack de 8)","isPartOf":{"@id":"https:\/\/le-chouka.com\/es\/#website"},"primaryImageOfPage":{"@id":"https:\/\/le-chouka.com\/es\/shop\/buceo\/clips-seguridad-conexiones-rapidas-swagelok-qc4-qc6\/#primaryimage"},"image":{"@id":"https:\/\/le-chouka.com\/es\/shop\/buceo\/clips-seguridad-conexiones-rapidas-swagelok-qc4-qc6\/#primaryimage"},"thumbnailUrl":"https:\/\/le-chouka.com\/wp-content\/uploads\/2025\/12\/montage-03.png","datePublished":"2025-12-27T22:01:55+00:00","dateModified":"2026-03-06T20:07:59+00:00","description":"Clips de seguridad para conectores r\u00e1pidos estancos Swagelok. Prevenci\u00f3n de aperturas accidentales en buceo t\u00e9cnico. Pack de 8 clips a medida.","breadcrumb":{"@id":"https:\/\/le-chouka.com\/es\/shop\/buceo\/clips-seguridad-conexiones-rapidas-swagelok-qc4-qc6\/#breadcrumb"},"inLanguage":"es","potentialAction":[{"@type":"ReadAction","target":["https:\/\/le-chouka.com\/es\/shop\/buceo\/clips-seguridad-conexiones-rapidas-swagelok-qc4-qc6\/"]}]},{"@type":"ImageObject","inLanguage":"es","@id":"https:\/\/le-chouka.com\/es\/shop\/buceo\/clips-seguridad-conexiones-rapidas-swagelok-qc4-qc6\/#primaryimage","url":"https:\/\/le-chouka.com\/wp-content\/uploads\/2025\/12\/montage-03.png","contentUrl":"https:\/\/le-chouka.com\/wp-content\/uploads\/2025\/12\/montage-03.png","width":864,"height":864,"caption":"Montaje del clip de seguridad 03"},{"@type":"BreadcrumbList","@id":"https:\/\/le-chouka.com\/es\/shop\/buceo\/clips-seguridad-conexiones-rapidas-swagelok-qc4-qc6\/#breadcrumb","itemListElement":[{"@type":"ListItem","position":1,"name":"Inicio","item":"https:\/\/le-chouka.com\/es\/"},{"@type":"ListItem","position":2,"name":"Todos nuestros productos","item":"https:\/\/le-chouka.com\/es\/shop\/"},{"@type":"ListItem","position":3,"name":"Clips de seguridad para conexiones r\u00e1pidas Swagelok QC (pack de 8)"}]},{"@type":"WebSite","@id":"https:\/\/le-chouka.com\/es\/#website","url":"https:\/\/le-chouka.com\/es\/","name":"Chouka shop: Parapente, Montagne, Plong\u00e9e","description":"Chouka Shop: vari\u00f3metros, br\u00fajulas y accesorios para parapente, monta\u00f1a y buceo","publisher":{"@id":"https:\/\/le-chouka.com\/es\/#organization"},"alternateName":"Chouka parapente & montagne","potentialAction":[{"@type":"SearchAction","target":{"@type":"EntryPoint","urlTemplate":"https:\/\/le-chouka.com\/es\/?s={search_term_string}"},"query-input":{"@type":"PropertyValueSpecification","valueRequired":true,"valueName":"search_term_string"}}],"inLanguage":"es"},{"@type":"Organization","@id":"https:\/\/le-chouka.com\/es\/#organization","name":"Chouka","alternateName":"Chouka","url":"https:\/\/le-chouka.com\/es\/","logo":{"@type":"ImageObject","inLanguage":"es","@id":"https:\/\/le-chouka.com\/es\/#\/schema\/logo\/image\/","url":"https:\/\/le-chouka.com\/wp-content\/uploads\/2025\/10\/logo-chouka-grand-orange.png","contentUrl":"https:\/\/le-chouka.com\/wp-content\/uploads\/2025\/10\/logo-chouka-grand-orange.png","width":491,"height":424,"caption":"Chouka"},"image":{"@id":"https:\/\/le-chouka.com\/es\/#\/schema\/logo\/image\/"},"sameAs":["https:\/\/www.facebook.com\/le.chouka.parapente","https:\/\/www.instagram.com\/chouka_parapente"]}]},"product_price_amount":"10.00","product_price_currency":"EUR","og_availability":"instock","product_availability":"instock","product_condition":"new"},"_links":{"self":[{"href":"https:\/\/le-chouka.com\/es\/wp-json\/wp\/v2\/product\/10482","targetHints":{"allow":["GET"]}}],"collection":[{"href":"https:\/\/le-chouka.com\/es\/wp-json\/wp\/v2\/product"}],"about":[{"href":"https:\/\/le-chouka.com\/es\/wp-json\/wp\/v2\/types\/product"}],"replies":[{"embeddable":true,"href":"https:\/\/le-chouka.com\/es\/wp-json\/wp\/v2\/comments?post=10482"}],"wp:featuredmedia":[{"embeddable":true,"href":"https:\/\/le-chouka.com\/es\/wp-json\/wp\/v2\/media\/10460"}],"wp:attachment":[{"href":"https:\/\/le-chouka.com\/es\/wp-json\/wp\/v2\/media?parent=10482"}],"wp:term":[{"taxonomy":"product_brand","embeddable":true,"href":"https:\/\/le-chouka.com\/es\/wp-json\/wp\/v2\/product_brand?post=10482"},{"taxonomy":"product_cat","embeddable":true,"href":"https:\/\/le-chouka.com\/es\/wp-json\/wp\/v2\/product_cat?post=10482"},{"taxonomy":"product_tag","embeddable":true,"href":"https:\/\/le-chouka.com\/es\/wp-json\/wp\/v2\/product_tag?post=10482"}],"curies":[{"name":"wp","href":"https:\/\/api.w.org\/{rel}","templated":true}]}}