{"id":10253,"date":"2025-12-09T10:19:26","date_gmt":"2025-12-09T09:19:26","guid":{"rendered":"https:\/\/le-chouka.com\/?post_type=product&#038;p=10253"},"modified":"2026-02-24T16:19:14","modified_gmt":"2026-02-24T15:19:14","slug":"skicycle-portaesquis-para-bicicleta","status":"publish","type":"product","link":"https:\/\/le-chouka.com\/es\/shop\/escalada-montana-esqui\/skicycle-portaesquis-para-bicicleta\/","title":{"rendered":"SkiCycle: portaesqu\u00eds para bicicleta"},"content":{"rendered":"<p>Cualquier esquiador que haya probado la combinaci\u00f3n de bicicleta y esqu\u00ed lo sabe: la odisea empieza en cuanto hay que fijar los esqu\u00eds y los bastones en la bicicleta. Despu\u00e9s de 15 minutos de lucha contra el fr\u00edo con los guantes puestos, por fin arrancamos\u2026 y todo acaba en el suelo al primer bache.<\/p>\n<p>El SkiCycle cambia las reglas del juego: le permite <strong>fijar sus esqu\u00eds, bastones y botas en la bici en un minuto<\/strong>, de forma estable y segura. La instalaci\u00f3n es r\u00e1pida, fiable y nada se mueve, incluso en los terrenos m\u00e1s accidentados \u2014 \u00a1hemos probado los l\u00edmites!<\/p>\n<p>Su <strong>material est\u00e1 totalmente protegido<\/strong>: las suelas de sus esqu\u00eds no sufren da\u00f1os por el cuadro de la bicicleta y los cantos no corren el riesgo de rayarlo.<\/p>\n<p>Ligero y pr\u00e1ctico, el sistema pesa solo <b>257 g <\/b>(correas y tensores incluidos) y facilita sus desplazamientos en movilidad sostenible. Ya sea para disfrutar de un road-trip de bici y esqu\u00ed de traves\u00eda, llegar a un punto de coche compartido o subir a la estaci\u00f3n, el SkiCycle le permite transportar sus esqu\u00eds de manera <strong>pr\u00e1ctica y ecol\u00f3gica<\/strong>.<\/p>\n<div style=\"width: 100%; max-width: 900px; margin: 20px 0; aspect-ratio: 16 \/ 9;\">\n<p><iframe style=\"width: 100%; height: 100%; border: 0; display: block;\" title=\"SkiCycle\" src=\"https:\/\/www.youtube.com\/embed\/PO2YZWJ3GFw?cc_load_policy=1&amp;cc_lang_pref=es\" allowfullscreen=\"allowfullscreen\"><\/iframe><\/p>\n<div style=\"text-align: center; font-style: italic; font-weight: bold; font-size: 0.9em; margin-top: 8px;\">Presentaci\u00f3n y demo del SkiCycle<\/div>\n<\/div>\n","protected":false},"excerpt":{"rendered":"<p><strong>\u00a1Transporte sus esqu\u00eds en bicicleta de forma f\u00e1cil y r\u00e1pida!<\/strong><\/p>\n<p>Para una <strong>aventura en la monta\u00f1a que combina bici y esqu\u00ed<\/strong> o para un simple desplazamiento urbano, SkiCycle permite fijar esqu\u00eds, bastones y botas en la bicicleta <strong>en un minuto<\/strong>.<\/p>\n<p><strong>Protege su material<\/strong> evitando cualquier contacto entre el cuadro, las suelas y los cantos. Compatible con todo tipo de bicicletas y esqu\u00eds (ver m\u00e1s abajo).<\/p>\n","protected":false},"featured_media":10592,"comment_status":"open","ping_status":"closed","template":"","meta":[],"product_brand":[],"product_cat":[276],"product_tag":[],"class_list":{"0":"post-10253","1":"product","2":"type-product","3":"status-publish","4":"has-post-thumbnail","6":"product_cat-escalada-montana-esqui","8":"first","9":"instock","10":"taxable","11":"shipping-taxable","12":"purchasable","13":"product-type-variable","14":"has-default-attributes"},"yoast_head":"<!-- This site is optimized with the Yoast SEO Premium plugin v26.1 (Yoast SEO v27.1.1) - https:\/\/yoast.com\/product\/yoast-seo-premium-wordpress\/ -->\n<title>Skicycle: portaesqu\u00eds para bicicleta - Chouka monta\u00f1a<\/title>\n<meta name=\"description\" content=\"Lleva tus esqu\u00eds en la bici f\u00e1cilmente con SkiCycle: un sistema pr\u00e1ctico dise\u00f1ado para tus aventuras combinando bicicleta y esqu\u00ed.\" \/>\n<meta name=\"robots\" content=\"index, follow, max-snippet:-1, max-image-preview:large, max-video-preview:-1\" \/>\n<link rel=\"canonical\" href=\"https:\/\/le-chouka.com\/es\/shop\/escalada-montana-esqui\/skicycle-portaesquis-para-bicicleta\/\" \/>\n<meta property=\"og:locale\" content=\"es_ES\" \/>\n<meta property=\"og:type\" content=\"article\" \/>\n<meta property=\"og:title\" content=\"SkiCycle: portaesqu\u00eds para bicicleta\" \/>\n<meta property=\"og:description\" content=\"Lleva tus esqu\u00eds en la bici f\u00e1cilmente con SkiCycle: un sistema pr\u00e1ctico dise\u00f1ado para tus aventuras combinando bicicleta y esqu\u00ed.\" \/>\n<meta property=\"og:url\" content=\"https:\/\/le-chouka.com\/es\/shop\/escalada-montana-esqui\/skicycle-portaesquis-para-bicicleta\/\" \/>\n<meta property=\"og:site_name\" content=\"Chouka Shop: Parapente, Escalada y Buceo\" \/>\n<meta property=\"article:publisher\" content=\"https:\/\/www.facebook.com\/le.chouka.parapente\" \/>\n<meta property=\"article:modified_time\" content=\"2026-02-24T15:19:14+00:00\" \/>\n<meta property=\"og:image\" content=\"https:\/\/le-chouka.com\/wp-content\/uploads\/2025\/12\/skicycle-skis-rando-01-sqr.jpg\" \/>\n\t<meta property=\"og:image:width\" content=\"2259\" \/>\n\t<meta property=\"og:image:height\" content=\"2259\" \/>\n\t<meta property=\"og:image:type\" content=\"image\/jpeg\" \/>\n<meta name=\"twitter:card\" content=\"summary_large_image\" \/>\n<meta name=\"twitter:label1\" content=\"Disponibilidad\" \/>\n\t<meta name=\"twitter:data1\" content=\"Disponible\" \/>\n<script type=\"application\/ld+json\" class=\"yoast-schema-graph\">{\"@context\":\"https:\/\/schema.org\",\"@graph\":[{\"@type\":\"WebPage\",\"@id\":\"https:\/\/le-chouka.com\/es\/shop\/escalada-montana-esqui\/skicycle-portaesquis-para-bicicleta\/\",\"url\":\"https:\/\/le-chouka.com\/es\/shop\/escalada-montana-esqui\/skicycle-portaesquis-para-bicicleta\/\",\"name\":\"Skicycle: portaesqu\u00eds para bicicleta - Chouka monta\u00f1a\",\"isPartOf\":{\"@id\":\"https:\/\/le-chouka.com\/es\/#website\"},\"primaryImageOfPage\":{\"@id\":\"https:\/\/le-chouka.com\/es\/shop\/escalada-montana-esqui\/skicycle-portaesquis-para-bicicleta\/#primaryimage\"},\"image\":{\"@id\":\"https:\/\/le-chouka.com\/es\/shop\/escalada-montana-esqui\/skicycle-portaesquis-para-bicicleta\/#primaryimage\"},\"thumbnailUrl\":\"https:\/\/le-chouka.com\/wp-content\/uploads\/2025\/12\/skicycle-skis-rando-01-sqr.jpg\",\"datePublished\":\"2025-12-09T09:19:26+00:00\",\"dateModified\":\"2026-02-24T15:19:14+00:00\",\"description\":\"Lleva tus esqu\u00eds en la bici f\u00e1cilmente con SkiCycle: un sistema pr\u00e1ctico dise\u00f1ado para tus aventuras combinando bicicleta y esqu\u00ed.\",\"breadcrumb\":{\"@id\":\"https:\/\/le-chouka.com\/es\/shop\/escalada-montana-esqui\/skicycle-portaesquis-para-bicicleta\/#breadcrumb\"},\"inLanguage\":\"es\",\"potentialAction\":[{\"@type\":\"ReadAction\",\"target\":[\"https:\/\/le-chouka.com\/es\/shop\/escalada-montana-esqui\/skicycle-portaesquis-para-bicicleta\/\"]}]},{\"@type\":\"ImageObject\",\"inLanguage\":\"es\",\"@id\":\"https:\/\/le-chouka.com\/es\/shop\/escalada-montana-esqui\/skicycle-portaesquis-para-bicicleta\/#primaryimage\",\"url\":\"https:\/\/le-chouka.com\/wp-content\/uploads\/2025\/12\/skicycle-skis-rando-01-sqr.jpg\",\"contentUrl\":\"https:\/\/le-chouka.com\/wp-content\/uploads\/2025\/12\/skicycle-skis-rando-01-sqr.jpg\",\"width\":2259,\"height\":2259,\"caption\":\"SkiCycle\"},{\"@type\":\"BreadcrumbList\",\"@id\":\"https:\/\/le-chouka.com\/es\/shop\/escalada-montana-esqui\/skicycle-portaesquis-para-bicicleta\/#breadcrumb\",\"itemListElement\":[{\"@type\":\"ListItem\",\"position\":1,\"name\":\"Inicio\",\"item\":\"https:\/\/le-chouka.com\/es\/\"},{\"@type\":\"ListItem\",\"position\":2,\"name\":\"Todos nuestros productos\",\"item\":\"https:\/\/le-chouka.com\/es\/shop\/\"},{\"@type\":\"ListItem\",\"position\":3,\"name\":\"SkiCycle: portaesqu\u00eds para bicicleta\"}]},{\"@type\":\"WebSite\",\"@id\":\"https:\/\/le-chouka.com\/es\/#website\",\"url\":\"https:\/\/le-chouka.com\/es\/\",\"name\":\"Chouka shop: Parapente, Montagne, Plong\u00e9e\",\"description\":\"Chouka Shop: vari\u00f3metros, br\u00fajulas y accesorios para parapente, monta\u00f1a y buceo\",\"publisher\":{\"@id\":\"https:\/\/le-chouka.com\/es\/#organization\"},\"alternateName\":\"Chouka parapente & montagne\",\"potentialAction\":[{\"@type\":\"SearchAction\",\"target\":{\"@type\":\"EntryPoint\",\"urlTemplate\":\"https:\/\/le-chouka.com\/es\/?s={search_term_string}\"},\"query-input\":{\"@type\":\"PropertyValueSpecification\",\"valueRequired\":true,\"valueName\":\"search_term_string\"}}],\"inLanguage\":\"es\"},{\"@type\":\"Organization\",\"@id\":\"https:\/\/le-chouka.com\/es\/#organization\",\"name\":\"Chouka\",\"alternateName\":\"Chouka\",\"url\":\"https:\/\/le-chouka.com\/es\/\",\"logo\":{\"@type\":\"ImageObject\",\"inLanguage\":\"es\",\"@id\":\"https:\/\/le-chouka.com\/es\/#\/schema\/logo\/image\/\",\"url\":\"https:\/\/le-chouka.com\/wp-content\/uploads\/2025\/10\/logo-chouka-grand-orange.png\",\"contentUrl\":\"https:\/\/le-chouka.com\/wp-content\/uploads\/2025\/10\/logo-chouka-grand-orange.png\",\"width\":491,\"height\":424,\"caption\":\"Chouka\"},\"image\":{\"@id\":\"https:\/\/le-chouka.com\/es\/#\/schema\/logo\/image\/\"},\"sameAs\":[\"https:\/\/www.facebook.com\/le.chouka.parapente\",\"https:\/\/www.instagram.com\/chouka_parapente\"]}]}<\/script>\n<meta property=\"og:availability\" content=\"instock\" \/>\n<meta property=\"product:availability\" content=\"instock\" \/>\n<meta property=\"product:condition\" content=\"new\" \/>\n<!-- \/ Yoast SEO Premium plugin. -->","yoast_head_json":{"title":"Skicycle: portaesqu\u00eds para bicicleta - Chouka monta\u00f1a","description":"Lleva tus esqu\u00eds en la bici f\u00e1cilmente con SkiCycle: un sistema pr\u00e1ctico dise\u00f1ado para tus aventuras combinando bicicleta y esqu\u00ed.","robots":{"index":"index","follow":"follow","max-snippet":"max-snippet:-1","max-image-preview":"max-image-preview:large","max-video-preview":"max-video-preview:-1"},"canonical":"https:\/\/le-chouka.com\/es\/shop\/escalada-montana-esqui\/skicycle-portaesquis-para-bicicleta\/","og_locale":"es_ES","og_type":"article","og_title":"SkiCycle: portaesqu\u00eds para bicicleta","og_description":"Lleva tus esqu\u00eds en la bici f\u00e1cilmente con SkiCycle: un sistema pr\u00e1ctico dise\u00f1ado para tus aventuras combinando bicicleta y esqu\u00ed.","og_url":"https:\/\/le-chouka.com\/es\/shop\/escalada-montana-esqui\/skicycle-portaesquis-para-bicicleta\/","og_site_name":"Chouka Shop: Parapente, Escalada y Buceo","article_publisher":"https:\/\/www.facebook.com\/le.chouka.parapente","article_modified_time":"2026-02-24T15:19:14+00:00","og_image":[{"width":2259,"height":2259,"url":"https:\/\/le-chouka.com\/wp-content\/uploads\/2025\/12\/skicycle-skis-rando-01-sqr.jpg","type":"image\/jpeg"}],"twitter_card":"summary_large_image","twitter_misc":{"Disponibilidad":"Disponible"},"schema":{"@context":"https:\/\/schema.org","@graph":[{"@type":"WebPage","@id":"https:\/\/le-chouka.com\/es\/shop\/escalada-montana-esqui\/skicycle-portaesquis-para-bicicleta\/","url":"https:\/\/le-chouka.com\/es\/shop\/escalada-montana-esqui\/skicycle-portaesquis-para-bicicleta\/","name":"Skicycle: portaesqu\u00eds para bicicleta - Chouka monta\u00f1a","isPartOf":{"@id":"https:\/\/le-chouka.com\/es\/#website"},"primaryImageOfPage":{"@id":"https:\/\/le-chouka.com\/es\/shop\/escalada-montana-esqui\/skicycle-portaesquis-para-bicicleta\/#primaryimage"},"image":{"@id":"https:\/\/le-chouka.com\/es\/shop\/escalada-montana-esqui\/skicycle-portaesquis-para-bicicleta\/#primaryimage"},"thumbnailUrl":"https:\/\/le-chouka.com\/wp-content\/uploads\/2025\/12\/skicycle-skis-rando-01-sqr.jpg","datePublished":"2025-12-09T09:19:26+00:00","dateModified":"2026-02-24T15:19:14+00:00","description":"Lleva tus esqu\u00eds en la bici f\u00e1cilmente con SkiCycle: un sistema pr\u00e1ctico dise\u00f1ado para tus aventuras combinando bicicleta y esqu\u00ed.","breadcrumb":{"@id":"https:\/\/le-chouka.com\/es\/shop\/escalada-montana-esqui\/skicycle-portaesquis-para-bicicleta\/#breadcrumb"},"inLanguage":"es","potentialAction":[{"@type":"ReadAction","target":["https:\/\/le-chouka.com\/es\/shop\/escalada-montana-esqui\/skicycle-portaesquis-para-bicicleta\/"]}]},{"@type":"ImageObject","inLanguage":"es","@id":"https:\/\/le-chouka.com\/es\/shop\/escalada-montana-esqui\/skicycle-portaesquis-para-bicicleta\/#primaryimage","url":"https:\/\/le-chouka.com\/wp-content\/uploads\/2025\/12\/skicycle-skis-rando-01-sqr.jpg","contentUrl":"https:\/\/le-chouka.com\/wp-content\/uploads\/2025\/12\/skicycle-skis-rando-01-sqr.jpg","width":2259,"height":2259,"caption":"SkiCycle"},{"@type":"BreadcrumbList","@id":"https:\/\/le-chouka.com\/es\/shop\/escalada-montana-esqui\/skicycle-portaesquis-para-bicicleta\/#breadcrumb","itemListElement":[{"@type":"ListItem","position":1,"name":"Inicio","item":"https:\/\/le-chouka.com\/es\/"},{"@type":"ListItem","position":2,"name":"Todos nuestros productos","item":"https:\/\/le-chouka.com\/es\/shop\/"},{"@type":"ListItem","position":3,"name":"SkiCycle: portaesqu\u00eds para bicicleta"}]},{"@type":"WebSite","@id":"https:\/\/le-chouka.com\/es\/#website","url":"https:\/\/le-chouka.com\/es\/","name":"Chouka shop: Parapente, Montagne, Plong\u00e9e","description":"Chouka Shop: vari\u00f3metros, br\u00fajulas y accesorios para parapente, monta\u00f1a y buceo","publisher":{"@id":"https:\/\/le-chouka.com\/es\/#organization"},"alternateName":"Chouka parapente & montagne","potentialAction":[{"@type":"SearchAction","target":{"@type":"EntryPoint","urlTemplate":"https:\/\/le-chouka.com\/es\/?s={search_term_string}"},"query-input":{"@type":"PropertyValueSpecification","valueRequired":true,"valueName":"search_term_string"}}],"inLanguage":"es"},{"@type":"Organization","@id":"https:\/\/le-chouka.com\/es\/#organization","name":"Chouka","alternateName":"Chouka","url":"https:\/\/le-chouka.com\/es\/","logo":{"@type":"ImageObject","inLanguage":"es","@id":"https:\/\/le-chouka.com\/es\/#\/schema\/logo\/image\/","url":"https:\/\/le-chouka.com\/wp-content\/uploads\/2025\/10\/logo-chouka-grand-orange.png","contentUrl":"https:\/\/le-chouka.com\/wp-content\/uploads\/2025\/10\/logo-chouka-grand-orange.png","width":491,"height":424,"caption":"Chouka"},"image":{"@id":"https:\/\/le-chouka.com\/es\/#\/schema\/logo\/image\/"},"sameAs":["https:\/\/www.facebook.com\/le.chouka.parapente","https:\/\/www.instagram.com\/chouka_parapente"]}]},"og_availability":"instock","product_availability":"instock","product_condition":"new"},"_links":{"self":[{"href":"https:\/\/le-chouka.com\/es\/wp-json\/wp\/v2\/product\/10253","targetHints":{"allow":["GET"]}}],"collection":[{"href":"https:\/\/le-chouka.com\/es\/wp-json\/wp\/v2\/product"}],"about":[{"href":"https:\/\/le-chouka.com\/es\/wp-json\/wp\/v2\/types\/product"}],"replies":[{"embeddable":true,"href":"https:\/\/le-chouka.com\/es\/wp-json\/wp\/v2\/comments?post=10253"}],"wp:featuredmedia":[{"embeddable":true,"href":"https:\/\/le-chouka.com\/es\/wp-json\/wp\/v2\/media\/10592"}],"wp:attachment":[{"href":"https:\/\/le-chouka.com\/es\/wp-json\/wp\/v2\/media?parent=10253"}],"wp:term":[{"taxonomy":"product_brand","embeddable":true,"href":"https:\/\/le-chouka.com\/es\/wp-json\/wp\/v2\/product_brand?post=10253"},{"taxonomy":"product_cat","embeddable":true,"href":"https:\/\/le-chouka.com\/es\/wp-json\/wp\/v2\/product_cat?post=10253"},{"taxonomy":"product_tag","embeddable":true,"href":"https:\/\/le-chouka.com\/es\/wp-json\/wp\/v2\/product_tag?post=10253"}],"curies":[{"name":"wp","href":"https:\/\/api.w.org\/{rel}","templated":true}]}}