{"id":1285,"date":"2025-10-08T18:49:21","date_gmt":"2025-10-08T16:49:21","guid":{"rendered":"https:\/\/new.le-chouka.com\/politica-de-privacidad\/"},"modified":"2025-10-30T09:57:30","modified_gmt":"2025-10-30T08:57:30","slug":"politica-de-privacidad","status":"publish","type":"page","link":"https:\/\/le-chouka.com\/es\/politica-de-privacidad\/","title":{"rendered":"Pol\u00edtica de privacidad"},"content":{"rendered":"\n<h2 class=\"wp-block-heading\">1. \u00bfQui\u00e9nes somos?<\/h2>\n\n<p>El producto <strong>Chouka<\/strong> es comercializado por la empresa <strong>LOUISNARD<\/strong>. El sitio web est\u00e1 disponible en: <a href=\"https:\/\/www.le-chouka.com\/es\">https:\/\/www.le-chouka.com<\/a>.<br\/><\/p>\n\n<h2 class=\"wp-block-heading\">2. Uso de los datos personales recopilados<\/h2>\n\n<h3 class=\"wp-block-heading\">2.1 Pago en l\u00ednea<\/h3>\n\n<p>Al realizar un pago en nuestro sitio web, los datos de pago no son utilizados directamente ni almacenados por Chouka. El proveedor de servicios de pago es <strong>REVOLUT<\/strong>, y su pol\u00edtica de privacidad puede consultarse en su sitio web oficial.<br\/><\/p>\n\n<h3 class=\"wp-block-heading\">2.2 Opiniones y comentarios<\/h3>\n\n<p>Las rese\u00f1as y comentarios en nuestro sitio web son gestionados por la plataforma independiente <a href=\"https:\/\/www.cusrev.com\/\">CusRev<\/a>.<br\/><\/p>\n\n<p>Cuando dejas una rese\u00f1a:<\/p>\n\n<ul class=\"wp-block-list\">\n<li>La informaci\u00f3n introducida en el formulario, as\u00ed como su direcci\u00f3n IP y el agente de usuario de su navegador, pueden ser recopiladas por CusRev para la moderaci\u00f3n y la detecci\u00f3n de rese\u00f1as no deseadas.&#13;\n<\/li>\n\n\n\n<li>Tu foto de perfil puede mostrarse si utilizas un servicio de terceros como <strong>Gravatar<\/strong>. La pol\u00edtica de privacidad de Gravatar est\u00e1 disponible aqu\u00ed: <a href=\"https:\/\/automattic.com\/privacy\/\">https:\/\/automattic.com\/privacy\/<\/a>.<br\/><\/li>\n<\/ul>\n\n<h3 class=\"wp-block-heading\">2.3 Medios<\/h3>\n\n<p>Si est\u00e1s registrado(a) y subes im\u00e1genes al sitio web, evita subir im\u00e1genes que contengan datos EXIF de geolocalizaci\u00f3n. Los visitantes podr\u00edan extraer esta informaci\u00f3n de los archivos.&#13;\n<\/p>\n\n<h3 class=\"wp-block-heading\">2.4 Formularios de contacto<\/h3>\n\n<p>La informaci\u00f3n introducida a trav\u00e9s de los formularios de contacto se utiliza \u00fanicamente para responder a tus solicitudes a trav\u00e9s de la p\u00e1gina <a href=\"https:\/\/www.le-chouka.com\/es\/contacto\">Contacto<\/a>.<br\/><\/p>\n\n<h3 class=\"wp-block-heading\">2.5 Cookies<\/h3>\n\n<ul class=\"wp-block-list\">\n<li>Cuando se deja una rese\u00f1a o un comentario, se ofrece la opci\u00f3n de guardar tu nombre, correo electr\u00f3nico y sitio web en cookies para tu comodidad. Estas cookies caducan al cabo de un a\u00f1o.&#13;\n<\/li>\n\n\n\n<li>En la p\u00e1gina de inicio de sesi\u00f3n, se crea una cookie temporal para verificar si su navegador acepta cookies. Se elimina al cerrar el navegador.&#13;\n<\/li>\n\n\n\n<li>Al iniciar sesi\u00f3n, las cookies pueden guardar su informaci\u00f3n y preferencias de pantalla:\r\n\n<ul class=\"wp-block-list\">\n<li>Cookie de inicio de sesi\u00f3n: 2 d\u00edas<\/li>\n\n\n\n<li>Cookie \u201cRecordarme\u201d: 2 semanas<\/li>\n\n\n\n<li>Cookie de preferencia de pantalla: 1 a\u00f1o<\/li>\n<\/ul>\n<\/li>\n\n\n\n<li>Al realizar modificaciones o publicaciones, se a\u00f1ade una cookie que identifica la publicaci\u00f3n durante 1 d\u00eda, sin contener datos personales.&#13;\n<\/li>\n<\/ul>\n\n<h3 class=\"wp-block-heading\">2.6 Contenido incrustado de otros sitios web<\/h3>\n\n<p>Los art\u00edculos pueden incluir contenido incrustado (videos, im\u00e1genes, art\u00edculos, etc.). Dicho contenido se comporta como si visitara esos sitios de terceros, los cuales pueden recopilar datos, usar cookies o rastrear sus interacciones si ha iniciado sesi\u00f3n en su servicio.&#13;\n<\/p>\n\n<h3 class=\"wp-block-heading\">2.7 Estad\u00edsticas y medici\u00f3n de audiencia<\/h3>\n\n<p>Chouka utiliza herramientas de medici\u00f3n de audiencia para mejorar la navegaci\u00f3n y la experiencia del usuario. Los datos recopilados se anonimizan y se utilizan \u00fanicamente con fines estad\u00edsticos.&#13;\n<\/p>\n\n<h2 class=\"wp-block-heading\">3. Uso y transmisi\u00f3n de tus datos personales<\/h2>\n\n<p>Sus datos personales no se comparten con terceros que no est\u00e9n mencionados anteriormente. Las opiniones y comentarios se verifican a trav\u00e9s de <strong>CusRev<\/strong> para detectar spam.<br\/><\/p>\n\n<h2 class=\"wp-block-heading\">4. Duraciones de almacenamiento<\/h2>\n\n<ul class=\"wp-block-list\">\n<li>Las opiniones y comentarios se conservan indefinidamente para facilitar el reconocimiento de futuras opiniones y su moderaci\u00f3n.&#13;\n<\/li>\n\n\n\n<li>Para los usuarios registrados, los datos personales del perfil se almacenan mientras la cuenta exista. El usuario puede modificar o eliminar su informaci\u00f3n en cualquier momento (excepto su nombre de usuario). Los administradores del sitio pueden consultar y modificar esta informaci\u00f3n si es necesario.&#13;\n<\/li>\n<\/ul>\n\n<h2 class=\"wp-block-heading\">5. Tus derechos<\/h2>\n\n<p>Puede solicitar:<\/p>\n\n<ul class=\"wp-block-list\">\n<li>Un archivo que contiene todos los datos personales que poseemos sobre ti&#13;\n<\/li>\n\n\n\n<li>La eliminaci\u00f3n de sus datos personales (excepto por obligaciones legales, administrativas o de seguridad)&#13;\n<\/li>\n<\/ul>\n\n<h2 class=\"wp-block-heading\">6. Informaci\u00f3n de contacto<\/h2>\n\n<p>Para cualquier solicitud relacionada con la protecci\u00f3n de tus datos personales, utiliza el formulario en la p\u00e1gina <a href=\"https:\/\/www.le-chouka.com\/es\/contacto\">Contacto<\/a>.<\/p>\n\n<h2 class=\"wp-block-heading\">7. Seguridad de los datos<\/h2>\n\n<p>Chouka adopta todas las medidas t\u00e9cnicas y organizativas adecuadas para proteger sus datos contra el acceso no autorizado, la alteraci\u00f3n o la divulgaci\u00f3n.&#13;\n<\/p>\n\n<h2 class=\"wp-block-heading\">8. Servicios de terceros<\/h2>\n\n<p>Ning\u00fan servicio de terceros no mencionado anteriormente transmite datos personales a Chouka.&#13;\n<\/p>\n","protected":false},"excerpt":{"rendered":"<p>1. \u00bfQui\u00e9nes somos? El producto Chouka es comercializado por la empresa LOUISNARD. El sitio web est\u00e1 disponible en: https:\/\/www.le-chouka.com. 2. Uso de los datos personales recopilados 2.1 Pago en l\u00ednea Al realizar un pago en nuestro sitio web, los datos de pago no son utilizados directamente ni almacenados por Chouka. El proveedor de servicios de [&hellip;]<\/p>\n","protected":false},"author":1,"featured_media":0,"parent":0,"menu_order":0,"comment_status":"closed","ping_status":"open","template":"","meta":{"footnotes":""},"class_list":["post-1285","page","type-page","status-publish","hentry"],"yoast_head":"<!-- This site is optimized with the Yoast SEO Premium plugin v26.1 (Yoast SEO v27.1.1) - https:\/\/yoast.com\/product\/yoast-seo-premium-wordpress\/ -->\n<title>Pol\u00edtica de privacidad - Chouka Shop: Parapente, Escalada y Buceo<\/title>\n<meta name=\"robots\" content=\"index, follow, max-snippet:-1, max-image-preview:large, max-video-preview:-1\" \/>\n<link rel=\"canonical\" href=\"https:\/\/le-chouka.com\/es\/politica-de-privacidad\/\" \/>\n<meta property=\"og:locale\" content=\"es_ES\" \/>\n<meta property=\"og:type\" content=\"article\" \/>\n<meta property=\"og:title\" content=\"Pol\u00edtica de privacidad\" \/>\n<meta property=\"og:description\" content=\"1. \u00bfQui\u00e9nes somos? El producto Chouka es comercializado por la empresa LOUISNARD. El sitio web est\u00e1 disponible en: https:\/\/www.le-chouka.com. 2. Uso de los datos personales recopilados 2.1 Pago en l\u00ednea Al realizar un pago en nuestro sitio web, los datos de pago no son utilizados directamente ni almacenados por Chouka. El proveedor de servicios de [&hellip;]\" \/>\n<meta property=\"og:url\" content=\"https:\/\/le-chouka.com\/es\/politica-de-privacidad\/\" \/>\n<meta property=\"og:site_name\" content=\"Chouka Shop: Parapente, Escalada y Buceo\" \/>\n<meta property=\"article:publisher\" content=\"https:\/\/www.facebook.com\/le.chouka.parapente\" \/>\n<meta property=\"article:modified_time\" content=\"2025-10-30T08:57:30+00:00\" \/>\n<meta name=\"twitter:card\" content=\"summary_large_image\" \/>\n<meta name=\"twitter:label1\" content=\"Tiempo de lectura\" \/>\n\t<meta name=\"twitter:data1\" content=\"3 minutos\" \/>\n<script type=\"application\/ld+json\" class=\"yoast-schema-graph\">{\"@context\":\"https:\/\/schema.org\",\"@graph\":[{\"@type\":\"WebPage\",\"@id\":\"https:\/\/le-chouka.com\/es\/politica-de-privacidad\/\",\"url\":\"https:\/\/le-chouka.com\/es\/politica-de-privacidad\/\",\"name\":\"Pol\u00edtica de privacidad - Chouka Shop: Parapente, Escalada y Buceo\",\"isPartOf\":{\"@id\":\"https:\/\/le-chouka.com\/es\/#website\"},\"datePublished\":\"2025-10-08T16:49:21+00:00\",\"dateModified\":\"2025-10-30T08:57:30+00:00\",\"breadcrumb\":{\"@id\":\"https:\/\/le-chouka.com\/es\/politica-de-privacidad\/#breadcrumb\"},\"inLanguage\":\"es\",\"potentialAction\":[{\"@type\":\"ReadAction\",\"target\":[\"https:\/\/le-chouka.com\/es\/politica-de-privacidad\/\"]}]},{\"@type\":\"BreadcrumbList\",\"@id\":\"https:\/\/le-chouka.com\/es\/politica-de-privacidad\/#breadcrumb\",\"itemListElement\":[{\"@type\":\"ListItem\",\"position\":1,\"name\":\"Inicio\",\"item\":\"https:\/\/le-chouka.com\/es\/\"},{\"@type\":\"ListItem\",\"position\":2,\"name\":\"Pol\u00edtica de privacidad\"}]},{\"@type\":\"WebSite\",\"@id\":\"https:\/\/le-chouka.com\/es\/#website\",\"url\":\"https:\/\/le-chouka.com\/es\/\",\"name\":\"Chouka shop: Parapente, Montagne, Plong\u00e9e\",\"description\":\"Chouka Shop: vari\u00f3metros, br\u00fajulas y accesorios para parapente, monta\u00f1a y buceo\",\"publisher\":{\"@id\":\"https:\/\/le-chouka.com\/es\/#organization\"},\"alternateName\":\"Chouka parapente & montagne\",\"potentialAction\":[{\"@type\":\"SearchAction\",\"target\":{\"@type\":\"EntryPoint\",\"urlTemplate\":\"https:\/\/le-chouka.com\/es\/?s={search_term_string}\"},\"query-input\":{\"@type\":\"PropertyValueSpecification\",\"valueRequired\":true,\"valueName\":\"search_term_string\"}}],\"inLanguage\":\"es\"},{\"@type\":\"Organization\",\"@id\":\"https:\/\/le-chouka.com\/es\/#organization\",\"name\":\"Chouka\",\"alternateName\":\"Chouka\",\"url\":\"https:\/\/le-chouka.com\/es\/\",\"logo\":{\"@type\":\"ImageObject\",\"inLanguage\":\"es\",\"@id\":\"https:\/\/le-chouka.com\/es\/#\/schema\/logo\/image\/\",\"url\":\"https:\/\/le-chouka.com\/wp-content\/uploads\/2025\/10\/logo-chouka-grand-orange.png\",\"contentUrl\":\"https:\/\/le-chouka.com\/wp-content\/uploads\/2025\/10\/logo-chouka-grand-orange.png\",\"width\":491,\"height\":424,\"caption\":\"Chouka\"},\"image\":{\"@id\":\"https:\/\/le-chouka.com\/es\/#\/schema\/logo\/image\/\"},\"sameAs\":[\"https:\/\/www.facebook.com\/le.chouka.parapente\",\"https:\/\/www.instagram.com\/chouka_parapente\"]}]}<\/script>\n<!-- \/ Yoast SEO Premium plugin. -->","yoast_head_json":{"title":"Pol\u00edtica de privacidad - Chouka Shop: Parapente, Escalada y Buceo","robots":{"index":"index","follow":"follow","max-snippet":"max-snippet:-1","max-image-preview":"max-image-preview:large","max-video-preview":"max-video-preview:-1"},"canonical":"https:\/\/le-chouka.com\/es\/politica-de-privacidad\/","og_locale":"es_ES","og_type":"article","og_title":"Pol\u00edtica de privacidad","og_description":"1. \u00bfQui\u00e9nes somos? El producto Chouka es comercializado por la empresa LOUISNARD. El sitio web est\u00e1 disponible en: https:\/\/www.le-chouka.com. 2. Uso de los datos personales recopilados 2.1 Pago en l\u00ednea Al realizar un pago en nuestro sitio web, los datos de pago no son utilizados directamente ni almacenados por Chouka. El proveedor de servicios de [&hellip;]","og_url":"https:\/\/le-chouka.com\/es\/politica-de-privacidad\/","og_site_name":"Chouka Shop: Parapente, Escalada y Buceo","article_publisher":"https:\/\/www.facebook.com\/le.chouka.parapente","article_modified_time":"2025-10-30T08:57:30+00:00","twitter_card":"summary_large_image","twitter_misc":{"Tiempo de lectura":"3 minutos"},"schema":{"@context":"https:\/\/schema.org","@graph":[{"@type":"WebPage","@id":"https:\/\/le-chouka.com\/es\/politica-de-privacidad\/","url":"https:\/\/le-chouka.com\/es\/politica-de-privacidad\/","name":"Pol\u00edtica de privacidad - Chouka Shop: Parapente, Escalada y Buceo","isPartOf":{"@id":"https:\/\/le-chouka.com\/es\/#website"},"datePublished":"2025-10-08T16:49:21+00:00","dateModified":"2025-10-30T08:57:30+00:00","breadcrumb":{"@id":"https:\/\/le-chouka.com\/es\/politica-de-privacidad\/#breadcrumb"},"inLanguage":"es","potentialAction":[{"@type":"ReadAction","target":["https:\/\/le-chouka.com\/es\/politica-de-privacidad\/"]}]},{"@type":"BreadcrumbList","@id":"https:\/\/le-chouka.com\/es\/politica-de-privacidad\/#breadcrumb","itemListElement":[{"@type":"ListItem","position":1,"name":"Inicio","item":"https:\/\/le-chouka.com\/es\/"},{"@type":"ListItem","position":2,"name":"Pol\u00edtica de privacidad"}]},{"@type":"WebSite","@id":"https:\/\/le-chouka.com\/es\/#website","url":"https:\/\/le-chouka.com\/es\/","name":"Chouka shop: Parapente, Montagne, Plong\u00e9e","description":"Chouka Shop: vari\u00f3metros, br\u00fajulas y accesorios para parapente, monta\u00f1a y buceo","publisher":{"@id":"https:\/\/le-chouka.com\/es\/#organization"},"alternateName":"Chouka parapente & montagne","potentialAction":[{"@type":"SearchAction","target":{"@type":"EntryPoint","urlTemplate":"https:\/\/le-chouka.com\/es\/?s={search_term_string}"},"query-input":{"@type":"PropertyValueSpecification","valueRequired":true,"valueName":"search_term_string"}}],"inLanguage":"es"},{"@type":"Organization","@id":"https:\/\/le-chouka.com\/es\/#organization","name":"Chouka","alternateName":"Chouka","url":"https:\/\/le-chouka.com\/es\/","logo":{"@type":"ImageObject","inLanguage":"es","@id":"https:\/\/le-chouka.com\/es\/#\/schema\/logo\/image\/","url":"https:\/\/le-chouka.com\/wp-content\/uploads\/2025\/10\/logo-chouka-grand-orange.png","contentUrl":"https:\/\/le-chouka.com\/wp-content\/uploads\/2025\/10\/logo-chouka-grand-orange.png","width":491,"height":424,"caption":"Chouka"},"image":{"@id":"https:\/\/le-chouka.com\/es\/#\/schema\/logo\/image\/"},"sameAs":["https:\/\/www.facebook.com\/le.chouka.parapente","https:\/\/www.instagram.com\/chouka_parapente"]}]}},"_links":{"self":[{"href":"https:\/\/le-chouka.com\/es\/wp-json\/wp\/v2\/pages\/1285","targetHints":{"allow":["GET"]}}],"collection":[{"href":"https:\/\/le-chouka.com\/es\/wp-json\/wp\/v2\/pages"}],"about":[{"href":"https:\/\/le-chouka.com\/es\/wp-json\/wp\/v2\/types\/page"}],"author":[{"embeddable":true,"href":"https:\/\/le-chouka.com\/es\/wp-json\/wp\/v2\/users\/1"}],"replies":[{"embeddable":true,"href":"https:\/\/le-chouka.com\/es\/wp-json\/wp\/v2\/comments?post=1285"}],"version-history":[{"count":1,"href":"https:\/\/le-chouka.com\/es\/wp-json\/wp\/v2\/pages\/1285\/revisions"}],"predecessor-version":[{"id":1286,"href":"https:\/\/le-chouka.com\/es\/wp-json\/wp\/v2\/pages\/1285\/revisions\/1286"}],"wp:attachment":[{"href":"https:\/\/le-chouka.com\/es\/wp-json\/wp\/v2\/media?parent=1285"}],"curies":[{"name":"wp","href":"https:\/\/api.w.org\/{rel}","templated":true}]}}