{"id":1267,"date":"2025-10-08T18:50:38","date_gmt":"2025-10-08T16:50:38","guid":{"rendered":"https:\/\/new.le-chouka.com\/carrito\/"},"modified":"2025-11-07T16:34:50","modified_gmt":"2025-11-07T15:34:50","slug":"carrito","status":"publish","type":"page","link":"https:\/\/le-chouka.com\/es\/carrito\/","title":{"rendered":"Carrito"},"content":{"rendered":"\n<div data-block-name=\"woocommerce\/cart\" data-translated-with-w-p-m-l-t-m=\"1\" class=\"wp-block-woocommerce-cart alignwide is-loading\">\n<div data-block-name=\"woocommerce\/filled-cart-block\" data-translated-with-w-p-m-l-t-m=\"1\" class=\"wp-block-woocommerce-filled-cart-block\">\n<div data-block-name=\"woocommerce\/cart-items-block\" data-translated-with-w-p-m-l-t-m=\"1\" class=\"wp-block-woocommerce-cart-items-block\">\n<div data-block-name=\"woocommerce\/cart-line-items-block\" class=\"wp-block-woocommerce-cart-line-items-block\"><\/div>\n\n\n<\/div>\n\n\n\n<div data-block-name=\"woocommerce\/cart-totals-block\" data-translated-with-w-p-m-l-t-m=\"1\" class=\"wp-block-woocommerce-cart-totals-block\">\n<div data-block-name=\"woocommerce\/cart-order-summary-block\" data-translated-with-w-p-m-l-t-m=\"1\" class=\"wp-block-woocommerce-cart-order-summary-block\">\n<div data-block-name=\"woocommerce\/cart-order-summary-heading-block\" data-content=\"Total del carrito\" class=\"wp-block-woocommerce-cart-order-summary-heading-block\"><\/div>\n\n\n\n<div data-block-name=\"woocommerce\/cart-order-summary-coupon-form-block\" class=\"wp-block-woocommerce-cart-order-summary-coupon-form-block\"><\/div>\n\n\n\n<div data-block-name=\"woocommerce\/cart-order-summary-totals-block\" data-translated-with-w-p-m-l-t-m=\"1\" class=\"wp-block-woocommerce-cart-order-summary-totals-block\">\n<div data-block-name=\"woocommerce\/cart-order-summary-subtotal-block\" class=\"wp-block-woocommerce-cart-order-summary-subtotal-block\"><\/div>\n\n\n\n<div data-block-name=\"woocommerce\/cart-order-summary-fee-block\" class=\"wp-block-woocommerce-cart-order-summary-fee-block\"><\/div>\n\n\n\n<div data-block-name=\"woocommerce\/cart-order-summary-discount-block\" class=\"wp-block-woocommerce-cart-order-summary-discount-block\"><\/div>\n\n\n\n<div data-block-name=\"woocommerce\/cart-order-summary-shipping-block\" class=\"wp-block-woocommerce-cart-order-summary-shipping-block\"><\/div>\n\n\n\n<div data-block-name=\"woocommerce\/cart-order-summary-taxes-block\" class=\"wp-block-woocommerce-cart-order-summary-taxes-block\"><\/div>\n<\/div>\n<\/div>\n\n\n\n<div data-block-name=\"woocommerce\/cart-express-payment-block\" class=\"wp-block-woocommerce-cart-express-payment-block\"><\/div>\n\n\n\n<div data-block-name=\"woocommerce\/proceed-to-checkout-block\" class=\"wp-block-woocommerce-proceed-to-checkout-block\"><\/div>\n\n\n\n<div data-block-name=\"woocommerce\/cart-accepted-payment-methods-block\" class=\"wp-block-woocommerce-cart-accepted-payment-methods-block\"><\/div>\n<\/div>\n<\/div>\n\n\n\n<div data-block-name=\"woocommerce\/empty-cart-block\" data-translated-with-w-p-m-l-t-m=\"1\" class=\"wp-block-woocommerce-empty-cart-block\">\n<h2 class=\"wp-block-heading has-text-align-center with-empty-cart-icon wc-block-cart__empty-cart__title\">\u00a1Tu carrito est\u00e1 vac\u00edo!<\/h2>\n\n\n\n<hr class=\"wp-block-separator has-alpha-channel-opacity is-style-dots\"\/>\n\n\n\n<h2 class=\"wp-block-heading has-text-align-center\">Novedades en la tienda<\/h2>\n\n\n<div data-block-name=\"woocommerce\/product-new\" data-columns=\"4\" data-rows=\"1\" class=\"wc-block-grid wp-block-product-new wp-block-woocommerce-product-new wc-block-product-new has-4-columns\"><ul class=\"wc-block-grid__products\"><li class=\"wc-block-grid__product\">\n\t\t\t\t<a href=\"https:\/\/le-chouka.com\/es\/shop\/buceo\/clips-seguridad-conexiones-rapidas-swagelok-qc4-qc6\/\" class=\"wc-block-grid__product-link\">\n\t\t\t\t\t\n\t\t\t\t\t<div class=\"wc-block-grid__product-image\"><img loading=\"lazy\" decoding=\"async\" width=\"300\" height=\"300\" src=\"https:\/\/le-chouka.com\/wp-content\/uploads\/2025\/12\/montage-03-300x300.png\" class=\"attachment-woocommerce_thumbnail size-woocommerce_thumbnail\" alt=\"Montaje del clip de seguridad 03\" srcset=\"https:\/\/le-chouka.com\/wp-content\/uploads\/2025\/12\/montage-03-300x300.png 300w, https:\/\/le-chouka.com\/wp-content\/uploads\/2025\/12\/montage-03-150x150.png 150w, https:\/\/le-chouka.com\/wp-content\/uploads\/2025\/12\/montage-03-768x768.png 768w, https:\/\/le-chouka.com\/wp-content\/uploads\/2025\/12\/montage-03-600x600.png 600w, https:\/\/le-chouka.com\/wp-content\/uploads\/2025\/12\/montage-03-100x100.png 100w, https:\/\/le-chouka.com\/wp-content\/uploads\/2025\/12\/montage-03.png 864w\" sizes=\"auto, (max-width: 300px) 100vw, 300px\" \/><\/div>\n\t\t\t\t\t<div class=\"wc-block-grid__product-title\">Clips de seguridad para conexiones r\u00e1pidas Swagelok QC (pack de 8)<\/div>\n\t\t\t\t<\/a>\n\t\t\t\t<div class=\"wc-block-grid__product-price price\"><span class=\"woocommerce-Price-amount amount\">10&nbsp;<span class=\"woocommerce-Price-currencySymbol\">&euro;<\/span><\/span><\/div>\n\t\t\t\t<div class=\"wc-block-grid__product-rating\"><div class=\"star-rating\" role=\"img\" aria-label=\"Valorado con 5.00 de 5\"><span style=\"width:100%\">Valorado con <strong class=\"rating\">5.00<\/strong> de 5 en base a <span class=\"rating\">1<\/span> valoraci\u00f3n de un cliente<\/span><\/div><\/div>\n\t\t\t\t<div class=\"wp-block-button wc-block-grid__product-add-to-cart\"><a href=\"\/es\/wp-json\/wp\/v2\/pages\/1267?add-to-cart=10482\" aria-label=\"A\u00f1adir al carrito: &ldquo;Clips de seguridad para conexiones r\u00e1pidas Swagelok QC (pack de 8)&rdquo;\" data-quantity=\"1\" data-product_id=\"10482\" data-product_sku=\"\" data-price=\"10\" rel=\"nofollow\" class=\"wp-block-button__link wp-element-button add_to_cart_button ajax_add_to_cart\">A\u00f1adir al carrito<\/a><\/div>\n\t\t\t<\/li><li class=\"wc-block-grid__product\">\n\t\t\t\t<a href=\"https:\/\/le-chouka.com\/es\/shop\/escalada-montana-esqui\/skicycle-portaesquis-para-bicicleta\/\" class=\"wc-block-grid__product-link\">\n\t\t\t\t\t\n\t\t\t\t\t<div class=\"wc-block-grid__product-image\"><img loading=\"lazy\" decoding=\"async\" width=\"300\" height=\"300\" src=\"https:\/\/le-chouka.com\/wp-content\/uploads\/2025\/12\/skicycle-skis-rando-01-sqr-300x300.jpg\" class=\"attachment-woocommerce_thumbnail size-woocommerce_thumbnail\" alt=\"SkiCycle\" srcset=\"https:\/\/le-chouka.com\/wp-content\/uploads\/2025\/12\/skicycle-skis-rando-01-sqr-300x300.jpg 300w, https:\/\/le-chouka.com\/wp-content\/uploads\/2025\/12\/skicycle-skis-rando-01-sqr-1024x1024.jpg 1024w, https:\/\/le-chouka.com\/wp-content\/uploads\/2025\/12\/skicycle-skis-rando-01-sqr-150x150.jpg 150w, https:\/\/le-chouka.com\/wp-content\/uploads\/2025\/12\/skicycle-skis-rando-01-sqr-768x768.jpg 768w, https:\/\/le-chouka.com\/wp-content\/uploads\/2025\/12\/skicycle-skis-rando-01-sqr-1536x1536.jpg 1536w, https:\/\/le-chouka.com\/wp-content\/uploads\/2025\/12\/skicycle-skis-rando-01-sqr-2048x2048.jpg 2048w, https:\/\/le-chouka.com\/wp-content\/uploads\/2025\/12\/skicycle-skis-rando-01-sqr-600x600.jpg 600w, https:\/\/le-chouka.com\/wp-content\/uploads\/2025\/12\/skicycle-skis-rando-01-sqr-100x100.jpg 100w\" sizes=\"auto, (max-width: 300px) 100vw, 300px\" \/><\/div>\n\t\t\t\t\t<div class=\"wc-block-grid__product-title\">SkiCycle: portaesqu\u00eds para bicicleta<\/div>\n\t\t\t\t<\/a>\n\t\t\t\t<div class=\"wc-block-grid__product-price price\">desde <span class=\"woocommerce-Price-amount amount\">50&nbsp;<span class=\"woocommerce-Price-currencySymbol\">&euro;<\/span><\/span><\/div>\n\t\t\t\t<div class=\"wc-block-grid__product-rating\"><div class=\"star-rating\" role=\"img\" aria-label=\"Valorado con 5.00 de 5\"><span style=\"width:100%\">Valorado con <strong class=\"rating\">5.00<\/strong> de 5 en base a <span class=\"rating\">1<\/span> valoraci\u00f3n de un cliente<\/span><\/div><\/div>\n\t\t\t\t<div class=\"wp-block-button wc-block-grid__product-add-to-cart\"><a href=\"https:\/\/le-chouka.com\/es\/shop\/escalada-montana-esqui\/skicycle-portaesquis-para-bicicleta\/\" aria-label=\"Elige las opciones para &ldquo;SkiCycle: portaesqu\u00eds para bicicleta&rdquo;\" data-quantity=\"1\" data-product_id=\"10253\" data-product_sku=\"\" data-price=\"50\" rel=\"nofollow\" class=\"wp-block-button__link wp-element-button add_to_cart_button\">Seleccionar opciones<\/a><\/div>\n\t\t\t<\/li><li class=\"wc-block-grid__product\">\n\t\t\t\t<a href=\"https:\/\/le-chouka.com\/es\/shop\/parapente\/t-shirt-parapente-aero-lexique\/\" class=\"wc-block-grid__product-link\">\n\t\t\t\t\t<div class=\"wc-block-grid__product-onsale\">\n\t\t\t<span aria-hidden=\"true\">Oferta<\/span>\n\t\t\t<span class=\"screen-reader-text\">Producto en oferta<\/span>\n\t\t<\/div>\n\t\t\t\t\t<div class=\"wc-block-grid__product-image\"><img loading=\"lazy\" decoding=\"async\" width=\"300\" height=\"300\" src=\"https:\/\/le-chouka.com\/wp-content\/uploads\/2025\/12\/tshirt-parapente-chouka-aerolexique-bleu-stone-01_sqr-300x300.png\" class=\"attachment-woocommerce_thumbnail size-woocommerce_thumbnail\" alt=\"T-Shirt Chouka A\u00e9ro-lexique\" srcset=\"https:\/\/le-chouka.com\/wp-content\/uploads\/2025\/12\/tshirt-parapente-chouka-aerolexique-bleu-stone-01_sqr-300x300.png 300w, https:\/\/le-chouka.com\/wp-content\/uploads\/2025\/12\/tshirt-parapente-chouka-aerolexique-bleu-stone-01_sqr-150x150.png 150w, https:\/\/le-chouka.com\/wp-content\/uploads\/2025\/12\/tshirt-parapente-chouka-aerolexique-bleu-stone-01_sqr-768x768.png 768w, https:\/\/le-chouka.com\/wp-content\/uploads\/2025\/12\/tshirt-parapente-chouka-aerolexique-bleu-stone-01_sqr-600x600.png 600w, https:\/\/le-chouka.com\/wp-content\/uploads\/2025\/12\/tshirt-parapente-chouka-aerolexique-bleu-stone-01_sqr-100x100.png 100w, https:\/\/le-chouka.com\/wp-content\/uploads\/2025\/12\/tshirt-parapente-chouka-aerolexique-bleu-stone-01_sqr.png 777w\" sizes=\"auto, (max-width: 300px) 100vw, 300px\" \/><\/div>\n\t\t\t\t\t<div class=\"wc-block-grid__product-title\">T-shirt A\u00e9ro-lexique<\/div>\n\t\t\t\t<\/a>\n\t\t\t\t<div class=\"wc-block-grid__product-price price\"><del aria-hidden=\"true\"><span class=\"woocommerce-Price-amount amount\">22&nbsp;<span class=\"woocommerce-Price-currencySymbol\">&euro;<\/span><\/span><\/del> <span class=\"screen-reader-text\">El precio original era: 22&nbsp;&euro;.<\/span><ins aria-hidden=\"true\"><span class=\"woocommerce-Price-amount amount\">18&nbsp;<span class=\"woocommerce-Price-currencySymbol\">&euro;<\/span><\/span><\/ins><span class=\"screen-reader-text\">El precio actual es: 18&nbsp;&euro;.<\/span><\/div>\n\t\t\t\t\n\t\t\t\t<div class=\"wp-block-button wc-block-grid__product-add-to-cart\"><a href=\"https:\/\/le-chouka.com\/es\/shop\/parapente\/t-shirt-parapente-aero-lexique\/\" aria-label=\"Elige las opciones para &ldquo;T-shirt A\u00e9ro-lexique&rdquo;\" data-quantity=\"1\" data-product_id=\"10227\" data-product_sku=\"\" data-price=\"18\" rel=\"nofollow\" class=\"wp-block-button__link wp-element-button add_to_cart_button\">Seleccionar opciones<\/a><\/div>\n\t\t\t<\/li><li class=\"wc-block-grid__product\">\n\t\t\t\t<a href=\"https:\/\/le-chouka.com\/es\/shop\/buceo\/brujula-buceo\/\" class=\"wc-block-grid__product-link\">\n\t\t\t\t\t\n\t\t\t\t\t<div class=\"wc-block-grid__product-image\"><img loading=\"lazy\" decoding=\"async\" width=\"300\" height=\"300\" src=\"https:\/\/le-chouka.com\/wp-content\/uploads\/2025\/10\/plongee-chouka-01_sqr-300x300.jpg\" class=\"attachment-woocommerce_thumbnail size-woocommerce_thumbnail\" alt=\"Chouka Buceo\" srcset=\"https:\/\/le-chouka.com\/wp-content\/uploads\/2025\/10\/plongee-chouka-01_sqr-300x300.jpg 300w, https:\/\/le-chouka.com\/wp-content\/uploads\/2025\/10\/plongee-chouka-01_sqr-150x150.jpg 150w, https:\/\/le-chouka.com\/wp-content\/uploads\/2025\/10\/plongee-chouka-01_sqr-768x768.jpg 768w, https:\/\/le-chouka.com\/wp-content\/uploads\/2025\/10\/plongee-chouka-01_sqr-600x600.jpg 600w, https:\/\/le-chouka.com\/wp-content\/uploads\/2025\/10\/plongee-chouka-01_sqr-100x100.jpg 100w, https:\/\/le-chouka.com\/wp-content\/uploads\/2025\/10\/plongee-chouka-01_sqr.jpg 959w\" sizes=\"auto, (max-width: 300px) 100vw, 300px\" \/><\/div>\n\t\t\t\t\t<div class=\"wc-block-grid__product-title\">Br\u00fajula de buceo Chouka<\/div>\n\t\t\t\t<\/a>\n\t\t\t\t<div class=\"wc-block-grid__product-price price\"><\/div>\n\t\t\t\t\n\t\t\t\t<div class=\"wp-block-button wc-block-grid__product-add-to-cart\"><a href=\"https:\/\/le-chouka.com\/es\/shop\/buceo\/brujula-buceo\/\" aria-label=\"Lee m\u00e1s sobre &ldquo;Br\u00fajula de buceo Chouka&rdquo;\" data-quantity=\"1\" data-product_id=\"2587\" data-product_sku=\"\" data-price=\"0\" rel=\"nofollow\" class=\"wp-block-button__link wp-element-button add_to_cart_button\">Leer m\u00e1s<\/a><\/div>\n\t\t\t<\/li><\/ul><\/div><\/div>\n<\/div>\n","protected":false},"excerpt":{"rendered":"","protected":false},"author":1,"featured_media":0,"parent":0,"menu_order":0,"comment_status":"closed","ping_status":"closed","template":"","meta":{"footnotes":""},"class_list":["post-1267","page","type-page","status-publish","hentry"],"yoast_head":"<!-- This site is optimized with the Yoast SEO Premium plugin v26.1 (Yoast SEO v27.1.1) - https:\/\/yoast.com\/product\/yoast-seo-premium-wordpress\/ -->\n<title>Carrito - Chouka Shop: Parapente, Escalada y Buceo<\/title>\n<meta name=\"robots\" content=\"index, follow, max-snippet:-1, max-image-preview:large, max-video-preview:-1\" \/>\n<link rel=\"canonical\" href=\"https:\/\/le-chouka.com\/es\/carrito\/\" \/>\n<meta property=\"og:locale\" content=\"es_ES\" \/>\n<meta property=\"og:type\" content=\"article\" \/>\n<meta property=\"og:title\" content=\"Carrito\" \/>\n<meta property=\"og:url\" content=\"https:\/\/le-chouka.com\/es\/carrito\/\" \/>\n<meta property=\"og:site_name\" content=\"Chouka Shop: Parapente, Escalada y Buceo\" \/>\n<meta property=\"article:publisher\" content=\"https:\/\/www.facebook.com\/le.chouka.parapente\" \/>\n<meta property=\"article:modified_time\" content=\"2025-11-07T15:34:50+00:00\" \/>\n<meta name=\"twitter:card\" content=\"summary_large_image\" \/>\n<script type=\"application\/ld+json\" class=\"yoast-schema-graph\">{\"@context\":\"https:\/\/schema.org\",\"@graph\":[{\"@type\":\"WebPage\",\"@id\":\"https:\/\/le-chouka.com\/es\/carrito\/\",\"url\":\"https:\/\/le-chouka.com\/es\/carrito\/\",\"name\":\"Carrito - Chouka Shop: Parapente, Escalada y Buceo\",\"isPartOf\":{\"@id\":\"https:\/\/le-chouka.com\/es\/#website\"},\"datePublished\":\"2025-10-08T16:50:38+00:00\",\"dateModified\":\"2025-11-07T15:34:50+00:00\",\"breadcrumb\":{\"@id\":\"https:\/\/le-chouka.com\/es\/carrito\/#breadcrumb\"},\"inLanguage\":\"es\",\"potentialAction\":[{\"@type\":\"ReadAction\",\"target\":[\"https:\/\/le-chouka.com\/es\/carrito\/\"]}]},{\"@type\":\"BreadcrumbList\",\"@id\":\"https:\/\/le-chouka.com\/es\/carrito\/#breadcrumb\",\"itemListElement\":[{\"@type\":\"ListItem\",\"position\":1,\"name\":\"Inicio\",\"item\":\"https:\/\/le-chouka.com\/es\/\"},{\"@type\":\"ListItem\",\"position\":2,\"name\":\"Carrito\"}]},{\"@type\":\"WebSite\",\"@id\":\"https:\/\/le-chouka.com\/es\/#website\",\"url\":\"https:\/\/le-chouka.com\/es\/\",\"name\":\"Chouka shop: Parapente, Montagne, Plong\u00e9e\",\"description\":\"Chouka Shop: vari\u00f3metros, br\u00fajulas y accesorios para parapente, monta\u00f1a y buceo\",\"publisher\":{\"@id\":\"https:\/\/le-chouka.com\/es\/#organization\"},\"alternateName\":\"Chouka parapente & montagne\",\"potentialAction\":[{\"@type\":\"SearchAction\",\"target\":{\"@type\":\"EntryPoint\",\"urlTemplate\":\"https:\/\/le-chouka.com\/es\/?s={search_term_string}\"},\"query-input\":{\"@type\":\"PropertyValueSpecification\",\"valueRequired\":true,\"valueName\":\"search_term_string\"}}],\"inLanguage\":\"es\"},{\"@type\":\"Organization\",\"@id\":\"https:\/\/le-chouka.com\/es\/#organization\",\"name\":\"Chouka\",\"alternateName\":\"Chouka\",\"url\":\"https:\/\/le-chouka.com\/es\/\",\"logo\":{\"@type\":\"ImageObject\",\"inLanguage\":\"es\",\"@id\":\"https:\/\/le-chouka.com\/es\/#\/schema\/logo\/image\/\",\"url\":\"https:\/\/le-chouka.com\/wp-content\/uploads\/2025\/10\/logo-chouka-grand-orange.png\",\"contentUrl\":\"https:\/\/le-chouka.com\/wp-content\/uploads\/2025\/10\/logo-chouka-grand-orange.png\",\"width\":491,\"height\":424,\"caption\":\"Chouka\"},\"image\":{\"@id\":\"https:\/\/le-chouka.com\/es\/#\/schema\/logo\/image\/\"},\"sameAs\":[\"https:\/\/www.facebook.com\/le.chouka.parapente\",\"https:\/\/www.instagram.com\/chouka_parapente\"]}]}<\/script>\n<!-- \/ Yoast SEO Premium plugin. -->","yoast_head_json":{"title":"Carrito - Chouka Shop: Parapente, Escalada y Buceo","robots":{"index":"index","follow":"follow","max-snippet":"max-snippet:-1","max-image-preview":"max-image-preview:large","max-video-preview":"max-video-preview:-1"},"canonical":"https:\/\/le-chouka.com\/es\/carrito\/","og_locale":"es_ES","og_type":"article","og_title":"Carrito","og_url":"https:\/\/le-chouka.com\/es\/carrito\/","og_site_name":"Chouka Shop: Parapente, Escalada y Buceo","article_publisher":"https:\/\/www.facebook.com\/le.chouka.parapente","article_modified_time":"2025-11-07T15:34:50+00:00","twitter_card":"summary_large_image","schema":{"@context":"https:\/\/schema.org","@graph":[{"@type":"WebPage","@id":"https:\/\/le-chouka.com\/es\/carrito\/","url":"https:\/\/le-chouka.com\/es\/carrito\/","name":"Carrito - Chouka Shop: Parapente, Escalada y Buceo","isPartOf":{"@id":"https:\/\/le-chouka.com\/es\/#website"},"datePublished":"2025-10-08T16:50:38+00:00","dateModified":"2025-11-07T15:34:50+00:00","breadcrumb":{"@id":"https:\/\/le-chouka.com\/es\/carrito\/#breadcrumb"},"inLanguage":"es","potentialAction":[{"@type":"ReadAction","target":["https:\/\/le-chouka.com\/es\/carrito\/"]}]},{"@type":"BreadcrumbList","@id":"https:\/\/le-chouka.com\/es\/carrito\/#breadcrumb","itemListElement":[{"@type":"ListItem","position":1,"name":"Inicio","item":"https:\/\/le-chouka.com\/es\/"},{"@type":"ListItem","position":2,"name":"Carrito"}]},{"@type":"WebSite","@id":"https:\/\/le-chouka.com\/es\/#website","url":"https:\/\/le-chouka.com\/es\/","name":"Chouka shop: Parapente, Montagne, Plong\u00e9e","description":"Chouka Shop: vari\u00f3metros, br\u00fajulas y accesorios para parapente, monta\u00f1a y buceo","publisher":{"@id":"https:\/\/le-chouka.com\/es\/#organization"},"alternateName":"Chouka parapente & montagne","potentialAction":[{"@type":"SearchAction","target":{"@type":"EntryPoint","urlTemplate":"https:\/\/le-chouka.com\/es\/?s={search_term_string}"},"query-input":{"@type":"PropertyValueSpecification","valueRequired":true,"valueName":"search_term_string"}}],"inLanguage":"es"},{"@type":"Organization","@id":"https:\/\/le-chouka.com\/es\/#organization","name":"Chouka","alternateName":"Chouka","url":"https:\/\/le-chouka.com\/es\/","logo":{"@type":"ImageObject","inLanguage":"es","@id":"https:\/\/le-chouka.com\/es\/#\/schema\/logo\/image\/","url":"https:\/\/le-chouka.com\/wp-content\/uploads\/2025\/10\/logo-chouka-grand-orange.png","contentUrl":"https:\/\/le-chouka.com\/wp-content\/uploads\/2025\/10\/logo-chouka-grand-orange.png","width":491,"height":424,"caption":"Chouka"},"image":{"@id":"https:\/\/le-chouka.com\/es\/#\/schema\/logo\/image\/"},"sameAs":["https:\/\/www.facebook.com\/le.chouka.parapente","https:\/\/www.instagram.com\/chouka_parapente"]}]}},"_links":{"self":[{"href":"https:\/\/le-chouka.com\/es\/wp-json\/wp\/v2\/pages\/1267","targetHints":{"allow":["GET"]}}],"collection":[{"href":"https:\/\/le-chouka.com\/es\/wp-json\/wp\/v2\/pages"}],"about":[{"href":"https:\/\/le-chouka.com\/es\/wp-json\/wp\/v2\/types\/page"}],"author":[{"embeddable":true,"href":"https:\/\/le-chouka.com\/es\/wp-json\/wp\/v2\/users\/1"}],"replies":[{"embeddable":true,"href":"https:\/\/le-chouka.com\/es\/wp-json\/wp\/v2\/comments?post=1267"}],"version-history":[{"count":2,"href":"https:\/\/le-chouka.com\/es\/wp-json\/wp\/v2\/pages\/1267\/revisions"}],"predecessor-version":[{"id":2639,"href":"https:\/\/le-chouka.com\/es\/wp-json\/wp\/v2\/pages\/1267\/revisions\/2639"}],"wp:attachment":[{"href":"https:\/\/le-chouka.com\/es\/wp-json\/wp\/v2\/media?parent=1267"}],"curies":[{"name":"wp","href":"https:\/\/api.w.org\/{rel}","templated":true}]}}