{"id":1246,"date":"2025-10-10T22:59:53","date_gmt":"2025-10-10T20:59:53","guid":{"rendered":"https:\/\/new.le-chouka.com\/es-buceo\/"},"modified":"2025-11-13T14:29:06","modified_gmt":"2025-11-13T13:29:06","slug":"buceo","status":"publish","type":"page","link":"https:\/\/le-chouka.com\/es\/buceo\/","title":{"rendered":"Tienda de Buceo"},"content":{"rendered":"\n<div data-wp-context=\"{&quot;notices&quot;:[],&quot;hideNextPreviousButtons&quot;:false,&quot;isDisabledPrevious&quot;:true,&quot;isDisabledNext&quot;:false,&quot;ariaLabelPrevious&quot;:&quot;Productos anteriores&quot;,&quot;ariaLabelNext&quot;:&quot;Productos siguientes&quot;,&quot;collection&quot;:&quot;woocommerce\\\/product-collection\\\/by-category&quot;}\" data-wp-init=\"callbacks.onRender\" data-wp-interactive=\"woocommerce\/product-collection\" data-wp-router-region=\"wc-product-collection-1\" data-__private-preview-state=\"{&quot;isPreview&quot;:false,&quot;previewMessage&quot;:&quot;Les produits d\\u00e9pendront de la page consult\\u00e9e.&quot;}\" data-block-name=\"woocommerce\/product-collection\" data-collection=\"woocommerce\/product-collection\/by-category\" data-dimensions=\"{&quot;widthType&quot;:&quot;fill&quot;}\" data-display-layout=\"{&quot;type&quot;:&quot;flex&quot;,&quot;columns&quot;:2,&quot;shrinkColumns&quot;:true}\" data-hide-controls=\"[&quot;inherit&quot;,&quot;hand-picked&quot;,&quot;filterable&quot;]\" data-query-context-includes=\"[&quot;collection&quot;]\" data-query-id=\"1\" data-query=\"{&quot;perPage&quot;:50,&quot;pages&quot;:0,&quot;offset&quot;:0,&quot;postType&quot;:&quot;product&quot;,&quot;order&quot;:&quot;asc&quot;,&quot;orderBy&quot;:&quot;menu_order&quot;,&quot;search&quot;:&quot;&quot;,&quot;exclude&quot;:[],&quot;inherit&quot;:false,&quot;taxQuery&quot;:{&quot;product_cat&quot;:[42]},&quot;isProductCollectionBlock&quot;:true,&quot;featured&quot;:false,&quot;woocommerceOnSale&quot;:false,&quot;woocommerceStockStatus&quot;:[&quot;instock&quot;,&quot;outofstock&quot;,&quot;onbackorder&quot;],&quot;woocommerceAttributes&quot;:[],&quot;woocommerceHandPickedProducts&quot;:[],&quot;filterable&quot;:false,&quot;relatedBy&quot;:{&quot;categories&quot;:true,&quot;tags&quot;:true}}\" data-tag-name=\"div\" data-translated-with-w-p-m-l-t-m=\"1\" class=\"wp-block-woocommerce-product-collection is-layout-flow wp-block-woocommerce-product-collection-is-layout-flow\">\t\t<div data-wp-interactive=\"woocommerce\/store-notices\" class=\"wc-block-components-notices alignwide\">\n\t\t\t<template data-wp-each--notice=\"state.notices\" data-wp-each-key=\"context.notice.id\">\n\t\t\t\t<div\n\t\t\t\t\tclass=\"wc-block-components-notice-banner\"\n\t\t\t\t\tdata-wp-init=\"callbacks.scrollIntoView\"\n\t\t\t\t\tdata-wp-class--is-error=\"state.isError\"\n\t\t\t\t\tdata-wp-class--is-success =\"state.isSuccess\"\n\t\t\t\t\tdata-wp-class--is-info=\"state.isInfo\"\n\t\t\t\t\tdata-wp-class--is-dismissible=\"context.notice.dismissible\"\n\t\t\t\t\tdata-wp-bind--role=\"state.role\"\n\t\t\t\t>\n\t\t\t\t\t<svg xmlns=\"http:\/\/www.w3.org\/2000\/svg\" viewBox=\"0 0 24 24\" width=\"24\" height=\"24\" aria-hidden=\"true\" focusable=\"false\">\n\t\t\t\t\t\t<path data-wp-bind--d=\"state.iconPath\"><\/path>\n\t\t\t\t\t<\/svg>\n\t\t\t\t\t<div class=\"wc-block-components-notice-banner__content\">\n\t\t\t\t\t\t<span data-wp-init=\"callbacks.renderNoticeContent\" aria-live=\"assertive\" aria-atomic=\"true\"><\/span>\n\t\t\t\t\t<\/div>\n\t\t\t\t\t<button\n\t\t\t\t\t\tdata-wp-bind--hidden=\"!context.notice.dismissible\"\n\t\t\t\t\t\tclass=\"wc-block-components-button wp-element-button wc-block-components-notice-banner__dismiss contained\"\n\t\t\t\t\t\taria-label=\"Descartar este aviso\"\n\t\t\t\t\t\tdata-wp-on--click=\"actions.removeNotice\"\n\t\t\t\t\t>\n\t\t\t\t\t\t<svg xmlns=\"http:\/\/www.w3.org\/2000\/svg\" viewBox=\"0 0 24 24\">\n\t\t\t\t\t\t\t<path d=\"M13 11.8l6.1-6.3-1-1-6.1 6.2-6.1-6.2-1 1 6.1 6.3-6.5 6.7 1 1 6.5-6.6 6.5 6.6 1-1z\" \/>\n\t\t\t\t\t\t<\/svg>\n\t\t\t\t\t<\/button>\n\t\t\t\t<\/div>\n\t\t\t<\/template>\n\t\t<\/div>\n\t\t<ul data-block-name=\"woocommerce\/product-template\" class=\"wc-block-product-template__responsive columns-2 wc-block-product-template wp-block-woocommerce-product-template is-layout-flow wp-block-woocommerce-product-template-is-layout-flow\" data-wp-on--scroll=\"actions.watchScroll\" data-wp-init=\"callbacks.initResizeObserver\"><li class=\"wc-block-product post-2587 product type-product status-publish has-post-thumbnail product_cat-buceo first outofstock taxable shipping-taxable product-type-simple\"\n\t\t\t\t\t\n\t\t\t\tdata-wp-interactive=\"woocommerce\/product-collection\"\n\t\t\t\tdata-wp-context='{\"productId\":2587}'\n\t\t\t\tdata-wp-key=\"product-item-2587\"\n\t\t\t\n\t\t\t\t>\n\t\t\t\t\t\n<div data-block-name=\"woocommerce\/product-image\" data-image-sizing=\"thumbnail\" data-is-descendent-of-query-loop=\"true\" data-show-sale-badge=\"false\" class=\"wc-block-components-product-image wc-block-grid__product-image wc-block-components-product-image--aspect-ratio-auto wp-block-woocommerce-product-image\"><a href=\"https:\/\/le-chouka.com\/es\/shop\/buceo\/brujula-buceo\/\" style=\"\" data-wp-on--click=\"woocommerce\/product-collection::actions.viewProduct\"><img loading=\"lazy\" decoding=\"async\" width=\"300\" height=\"300\" src=\"https:\/\/le-chouka.com\/wp-content\/uploads\/2025\/10\/plongee-chouka-01_sqr-300x300.jpg\" class=\"attachment-woocommerce_thumbnail size-woocommerce_thumbnail\" alt=\"Chouka Buceo\" data-testid=\"product-image\" data-image-id=\"2582\" style=\"object-fit:cover;\" srcset=\"https:\/\/le-chouka.com\/wp-content\/uploads\/2025\/10\/plongee-chouka-01_sqr-300x300.jpg 300w, https:\/\/le-chouka.com\/wp-content\/uploads\/2025\/10\/plongee-chouka-01_sqr-150x150.jpg 150w, https:\/\/le-chouka.com\/wp-content\/uploads\/2025\/10\/plongee-chouka-01_sqr-768x768.jpg 768w, https:\/\/le-chouka.com\/wp-content\/uploads\/2025\/10\/plongee-chouka-01_sqr-600x600.jpg 600w, https:\/\/le-chouka.com\/wp-content\/uploads\/2025\/10\/plongee-chouka-01_sqr-100x100.jpg 100w, https:\/\/le-chouka.com\/wp-content\/uploads\/2025\/10\/plongee-chouka-01_sqr.jpg 959w\" sizes=\"auto, (max-width: 300px) 100vw, 300px\" \/><div class=\"wc-block-components-product-image__inner-container\">\n\n<\/div><\/a><\/div>\n\n<h2 style=\"line-height:1.4; margin-bottom:0.75rem;margin-top:0;\" class=\"has-text-align-center my-grid-product-title-big wp-block-post-title has-medium-font-size\"><a data-wp-on--click=\"woocommerce\/product-collection::actions.viewProduct\" href=\"https:\/\/le-chouka.com\/es\/shop\/buceo\/brujula-buceo\/\" target=\"_self\" >Br\u00fajula de buceo Chouka<\/a><\/h2>\n\n\n\n<div data-block-name=\"woocommerce\/product-price\" data-font-size=\"small\" data-is-descendent-of-query-loop=\"true\" data-text-align=\"center\" class=\"has-font-size has-small-font-size has-text-align-center my-grid-product-price-big my-grid-product-price-big wp-block-woocommerce-product-price has-small-font-size\" ><div class=\"wc-block-components-product-price wc-block-grid__product-price\" >\n\t\t\t\t\t\n\t\t\t\t<\/div><\/div>\n\n<div data-block-name=\"woocommerce\/product-button\" data-font-size=\"small\" data-is-descendent-of-query-loop=\"true\" data-text-align=\"center\" class=\"wp-block-button wc-block-components-product-button   align-center wp-block-woocommerce-product-button has-small-font-size\"\n\t\t\t\t\t\n\t\t\t\t\tdata-wp-context='{\"quantityToAdd\":1,\"productId\":2587,\"productType\":\"simple\",\"addToCartText\":\"Leer m\\u00e1s\",\"tempQuantity\":0,\"animationStatus\":\"IDLE\",\"inTheCartText\":\"### en el carrito\",\"noticeId\":\"\",\"hasPressedButton\":false}'\n\t\t\t\t>\n\t\t\t\t\t<a\n\t\t\t\t\t\tclass=\"wp-block-button__link wp-element-button wc-block-components-product-button__button product_type_simple has-font-size has-small-font-size has-text-align-center wc-interactive\"\n\t\t\t\t\t\tstyle=\"\"\n\t\t\t\t\t\thref=\"https:\/\/le-chouka.com\/es\/shop\/buceo\/brujula-buceo\/\" rel=\"nofollow\" data-product_id=\"2587\" data-product_sku=\"\" aria-label=\"Lee m\u00e1s sobre &ldquo;Br\u00fajula de buceo Chouka&rdquo;\"\n\t\t\t\t\t\tdata-wp-on--click=\"woocommerce\/product-collection::actions.viewProduct\"\n\t\t\t\t\t>\n\t\t\t\t\t<span >Leer m\u00e1s<\/span>\n\t\t\t\t\t<\/a>\n\t\t\t\t\t\n\t\t\t\t<\/div>\n\n\t\t\t\t<\/li><li class=\"wc-block-product post-10482 product type-product status-publish has-post-thumbnail product_cat-buceo  instock taxable shipping-taxable purchasable product-type-simple\"\n\t\t\t\t\t\n\t\t\t\tdata-wp-interactive=\"woocommerce\/product-collection\"\n\t\t\t\tdata-wp-context='{\"productId\":10482}'\n\t\t\t\tdata-wp-key=\"product-item-10482\"\n\t\t\t\n\t\t\t\t>\n\t\t\t\t\t\n<div data-block-name=\"woocommerce\/product-image\" data-image-sizing=\"thumbnail\" data-is-descendent-of-query-loop=\"true\" data-show-sale-badge=\"false\" class=\"wc-block-components-product-image wc-block-grid__product-image wc-block-components-product-image--aspect-ratio-auto wp-block-woocommerce-product-image\"><a href=\"https:\/\/le-chouka.com\/es\/shop\/buceo\/clips-seguridad-conexiones-rapidas-swagelok-qc4-qc6\/\" style=\"\" data-wp-on--click=\"woocommerce\/product-collection::actions.viewProduct\"><img loading=\"lazy\" decoding=\"async\" width=\"300\" height=\"300\" src=\"https:\/\/le-chouka.com\/wp-content\/uploads\/2025\/12\/montage-03-300x300.png\" class=\"attachment-woocommerce_thumbnail size-woocommerce_thumbnail\" alt=\"Montaje del clip de seguridad 03\" data-testid=\"product-image\" data-image-id=\"10460\" style=\"object-fit:cover;\" srcset=\"https:\/\/le-chouka.com\/wp-content\/uploads\/2025\/12\/montage-03-300x300.png 300w, https:\/\/le-chouka.com\/wp-content\/uploads\/2025\/12\/montage-03-150x150.png 150w, https:\/\/le-chouka.com\/wp-content\/uploads\/2025\/12\/montage-03-768x768.png 768w, https:\/\/le-chouka.com\/wp-content\/uploads\/2025\/12\/montage-03-600x600.png 600w, https:\/\/le-chouka.com\/wp-content\/uploads\/2025\/12\/montage-03-100x100.png 100w, https:\/\/le-chouka.com\/wp-content\/uploads\/2025\/12\/montage-03.png 864w\" sizes=\"auto, (max-width: 300px) 100vw, 300px\" \/><div class=\"wc-block-components-product-image__inner-container\">\n\n<\/div><\/a><\/div>\n\n<h2 style=\"line-height:1.4; margin-bottom:0.75rem;margin-top:0;\" class=\"has-text-align-center my-grid-product-title-big wp-block-post-title has-medium-font-size\"><a data-wp-on--click=\"woocommerce\/product-collection::actions.viewProduct\" href=\"https:\/\/le-chouka.com\/es\/shop\/buceo\/clips-seguridad-conexiones-rapidas-swagelok-qc4-qc6\/\" target=\"_self\" >Clips de seguridad para conexiones r\u00e1pidas Swagelok QC (pack de 8)<\/a><\/h2>\n\n<div data-block-name=\"woocommerce\/product-rating\" data-is-descendent-of-query-loop=\"true\" data-text-align=\"center\" class=\"wc-block-components-product-rating wc-block-grid__product-rating has-text-align-center has-text-align-center wp-block-woocommerce-product-rating\">\n\t\t\t\t\t<div class=\"wc-block-components-product-rating__container\">\n\t\t\t\t\t\t\t<div class=\"wc-block-components-product-rating__stars wc-block-grid__product-rating__stars\" role=\"img\" aria-label=\"Valorado con 5.00 de 5\">\n\t\t\t\t\t\t\t\t<span style=\"width:100%\">Valorado con <strong class=\"rating\">5.00<\/strong> de 5 en base a <span class=\"rating\">1<\/span> valoraci\u00f3n de un cliente<\/span>\n\t\t\t\t\t\t\t<\/div>\n\t\t\t\t\t\t\t\n\t\t\t\t\t\t<\/div>\n\t\t\t\t\t\t\n\t\t\t\t<\/div>\n\n<div data-block-name=\"woocommerce\/product-price\" data-font-size=\"small\" data-is-descendent-of-query-loop=\"true\" data-text-align=\"center\" class=\"has-font-size has-small-font-size has-text-align-center my-grid-product-price-big my-grid-product-price-big wp-block-woocommerce-product-price has-small-font-size\" ><div class=\"wc-block-components-product-price wc-block-grid__product-price\" >\n\t\t\t\t\t<span class=\"woocommerce-Price-amount amount\"><bdi>10&nbsp;<span class=\"woocommerce-Price-currencySymbol\">&euro;<\/span><\/bdi><\/span>\n\t\t\t\t<\/div><\/div>\n\n<div data-block-name=\"woocommerce\/product-button\" data-font-size=\"small\" data-is-descendent-of-query-loop=\"true\" data-text-align=\"center\" class=\"wp-block-button wc-block-components-product-button   align-center wp-block-woocommerce-product-button has-small-font-size\"\n\t\t\t\t\t\n\t\t\t\t\tdata-wp-context='{\"quantityToAdd\":1,\"productId\":10482,\"productType\":\"simple\",\"addToCartText\":\"A\\u00f1adir al carrito\",\"tempQuantity\":0,\"animationStatus\":\"IDLE\",\"inTheCartText\":\"### en el carrito\",\"noticeId\":\"\",\"hasPressedButton\":false}'\n\t\t\t\t>\n\t\t\t\t\t<a\n\t\t\t\t\t\tclass=\"wp-block-button__link wp-element-button wc-block-components-product-button__button add_to_cart_button product_type_simple has-font-size has-small-font-size has-text-align-center wc-interactive\"\n\t\t\t\t\t\tstyle=\"\"\n\t\t\t\t\t\thref=\"\/es\/wp-json\/wp\/v2\/pages\/1246?add-to-cart=10482\" rel=\"nofollow\" data-product_id=\"10482\" data-product_sku=\"\" aria-label=\"A\u00f1adir al carrito: &ldquo;Clips de seguridad para conexiones r\u00e1pidas Swagelok QC (pack de 8)&rdquo;\"\n\t\t\t\t\t\tdata-wp-on--click=\"woocommerce\/product-collection::actions.viewProduct\"\n\t\t\t\t\t>\n\t\t\t\t\t<span >A\u00f1adir al carrito<\/span>\n\t\t\t\t\t<\/a>\n\t\t\t\t\t\n\t\t\t\t<\/div>\n\n\t\t\t\t<\/li><li class=\"wc-block-product post-1680 product type-product status-publish has-post-thumbnail product_cat-accesorios product_cat-buceo product_cat-escalada-montana-esqui product_cat-parapente last instock taxable shipping-taxable purchasable product-type-simple\"\n\t\t\t\t\t\n\t\t\t\tdata-wp-interactive=\"woocommerce\/product-collection\"\n\t\t\t\tdata-wp-context='{\"productId\":1680}'\n\t\t\t\tdata-wp-key=\"product-item-1680\"\n\t\t\t\n\t\t\t\t>\n\t\t\t\t\t\n<div data-block-name=\"woocommerce\/product-image\" data-image-sizing=\"thumbnail\" data-is-descendent-of-query-loop=\"true\" data-show-sale-badge=\"false\" class=\"wc-block-components-product-image wc-block-grid__product-image wc-block-components-product-image--aspect-ratio-auto wp-block-woocommerce-product-image\"><a href=\"https:\/\/le-chouka.com\/es\/shop\/parapente\/accesorios\/mini-mosquetones-accesorios-ultraligeros\/\" style=\"\" data-wp-on--click=\"woocommerce\/product-collection::actions.viewProduct\"><img loading=\"lazy\" decoding=\"async\" width=\"300\" height=\"300\" src=\"https:\/\/le-chouka.com\/wp-content\/uploads\/2025\/10\/mousqueton-chouka-x4-01-scaled-300x300.jpg\" class=\"attachment-woocommerce_thumbnail size-woocommerce_thumbnail\" alt=\"Pack de 4 mini mosquetones Chouka\" data-testid=\"product-image\" data-image-id=\"1669\" style=\"object-fit:cover;\" srcset=\"https:\/\/le-chouka.com\/wp-content\/uploads\/2025\/10\/mousqueton-chouka-x4-01-300x300.jpg 300w, https:\/\/le-chouka.com\/wp-content\/uploads\/2025\/10\/mousqueton-chouka-x4-01-scaled-100x100.jpg 100w, https:\/\/le-chouka.com\/wp-content\/uploads\/2025\/10\/mousqueton-chouka-x4-01-scaled-600x600.jpg 600w, https:\/\/le-chouka.com\/wp-content\/uploads\/2025\/10\/mousqueton-chouka-x4-01-1024x1024.jpg 1024w, https:\/\/le-chouka.com\/wp-content\/uploads\/2025\/10\/mousqueton-chouka-x4-01-150x150.jpg 150w, https:\/\/le-chouka.com\/wp-content\/uploads\/2025\/10\/mousqueton-chouka-x4-01-768x768.jpg 768w, https:\/\/le-chouka.com\/wp-content\/uploads\/2025\/10\/mousqueton-chouka-x4-01-1536x1536.jpg 1536w, https:\/\/le-chouka.com\/wp-content\/uploads\/2025\/10\/mousqueton-chouka-x4-01-2048x2048.jpg 2048w\" sizes=\"auto, (max-width: 300px) 100vw, 300px\" \/><div class=\"wc-block-components-product-image__inner-container\">\n\n<\/div><\/a><\/div>\n\n<h2 style=\"line-height:1.4; margin-bottom:0.75rem;margin-top:0;\" class=\"has-text-align-center my-grid-product-title-big wp-block-post-title has-medium-font-size\"><a data-wp-on--click=\"woocommerce\/product-collection::actions.viewProduct\" href=\"https:\/\/le-chouka.com\/es\/shop\/parapente\/accesorios\/mini-mosquetones-accesorios-ultraligeros\/\" target=\"_self\" >Pack de 4 mini mosquetones ultraligeros<\/a><\/h2>\n\n\n\n<div data-block-name=\"woocommerce\/product-price\" data-font-size=\"small\" data-is-descendent-of-query-loop=\"true\" data-text-align=\"center\" class=\"has-font-size has-small-font-size has-text-align-center my-grid-product-price-big my-grid-product-price-big wp-block-woocommerce-product-price has-small-font-size\" ><div class=\"wc-block-components-product-price wc-block-grid__product-price\" >\n\t\t\t\t\t<span class=\"woocommerce-Price-amount amount\"><bdi>8&nbsp;<span class=\"woocommerce-Price-currencySymbol\">&euro;<\/span><\/bdi><\/span>\n\t\t\t\t<\/div><\/div>\n\n<div data-block-name=\"woocommerce\/product-button\" data-font-size=\"small\" data-is-descendent-of-query-loop=\"true\" data-text-align=\"center\" class=\"wp-block-button wc-block-components-product-button   align-center wp-block-woocommerce-product-button has-small-font-size\"\n\t\t\t\t\t\n\t\t\t\t\tdata-wp-context='{\"quantityToAdd\":1,\"productId\":1680,\"productType\":\"simple\",\"addToCartText\":\"A\\u00f1adir al carrito\",\"tempQuantity\":0,\"animationStatus\":\"IDLE\",\"inTheCartText\":\"### en el carrito\",\"noticeId\":\"\",\"hasPressedButton\":false}'\n\t\t\t\t>\n\t\t\t\t\t<a\n\t\t\t\t\t\tclass=\"wp-block-button__link wp-element-button wc-block-components-product-button__button add_to_cart_button product_type_simple has-font-size has-small-font-size has-text-align-center wc-interactive\"\n\t\t\t\t\t\tstyle=\"\"\n\t\t\t\t\t\thref=\"\/es\/wp-json\/wp\/v2\/pages\/1246?add-to-cart=1680\" rel=\"nofollow\" data-product_id=\"1680\" data-product_sku=\"\" aria-label=\"A\u00f1adir al carrito: &ldquo;Pack de 4 mini mosquetones ultraligeros&rdquo;\"\n\t\t\t\t\t\tdata-wp-on--click=\"woocommerce\/product-collection::actions.viewProduct\"\n\t\t\t\t\t>\n\t\t\t\t\t<span >A\u00f1adir al carrito<\/span>\n\t\t\t\t\t<\/a>\n\t\t\t\t\t\n\t\t\t\t<\/div>\n\n\t\t\t\t<\/li><\/ul>\n\n<\/div>\n","protected":false},"excerpt":{"rendered":"","protected":false},"author":1,"featured_media":0,"parent":0,"menu_order":0,"comment_status":"closed","ping_status":"closed","template":"","meta":{"footnotes":""},"class_list":["post-1246","page","type-page","status-publish","hentry"],"yoast_head":"<!-- This site is optimized with the Yoast SEO Premium plugin v26.1 (Yoast SEO v27.1.1) - https:\/\/yoast.com\/product\/yoast-seo-premium-wordpress\/ -->\n<title>Chouka Buceo \u2013 Br\u00fajulas, accesorios...<\/title>\n<meta name=\"description\" content=\"Venta directa de nuestros accesorios de buceo en nuestra tienda online. Descubre la br\u00fajula de buceo Chouka.\" \/>\n<meta name=\"robots\" content=\"index, follow, max-snippet:-1, max-image-preview:large, max-video-preview:-1\" \/>\n<link rel=\"canonical\" href=\"https:\/\/le-chouka.com\/es\/buceo\/\" \/>\n<meta property=\"og:locale\" content=\"es_ES\" \/>\n<meta property=\"og:type\" content=\"article\" \/>\n<meta property=\"og:title\" content=\"Tienda de Buceo\" \/>\n<meta property=\"og:description\" content=\"Venta directa de nuestros accesorios de buceo en nuestra tienda online. Descubre la br\u00fajula de buceo Chouka.\" \/>\n<meta property=\"og:url\" content=\"https:\/\/le-chouka.com\/es\/buceo\/\" \/>\n<meta property=\"og:site_name\" content=\"Chouka Shop: Parapente, Escalada y Buceo\" \/>\n<meta property=\"article:publisher\" content=\"https:\/\/www.facebook.com\/le.chouka.parapente\" \/>\n<meta property=\"article:modified_time\" content=\"2025-11-13T13:29:06+00:00\" \/>\n<meta name=\"twitter:card\" content=\"summary_large_image\" \/>\n<script type=\"application\/ld+json\" class=\"yoast-schema-graph\">{\"@context\":\"https:\/\/schema.org\",\"@graph\":[{\"@type\":\"WebPage\",\"@id\":\"https:\/\/le-chouka.com\/es\/buceo\/\",\"url\":\"https:\/\/le-chouka.com\/es\/buceo\/\",\"name\":\"Chouka Buceo \u2013 Br\u00fajulas, accesorios...\",\"isPartOf\":{\"@id\":\"https:\/\/le-chouka.com\/es\/#website\"},\"datePublished\":\"2025-10-10T20:59:53+00:00\",\"dateModified\":\"2025-11-13T13:29:06+00:00\",\"description\":\"Venta directa de nuestros accesorios de buceo en nuestra tienda online. Descubre la br\u00fajula de buceo Chouka.\",\"breadcrumb\":{\"@id\":\"https:\/\/le-chouka.com\/es\/buceo\/#breadcrumb\"},\"inLanguage\":\"es\",\"potentialAction\":[{\"@type\":\"ReadAction\",\"target\":[\"https:\/\/le-chouka.com\/es\/buceo\/\"]}]},{\"@type\":\"BreadcrumbList\",\"@id\":\"https:\/\/le-chouka.com\/es\/buceo\/#breadcrumb\",\"itemListElement\":[{\"@type\":\"ListItem\",\"position\":1,\"name\":\"Inicio\",\"item\":\"https:\/\/le-chouka.com\/es\/\"},{\"@type\":\"ListItem\",\"position\":2,\"name\":\"Tienda de Buceo\"}]},{\"@type\":\"WebSite\",\"@id\":\"https:\/\/le-chouka.com\/es\/#website\",\"url\":\"https:\/\/le-chouka.com\/es\/\",\"name\":\"Chouka shop: Parapente, Montagne, Plong\u00e9e\",\"description\":\"Chouka Shop: vari\u00f3metros, br\u00fajulas y accesorios para parapente, monta\u00f1a y buceo\",\"publisher\":{\"@id\":\"https:\/\/le-chouka.com\/es\/#organization\"},\"alternateName\":\"Chouka parapente & montagne\",\"potentialAction\":[{\"@type\":\"SearchAction\",\"target\":{\"@type\":\"EntryPoint\",\"urlTemplate\":\"https:\/\/le-chouka.com\/es\/?s={search_term_string}\"},\"query-input\":{\"@type\":\"PropertyValueSpecification\",\"valueRequired\":true,\"valueName\":\"search_term_string\"}}],\"inLanguage\":\"es\"},{\"@type\":\"Organization\",\"@id\":\"https:\/\/le-chouka.com\/es\/#organization\",\"name\":\"Chouka\",\"alternateName\":\"Chouka\",\"url\":\"https:\/\/le-chouka.com\/es\/\",\"logo\":{\"@type\":\"ImageObject\",\"inLanguage\":\"es\",\"@id\":\"https:\/\/le-chouka.com\/es\/#\/schema\/logo\/image\/\",\"url\":\"https:\/\/le-chouka.com\/wp-content\/uploads\/2025\/10\/logo-chouka-grand-orange.png\",\"contentUrl\":\"https:\/\/le-chouka.com\/wp-content\/uploads\/2025\/10\/logo-chouka-grand-orange.png\",\"width\":491,\"height\":424,\"caption\":\"Chouka\"},\"image\":{\"@id\":\"https:\/\/le-chouka.com\/es\/#\/schema\/logo\/image\/\"},\"sameAs\":[\"https:\/\/www.facebook.com\/le.chouka.parapente\",\"https:\/\/www.instagram.com\/chouka_parapente\"]}]}<\/script>\n<!-- \/ Yoast SEO Premium plugin. -->","yoast_head_json":{"title":"Chouka Buceo \u2013 Br\u00fajulas, accesorios...","description":"Venta directa de nuestros accesorios de buceo en nuestra tienda online. Descubre la br\u00fajula de buceo Chouka.","robots":{"index":"index","follow":"follow","max-snippet":"max-snippet:-1","max-image-preview":"max-image-preview:large","max-video-preview":"max-video-preview:-1"},"canonical":"https:\/\/le-chouka.com\/es\/buceo\/","og_locale":"es_ES","og_type":"article","og_title":"Tienda de Buceo","og_description":"Venta directa de nuestros accesorios de buceo en nuestra tienda online. Descubre la br\u00fajula de buceo Chouka.","og_url":"https:\/\/le-chouka.com\/es\/buceo\/","og_site_name":"Chouka Shop: Parapente, Escalada y Buceo","article_publisher":"https:\/\/www.facebook.com\/le.chouka.parapente","article_modified_time":"2025-11-13T13:29:06+00:00","twitter_card":"summary_large_image","schema":{"@context":"https:\/\/schema.org","@graph":[{"@type":"WebPage","@id":"https:\/\/le-chouka.com\/es\/buceo\/","url":"https:\/\/le-chouka.com\/es\/buceo\/","name":"Chouka Buceo \u2013 Br\u00fajulas, accesorios...","isPartOf":{"@id":"https:\/\/le-chouka.com\/es\/#website"},"datePublished":"2025-10-10T20:59:53+00:00","dateModified":"2025-11-13T13:29:06+00:00","description":"Venta directa de nuestros accesorios de buceo en nuestra tienda online. Descubre la br\u00fajula de buceo Chouka.","breadcrumb":{"@id":"https:\/\/le-chouka.com\/es\/buceo\/#breadcrumb"},"inLanguage":"es","potentialAction":[{"@type":"ReadAction","target":["https:\/\/le-chouka.com\/es\/buceo\/"]}]},{"@type":"BreadcrumbList","@id":"https:\/\/le-chouka.com\/es\/buceo\/#breadcrumb","itemListElement":[{"@type":"ListItem","position":1,"name":"Inicio","item":"https:\/\/le-chouka.com\/es\/"},{"@type":"ListItem","position":2,"name":"Tienda de Buceo"}]},{"@type":"WebSite","@id":"https:\/\/le-chouka.com\/es\/#website","url":"https:\/\/le-chouka.com\/es\/","name":"Chouka shop: Parapente, Montagne, Plong\u00e9e","description":"Chouka Shop: vari\u00f3metros, br\u00fajulas y accesorios para parapente, monta\u00f1a y buceo","publisher":{"@id":"https:\/\/le-chouka.com\/es\/#organization"},"alternateName":"Chouka parapente & montagne","potentialAction":[{"@type":"SearchAction","target":{"@type":"EntryPoint","urlTemplate":"https:\/\/le-chouka.com\/es\/?s={search_term_string}"},"query-input":{"@type":"PropertyValueSpecification","valueRequired":true,"valueName":"search_term_string"}}],"inLanguage":"es"},{"@type":"Organization","@id":"https:\/\/le-chouka.com\/es\/#organization","name":"Chouka","alternateName":"Chouka","url":"https:\/\/le-chouka.com\/es\/","logo":{"@type":"ImageObject","inLanguage":"es","@id":"https:\/\/le-chouka.com\/es\/#\/schema\/logo\/image\/","url":"https:\/\/le-chouka.com\/wp-content\/uploads\/2025\/10\/logo-chouka-grand-orange.png","contentUrl":"https:\/\/le-chouka.com\/wp-content\/uploads\/2025\/10\/logo-chouka-grand-orange.png","width":491,"height":424,"caption":"Chouka"},"image":{"@id":"https:\/\/le-chouka.com\/es\/#\/schema\/logo\/image\/"},"sameAs":["https:\/\/www.facebook.com\/le.chouka.parapente","https:\/\/www.instagram.com\/chouka_parapente"]}]}},"_links":{"self":[{"href":"https:\/\/le-chouka.com\/es\/wp-json\/wp\/v2\/pages\/1246","targetHints":{"allow":["GET"]}}],"collection":[{"href":"https:\/\/le-chouka.com\/es\/wp-json\/wp\/v2\/pages"}],"about":[{"href":"https:\/\/le-chouka.com\/es\/wp-json\/wp\/v2\/types\/page"}],"author":[{"embeddable":true,"href":"https:\/\/le-chouka.com\/es\/wp-json\/wp\/v2\/users\/1"}],"replies":[{"embeddable":true,"href":"https:\/\/le-chouka.com\/es\/wp-json\/wp\/v2\/comments?post=1246"}],"version-history":[{"count":3,"href":"https:\/\/le-chouka.com\/es\/wp-json\/wp\/v2\/pages\/1246\/revisions"}],"predecessor-version":[{"id":2690,"href":"https:\/\/le-chouka.com\/es\/wp-json\/wp\/v2\/pages\/1246\/revisions\/2690"}],"wp:attachment":[{"href":"https:\/\/le-chouka.com\/es\/wp-json\/wp\/v2\/media?parent=1246"}],"curies":[{"name":"wp","href":"https:\/\/api.w.org\/{rel}","templated":true}]}}