{"id":2149,"date":"2025-11-01T09:57:34","date_gmt":"2025-11-01T08:57:34","guid":{"rendered":"https:\/\/new.le-chouka.com\/shop\/unkategorisiert\/xctrack-gleitschirm-variometer-chouka-smart\/"},"modified":"2026-02-14T09:29:22","modified_gmt":"2026-02-14T08:29:22","slug":"xctrack-gleitschirm-variometer-chouka-smart","status":"publish","type":"product","link":"https:\/\/le-chouka.com\/de\/shop\/gleitschirmfliegen\/xctrack-gleitschirm-variometer-chouka-smart\/","title":{"rendered":"Chouka Smart Variometer"},"content":{"rendered":"<p>Das Chouka Smart <strong>enth\u00e4lt alle Funktionen des <a href=\"https:\/\/le-chouka.com\/de\/shop\/gleitschirmfliegen\/gleitschirm-variometer-chouka\/\">klassischen Chouka Variometers<\/a><\/strong> und erg\u00e4nzt sie um die <strong>Konnektivit\u00e4t mit der mobilen App <a href=\"https:\/\/www.xcontest.org\/xctrack\/\" target=\"_blank\" rel=\"noopener\">XCTrack<\/a><\/strong>.<\/p>\n<p>Es kombiniert die Pr\u00e4zision des Chouka, die erweiterten Funktionen und Karten von XCTrack sowie das GPS des Smartphones.<\/p>\n<h3>Verbindung mit Android + XCTrack<\/h3>\n<p>Das Chouka Smart enth\u00e4lt alle Funktionen des <a href=\"https:\/\/le-chouka.com\/de\/shop\/gleitschirmfliegen\/gleitschirm-variometer-chouka\/\">klassischen Chouka Variometers<\/a> und erg\u00e4nzt sie um die Verbindung zur mobilen App <a href=\"https:\/\/www.xcontest.org\/xctrack\/\" target=\"_blank\" rel=\"noopener\">XCTrack<\/a>.<\/p>\n<ul>\n<li>Das Vario wird einfach \u00fcber ein USB-OTG-Kabel (im Lieferumfang enthalten \u2013 richtigen Typ beim Bestellen w\u00e4hlen) mit <a href=\"https:\/\/play.google.com\/store\/apps\/details?id=org.xcontest.XCTrack\" target=\"_blank\" rel=\"noopener noreferrer\">XCTrack auf Android<\/a> verbunden.<\/li>\n<li>Kombiniert die Pr\u00e4zision des Chouka mit der Leistungsf\u00e4higkeit von XCTrack.<\/li>\n<li>Der Ton des <span class=\"chouka-name\">Chouka<\/span> wird automatisch deaktiviert, wenn es mit dem Smartphone verbunden ist, um den benutzerdefinierten XCTrack-Sound zu nutzen.<\/li>\n<\/ul>\n<h3>Ultraleichtes Vario!<\/h3>\n<ul>\n<li>Gewicht: <strong>13 g<\/strong> (ohne Kabel)<\/li>\n<li>Abmessungen: 32 x 25 x 16 mm<\/li>\n<\/ul>\n<h3>Praktisch<\/h3>\n<ul>\n<li><strong>40 h<\/strong> Laufzeit im Flug<\/li>\n<li>\u00dcber USB-C aufladbares Vario (Standardkabel)<\/li>\n<li>Signalton bei niedrigem Batteriestand ~4 h vor Abschaltung<\/li>\n<li>Schalter einfach mit Handschuhen zu bedienen<\/li>\n<li>Befestigung mit Klettband und Schlaufe: Helm, Cockpit, Tr\u00e4gergurte, Gleitschirmriemen, Jackentasche usw.<\/li>\n<\/ul>\n<h3>Pr\u00e4zise<\/h3>\n<ul>\n<li>Empfindlichkeit: 15 cm\/s<\/li>\n<li>Der Vario-Ton variiert in Frequenz und Tonh\u00f6he je nach vertikaler Geschwindigkeit\n<p><figure id=\"attachment_58\" aria-describedby=\"caption-attachment-58\" style=\"width: 300px\" class=\"wp-caption alignnone\"><img loading=\"lazy\" decoding=\"async\" class=\"size-medium wp-image-0\" src=\"https:\/\/le-chouka.com\/wp-content\/uploads\/2025\/11\/vario_chouka_seuils_de-300x251.png\" alt=\"Chouka Vario-Schwellenwerte\" width=\"300\" height=\"251\" \/><figcaption id=\"caption-attachment-58\" class=\"wp-caption-text\">Chouka Vario-Schwellenwerte<\/figcaption><\/figure><\/li>\n<\/ul>\n","protected":false},"excerpt":{"rendered":"<p>Das <strong>leichteste und kompakteste Gleitschirm-Variometer<\/strong> auf dem Markt! Nur <strong>13 g<\/strong> und <strong>40 h<\/strong> Akkulaufzeit.<\/p>\n<ul class=\"my-chouka-bullet\">\n<li><strong>Allein verwendet<\/strong> ist es ein <strong>einfaches, leichtes und effizientes Variometer<\/strong>, das man im Flug v\u00f6llig vergisst.<\/li>\n<li><strong>Verbunden mit XCTrack (Android)<\/strong> wird es zu einem <strong>leistungsstarken Cross-Country-Werkzeug<\/strong>, das Pr\u00e4zision, erweiterte Navigation, GPS-Tracking und eine vollst\u00e4ndige Fluganalyse bietet.<\/li>\n<\/ul>\n<p>\ud83c\uddeb\ud83c\uddf7 Hergestellt in Frankreich!<\/p>\n","protected":false},"featured_media":2106,"comment_status":"open","ping_status":"closed","template":"","meta":[],"product_brand":[],"product_cat":[127,150],"product_tag":[],"class_list":{"0":"post-2149","1":"product","2":"type-product","3":"status-publish","4":"has-post-thumbnail","6":"product_cat-gleitschirmfliegen","7":"product_cat-variometer","9":"first","10":"instock","11":"featured","12":"taxable","13":"shipping-taxable","14":"purchasable","15":"product-type-variable"},"yoast_head":"<!-- This site is optimized with the Yoast SEO Premium plugin v26.1 (Yoast SEO v27.1.1) - https:\/\/yoast.com\/product\/yoast-seo-premium-wordpress\/ -->\n<title>Chouka Smart Gleitschirm-Variometer, verbunden mit XCTrack<\/title>\n<meta name=\"description\" content=\"Chouka Smart, Gleitschirm-Variometer mit XCTrack-Verbindung: ultraleicht, pr\u00e4zise und in Frankreich hergestellt, mit langer Akkulaufzeit f\u00fcr leistungsstarke Fl\u00fcge.\" \/>\n<meta name=\"robots\" content=\"index, follow, max-snippet:-1, max-image-preview:large, max-video-preview:-1\" \/>\n<link rel=\"canonical\" href=\"https:\/\/le-chouka.com\/de\/shop\/gleitschirmfliegen\/xctrack-gleitschirm-variometer-chouka-smart\/\" \/>\n<meta property=\"og:locale\" content=\"de_DE\" \/>\n<meta property=\"og:type\" content=\"article\" \/>\n<meta property=\"og:title\" content=\"Chouka Smart Variometer\" \/>\n<meta property=\"og:description\" content=\"Chouka Smart, Gleitschirm-Variometer mit XCTrack-Verbindung: ultraleicht, pr\u00e4zise und in Frankreich hergestellt, mit langer Akkulaufzeit f\u00fcr leistungsstarke Fl\u00fcge.\" \/>\n<meta property=\"og:url\" content=\"https:\/\/le-chouka.com\/de\/shop\/gleitschirmfliegen\/xctrack-gleitschirm-variometer-chouka-smart\/\" \/>\n<meta property=\"og:site_name\" content=\"Chouka Shop: Gleitschirmfliegen, Klettern und Tauchen\" \/>\n<meta property=\"article:publisher\" content=\"https:\/\/www.facebook.com\/le.chouka.parapente\" \/>\n<meta property=\"article:modified_time\" content=\"2026-02-14T08:29:22+00:00\" \/>\n<meta property=\"og:image\" content=\"https:\/\/le-chouka.com\/wp-content\/uploads\/2025\/10\/vario-parapente-chouka-smart-smartphone-xctrack-01-orange.jpg\" \/>\n\t<meta property=\"og:image:width\" content=\"2550\" \/>\n\t<meta property=\"og:image:height\" content=\"2550\" \/>\n\t<meta property=\"og:image:type\" content=\"image\/jpeg\" \/>\n<meta name=\"twitter:card\" content=\"summary_large_image\" \/>\n<meta name=\"twitter:label1\" content=\"Verf\u00fcgbarkeit\" \/>\n\t<meta name=\"twitter:data1\" content=\"Auf Lager\" \/>\n<script type=\"application\/ld+json\" class=\"yoast-schema-graph\">{\"@context\":\"https:\/\/schema.org\",\"@graph\":[{\"@type\":\"WebPage\",\"@id\":\"https:\/\/le-chouka.com\/de\/shop\/gleitschirmfliegen\/xctrack-gleitschirm-variometer-chouka-smart\/\",\"url\":\"https:\/\/le-chouka.com\/de\/shop\/gleitschirmfliegen\/xctrack-gleitschirm-variometer-chouka-smart\/\",\"name\":\"Chouka Smart Gleitschirm-Variometer, verbunden mit XCTrack\",\"isPartOf\":{\"@id\":\"https:\/\/le-chouka.com\/de\/#website\"},\"primaryImageOfPage\":{\"@id\":\"https:\/\/le-chouka.com\/de\/shop\/gleitschirmfliegen\/xctrack-gleitschirm-variometer-chouka-smart\/#primaryimage\"},\"image\":{\"@id\":\"https:\/\/le-chouka.com\/de\/shop\/gleitschirmfliegen\/xctrack-gleitschirm-variometer-chouka-smart\/#primaryimage\"},\"thumbnailUrl\":\"https:\/\/le-chouka.com\/wp-content\/uploads\/2025\/10\/vario-parapente-chouka-smart-smartphone-xctrack-01-orange.jpg\",\"datePublished\":\"2025-11-01T08:57:34+00:00\",\"dateModified\":\"2026-02-14T08:29:22+00:00\",\"description\":\"Chouka Smart, Gleitschirm-Variometer mit XCTrack-Verbindung: ultraleicht, pr\u00e4zise und in Frankreich hergestellt, mit langer Akkulaufzeit f\u00fcr leistungsstarke Fl\u00fcge.\",\"breadcrumb\":{\"@id\":\"https:\/\/le-chouka.com\/de\/shop\/gleitschirmfliegen\/xctrack-gleitschirm-variometer-chouka-smart\/#breadcrumb\"},\"inLanguage\":\"de\",\"potentialAction\":[{\"@type\":\"ReadAction\",\"target\":[\"https:\/\/le-chouka.com\/de\/shop\/gleitschirmfliegen\/xctrack-gleitschirm-variometer-chouka-smart\/\"]}]},{\"@type\":\"ImageObject\",\"inLanguage\":\"de\",\"@id\":\"https:\/\/le-chouka.com\/de\/shop\/gleitschirmfliegen\/xctrack-gleitschirm-variometer-chouka-smart\/#primaryimage\",\"url\":\"https:\/\/le-chouka.com\/wp-content\/uploads\/2025\/10\/vario-parapente-chouka-smart-smartphone-xctrack-01-orange.jpg\",\"contentUrl\":\"https:\/\/le-chouka.com\/wp-content\/uploads\/2025\/10\/vario-parapente-chouka-smart-smartphone-xctrack-01-orange.jpg\",\"width\":2550,\"height\":2550,\"caption\":\"Chouka Smart Variometer mit XCTrack verbunden\"},{\"@type\":\"BreadcrumbList\",\"@id\":\"https:\/\/le-chouka.com\/de\/shop\/gleitschirmfliegen\/xctrack-gleitschirm-variometer-chouka-smart\/#breadcrumb\",\"itemListElement\":[{\"@type\":\"ListItem\",\"position\":1,\"name\":\"Startseite\",\"item\":\"https:\/\/le-chouka.com\/de\/\"},{\"@type\":\"ListItem\",\"position\":2,\"name\":\"Alle unsere Produkte\",\"item\":\"https:\/\/le-chouka.com\/de\/shop\/\"},{\"@type\":\"ListItem\",\"position\":3,\"name\":\"Chouka Smart Variometer\"}]},{\"@type\":\"WebSite\",\"@id\":\"https:\/\/le-chouka.com\/de\/#website\",\"url\":\"https:\/\/le-chouka.com\/de\/\",\"name\":\"Chouka shop: Parapente, Montagne, Plong\u00e9e\",\"description\":\"Chouka Shop: Variometer, Kompasse und Zubeh\u00f6r f\u00fcr Gleitschirmfliegen, Bergsport und Tauchen\",\"publisher\":{\"@id\":\"https:\/\/le-chouka.com\/de\/#organization\"},\"alternateName\":\"Chouka parapente & montagne\",\"potentialAction\":[{\"@type\":\"SearchAction\",\"target\":{\"@type\":\"EntryPoint\",\"urlTemplate\":\"https:\/\/le-chouka.com\/de\/?s={search_term_string}\"},\"query-input\":{\"@type\":\"PropertyValueSpecification\",\"valueRequired\":true,\"valueName\":\"search_term_string\"}}],\"inLanguage\":\"de\"},{\"@type\":\"Organization\",\"@id\":\"https:\/\/le-chouka.com\/de\/#organization\",\"name\":\"Chouka\",\"alternateName\":\"Chouka\",\"url\":\"https:\/\/le-chouka.com\/de\/\",\"logo\":{\"@type\":\"ImageObject\",\"inLanguage\":\"de\",\"@id\":\"https:\/\/le-chouka.com\/de\/#\/schema\/logo\/image\/\",\"url\":\"https:\/\/le-chouka.com\/wp-content\/uploads\/2025\/10\/logo-chouka-grand-orange.png\",\"contentUrl\":\"https:\/\/le-chouka.com\/wp-content\/uploads\/2025\/10\/logo-chouka-grand-orange.png\",\"width\":491,\"height\":424,\"caption\":\"Chouka\"},\"image\":{\"@id\":\"https:\/\/le-chouka.com\/de\/#\/schema\/logo\/image\/\"},\"sameAs\":[\"https:\/\/www.facebook.com\/le.chouka.parapente\",\"https:\/\/www.instagram.com\/chouka_parapente\"]}]}<\/script>\n<meta property=\"og:availability\" content=\"instock\" \/>\n<meta property=\"product:availability\" content=\"instock\" \/>\n<meta property=\"product:condition\" content=\"new\" \/>\n<!-- \/ Yoast SEO Premium plugin. -->","yoast_head_json":{"title":"Chouka Smart Gleitschirm-Variometer, verbunden mit XCTrack","description":"Chouka Smart, Gleitschirm-Variometer mit XCTrack-Verbindung: ultraleicht, pr\u00e4zise und in Frankreich hergestellt, mit langer Akkulaufzeit f\u00fcr leistungsstarke Fl\u00fcge.","robots":{"index":"index","follow":"follow","max-snippet":"max-snippet:-1","max-image-preview":"max-image-preview:large","max-video-preview":"max-video-preview:-1"},"canonical":"https:\/\/le-chouka.com\/de\/shop\/gleitschirmfliegen\/xctrack-gleitschirm-variometer-chouka-smart\/","og_locale":"de_DE","og_type":"article","og_title":"Chouka Smart Variometer","og_description":"Chouka Smart, Gleitschirm-Variometer mit XCTrack-Verbindung: ultraleicht, pr\u00e4zise und in Frankreich hergestellt, mit langer Akkulaufzeit f\u00fcr leistungsstarke Fl\u00fcge.","og_url":"https:\/\/le-chouka.com\/de\/shop\/gleitschirmfliegen\/xctrack-gleitschirm-variometer-chouka-smart\/","og_site_name":"Chouka Shop: Gleitschirmfliegen, Klettern und Tauchen","article_publisher":"https:\/\/www.facebook.com\/le.chouka.parapente","article_modified_time":"2026-02-14T08:29:22+00:00","og_image":[{"width":2550,"height":2550,"url":"https:\/\/le-chouka.com\/wp-content\/uploads\/2025\/10\/vario-parapente-chouka-smart-smartphone-xctrack-01-orange.jpg","type":"image\/jpeg"}],"twitter_card":"summary_large_image","twitter_misc":{"Verf\u00fcgbarkeit":"Auf Lager"},"schema":{"@context":"https:\/\/schema.org","@graph":[{"@type":"WebPage","@id":"https:\/\/le-chouka.com\/de\/shop\/gleitschirmfliegen\/xctrack-gleitschirm-variometer-chouka-smart\/","url":"https:\/\/le-chouka.com\/de\/shop\/gleitschirmfliegen\/xctrack-gleitschirm-variometer-chouka-smart\/","name":"Chouka Smart Gleitschirm-Variometer, verbunden mit XCTrack","isPartOf":{"@id":"https:\/\/le-chouka.com\/de\/#website"},"primaryImageOfPage":{"@id":"https:\/\/le-chouka.com\/de\/shop\/gleitschirmfliegen\/xctrack-gleitschirm-variometer-chouka-smart\/#primaryimage"},"image":{"@id":"https:\/\/le-chouka.com\/de\/shop\/gleitschirmfliegen\/xctrack-gleitschirm-variometer-chouka-smart\/#primaryimage"},"thumbnailUrl":"https:\/\/le-chouka.com\/wp-content\/uploads\/2025\/10\/vario-parapente-chouka-smart-smartphone-xctrack-01-orange.jpg","datePublished":"2025-11-01T08:57:34+00:00","dateModified":"2026-02-14T08:29:22+00:00","description":"Chouka Smart, Gleitschirm-Variometer mit XCTrack-Verbindung: ultraleicht, pr\u00e4zise und in Frankreich hergestellt, mit langer Akkulaufzeit f\u00fcr leistungsstarke Fl\u00fcge.","breadcrumb":{"@id":"https:\/\/le-chouka.com\/de\/shop\/gleitschirmfliegen\/xctrack-gleitschirm-variometer-chouka-smart\/#breadcrumb"},"inLanguage":"de","potentialAction":[{"@type":"ReadAction","target":["https:\/\/le-chouka.com\/de\/shop\/gleitschirmfliegen\/xctrack-gleitschirm-variometer-chouka-smart\/"]}]},{"@type":"ImageObject","inLanguage":"de","@id":"https:\/\/le-chouka.com\/de\/shop\/gleitschirmfliegen\/xctrack-gleitschirm-variometer-chouka-smart\/#primaryimage","url":"https:\/\/le-chouka.com\/wp-content\/uploads\/2025\/10\/vario-parapente-chouka-smart-smartphone-xctrack-01-orange.jpg","contentUrl":"https:\/\/le-chouka.com\/wp-content\/uploads\/2025\/10\/vario-parapente-chouka-smart-smartphone-xctrack-01-orange.jpg","width":2550,"height":2550,"caption":"Chouka Smart Variometer mit XCTrack verbunden"},{"@type":"BreadcrumbList","@id":"https:\/\/le-chouka.com\/de\/shop\/gleitschirmfliegen\/xctrack-gleitschirm-variometer-chouka-smart\/#breadcrumb","itemListElement":[{"@type":"ListItem","position":1,"name":"Startseite","item":"https:\/\/le-chouka.com\/de\/"},{"@type":"ListItem","position":2,"name":"Alle unsere Produkte","item":"https:\/\/le-chouka.com\/de\/shop\/"},{"@type":"ListItem","position":3,"name":"Chouka Smart Variometer"}]},{"@type":"WebSite","@id":"https:\/\/le-chouka.com\/de\/#website","url":"https:\/\/le-chouka.com\/de\/","name":"Chouka shop: Parapente, Montagne, Plong\u00e9e","description":"Chouka Shop: Variometer, Kompasse und Zubeh\u00f6r f\u00fcr Gleitschirmfliegen, Bergsport und Tauchen","publisher":{"@id":"https:\/\/le-chouka.com\/de\/#organization"},"alternateName":"Chouka parapente & montagne","potentialAction":[{"@type":"SearchAction","target":{"@type":"EntryPoint","urlTemplate":"https:\/\/le-chouka.com\/de\/?s={search_term_string}"},"query-input":{"@type":"PropertyValueSpecification","valueRequired":true,"valueName":"search_term_string"}}],"inLanguage":"de"},{"@type":"Organization","@id":"https:\/\/le-chouka.com\/de\/#organization","name":"Chouka","alternateName":"Chouka","url":"https:\/\/le-chouka.com\/de\/","logo":{"@type":"ImageObject","inLanguage":"de","@id":"https:\/\/le-chouka.com\/de\/#\/schema\/logo\/image\/","url":"https:\/\/le-chouka.com\/wp-content\/uploads\/2025\/10\/logo-chouka-grand-orange.png","contentUrl":"https:\/\/le-chouka.com\/wp-content\/uploads\/2025\/10\/logo-chouka-grand-orange.png","width":491,"height":424,"caption":"Chouka"},"image":{"@id":"https:\/\/le-chouka.com\/de\/#\/schema\/logo\/image\/"},"sameAs":["https:\/\/www.facebook.com\/le.chouka.parapente","https:\/\/www.instagram.com\/chouka_parapente"]}]},"og_availability":"instock","product_availability":"instock","product_condition":"new"},"_links":{"self":[{"href":"https:\/\/le-chouka.com\/de\/wp-json\/wp\/v2\/product\/2149","targetHints":{"allow":["GET"]}}],"collection":[{"href":"https:\/\/le-chouka.com\/de\/wp-json\/wp\/v2\/product"}],"about":[{"href":"https:\/\/le-chouka.com\/de\/wp-json\/wp\/v2\/types\/product"}],"replies":[{"embeddable":true,"href":"https:\/\/le-chouka.com\/de\/wp-json\/wp\/v2\/comments?post=2149"}],"wp:featuredmedia":[{"embeddable":true,"href":"https:\/\/le-chouka.com\/de\/wp-json\/wp\/v2\/media\/2106"}],"wp:attachment":[{"href":"https:\/\/le-chouka.com\/de\/wp-json\/wp\/v2\/media?parent=2149"}],"wp:term":[{"taxonomy":"product_brand","embeddable":true,"href":"https:\/\/le-chouka.com\/de\/wp-json\/wp\/v2\/product_brand?post=2149"},{"taxonomy":"product_cat","embeddable":true,"href":"https:\/\/le-chouka.com\/de\/wp-json\/wp\/v2\/product_cat?post=2149"},{"taxonomy":"product_tag","embeddable":true,"href":"https:\/\/le-chouka.com\/de\/wp-json\/wp\/v2\/product_tag?post=2149"}],"curies":[{"name":"wp","href":"https:\/\/api.w.org\/{rel}","templated":true}]}}