{"id":2088,"date":"2025-11-01T09:57:19","date_gmt":"2025-11-01T08:57:19","guid":{"rendered":"https:\/\/new.le-chouka.com\/shop\/unkategorisiert\/gleitschirm-variometer-chouka\/"},"modified":"2026-02-14T09:29:21","modified_gmt":"2026-02-14T08:29:21","slug":"gleitschirm-variometer-chouka","status":"publish","type":"product","link":"https:\/\/le-chouka.com\/de\/shop\/gleitschirmfliegen\/gleitschirm-variometer-chouka\/","title":{"rendered":"Chouka Gleitschirm-Variometer"},"content":{"rendered":"<h3>Ultraleichter Vario!<\/h3>\n<table>\n<tbody>\n<tr>\n<td>Gewicht<\/td>\n<td>13 g<\/td>\n<\/tr>\n<tr>\n<td>Abmessungen<\/td>\n<td>32 x 25 x 16 mm<\/td>\n<\/tr>\n<tr>\n<td>Akkulaufzeit<\/td>\n<td>40 h im Thermikflug<\/td>\n<\/tr>\n<\/tbody>\n<\/table>\n<h3>Praktisch<\/h3>\n<ul>\n<li>Per USB-C aufladbar (Standardkabel)<\/li>\n<li>Akustisches Signal bei niedrigem Batteriestand ~4h vor dem Ausschalten<\/li>\n<li>Schalter einfach zu bedienen, auch mit dicken Handschuhen<\/li>\n<li>Befestigung mit Klettverschluss und Schlaufe: Helm, Cockpit, Tragegurte, Schulterriemen, Jackentasche usw.<\/li>\n<\/ul>\n<h3>Pr\u00e4zise<\/h3>\n<ul>\n<li>Empfindlichkeit 15 cm\/s<\/li>\n<li>Der Vario-Ton \u00e4ndert sich in Tonh\u00f6he und Frequenz je nach Vertikalgeschwindigkeit:<\/li>\n<\/ul>\n<figure><img loading=\"lazy\" decoding=\"async\" class=\"size-medium wp-image-0\" src=\"https:\/\/le-chouka.com\/wp-content\/uploads\/2025\/11\/vario_chouka_seuils_de-300x251.png\" alt=\"Schwellenwerte des Chouka Varios\" width=\"300\" height=\"251\" \/><figcaption>Schwellenwerte des Chouka Varios<\/figcaption><\/figure>\n","protected":false},"excerpt":{"rendered":"<p>Das <strong>leichteste und kompakteste Gleitschirm-Variometer<\/strong> auf dem Markt!<\/p>\n<p>Mit seinem geringen Gewicht (13 g) und der langen Akkulaufzeit (40 h) kann es dauerhaft befestigt bleiben (Helm, Tragegurte, Gurtzeug, Cockpit usw.). Dieses Vario ist ideal f\u00fcr Hike &amp; Fly, Bergfl\u00fcge, Tandemfl\u00fcge und f\u00fcr alle Piloten, die ohne komplizierte Ger\u00e4te fliegen m\u00f6chten.<\/p>\n<p>\ud83c\uddeb\ud83c\uddf7 Hergestellt in Frankreich!<\/p>\n<p><small><em>F\u00fcr die mit XCTrack verbundene Version siehe das <a href=\"https:\/\/le-chouka.com\/de\/shop\/gleitschirmfliegen\/xctrack-gleitschirm-variometer-chouka-smart\/\">Chouka Smart<\/a>.<\/em><\/small><\/p>\n","protected":false},"featured_media":2073,"comment_status":"open","ping_status":"closed","template":"","meta":[],"product_brand":[],"product_cat":[127,150],"product_tag":[],"class_list":{"0":"post-2088","1":"product","2":"type-product","3":"status-publish","4":"has-post-thumbnail","6":"product_cat-gleitschirmfliegen","7":"product_cat-variometer","9":"first","10":"instock","11":"taxable","12":"shipping-taxable","13":"purchasable","14":"product-type-variable"},"yoast_head":"<!-- This site is optimized with the Yoast SEO Premium plugin v26.1 (Yoast SEO v27.1.1) - https:\/\/yoast.com\/product\/yoast-seo-premium-wordpress\/ -->\n<title>Chouka Gleitschirm-Variometer. Ultraleicht und lange Akkulaufzeit.<\/title>\n<meta name=\"description\" content=\"Chouka \u2013 pr\u00e4zises, kompaktes und ultraleichtes Gleitschirm-Variometer, hergestellt in Frankreich. Sehr lange Akkulaufzeit, um deine Fl\u00fcge in vollen Z\u00fcgen zu genie\u00dfen.\" \/>\n<meta name=\"robots\" content=\"index, follow, max-snippet:-1, max-image-preview:large, max-video-preview:-1\" \/>\n<link rel=\"canonical\" href=\"https:\/\/le-chouka.com\/de\/shop\/gleitschirmfliegen\/gleitschirm-variometer-chouka\/\" \/>\n<meta property=\"og:locale\" content=\"de_DE\" \/>\n<meta property=\"og:type\" content=\"article\" \/>\n<meta property=\"og:title\" content=\"Chouka Gleitschirm-Variometer\" \/>\n<meta property=\"og:description\" content=\"Chouka \u2013 pr\u00e4zises, kompaktes und ultraleichtes Gleitschirm-Variometer, hergestellt in Frankreich. Sehr lange Akkulaufzeit, um deine Fl\u00fcge in vollen Z\u00fcgen zu genie\u00dfen.\" \/>\n<meta property=\"og:url\" content=\"https:\/\/le-chouka.com\/de\/shop\/gleitschirmfliegen\/gleitschirm-variometer-chouka\/\" \/>\n<meta property=\"og:site_name\" content=\"Chouka Shop: Gleitschirmfliegen, Klettern und Tauchen\" \/>\n<meta property=\"article:publisher\" content=\"https:\/\/www.facebook.com\/le.chouka.parapente\" \/>\n<meta property=\"article:modified_time\" content=\"2026-02-14T08:29:21+00:00\" \/>\n<meta property=\"og:image\" content=\"https:\/\/le-chouka.com\/wp-content\/uploads\/2025\/10\/vario-parapente-chouka-casque-02_sqr.jpg\" \/>\n\t<meta property=\"og:image:width\" content=\"2120\" \/>\n\t<meta property=\"og:image:height\" content=\"2120\" \/>\n\t<meta property=\"og:image:type\" content=\"image\/jpeg\" \/>\n<meta name=\"twitter:card\" content=\"summary_large_image\" \/>\n<meta name=\"twitter:label1\" content=\"Verf\u00fcgbarkeit\" \/>\n\t<meta name=\"twitter:data1\" content=\"Auf Lager\" \/>\n<script type=\"application\/ld+json\" class=\"yoast-schema-graph\">{\"@context\":\"https:\/\/schema.org\",\"@graph\":[{\"@type\":\"WebPage\",\"@id\":\"https:\/\/le-chouka.com\/de\/shop\/gleitschirmfliegen\/gleitschirm-variometer-chouka\/\",\"url\":\"https:\/\/le-chouka.com\/de\/shop\/gleitschirmfliegen\/gleitschirm-variometer-chouka\/\",\"name\":\"Chouka Gleitschirm-Variometer. Ultraleicht und lange Akkulaufzeit.\",\"isPartOf\":{\"@id\":\"https:\/\/le-chouka.com\/de\/#website\"},\"primaryImageOfPage\":{\"@id\":\"https:\/\/le-chouka.com\/de\/shop\/gleitschirmfliegen\/gleitschirm-variometer-chouka\/#primaryimage\"},\"image\":{\"@id\":\"https:\/\/le-chouka.com\/de\/shop\/gleitschirmfliegen\/gleitschirm-variometer-chouka\/#primaryimage\"},\"thumbnailUrl\":\"https:\/\/le-chouka.com\/wp-content\/uploads\/2025\/10\/vario-parapente-chouka-casque-02_sqr.jpg\",\"datePublished\":\"2025-11-01T08:57:19+00:00\",\"dateModified\":\"2026-02-14T08:29:21+00:00\",\"description\":\"Chouka \u2013 pr\u00e4zises, kompaktes und ultraleichtes Gleitschirm-Variometer, hergestellt in Frankreich. Sehr lange Akkulaufzeit, um deine Fl\u00fcge in vollen Z\u00fcgen zu genie\u00dfen.\",\"breadcrumb\":{\"@id\":\"https:\/\/le-chouka.com\/de\/shop\/gleitschirmfliegen\/gleitschirm-variometer-chouka\/#breadcrumb\"},\"inLanguage\":\"de\",\"potentialAction\":[{\"@type\":\"ReadAction\",\"target\":[\"https:\/\/le-chouka.com\/de\/shop\/gleitschirmfliegen\/gleitschirm-variometer-chouka\/\"]}]},{\"@type\":\"ImageObject\",\"inLanguage\":\"de\",\"@id\":\"https:\/\/le-chouka.com\/de\/shop\/gleitschirmfliegen\/gleitschirm-variometer-chouka\/#primaryimage\",\"url\":\"https:\/\/le-chouka.com\/wp-content\/uploads\/2025\/10\/vario-parapente-chouka-casque-02_sqr.jpg\",\"contentUrl\":\"https:\/\/le-chouka.com\/wp-content\/uploads\/2025\/10\/vario-parapente-chouka-casque-02_sqr.jpg\",\"width\":2120,\"height\":2120,\"caption\":\"Chouka Variometer am Gleitschirmhelm\"},{\"@type\":\"BreadcrumbList\",\"@id\":\"https:\/\/le-chouka.com\/de\/shop\/gleitschirmfliegen\/gleitschirm-variometer-chouka\/#breadcrumb\",\"itemListElement\":[{\"@type\":\"ListItem\",\"position\":1,\"name\":\"Startseite\",\"item\":\"https:\/\/le-chouka.com\/de\/\"},{\"@type\":\"ListItem\",\"position\":2,\"name\":\"Alle unsere Produkte\",\"item\":\"https:\/\/le-chouka.com\/de\/shop\/\"},{\"@type\":\"ListItem\",\"position\":3,\"name\":\"Chouka Gleitschirm-Variometer\"}]},{\"@type\":\"WebSite\",\"@id\":\"https:\/\/le-chouka.com\/de\/#website\",\"url\":\"https:\/\/le-chouka.com\/de\/\",\"name\":\"Chouka shop: Parapente, Montagne, Plong\u00e9e\",\"description\":\"Chouka Shop: Variometer, Kompasse und Zubeh\u00f6r f\u00fcr Gleitschirmfliegen, Bergsport und Tauchen\",\"publisher\":{\"@id\":\"https:\/\/le-chouka.com\/de\/#organization\"},\"alternateName\":\"Chouka parapente & montagne\",\"potentialAction\":[{\"@type\":\"SearchAction\",\"target\":{\"@type\":\"EntryPoint\",\"urlTemplate\":\"https:\/\/le-chouka.com\/de\/?s={search_term_string}\"},\"query-input\":{\"@type\":\"PropertyValueSpecification\",\"valueRequired\":true,\"valueName\":\"search_term_string\"}}],\"inLanguage\":\"de\"},{\"@type\":\"Organization\",\"@id\":\"https:\/\/le-chouka.com\/de\/#organization\",\"name\":\"Chouka\",\"alternateName\":\"Chouka\",\"url\":\"https:\/\/le-chouka.com\/de\/\",\"logo\":{\"@type\":\"ImageObject\",\"inLanguage\":\"de\",\"@id\":\"https:\/\/le-chouka.com\/de\/#\/schema\/logo\/image\/\",\"url\":\"https:\/\/le-chouka.com\/wp-content\/uploads\/2025\/10\/logo-chouka-grand-orange.png\",\"contentUrl\":\"https:\/\/le-chouka.com\/wp-content\/uploads\/2025\/10\/logo-chouka-grand-orange.png\",\"width\":491,\"height\":424,\"caption\":\"Chouka\"},\"image\":{\"@id\":\"https:\/\/le-chouka.com\/de\/#\/schema\/logo\/image\/\"},\"sameAs\":[\"https:\/\/www.facebook.com\/le.chouka.parapente\",\"https:\/\/www.instagram.com\/chouka_parapente\"]}]}<\/script>\n<meta property=\"og:availability\" content=\"instock\" \/>\n<meta property=\"product:availability\" content=\"instock\" \/>\n<meta property=\"product:condition\" content=\"new\" \/>\n<!-- \/ Yoast SEO Premium plugin. -->","yoast_head_json":{"title":"Chouka Gleitschirm-Variometer. Ultraleicht und lange Akkulaufzeit.","description":"Chouka \u2013 pr\u00e4zises, kompaktes und ultraleichtes Gleitschirm-Variometer, hergestellt in Frankreich. Sehr lange Akkulaufzeit, um deine Fl\u00fcge in vollen Z\u00fcgen zu genie\u00dfen.","robots":{"index":"index","follow":"follow","max-snippet":"max-snippet:-1","max-image-preview":"max-image-preview:large","max-video-preview":"max-video-preview:-1"},"canonical":"https:\/\/le-chouka.com\/de\/shop\/gleitschirmfliegen\/gleitschirm-variometer-chouka\/","og_locale":"de_DE","og_type":"article","og_title":"Chouka Gleitschirm-Variometer","og_description":"Chouka \u2013 pr\u00e4zises, kompaktes und ultraleichtes Gleitschirm-Variometer, hergestellt in Frankreich. Sehr lange Akkulaufzeit, um deine Fl\u00fcge in vollen Z\u00fcgen zu genie\u00dfen.","og_url":"https:\/\/le-chouka.com\/de\/shop\/gleitschirmfliegen\/gleitschirm-variometer-chouka\/","og_site_name":"Chouka Shop: Gleitschirmfliegen, Klettern und Tauchen","article_publisher":"https:\/\/www.facebook.com\/le.chouka.parapente","article_modified_time":"2026-02-14T08:29:21+00:00","og_image":[{"width":2120,"height":2120,"url":"https:\/\/le-chouka.com\/wp-content\/uploads\/2025\/10\/vario-parapente-chouka-casque-02_sqr.jpg","type":"image\/jpeg"}],"twitter_card":"summary_large_image","twitter_misc":{"Verf\u00fcgbarkeit":"Auf Lager"},"schema":{"@context":"https:\/\/schema.org","@graph":[{"@type":"WebPage","@id":"https:\/\/le-chouka.com\/de\/shop\/gleitschirmfliegen\/gleitschirm-variometer-chouka\/","url":"https:\/\/le-chouka.com\/de\/shop\/gleitschirmfliegen\/gleitschirm-variometer-chouka\/","name":"Chouka Gleitschirm-Variometer. Ultraleicht und lange Akkulaufzeit.","isPartOf":{"@id":"https:\/\/le-chouka.com\/de\/#website"},"primaryImageOfPage":{"@id":"https:\/\/le-chouka.com\/de\/shop\/gleitschirmfliegen\/gleitschirm-variometer-chouka\/#primaryimage"},"image":{"@id":"https:\/\/le-chouka.com\/de\/shop\/gleitschirmfliegen\/gleitschirm-variometer-chouka\/#primaryimage"},"thumbnailUrl":"https:\/\/le-chouka.com\/wp-content\/uploads\/2025\/10\/vario-parapente-chouka-casque-02_sqr.jpg","datePublished":"2025-11-01T08:57:19+00:00","dateModified":"2026-02-14T08:29:21+00:00","description":"Chouka \u2013 pr\u00e4zises, kompaktes und ultraleichtes Gleitschirm-Variometer, hergestellt in Frankreich. Sehr lange Akkulaufzeit, um deine Fl\u00fcge in vollen Z\u00fcgen zu genie\u00dfen.","breadcrumb":{"@id":"https:\/\/le-chouka.com\/de\/shop\/gleitschirmfliegen\/gleitschirm-variometer-chouka\/#breadcrumb"},"inLanguage":"de","potentialAction":[{"@type":"ReadAction","target":["https:\/\/le-chouka.com\/de\/shop\/gleitschirmfliegen\/gleitschirm-variometer-chouka\/"]}]},{"@type":"ImageObject","inLanguage":"de","@id":"https:\/\/le-chouka.com\/de\/shop\/gleitschirmfliegen\/gleitschirm-variometer-chouka\/#primaryimage","url":"https:\/\/le-chouka.com\/wp-content\/uploads\/2025\/10\/vario-parapente-chouka-casque-02_sqr.jpg","contentUrl":"https:\/\/le-chouka.com\/wp-content\/uploads\/2025\/10\/vario-parapente-chouka-casque-02_sqr.jpg","width":2120,"height":2120,"caption":"Chouka Variometer am Gleitschirmhelm"},{"@type":"BreadcrumbList","@id":"https:\/\/le-chouka.com\/de\/shop\/gleitschirmfliegen\/gleitschirm-variometer-chouka\/#breadcrumb","itemListElement":[{"@type":"ListItem","position":1,"name":"Startseite","item":"https:\/\/le-chouka.com\/de\/"},{"@type":"ListItem","position":2,"name":"Alle unsere Produkte","item":"https:\/\/le-chouka.com\/de\/shop\/"},{"@type":"ListItem","position":3,"name":"Chouka Gleitschirm-Variometer"}]},{"@type":"WebSite","@id":"https:\/\/le-chouka.com\/de\/#website","url":"https:\/\/le-chouka.com\/de\/","name":"Chouka shop: Parapente, Montagne, Plong\u00e9e","description":"Chouka Shop: Variometer, Kompasse und Zubeh\u00f6r f\u00fcr Gleitschirmfliegen, Bergsport und Tauchen","publisher":{"@id":"https:\/\/le-chouka.com\/de\/#organization"},"alternateName":"Chouka parapente & montagne","potentialAction":[{"@type":"SearchAction","target":{"@type":"EntryPoint","urlTemplate":"https:\/\/le-chouka.com\/de\/?s={search_term_string}"},"query-input":{"@type":"PropertyValueSpecification","valueRequired":true,"valueName":"search_term_string"}}],"inLanguage":"de"},{"@type":"Organization","@id":"https:\/\/le-chouka.com\/de\/#organization","name":"Chouka","alternateName":"Chouka","url":"https:\/\/le-chouka.com\/de\/","logo":{"@type":"ImageObject","inLanguage":"de","@id":"https:\/\/le-chouka.com\/de\/#\/schema\/logo\/image\/","url":"https:\/\/le-chouka.com\/wp-content\/uploads\/2025\/10\/logo-chouka-grand-orange.png","contentUrl":"https:\/\/le-chouka.com\/wp-content\/uploads\/2025\/10\/logo-chouka-grand-orange.png","width":491,"height":424,"caption":"Chouka"},"image":{"@id":"https:\/\/le-chouka.com\/de\/#\/schema\/logo\/image\/"},"sameAs":["https:\/\/www.facebook.com\/le.chouka.parapente","https:\/\/www.instagram.com\/chouka_parapente"]}]},"og_availability":"instock","product_availability":"instock","product_condition":"new"},"_links":{"self":[{"href":"https:\/\/le-chouka.com\/de\/wp-json\/wp\/v2\/product\/2088","targetHints":{"allow":["GET"]}}],"collection":[{"href":"https:\/\/le-chouka.com\/de\/wp-json\/wp\/v2\/product"}],"about":[{"href":"https:\/\/le-chouka.com\/de\/wp-json\/wp\/v2\/types\/product"}],"replies":[{"embeddable":true,"href":"https:\/\/le-chouka.com\/de\/wp-json\/wp\/v2\/comments?post=2088"}],"wp:featuredmedia":[{"embeddable":true,"href":"https:\/\/le-chouka.com\/de\/wp-json\/wp\/v2\/media\/2073"}],"wp:attachment":[{"href":"https:\/\/le-chouka.com\/de\/wp-json\/wp\/v2\/media?parent=2088"}],"wp:term":[{"taxonomy":"product_brand","embeddable":true,"href":"https:\/\/le-chouka.com\/de\/wp-json\/wp\/v2\/product_brand?post=2088"},{"taxonomy":"product_cat","embeddable":true,"href":"https:\/\/le-chouka.com\/de\/wp-json\/wp\/v2\/product_cat?post=2088"},{"taxonomy":"product_tag","embeddable":true,"href":"https:\/\/le-chouka.com\/de\/wp-json\/wp\/v2\/product_tag?post=2088"}],"curies":[{"name":"wp","href":"https:\/\/api.w.org\/{rel}","templated":true}]}}