{"id":2030,"date":"2025-11-01T09:46:34","date_gmt":"2025-11-01T08:46:34","guid":{"rendered":"https:\/\/new.le-chouka.com\/shop\/unkategorisiert\/chouka-kompass-traeger\/"},"modified":"2026-03-11T09:50:10","modified_gmt":"2026-03-11T08:50:10","slug":"chouka-kompass-traeger","status":"publish","type":"product","link":"https:\/\/le-chouka.com\/de\/shop\/gleitschirmfliegen\/chouka-kompass-traeger\/","title":{"rendered":"Chouka Kompass auf Gleitschirmtragegurten"},"content":{"rendered":"<p>Dieser an den Tragegurten montierte Kompass ist speziell f\u00fcr das Gleitschirmfliegen entwickelt. Er bleibt <strong>perfekt ablesbar<\/strong> auch bei <strong>turbulentem Flug (Rollen, Nicken)<\/strong> und erm\u00f6glicht eine schnelle und zuverl\u00e4ssige Orientierung ohne Ablenkung.<\/p>\n<p>\u2705 Hilft, den Kurs zu halten und sich effizient zu orientieren.<br \/>\n\u2705 Erh\u00f6ht die Sicherheit in Wolkenn\u00e4he.<\/p>\n<h3>Orientierung<\/h3>\n<p><img loading=\"lazy\" decoding=\"async\" class=\"alignnone size-medium wp-image-168\" src=\"https:\/\/le-chouka.com\/wp-content\/uploads\/2025\/10\/boussole-parapente-chouka-orientation-04-elevateurs-300x300.jpg\" alt=\"\" width=\"300\" height=\"300\" srcset=\"https:\/\/le-chouka.com\/wp-content\/uploads\/2025\/10\/boussole-parapente-chouka-orientation-04-elevateurs-300x300.jpg 300w, https:\/\/le-chouka.com\/wp-content\/uploads\/2025\/10\/boussole-parapente-chouka-orientation-04-elevateurs-100x100.jpg 100w, https:\/\/le-chouka.com\/wp-content\/uploads\/2025\/10\/boussole-parapente-chouka-orientation-04-elevateurs-600x600.jpg 600w, https:\/\/le-chouka.com\/wp-content\/uploads\/2025\/10\/boussole-parapente-chouka-orientation-04-elevateurs-150x150.jpg 150w, https:\/\/le-chouka.com\/wp-content\/uploads\/2025\/10\/boussole-parapente-chouka-orientation-04-elevateurs-768x768.jpg 768w, https:\/\/le-chouka.com\/wp-content\/uploads\/2025\/10\/boussole-parapente-chouka-orientation-04-elevateurs.jpg 1015w\" sizes=\"auto, (max-width: 300px) 100vw, 300px\" \/><\/p>\n<p>Der Buchstabe <strong>N befindet sich auf der dem magnetischen Norden gegen\u00fcberliegenden Seite<\/strong>.<br \/>\nDie Ablesung entspricht einem <strong>Kompass im maritimen Stil<\/strong> (Flugrichtung des Luftfahrzeugs).<br \/>\nDer Pilot liest den Kurs direkt auf dem sichtbaren Teil des Kompasses ab.<\/p>\n<h3>Befestigung<\/h3>\n<p>Der Chouka&#8217;p-Kompass f\u00fcr Tragegurte l\u00e4sst sich einfach und schnell an einem Gurt des Gleitschirms anbringen (in der Regel am hinteren). In wenigen Sekunden montiert, ohne <strong>Demontage oder \u00c4nderung<\/strong> der Ausr\u00fcstung. Eine Ankerstich-Schlaufe sichert alles.<br \/>\nIm Flug kann der Kompass durch Verschieben entlang des Gurtes justiert werden.<\/p>\n<h3>Abmessungen<\/h3>\n<ul>\n<li>Gewicht: <strong>19 g<\/strong><\/li>\n<li>Kompakt: <strong>Basis 43\u00d730 mm, H\u00f6he 34 mm<\/strong><\/li>\n<li><strong>Tragegurt-Kompatibilit\u00e4t<\/strong>: erh\u00e4ltlich in 2 Versionen f\u00fcr alle Schirme \u2014 bis 15 mm oder bis 24 mm Breite (je nach Tragegurt w\u00e4hlen).<\/li>\n<\/ul>\n<h3>Einschr\u00e4nkungen<\/h3>\n<ul>\n<li>Nicht f\u00fcr Fl\u00fcge in Wolken oder ohne Sicht geeignet.<\/li>\n<li>VFR-Regeln m\u00fcssen stets beachtet werden.<\/li>\n<li>Dieses Instrument ist eine Orientierungshilfe und kein zertifiziertes Navigationsger\u00e4t.<\/li>\n<li>IFR-Fl\u00fcge verboten.<\/li>\n<\/ul>\n","protected":false},"excerpt":{"rendered":"<p>Ein <strong>ultraleichter Kompass<\/strong>, der f\u00fcr das Gleitschirmfliegen entwickelt wurde und sich <strong>in Sekundenschnelle an den Tragegurten befestigen l\u00e4sst<\/strong> \u2013 ganz ohne Werkzeug.<\/p>\n<p>Gute Ablesbarkeit im Flug, auch bei Rollen oder Nicken.<\/p>\n<p><small><em>Wir bieten auch einen <a href=\"https:\/\/le-chouka.com\/de\/shop\/gleitschirmfliegen\/gleitschirm-kompass\/\">Cockpit-Kompass<\/a> an.<\/em><\/small><\/p>\n","protected":false},"featured_media":1994,"comment_status":"open","ping_status":"closed","template":"","meta":[],"product_brand":[],"product_cat":[127,128],"product_tag":[],"class_list":{"0":"post-2030","1":"product","2":"type-product","3":"status-publish","4":"has-post-thumbnail","6":"product_cat-gleitschirmfliegen","7":"product_cat-kompasse","9":"first","10":"instock","11":"featured","12":"taxable","13":"shipping-taxable","14":"purchasable","15":"product-type-variable","16":"has-default-attributes"},"yoast_head":"<!-- This site is optimized with the Yoast SEO Premium plugin v26.1 (Yoast SEO v27.1.1) - https:\/\/yoast.com\/product\/yoast-seo-premium-wordpress\/ -->\n<title>Chouka&#039;p Gleitschirm-Kompass f\u00fcr Tragegurte<\/title>\n<meta name=\"description\" content=\"Gleitschirm-Kompass auf Gleitschirmtragegurten\" \/>\n<meta name=\"robots\" content=\"index, follow, max-snippet:-1, max-image-preview:large, max-video-preview:-1\" \/>\n<link rel=\"canonical\" href=\"https:\/\/le-chouka.com\/de\/shop\/gleitschirmfliegen\/chouka-kompass-traeger\/\" \/>\n<meta property=\"og:locale\" content=\"de_DE\" \/>\n<meta property=\"og:type\" content=\"article\" \/>\n<meta property=\"og:title\" content=\"Chouka Kompass auf Gleitschirmtragegurten\" \/>\n<meta property=\"og:description\" content=\"Gleitschirm-Kompass auf Gleitschirmtragegurten\" \/>\n<meta property=\"og:url\" content=\"https:\/\/le-chouka.com\/de\/shop\/gleitschirmfliegen\/chouka-kompass-traeger\/\" \/>\n<meta property=\"og:site_name\" content=\"Chouka Shop: Gleitschirmfliegen, Klettern und Tauchen\" \/>\n<meta property=\"article:publisher\" content=\"https:\/\/www.facebook.com\/le.chouka.parapente\" \/>\n<meta property=\"article:modified_time\" content=\"2026-03-11T08:50:10+00:00\" \/>\n<meta property=\"og:image\" content=\"https:\/\/le-chouka.com\/wp-content\/uploads\/2025\/10\/boussole-parapente-chouka-elevateurs-fly-02-zoom.jpg\" \/>\n\t<meta property=\"og:image:width\" content=\"1015\" \/>\n\t<meta property=\"og:image:height\" content=\"1015\" \/>\n\t<meta property=\"og:image:type\" content=\"image\/jpeg\" \/>\n<meta name=\"twitter:card\" content=\"summary_large_image\" \/>\n<meta name=\"twitter:label1\" content=\"Verf\u00fcgbarkeit\" \/>\n\t<meta name=\"twitter:data1\" content=\"Auf Lager\" \/>\n<script type=\"application\/ld+json\" class=\"yoast-schema-graph\">{\"@context\":\"https:\/\/schema.org\",\"@graph\":[{\"@type\":\"WebPage\",\"@id\":\"https:\/\/le-chouka.com\/de\/shop\/gleitschirmfliegen\/chouka-kompass-traeger\/\",\"url\":\"https:\/\/le-chouka.com\/de\/shop\/gleitschirmfliegen\/chouka-kompass-traeger\/\",\"name\":\"Chouka'p Gleitschirm-Kompass f\u00fcr Tragegurte\",\"isPartOf\":{\"@id\":\"https:\/\/le-chouka.com\/de\/#website\"},\"primaryImageOfPage\":{\"@id\":\"https:\/\/le-chouka.com\/de\/shop\/gleitschirmfliegen\/chouka-kompass-traeger\/#primaryimage\"},\"image\":{\"@id\":\"https:\/\/le-chouka.com\/de\/shop\/gleitschirmfliegen\/chouka-kompass-traeger\/#primaryimage\"},\"thumbnailUrl\":\"https:\/\/le-chouka.com\/wp-content\/uploads\/2025\/10\/boussole-parapente-chouka-elevateurs-fly-02-zoom.jpg\",\"datePublished\":\"2025-11-01T08:46:34+00:00\",\"dateModified\":\"2026-03-11T08:50:10+00:00\",\"description\":\"Gleitschirm-Kompass auf Gleitschirmtragegurten\",\"breadcrumb\":{\"@id\":\"https:\/\/le-chouka.com\/de\/shop\/gleitschirmfliegen\/chouka-kompass-traeger\/#breadcrumb\"},\"inLanguage\":\"de\",\"potentialAction\":[{\"@type\":\"ReadAction\",\"target\":[\"https:\/\/le-chouka.com\/de\/shop\/gleitschirmfliegen\/chouka-kompass-traeger\/\"]}]},{\"@type\":\"ImageObject\",\"inLanguage\":\"de\",\"@id\":\"https:\/\/le-chouka.com\/de\/shop\/gleitschirmfliegen\/chouka-kompass-traeger\/#primaryimage\",\"url\":\"https:\/\/le-chouka.com\/wp-content\/uploads\/2025\/10\/boussole-parapente-chouka-elevateurs-fly-02-zoom.jpg\",\"contentUrl\":\"https:\/\/le-chouka.com\/wp-content\/uploads\/2025\/10\/boussole-parapente-chouka-elevateurs-fly-02-zoom.jpg\",\"width\":1015,\"height\":1015,\"caption\":\"Chouka Kompass auf Gleitschirmtragegurten\"},{\"@type\":\"BreadcrumbList\",\"@id\":\"https:\/\/le-chouka.com\/de\/shop\/gleitschirmfliegen\/chouka-kompass-traeger\/#breadcrumb\",\"itemListElement\":[{\"@type\":\"ListItem\",\"position\":1,\"name\":\"Startseite\",\"item\":\"https:\/\/le-chouka.com\/de\/\"},{\"@type\":\"ListItem\",\"position\":2,\"name\":\"Alle unsere Produkte\",\"item\":\"https:\/\/le-chouka.com\/de\/shop\/\"},{\"@type\":\"ListItem\",\"position\":3,\"name\":\"Chouka Kompass auf Gleitschirmtragegurten\"}]},{\"@type\":\"WebSite\",\"@id\":\"https:\/\/le-chouka.com\/de\/#website\",\"url\":\"https:\/\/le-chouka.com\/de\/\",\"name\":\"Chouka shop: Parapente, Montagne, Plong\u00e9e\",\"description\":\"Chouka Shop: Variometer, Kompasse und Zubeh\u00f6r f\u00fcr Gleitschirmfliegen, Bergsport und Tauchen\",\"publisher\":{\"@id\":\"https:\/\/le-chouka.com\/de\/#organization\"},\"alternateName\":\"Chouka parapente & montagne\",\"potentialAction\":[{\"@type\":\"SearchAction\",\"target\":{\"@type\":\"EntryPoint\",\"urlTemplate\":\"https:\/\/le-chouka.com\/de\/?s={search_term_string}\"},\"query-input\":{\"@type\":\"PropertyValueSpecification\",\"valueRequired\":true,\"valueName\":\"search_term_string\"}}],\"inLanguage\":\"de\"},{\"@type\":\"Organization\",\"@id\":\"https:\/\/le-chouka.com\/de\/#organization\",\"name\":\"Chouka\",\"alternateName\":\"Chouka\",\"url\":\"https:\/\/le-chouka.com\/de\/\",\"logo\":{\"@type\":\"ImageObject\",\"inLanguage\":\"de\",\"@id\":\"https:\/\/le-chouka.com\/de\/#\/schema\/logo\/image\/\",\"url\":\"https:\/\/le-chouka.com\/wp-content\/uploads\/2025\/10\/logo-chouka-grand-orange.png\",\"contentUrl\":\"https:\/\/le-chouka.com\/wp-content\/uploads\/2025\/10\/logo-chouka-grand-orange.png\",\"width\":491,\"height\":424,\"caption\":\"Chouka\"},\"image\":{\"@id\":\"https:\/\/le-chouka.com\/de\/#\/schema\/logo\/image\/\"},\"sameAs\":[\"https:\/\/www.facebook.com\/le.chouka.parapente\",\"https:\/\/www.instagram.com\/chouka_parapente\"]}]}<\/script>\n<meta property=\"og:availability\" content=\"instock\" \/>\n<meta property=\"product:availability\" content=\"instock\" \/>\n<meta property=\"product:condition\" content=\"new\" \/>\n<!-- \/ Yoast SEO Premium plugin. -->","yoast_head_json":{"title":"Chouka'p Gleitschirm-Kompass f\u00fcr Tragegurte","description":"Gleitschirm-Kompass auf Gleitschirmtragegurten","robots":{"index":"index","follow":"follow","max-snippet":"max-snippet:-1","max-image-preview":"max-image-preview:large","max-video-preview":"max-video-preview:-1"},"canonical":"https:\/\/le-chouka.com\/de\/shop\/gleitschirmfliegen\/chouka-kompass-traeger\/","og_locale":"de_DE","og_type":"article","og_title":"Chouka Kompass auf Gleitschirmtragegurten","og_description":"Gleitschirm-Kompass auf Gleitschirmtragegurten","og_url":"https:\/\/le-chouka.com\/de\/shop\/gleitschirmfliegen\/chouka-kompass-traeger\/","og_site_name":"Chouka Shop: Gleitschirmfliegen, Klettern und Tauchen","article_publisher":"https:\/\/www.facebook.com\/le.chouka.parapente","article_modified_time":"2026-03-11T08:50:10+00:00","og_image":[{"width":1015,"height":1015,"url":"https:\/\/le-chouka.com\/wp-content\/uploads\/2025\/10\/boussole-parapente-chouka-elevateurs-fly-02-zoom.jpg","type":"image\/jpeg"}],"twitter_card":"summary_large_image","twitter_misc":{"Verf\u00fcgbarkeit":"Auf Lager"},"schema":{"@context":"https:\/\/schema.org","@graph":[{"@type":"WebPage","@id":"https:\/\/le-chouka.com\/de\/shop\/gleitschirmfliegen\/chouka-kompass-traeger\/","url":"https:\/\/le-chouka.com\/de\/shop\/gleitschirmfliegen\/chouka-kompass-traeger\/","name":"Chouka'p Gleitschirm-Kompass f\u00fcr Tragegurte","isPartOf":{"@id":"https:\/\/le-chouka.com\/de\/#website"},"primaryImageOfPage":{"@id":"https:\/\/le-chouka.com\/de\/shop\/gleitschirmfliegen\/chouka-kompass-traeger\/#primaryimage"},"image":{"@id":"https:\/\/le-chouka.com\/de\/shop\/gleitschirmfliegen\/chouka-kompass-traeger\/#primaryimage"},"thumbnailUrl":"https:\/\/le-chouka.com\/wp-content\/uploads\/2025\/10\/boussole-parapente-chouka-elevateurs-fly-02-zoom.jpg","datePublished":"2025-11-01T08:46:34+00:00","dateModified":"2026-03-11T08:50:10+00:00","description":"Gleitschirm-Kompass auf Gleitschirmtragegurten","breadcrumb":{"@id":"https:\/\/le-chouka.com\/de\/shop\/gleitschirmfliegen\/chouka-kompass-traeger\/#breadcrumb"},"inLanguage":"de","potentialAction":[{"@type":"ReadAction","target":["https:\/\/le-chouka.com\/de\/shop\/gleitschirmfliegen\/chouka-kompass-traeger\/"]}]},{"@type":"ImageObject","inLanguage":"de","@id":"https:\/\/le-chouka.com\/de\/shop\/gleitschirmfliegen\/chouka-kompass-traeger\/#primaryimage","url":"https:\/\/le-chouka.com\/wp-content\/uploads\/2025\/10\/boussole-parapente-chouka-elevateurs-fly-02-zoom.jpg","contentUrl":"https:\/\/le-chouka.com\/wp-content\/uploads\/2025\/10\/boussole-parapente-chouka-elevateurs-fly-02-zoom.jpg","width":1015,"height":1015,"caption":"Chouka Kompass auf Gleitschirmtragegurten"},{"@type":"BreadcrumbList","@id":"https:\/\/le-chouka.com\/de\/shop\/gleitschirmfliegen\/chouka-kompass-traeger\/#breadcrumb","itemListElement":[{"@type":"ListItem","position":1,"name":"Startseite","item":"https:\/\/le-chouka.com\/de\/"},{"@type":"ListItem","position":2,"name":"Alle unsere Produkte","item":"https:\/\/le-chouka.com\/de\/shop\/"},{"@type":"ListItem","position":3,"name":"Chouka Kompass auf Gleitschirmtragegurten"}]},{"@type":"WebSite","@id":"https:\/\/le-chouka.com\/de\/#website","url":"https:\/\/le-chouka.com\/de\/","name":"Chouka shop: Parapente, Montagne, Plong\u00e9e","description":"Chouka Shop: Variometer, Kompasse und Zubeh\u00f6r f\u00fcr Gleitschirmfliegen, Bergsport und Tauchen","publisher":{"@id":"https:\/\/le-chouka.com\/de\/#organization"},"alternateName":"Chouka parapente & montagne","potentialAction":[{"@type":"SearchAction","target":{"@type":"EntryPoint","urlTemplate":"https:\/\/le-chouka.com\/de\/?s={search_term_string}"},"query-input":{"@type":"PropertyValueSpecification","valueRequired":true,"valueName":"search_term_string"}}],"inLanguage":"de"},{"@type":"Organization","@id":"https:\/\/le-chouka.com\/de\/#organization","name":"Chouka","alternateName":"Chouka","url":"https:\/\/le-chouka.com\/de\/","logo":{"@type":"ImageObject","inLanguage":"de","@id":"https:\/\/le-chouka.com\/de\/#\/schema\/logo\/image\/","url":"https:\/\/le-chouka.com\/wp-content\/uploads\/2025\/10\/logo-chouka-grand-orange.png","contentUrl":"https:\/\/le-chouka.com\/wp-content\/uploads\/2025\/10\/logo-chouka-grand-orange.png","width":491,"height":424,"caption":"Chouka"},"image":{"@id":"https:\/\/le-chouka.com\/de\/#\/schema\/logo\/image\/"},"sameAs":["https:\/\/www.facebook.com\/le.chouka.parapente","https:\/\/www.instagram.com\/chouka_parapente"]}]},"og_availability":"instock","product_availability":"instock","product_condition":"new"},"_links":{"self":[{"href":"https:\/\/le-chouka.com\/de\/wp-json\/wp\/v2\/product\/2030","targetHints":{"allow":["GET"]}}],"collection":[{"href":"https:\/\/le-chouka.com\/de\/wp-json\/wp\/v2\/product"}],"about":[{"href":"https:\/\/le-chouka.com\/de\/wp-json\/wp\/v2\/types\/product"}],"replies":[{"embeddable":true,"href":"https:\/\/le-chouka.com\/de\/wp-json\/wp\/v2\/comments?post=2030"}],"wp:featuredmedia":[{"embeddable":true,"href":"https:\/\/le-chouka.com\/de\/wp-json\/wp\/v2\/media\/1994"}],"wp:attachment":[{"href":"https:\/\/le-chouka.com\/de\/wp-json\/wp\/v2\/media?parent=2030"}],"wp:term":[{"taxonomy":"product_brand","embeddable":true,"href":"https:\/\/le-chouka.com\/de\/wp-json\/wp\/v2\/product_brand?post=2030"},{"taxonomy":"product_cat","embeddable":true,"href":"https:\/\/le-chouka.com\/de\/wp-json\/wp\/v2\/product_cat?post=2030"},{"taxonomy":"product_tag","embeddable":true,"href":"https:\/\/le-chouka.com\/de\/wp-json\/wp\/v2\/product_tag?post=2030"}],"curies":[{"name":"wp","href":"https:\/\/api.w.org\/{rel}","templated":true}]}}