{"id":1972,"date":"2025-10-09T14:14:31","date_gmt":"2025-10-09T12:14:31","guid":{"rendered":"https:\/\/new.le-chouka.com\/shop\/unkategorisiert\/chouka-balls-steuergriffe\/"},"modified":"2025-12-01T21:45:48","modified_gmt":"2025-12-01T20:45:48","slug":"chouka-balls-steuergriffe","status":"publish","type":"product","link":"https:\/\/le-chouka.com\/de\/shop\/gleitschirmfliegen\/chouka-balls-steuergriffe\/","title":{"rendered":"Chouka Balls Gleitschirmgriffe"},"content":{"rendered":"<h3>Abmessungen<\/h3>\n<p>Die Chouka Balls sind in zwei Durchmessern erh\u00e4ltlich:<\/p>\n<ul>\n<li><strong>\u2300 30 mm<\/strong>: minimales Platzbedarf im Cockpit.<\/li>\n<li><strong>\u2300 40 mm<\/strong>: besserer Griff, besonders mit dicken Handschuhen.<\/li>\n<\/ul>\n<p>Kompatibel mit Bremsgriffen mit oder ohne Wirbel, bis zu einem maximalen Durchmesser von \u2300 8,2 mm (Standard \u2300 8 mm).<\/p>\n<h3>Montage<\/h3>\n<p>Die Montage ist schnell und einfach \u2013 unter einer Minute, ohne Werkzeug und ohne die Leinen zu trennen:<\/p>\n<ol>\n<li>Die Bremsleine in den Schlitz der Steuerkugel einf\u00fchren.<\/li>\n<li>Bis zum Anschlag an der Bremsgriffe schieben (oberhalb des Wirbels).<\/li>\n<li>Das verbleibende Ende der Bremsleine verknoten, um ein Verrutschen der Kugel zu verhindern.<br \/>\nIst das Ende zu kurz, ein St\u00fcck Ersatzleine zum Sichern verwenden.<\/li>\n<li>\u00dcberpr\u00fcfen, dass sich der Bremsweg nicht ver\u00e4ndert hat.\n<ul>\n<li>Bei kleiner Ver\u00e4nderung beim Aufziehen und Testflug sicherstellen, dass die Hinterkante der Kappe nicht in \u201eH\u00e4nde oben\u201c- oder Beschleunigerstellung gezogen wird.<\/li>\n<li>Bei Bedarf Bremsgriffe verl\u00e4ngern.<\/li>\n<\/ul>\n<\/li>\n<\/ol>\n<p><img loading=\"lazy\" decoding=\"async\" class=\"size-thumbnail wp-image-223\" src=\"https:\/\/le-chouka.com\/wp-content\/uploads\/2025\/10\/chouka-balls-parapente-setup-01-150x150.jpg\" alt=\"Montage Chouka Balls\" width=\"150\" height=\"150\" srcset=\"https:\/\/le-chouka.com\/wp-content\/uploads\/2025\/10\/chouka-balls-parapente-setup-01-150x150.jpg 150w, https:\/\/le-chouka.com\/wp-content\/uploads\/2025\/10\/chouka-balls-parapente-setup-01-300x300.jpg 300w, https:\/\/le-chouka.com\/wp-content\/uploads\/2025\/10\/chouka-balls-parapente-setup-01-100x100.jpg 100w, https:\/\/le-chouka.com\/wp-content\/uploads\/2025\/10\/chouka-balls-parapente-setup-01-600x600.jpg 600w, https:\/\/le-chouka.com\/wp-content\/uploads\/2025\/10\/chouka-balls-parapente-setup-01-1024x1024.jpg 1024w, https:\/\/le-chouka.com\/wp-content\/uploads\/2025\/10\/chouka-balls-parapente-setup-01-768x768.jpg 768w, https:\/\/le-chouka.com\/wp-content\/uploads\/2025\/10\/chouka-balls-parapente-setup-01.jpg 1200w\" sizes=\"auto, (max-width: 150px) 100vw, 150px\" \/><br \/>\n<img loading=\"lazy\" decoding=\"async\" class=\"size-thumbnail wp-image-224\" src=\"https:\/\/le-chouka.com\/wp-content\/uploads\/2025\/10\/chouka-balls-parapente-setup-02-150x150.jpg\" alt=\"Montage Chouka Balls\" width=\"150\" height=\"150\" srcset=\"https:\/\/le-chouka.com\/wp-content\/uploads\/2025\/10\/chouka-balls-parapente-setup-02-150x150.jpg 150w, https:\/\/le-chouka.com\/wp-content\/uploads\/2025\/10\/chouka-balls-parapente-setup-02-300x300.jpg 300w, https:\/\/le-chouka.com\/wp-content\/uploads\/2025\/10\/chouka-balls-parapente-setup-02-100x100.jpg 100w, https:\/\/le-chouka.com\/wp-content\/uploads\/2025\/10\/chouka-balls-parapente-setup-02-600x600.jpg 600w, https:\/\/le-chouka.com\/wp-content\/uploads\/2025\/10\/chouka-balls-parapente-setup-02-1024x1024.jpg 1024w, https:\/\/le-chouka.com\/wp-content\/uploads\/2025\/10\/chouka-balls-parapente-setup-02-768x768.jpg 768w, https:\/\/le-chouka.com\/wp-content\/uploads\/2025\/10\/chouka-balls-parapente-setup-02.jpg 1200w\" sizes=\"auto, (max-width: 150px) 100vw, 150px\" \/><br \/>\n<img loading=\"lazy\" decoding=\"async\" class=\"size-thumbnail wp-image-225\" src=\"https:\/\/le-chouka.com\/wp-content\/uploads\/2025\/10\/chouka-balls-parapente-setup-03-150x150.jpg\" alt=\"Montage Chouka Balls\" width=\"150\" height=\"150\" srcset=\"https:\/\/le-chouka.com\/wp-content\/uploads\/2025\/10\/chouka-balls-parapente-setup-03-150x150.jpg 150w, https:\/\/le-chouka.com\/wp-content\/uploads\/2025\/10\/chouka-balls-parapente-setup-03-300x300.jpg 300w, https:\/\/le-chouka.com\/wp-content\/uploads\/2025\/10\/chouka-balls-parapente-setup-03-100x100.jpg 100w, https:\/\/le-chouka.com\/wp-content\/uploads\/2025\/10\/chouka-balls-parapente-setup-03-600x600.jpg 600w, https:\/\/le-chouka.com\/wp-content\/uploads\/2025\/10\/chouka-balls-parapente-setup-03-1024x1024.jpg 1024w, https:\/\/le-chouka.com\/wp-content\/uploads\/2025\/10\/chouka-balls-parapente-setup-03-768x768.jpg 768w, https:\/\/le-chouka.com\/wp-content\/uploads\/2025\/10\/chouka-balls-parapente-setup-03.jpg 1200w\" sizes=\"auto, (max-width: 150px) 100vw, 150px\" \/><br \/>\n<img loading=\"lazy\" decoding=\"async\" class=\"size-thumbnail wp-image-226\" src=\"https:\/\/le-chouka.com\/wp-content\/uploads\/2025\/10\/chouka-balls-parapente-setup-04-150x150.jpg\" alt=\"Montage Chouka Balls\" width=\"150\" height=\"150\" srcset=\"https:\/\/le-chouka.com\/wp-content\/uploads\/2025\/10\/chouka-balls-parapente-setup-04-150x150.jpg 150w, https:\/\/le-chouka.com\/wp-content\/uploads\/2025\/10\/chouka-balls-parapente-setup-04-300x300.jpg 300w, https:\/\/le-chouka.com\/wp-content\/uploads\/2025\/10\/chouka-balls-parapente-setup-04-100x100.jpg 100w, https:\/\/le-chouka.com\/wp-content\/uploads\/2025\/10\/chouka-balls-parapente-setup-04-600x600.jpg 600w, https:\/\/le-chouka.com\/wp-content\/uploads\/2025\/10\/chouka-balls-parapente-setup-04-1024x1024.jpg 1024w, https:\/\/le-chouka.com\/wp-content\/uploads\/2025\/10\/chouka-balls-parapente-setup-04-768x768.jpg 768w, https:\/\/le-chouka.com\/wp-content\/uploads\/2025\/10\/chouka-balls-parapente-setup-04.jpg 1200w\" sizes=\"auto, (max-width: 150px) 100vw, 150px\" \/><br \/>\n<img loading=\"lazy\" decoding=\"async\" class=\"size-thumbnail wp-image-227\" src=\"https:\/\/le-chouka.com\/wp-content\/uploads\/2025\/10\/chouka-balls-parapente-setup-05-150x150.jpg\" alt=\"Montage Chouka Balls\" width=\"150\" height=\"150\" srcset=\"https:\/\/le-chouka.com\/wp-content\/uploads\/2025\/10\/chouka-balls-parapente-setup-05-150x150.jpg 150w, https:\/\/le-chouka.com\/wp-content\/uploads\/2025\/10\/chouka-balls-parapente-setup-05-300x300.jpg 300w, https:\/\/le-chouka.com\/wp-content\/uploads\/2025\/10\/chouka-balls-parapente-setup-05-100x100.jpg 100w, https:\/\/le-chouka.com\/wp-content\/uploads\/2025\/10\/chouka-balls-parapente-setup-05-600x600.jpg 600w, https:\/\/le-chouka.com\/wp-content\/uploads\/2025\/10\/chouka-balls-parapente-setup-05-1024x1024.jpg 1024w, https:\/\/le-chouka.com\/wp-content\/uploads\/2025\/10\/chouka-balls-parapente-setup-05-768x768.jpg 768w, https:\/\/le-chouka.com\/wp-content\/uploads\/2025\/10\/chouka-balls-parapente-setup-05.jpg 1200w\" sizes=\"auto, (max-width: 150px) 100vw, 150px\" \/><\/p>\n<h3>Sicherheit und Vorflugkontrolle<\/h3>\n<p>Vor jedem Flug sicherstellen, dass sich die Kugeln nicht mit anderen Leinen verheddern und sicher entlang der Bremsleine sitzen.<\/p>\n","protected":false},"excerpt":{"rendered":"<p>Die <strong>Chouka Balls*<\/strong> lassen sich schnell und einfach an den Bremsgriffen deines Gleitschirms anbringen.<\/p>\n<p>Sie <strong>verbessern den Griff<\/strong> und erm\u00f6glichen ein pr\u00e4ziseres Gef\u00fchl f\u00fcr die Luftmasse, was zu einer feineren und bequemeren Steuerung f\u00fchrt.<\/p>\n<p><small><em>* Chouka Balls werden paarweise verkauft; der auf einigen Fotos sichtbare Bremsgriff ist nicht enthalten.<\/em><\/small><\/p>\n","protected":false},"featured_media":1958,"comment_status":"open","ping_status":"closed","template":"","meta":[],"product_brand":[],"product_cat":[127,160],"product_tag":[],"class_list":{"0":"post-1972","1":"product","2":"type-product","3":"status-publish","4":"has-post-thumbnail","6":"product_cat-gleitschirmfliegen","7":"product_cat-zubehor","9":"first","10":"instock","11":"taxable","12":"shipping-taxable","13":"purchasable","14":"product-type-variable","15":"has-default-attributes"},"yoast_head":"<!-- This site is optimized with the Yoast SEO Premium plugin v26.1 (Yoast SEO v27.1.1) - https:\/\/yoast.com\/product\/yoast-seo-premium-wordpress\/ -->\n<title>Chouka Balls: Steuergriffe f\u00fcr Gleitschirmbremsen<\/title>\n<meta name=\"description\" content=\"Bremsgriffe f\u00fcr Gleitschirme, bieten besseren Halt und pr\u00e4zisere Steuerung. Hergestellt in Frankreich.\" \/>\n<meta name=\"robots\" content=\"index, follow, max-snippet:-1, max-image-preview:large, max-video-preview:-1\" \/>\n<link rel=\"canonical\" href=\"https:\/\/le-chouka.com\/de\/shop\/gleitschirmfliegen\/chouka-balls-steuergriffe\/\" \/>\n<meta property=\"og:locale\" content=\"de_DE\" \/>\n<meta property=\"og:type\" content=\"article\" \/>\n<meta property=\"og:title\" content=\"Chouka Balls \u2013 Steuerb\u00e4lle f\u00fcr Gleitschirmfliegen\" \/>\n<meta property=\"og:description\" content=\"Bremsgriffe f\u00fcr Gleitschirme, bieten besseren Halt und pr\u00e4zisere Steuerung. Hergestellt in Frankreich.\" \/>\n<meta property=\"og:url\" content=\"https:\/\/le-chouka.com\/de\/shop\/gleitschirmfliegen\/chouka-balls-steuergriffe\/\" \/>\n<meta property=\"og:site_name\" content=\"Chouka Shop: Gleitschirmfliegen, Klettern und Tauchen\" \/>\n<meta property=\"article:publisher\" content=\"https:\/\/www.facebook.com\/le.chouka.parapente\" \/>\n<meta property=\"article:modified_time\" content=\"2025-12-01T20:45:48+00:00\" \/>\n<meta property=\"og:image\" content=\"https:\/\/le-chouka.com\/wp-content\/uploads\/2025\/10\/chouka-balls-parapente-40mm-05.jpg\" \/>\n\t<meta property=\"og:image:width\" content=\"1200\" \/>\n\t<meta property=\"og:image:height\" content=\"1200\" \/>\n\t<meta property=\"og:image:type\" content=\"image\/jpeg\" \/>\n<meta name=\"twitter:card\" content=\"summary_large_image\" \/>\n<meta name=\"twitter:title\" content=\"Chouka Balls Gleitschirmgriffe\" \/>\n<meta name=\"twitter:label1\" content=\"Verf\u00fcgbarkeit\" \/>\n\t<meta name=\"twitter:data1\" content=\"Auf Lager\" \/>\n<script type=\"application\/ld+json\" class=\"yoast-schema-graph\">{\"@context\":\"https:\/\/schema.org\",\"@graph\":[{\"@type\":\"WebPage\",\"@id\":\"https:\/\/le-chouka.com\/de\/shop\/gleitschirmfliegen\/chouka-balls-steuergriffe\/\",\"url\":\"https:\/\/le-chouka.com\/de\/shop\/gleitschirmfliegen\/chouka-balls-steuergriffe\/\",\"name\":\"Chouka Balls: Steuergriffe f\u00fcr Gleitschirmbremsen\",\"isPartOf\":{\"@id\":\"https:\/\/le-chouka.com\/de\/#website\"},\"primaryImageOfPage\":{\"@id\":\"https:\/\/le-chouka.com\/de\/shop\/gleitschirmfliegen\/chouka-balls-steuergriffe\/#primaryimage\"},\"image\":{\"@id\":\"https:\/\/le-chouka.com\/de\/shop\/gleitschirmfliegen\/chouka-balls-steuergriffe\/#primaryimage\"},\"thumbnailUrl\":\"https:\/\/le-chouka.com\/wp-content\/uploads\/2025\/10\/chouka-balls-parapente-40mm-05.jpg\",\"datePublished\":\"2025-10-09T12:14:31+00:00\",\"dateModified\":\"2025-12-01T20:45:48+00:00\",\"description\":\"Bremsgriffe f\u00fcr Gleitschirme, bieten besseren Halt und pr\u00e4zisere Steuerung. Hergestellt in Frankreich.\",\"breadcrumb\":{\"@id\":\"https:\/\/le-chouka.com\/de\/shop\/gleitschirmfliegen\/chouka-balls-steuergriffe\/#breadcrumb\"},\"inLanguage\":\"de\",\"potentialAction\":[{\"@type\":\"ReadAction\",\"target\":[\"https:\/\/le-chouka.com\/de\/shop\/gleitschirmfliegen\/chouka-balls-steuergriffe\/\"]}]},{\"@type\":\"ImageObject\",\"inLanguage\":\"de\",\"@id\":\"https:\/\/le-chouka.com\/de\/shop\/gleitschirmfliegen\/chouka-balls-steuergriffe\/#primaryimage\",\"url\":\"https:\/\/le-chouka.com\/wp-content\/uploads\/2025\/10\/chouka-balls-parapente-40mm-05.jpg\",\"contentUrl\":\"https:\/\/le-chouka.com\/wp-content\/uploads\/2025\/10\/chouka-balls-parapente-40mm-05.jpg\",\"width\":1200,\"height\":1200,\"caption\":\"Chouka Balls\"},{\"@type\":\"BreadcrumbList\",\"@id\":\"https:\/\/le-chouka.com\/de\/shop\/gleitschirmfliegen\/chouka-balls-steuergriffe\/#breadcrumb\",\"itemListElement\":[{\"@type\":\"ListItem\",\"position\":1,\"name\":\"Startseite\",\"item\":\"https:\/\/le-chouka.com\/de\/\"},{\"@type\":\"ListItem\",\"position\":2,\"name\":\"Alle unsere Produkte\",\"item\":\"https:\/\/le-chouka.com\/de\/shop\/\"},{\"@type\":\"ListItem\",\"position\":3,\"name\":\"Chouka Balls Gleitschirmgriffe\"}]},{\"@type\":\"WebSite\",\"@id\":\"https:\/\/le-chouka.com\/de\/#website\",\"url\":\"https:\/\/le-chouka.com\/de\/\",\"name\":\"Chouka shop: Parapente, Montagne, Plong\u00e9e\",\"description\":\"Chouka Shop: Variometer, Kompasse und Zubeh\u00f6r f\u00fcr Gleitschirmfliegen, Bergsport und Tauchen\",\"publisher\":{\"@id\":\"https:\/\/le-chouka.com\/de\/#organization\"},\"alternateName\":\"Chouka parapente & montagne\",\"potentialAction\":[{\"@type\":\"SearchAction\",\"target\":{\"@type\":\"EntryPoint\",\"urlTemplate\":\"https:\/\/le-chouka.com\/de\/?s={search_term_string}\"},\"query-input\":{\"@type\":\"PropertyValueSpecification\",\"valueRequired\":true,\"valueName\":\"search_term_string\"}}],\"inLanguage\":\"de\"},{\"@type\":\"Organization\",\"@id\":\"https:\/\/le-chouka.com\/de\/#organization\",\"name\":\"Chouka\",\"alternateName\":\"Chouka\",\"url\":\"https:\/\/le-chouka.com\/de\/\",\"logo\":{\"@type\":\"ImageObject\",\"inLanguage\":\"de\",\"@id\":\"https:\/\/le-chouka.com\/de\/#\/schema\/logo\/image\/\",\"url\":\"https:\/\/le-chouka.com\/wp-content\/uploads\/2025\/10\/logo-chouka-grand-orange.png\",\"contentUrl\":\"https:\/\/le-chouka.com\/wp-content\/uploads\/2025\/10\/logo-chouka-grand-orange.png\",\"width\":491,\"height\":424,\"caption\":\"Chouka\"},\"image\":{\"@id\":\"https:\/\/le-chouka.com\/de\/#\/schema\/logo\/image\/\"},\"sameAs\":[\"https:\/\/www.facebook.com\/le.chouka.parapente\",\"https:\/\/www.instagram.com\/chouka_parapente\"]}]}<\/script>\n<meta property=\"og:availability\" content=\"instock\" \/>\n<meta property=\"product:availability\" content=\"instock\" \/>\n<meta property=\"product:condition\" content=\"new\" \/>\n<!-- \/ Yoast SEO Premium plugin. -->","yoast_head_json":{"title":"Chouka Balls: Steuergriffe f\u00fcr Gleitschirmbremsen","description":"Bremsgriffe f\u00fcr Gleitschirme, bieten besseren Halt und pr\u00e4zisere Steuerung. Hergestellt in Frankreich.","robots":{"index":"index","follow":"follow","max-snippet":"max-snippet:-1","max-image-preview":"max-image-preview:large","max-video-preview":"max-video-preview:-1"},"canonical":"https:\/\/le-chouka.com\/de\/shop\/gleitschirmfliegen\/chouka-balls-steuergriffe\/","og_locale":"de_DE","og_type":"article","og_title":"Chouka Balls \u2013 Steuerb\u00e4lle f\u00fcr Gleitschirmfliegen","og_description":"Bremsgriffe f\u00fcr Gleitschirme, bieten besseren Halt und pr\u00e4zisere Steuerung. Hergestellt in Frankreich.","og_url":"https:\/\/le-chouka.com\/de\/shop\/gleitschirmfliegen\/chouka-balls-steuergriffe\/","og_site_name":"Chouka Shop: Gleitschirmfliegen, Klettern und Tauchen","article_publisher":"https:\/\/www.facebook.com\/le.chouka.parapente","article_modified_time":"2025-12-01T20:45:48+00:00","og_image":[{"width":1200,"height":1200,"url":"https:\/\/le-chouka.com\/wp-content\/uploads\/2025\/10\/chouka-balls-parapente-40mm-05.jpg","type":"image\/jpeg"}],"twitter_card":"summary_large_image","twitter_title":"Chouka Balls Gleitschirmgriffe","twitter_misc":{"Verf\u00fcgbarkeit":"Auf Lager"},"schema":{"@context":"https:\/\/schema.org","@graph":[{"@type":"WebPage","@id":"https:\/\/le-chouka.com\/de\/shop\/gleitschirmfliegen\/chouka-balls-steuergriffe\/","url":"https:\/\/le-chouka.com\/de\/shop\/gleitschirmfliegen\/chouka-balls-steuergriffe\/","name":"Chouka Balls: Steuergriffe f\u00fcr Gleitschirmbremsen","isPartOf":{"@id":"https:\/\/le-chouka.com\/de\/#website"},"primaryImageOfPage":{"@id":"https:\/\/le-chouka.com\/de\/shop\/gleitschirmfliegen\/chouka-balls-steuergriffe\/#primaryimage"},"image":{"@id":"https:\/\/le-chouka.com\/de\/shop\/gleitschirmfliegen\/chouka-balls-steuergriffe\/#primaryimage"},"thumbnailUrl":"https:\/\/le-chouka.com\/wp-content\/uploads\/2025\/10\/chouka-balls-parapente-40mm-05.jpg","datePublished":"2025-10-09T12:14:31+00:00","dateModified":"2025-12-01T20:45:48+00:00","description":"Bremsgriffe f\u00fcr Gleitschirme, bieten besseren Halt und pr\u00e4zisere Steuerung. Hergestellt in Frankreich.","breadcrumb":{"@id":"https:\/\/le-chouka.com\/de\/shop\/gleitschirmfliegen\/chouka-balls-steuergriffe\/#breadcrumb"},"inLanguage":"de","potentialAction":[{"@type":"ReadAction","target":["https:\/\/le-chouka.com\/de\/shop\/gleitschirmfliegen\/chouka-balls-steuergriffe\/"]}]},{"@type":"ImageObject","inLanguage":"de","@id":"https:\/\/le-chouka.com\/de\/shop\/gleitschirmfliegen\/chouka-balls-steuergriffe\/#primaryimage","url":"https:\/\/le-chouka.com\/wp-content\/uploads\/2025\/10\/chouka-balls-parapente-40mm-05.jpg","contentUrl":"https:\/\/le-chouka.com\/wp-content\/uploads\/2025\/10\/chouka-balls-parapente-40mm-05.jpg","width":1200,"height":1200,"caption":"Chouka Balls"},{"@type":"BreadcrumbList","@id":"https:\/\/le-chouka.com\/de\/shop\/gleitschirmfliegen\/chouka-balls-steuergriffe\/#breadcrumb","itemListElement":[{"@type":"ListItem","position":1,"name":"Startseite","item":"https:\/\/le-chouka.com\/de\/"},{"@type":"ListItem","position":2,"name":"Alle unsere Produkte","item":"https:\/\/le-chouka.com\/de\/shop\/"},{"@type":"ListItem","position":3,"name":"Chouka Balls Gleitschirmgriffe"}]},{"@type":"WebSite","@id":"https:\/\/le-chouka.com\/de\/#website","url":"https:\/\/le-chouka.com\/de\/","name":"Chouka shop: Parapente, Montagne, Plong\u00e9e","description":"Chouka Shop: Variometer, Kompasse und Zubeh\u00f6r f\u00fcr Gleitschirmfliegen, Bergsport und Tauchen","publisher":{"@id":"https:\/\/le-chouka.com\/de\/#organization"},"alternateName":"Chouka parapente & montagne","potentialAction":[{"@type":"SearchAction","target":{"@type":"EntryPoint","urlTemplate":"https:\/\/le-chouka.com\/de\/?s={search_term_string}"},"query-input":{"@type":"PropertyValueSpecification","valueRequired":true,"valueName":"search_term_string"}}],"inLanguage":"de"},{"@type":"Organization","@id":"https:\/\/le-chouka.com\/de\/#organization","name":"Chouka","alternateName":"Chouka","url":"https:\/\/le-chouka.com\/de\/","logo":{"@type":"ImageObject","inLanguage":"de","@id":"https:\/\/le-chouka.com\/de\/#\/schema\/logo\/image\/","url":"https:\/\/le-chouka.com\/wp-content\/uploads\/2025\/10\/logo-chouka-grand-orange.png","contentUrl":"https:\/\/le-chouka.com\/wp-content\/uploads\/2025\/10\/logo-chouka-grand-orange.png","width":491,"height":424,"caption":"Chouka"},"image":{"@id":"https:\/\/le-chouka.com\/de\/#\/schema\/logo\/image\/"},"sameAs":["https:\/\/www.facebook.com\/le.chouka.parapente","https:\/\/www.instagram.com\/chouka_parapente"]}]},"og_availability":"instock","product_availability":"instock","product_condition":"new"},"_links":{"self":[{"href":"https:\/\/le-chouka.com\/de\/wp-json\/wp\/v2\/product\/1972","targetHints":{"allow":["GET"]}}],"collection":[{"href":"https:\/\/le-chouka.com\/de\/wp-json\/wp\/v2\/product"}],"about":[{"href":"https:\/\/le-chouka.com\/de\/wp-json\/wp\/v2\/types\/product"}],"replies":[{"embeddable":true,"href":"https:\/\/le-chouka.com\/de\/wp-json\/wp\/v2\/comments?post=1972"}],"wp:featuredmedia":[{"embeddable":true,"href":"https:\/\/le-chouka.com\/de\/wp-json\/wp\/v2\/media\/1958"}],"wp:attachment":[{"href":"https:\/\/le-chouka.com\/de\/wp-json\/wp\/v2\/media?parent=1972"}],"wp:term":[{"taxonomy":"product_brand","embeddable":true,"href":"https:\/\/le-chouka.com\/de\/wp-json\/wp\/v2\/product_brand?post=1972"},{"taxonomy":"product_cat","embeddable":true,"href":"https:\/\/le-chouka.com\/de\/wp-json\/wp\/v2\/product_cat?post=1972"},{"taxonomy":"product_tag","embeddable":true,"href":"https:\/\/le-chouka.com\/de\/wp-json\/wp\/v2\/product_tag?post=1972"}],"curies":[{"name":"wp","href":"https:\/\/api.w.org\/{rel}","templated":true}]}}