{"id":1907,"date":"2025-10-09T14:14:11","date_gmt":"2025-10-09T12:14:11","guid":{"rendered":"https:\/\/new.le-chouka.com\/shop\/unkategorisiert\/chouka-bars-hintere-steuergriffe\/"},"modified":"2025-12-26T15:14:41","modified_gmt":"2025-12-26T14:14:41","slug":"chouka-bars-hintere-steuergriffe","status":"publish","type":"product","link":"https:\/\/le-chouka.com\/de\/shop\/gleitschirmfliegen\/chouka-bars-hintere-steuergriffe\/","title":{"rendered":"Chouka Bars: Griffe an den hinteren Tragegurten"},"content":{"rendered":"<p>Die Chouka Bars wurden entwickelt, um <strong>Kontrolle<\/strong> und <strong>Komfort<\/strong> beim Fliegen \u00fcber die <strong>hinteren Tragegurte<\/strong> zu verbessern:<\/p>\n<ul>\n<li><strong>Besserer Griff<\/strong> und mehr Komfort beim Steuern.<\/li>\n<li><strong>Pr\u00e4zise<\/strong> Steuereingaben und erh\u00f6htes Gef\u00fchl f\u00fcr die Luftmasse.<\/li>\n<li><strong>Weniger K\u00e4ltegef\u00fchl<\/strong> und Erm\u00fcdung.<\/li>\n<li><strong>Einfache Montage<\/strong> an den hinteren Tragegurten f\u00fcr den sofortigen Einsatz.<\/li>\n<\/ul>\n<h3>Abmessungen<\/h3>\n<p>Die <strong>Steuerstangen an den hinteren Tragegurten (Chouka Bars)<\/strong> sind kompatibel mit Tragegurten bis zu einer <strong>maximalen Breite von 20\u00a0mm<\/strong> (Standard bei den meisten modernen Schirmen).<\/p>\n<p>Erh\u00e4ltlich in zwei Gr\u00f6\u00dfen:<\/p>\n<table border=\"1\" cellspacing=\"0\" cellpadding=\"5\">\n<thead>\n<tr>\n<th>Gr\u00f6\u00dfe<\/th>\n<th>Empfohlene Nutzung<\/th>\n<th>Gewicht<\/th>\n<\/tr>\n<\/thead>\n<tbody>\n<tr>\n<td><strong>50 mm<\/strong><\/td>\n<td>Minimale Beeintr\u00e4chtigung des Cockpits;<br \/>\n<strong>2-Finger-Griff<\/strong> (je 1 auf jeder Seite des Tragegurts)<\/td>\n<td><strong>25 g<\/strong><\/td>\n<\/tr>\n<tr>\n<td><strong>90 mm<\/strong><\/td>\n<td>Bessere Kontrolle;<br \/>\n<strong>4-Finger-Griff<\/strong> (je 2 auf jeder Seite des Tragegurts)<\/td>\n<td><strong>33 g<\/strong><\/td>\n<\/tr>\n<\/tbody>\n<\/table>\n<h3>Konstruktion<\/h3>\n<ul>\n<li><strong>Schutz der Tragegurte<\/strong>: integrierte weiche Gummipads, um die Tragegurte nicht zu besch\u00e4digen.<\/li>\n<li><strong>Sicherheit beim Start<\/strong>: keine offenen Schlitze und abgerundete Formen, um das Risiko eines Verhakens der Leinen zu verringern.<\/li>\n<li><strong>Materialschonung<\/strong>: Auslegung f\u00fcr <strong>geringes Anzugsdrehmoment<\/strong> ohne Verrutschen (<strong>5 N.m<\/strong> gen\u00fcgen), damit die Tragegurte nicht gequetscht oder besch\u00e4digt werden.<\/li>\n<\/ul>\n<h3>Montage<\/h3>\n<p>Vorgang f\u00fcr jeden hinteren Tragegurt wiederholen:<\/p>\n<ol>\n<li>Weiche Schutzpads in die Aussparungen von Griffen und Kappen einsetzen, um die Tragegurte zu sch\u00fctzen.<br \/>\n<img loading=\"lazy\" decoding=\"async\" class=\"alignnone wp-image-211 size-thumbnail\" src=\"https:\/\/le-chouka.com\/wp-content\/uploads\/2025\/10\/chouka-bars-parapente-setup-01-150x150.jpg\" alt=\"Montage Chouka Bars\" width=\"150\" height=\"150\" srcset=\"https:\/\/le-chouka.com\/wp-content\/uploads\/2025\/10\/chouka-bars-parapente-setup-01-150x150.jpg 150w, https:\/\/le-chouka.com\/wp-content\/uploads\/2025\/10\/chouka-bars-parapente-setup-01-300x300.jpg 300w, https:\/\/le-chouka.com\/wp-content\/uploads\/2025\/10\/chouka-bars-parapente-setup-01-100x100.jpg 100w, https:\/\/le-chouka.com\/wp-content\/uploads\/2025\/10\/chouka-bars-parapente-setup-01-600x600.jpg 600w, https:\/\/le-chouka.com\/wp-content\/uploads\/2025\/10\/chouka-bars-parapente-setup-01-1024x1024.jpg 1024w, https:\/\/le-chouka.com\/wp-content\/uploads\/2025\/10\/chouka-bars-parapente-setup-01-768x768.jpg 768w, https:\/\/le-chouka.com\/wp-content\/uploads\/2025\/10\/chouka-bars-parapente-setup-01-1536x1536.jpg 1536w, https:\/\/le-chouka.com\/wp-content\/uploads\/2025\/10\/chouka-bars-parapente-setup-01-2048x2048.jpg 2048w\" sizes=\"auto, (max-width: 150px) 100vw, 150px\" \/><\/li>\n<li>Den hinteren Tragegurt in die Aussparung auf das Pad legen. Kleine Kappe mit Pad oben aufsetzen.<br \/>\n<img loading=\"lazy\" decoding=\"async\" class=\"size-thumbnail wp-image-212\" src=\"https:\/\/le-chouka.com\/wp-content\/uploads\/2025\/10\/chouka-bars-parapente-setup-02-150x150.jpg\" alt=\"Montage Chouka Bars\" width=\"150\" height=\"150\" srcset=\"https:\/\/le-chouka.com\/wp-content\/uploads\/2025\/10\/chouka-bars-parapente-setup-02-150x150.jpg 150w, https:\/\/le-chouka.com\/wp-content\/uploads\/2025\/10\/chouka-bars-parapente-setup-02-300x300.jpg 300w, https:\/\/le-chouka.com\/wp-content\/uploads\/2025\/10\/chouka-bars-parapente-setup-02-100x100.jpg 100w, https:\/\/le-chouka.com\/wp-content\/uploads\/2025\/10\/chouka-bars-parapente-setup-02-600x600.jpg 600w, https:\/\/le-chouka.com\/wp-content\/uploads\/2025\/10\/chouka-bars-parapente-setup-02-1024x1024.jpg 1024w, https:\/\/le-chouka.com\/wp-content\/uploads\/2025\/10\/chouka-bars-parapente-setup-02-768x768.jpg 768w, https:\/\/le-chouka.com\/wp-content\/uploads\/2025\/10\/chouka-bars-parapente-setup-02-1536x1536.jpg 1536w, https:\/\/le-chouka.com\/wp-content\/uploads\/2025\/10\/chouka-bars-parapente-setup-02-2048x2048.jpg 2048w\" sizes=\"auto, (max-width: 150px) 100vw, 150px\" \/><\/li>\n<li>Sicherstellen, dass die Muttern korrekt in der Kappe sitzen, und die 2 Schrauben leicht anziehen.<\/li>\n<li>Gew\u00fcnschte H\u00f6he\/Position des Griffs einstellen.<\/li>\n<li>Pr\u00fcfen, dass der Tragegurt nur die weichen Pads auf beiden Seiten ber\u00fchrt.<br \/>\n<img loading=\"lazy\" decoding=\"async\" class=\"size-thumbnail wp-image-215\" src=\"https:\/\/le-chouka.com\/wp-content\/uploads\/2025\/10\/chouka-bars-parapente-setup-05-150x150.jpg\" alt=\"Montage Chouka Bars\" width=\"150\" height=\"150\" srcset=\"https:\/\/le-chouka.com\/wp-content\/uploads\/2025\/10\/chouka-bars-parapente-setup-05-150x150.jpg 150w, https:\/\/le-chouka.com\/wp-content\/uploads\/2025\/10\/chouka-bars-parapente-setup-05-300x300.jpg 300w, https:\/\/le-chouka.com\/wp-content\/uploads\/2025\/10\/chouka-bars-parapente-setup-05-scaled-100x100.jpg 100w, https:\/\/le-chouka.com\/wp-content\/uploads\/2025\/10\/chouka-bars-parapente-setup-05-scaled-600x600.jpg 600w, https:\/\/le-chouka.com\/wp-content\/uploads\/2025\/10\/chouka-bars-parapente-setup-05-1024x1024.jpg 1024w, https:\/\/le-chouka.com\/wp-content\/uploads\/2025\/10\/chouka-bars-parapente-setup-05-768x768.jpg 768w, https:\/\/le-chouka.com\/wp-content\/uploads\/2025\/10\/chouka-bars-parapente-setup-05-1536x1536.jpg 1536w, https:\/\/le-chouka.com\/wp-content\/uploads\/2025\/10\/chouka-bars-parapente-setup-05-2048x2048.jpg 2048w\" sizes=\"auto, (max-width: 150px) 100vw, 150px\" \/><\/li>\n<li>Die 2 Schrauben gleichm\u00e4\u00dfig schrittweise auf <strong>5 N.m<\/strong> anziehen.<br \/>\n<img loading=\"lazy\" decoding=\"async\" class=\"size-thumbnail wp-image-213\" src=\"https:\/\/le-chouka.com\/wp-content\/uploads\/2025\/10\/chouka-bars-parapente-setup-03-150x150.jpg\" alt=\"Montage Chouka Bars\" width=\"150\" height=\"150\" srcset=\"https:\/\/le-chouka.com\/wp-content\/uploads\/2025\/10\/chouka-bars-parapente-setup-03-150x150.jpg 150w, https:\/\/le-chouka.com\/wp-content\/uploads\/2025\/10\/chouka-bars-parapente-setup-03-300x300.jpg 300w, https:\/\/le-chouka.com\/wp-content\/uploads\/2025\/10\/chouka-bars-parapente-setup-03-100x100.jpg 100w, https:\/\/le-chouka.com\/wp-content\/uploads\/2025\/10\/chouka-bars-parapente-setup-03-600x600.jpg 600w, https:\/\/le-chouka.com\/wp-content\/uploads\/2025\/10\/chouka-bars-parapente-setup-03-1024x1024.jpg 1024w, https:\/\/le-chouka.com\/wp-content\/uploads\/2025\/10\/chouka-bars-parapente-setup-03-768x768.jpg 768w, https:\/\/le-chouka.com\/wp-content\/uploads\/2025\/10\/chouka-bars-parapente-setup-03-1536x1536.jpg 1536w, https:\/\/le-chouka.com\/wp-content\/uploads\/2025\/10\/chouka-bars-parapente-setup-03-2048x2048.jpg 2048w\" sizes=\"auto, (max-width: 150px) 100vw, 150px\" \/><\/p>\n<ul>\n<li>Die \u00fcber die Mutter herausragende Schraubenl\u00e4nge muss auf beiden Seiten identisch sein.<\/li>\n<li>Nur so fest anziehen, dass nichts rutscht: Tragegurt nicht quetschen.<\/li>\n<\/ul>\n<\/li>\n<\/ol>\n<h3>Sicherheit<\/h3>\n<p>Steuergriffe an den hinteren Tragegurten sind f\u00fcr erfahrene Pilotinnen und Piloten oder f\u00fcr entsprechend Geschulte vorgesehen.<\/p>\n<p><strong>Kontrollen bei der Montage:<\/strong><\/p>\n<ul>\n<li>Korrektes, nicht \u00fcberm\u00e4\u00dfiges Anziehen (5 N.m).<\/li>\n<li>Gleichm\u00e4\u00dfiges Anziehen beider Schrauben.<\/li>\n<li>Tragegurte d\u00fcrfen nur die weichen Pads ber\u00fchren.<\/li>\n<\/ul>\n<p><strong>Zus\u00e4tzliche Vorflug-Checks:<\/strong><\/p>\n<ul>\n<li>Keine Leine eingeklemmt.<\/li>\n<li>Griffe fest montiert.<\/li>\n<\/ul>\n<p><strong>Wartung<\/strong><\/p>\n<ul>\n<li>Kontrolle alle 100 Flugstunden oder j\u00e4hrlich: Zustand der Tragegurte pr\u00fcfen.<\/li>\n<li>Bei l\u00e4ngerer Lagerung: Schrauben leicht l\u00f6sen.<\/li>\n<\/ul>\n<h3>Steuern \u00fcber die hinteren Tragegurte<\/h3>\n<p>Das Steuern \u00fcber die hinteren Tragegurte ersetzt den Bremseinsatz, um:<\/p>\n<ul>\n<li>den Profilkontroll unter Beschleuniger zu behalten,<\/li>\n<li>\u00dcberg\u00e4nge und Gleitphasen zu optimieren,<\/li>\n<li>die Streckenflug-Performance zu verbessern,<\/li>\n<li>den Widerstand im beschleunigten Flug zu reduzieren.<\/li>\n<\/ul>\n<p>In turbulenten Bedingungen richtet es sich haupts\u00e4chlich an erfahrene Pilotinnen und Piloten; dennoch empfiehlt es sich, diese Technik schon fr\u00fch schrittweise kennenzulernen.<\/p>\n","protected":false},"excerpt":{"rendered":"<p>Die <strong>Chouka Bars<\/strong> verbessern den Griff, das Luftgef\u00fchl, die <strong>Steuerpr\u00e4zision<\/strong> und den Komfort beim Steuern \u00fcber die hinteren Tragegurte des Gleitschirms. Au\u00dferdem <strong>reduzieren sie das K\u00e4ltegef\u00fchl<\/strong>, das durch den Druck der Tragegurte oder Leinen auf die Handschuhe entsteht.<\/p>\n<p><small><em>* Die Chouka Bars Griffe an den hinteren Tragegurten werden paarweise verkauft; Gummischutzteile zum Schutz der Tragegurte sind im Lieferumfang enthalten.<\/em><\/small><\/p>\n","protected":false},"featured_media":1894,"comment_status":"open","ping_status":"closed","template":"","meta":[],"product_brand":[],"product_cat":[127,160],"product_tag":[],"class_list":{"0":"post-1907","1":"product","2":"type-product","3":"status-publish","4":"has-post-thumbnail","6":"product_cat-gleitschirmfliegen","7":"product_cat-zubehor","9":"first","10":"instock","11":"featured","12":"taxable","13":"shipping-taxable","14":"purchasable","15":"product-type-variable","16":"has-default-attributes"},"yoast_head":"<!-- This site is optimized with the Yoast SEO Premium plugin v26.1 (Yoast SEO v27.1.1) - https:\/\/yoast.com\/product\/yoast-seo-premium-wordpress\/ -->\n<title>Chouka Bars: Steuergriffe an den hinteren Risern des Gleitschirms<\/title>\n<meta name=\"description\" content=\"Chouka Bars: Griffe an den hinteren Tragegurten\" \/>\n<meta name=\"robots\" content=\"index, follow, max-snippet:-1, max-image-preview:large, max-video-preview:-1\" \/>\n<link rel=\"canonical\" href=\"https:\/\/le-chouka.com\/de\/shop\/gleitschirmfliegen\/chouka-bars-hintere-steuergriffe\/\" \/>\n<meta property=\"og:locale\" content=\"de_DE\" \/>\n<meta property=\"og:type\" content=\"article\" \/>\n<meta property=\"og:title\" content=\"Chouka Bars: Griffe an den hinteren Tragegurten\" \/>\n<meta property=\"og:description\" content=\"Chouka Bars: Griffe an den hinteren Tragegurten\" \/>\n<meta property=\"og:url\" content=\"https:\/\/le-chouka.com\/de\/shop\/gleitschirmfliegen\/chouka-bars-hintere-steuergriffe\/\" \/>\n<meta property=\"og:site_name\" content=\"Chouka Shop: Gleitschirmfliegen, Klettern und Tauchen\" \/>\n<meta property=\"article:publisher\" content=\"https:\/\/www.facebook.com\/le.chouka.parapente\" \/>\n<meta property=\"article:modified_time\" content=\"2025-12-26T14:14:41+00:00\" \/>\n<meta property=\"og:image\" content=\"https:\/\/le-chouka.com\/wp-content\/uploads\/2025\/10\/chouka-bars-parapente-fly-02-zoom.jpg\" \/>\n\t<meta property=\"og:image:width\" content=\"983\" \/>\n\t<meta property=\"og:image:height\" content=\"983\" \/>\n\t<meta property=\"og:image:type\" content=\"image\/jpeg\" \/>\n<meta name=\"twitter:card\" content=\"summary_large_image\" \/>\n<meta name=\"twitter:label1\" content=\"Verf\u00fcgbarkeit\" \/>\n\t<meta name=\"twitter:data1\" content=\"Auf Lager\" \/>\n<script type=\"application\/ld+json\" class=\"yoast-schema-graph\">{\"@context\":\"https:\/\/schema.org\",\"@graph\":[{\"@type\":\"WebPage\",\"@id\":\"https:\/\/le-chouka.com\/de\/shop\/gleitschirmfliegen\/chouka-bars-hintere-steuergriffe\/\",\"url\":\"https:\/\/le-chouka.com\/de\/shop\/gleitschirmfliegen\/chouka-bars-hintere-steuergriffe\/\",\"name\":\"Chouka Bars: Steuergriffe an den hinteren Risern des Gleitschirms\",\"isPartOf\":{\"@id\":\"https:\/\/le-chouka.com\/de\/#website\"},\"primaryImageOfPage\":{\"@id\":\"https:\/\/le-chouka.com\/de\/shop\/gleitschirmfliegen\/chouka-bars-hintere-steuergriffe\/#primaryimage\"},\"image\":{\"@id\":\"https:\/\/le-chouka.com\/de\/shop\/gleitschirmfliegen\/chouka-bars-hintere-steuergriffe\/#primaryimage\"},\"thumbnailUrl\":\"https:\/\/le-chouka.com\/wp-content\/uploads\/2025\/10\/chouka-bars-parapente-fly-02-zoom.jpg\",\"datePublished\":\"2025-10-09T12:14:11+00:00\",\"dateModified\":\"2025-12-26T14:14:41+00:00\",\"description\":\"Chouka Bars: Griffe an den hinteren Tragegurten\",\"breadcrumb\":{\"@id\":\"https:\/\/le-chouka.com\/de\/shop\/gleitschirmfliegen\/chouka-bars-hintere-steuergriffe\/#breadcrumb\"},\"inLanguage\":\"de\",\"potentialAction\":[{\"@type\":\"ReadAction\",\"target\":[\"https:\/\/le-chouka.com\/de\/shop\/gleitschirmfliegen\/chouka-bars-hintere-steuergriffe\/\"]}]},{\"@type\":\"ImageObject\",\"inLanguage\":\"de\",\"@id\":\"https:\/\/le-chouka.com\/de\/shop\/gleitschirmfliegen\/chouka-bars-hintere-steuergriffe\/#primaryimage\",\"url\":\"https:\/\/le-chouka.com\/wp-content\/uploads\/2025\/10\/chouka-bars-parapente-fly-02-zoom.jpg\",\"contentUrl\":\"https:\/\/le-chouka.com\/wp-content\/uploads\/2025\/10\/chouka-bars-parapente-fly-02-zoom.jpg\",\"width\":983,\"height\":983,\"caption\":\"Chouka Bars: Griffe an den hinteren Tragegurten\"},{\"@type\":\"BreadcrumbList\",\"@id\":\"https:\/\/le-chouka.com\/de\/shop\/gleitschirmfliegen\/chouka-bars-hintere-steuergriffe\/#breadcrumb\",\"itemListElement\":[{\"@type\":\"ListItem\",\"position\":1,\"name\":\"Startseite\",\"item\":\"https:\/\/le-chouka.com\/de\/\"},{\"@type\":\"ListItem\",\"position\":2,\"name\":\"Alle unsere Produkte\",\"item\":\"https:\/\/le-chouka.com\/de\/shop\/\"},{\"@type\":\"ListItem\",\"position\":3,\"name\":\"Chouka Bars: Griffe an den hinteren Tragegurten\"}]},{\"@type\":\"WebSite\",\"@id\":\"https:\/\/le-chouka.com\/de\/#website\",\"url\":\"https:\/\/le-chouka.com\/de\/\",\"name\":\"Chouka shop: Parapente, Montagne, Plong\u00e9e\",\"description\":\"Chouka Shop: Variometer, Kompasse und Zubeh\u00f6r f\u00fcr Gleitschirmfliegen, Bergsport und Tauchen\",\"publisher\":{\"@id\":\"https:\/\/le-chouka.com\/de\/#organization\"},\"alternateName\":\"Chouka parapente & montagne\",\"potentialAction\":[{\"@type\":\"SearchAction\",\"target\":{\"@type\":\"EntryPoint\",\"urlTemplate\":\"https:\/\/le-chouka.com\/de\/?s={search_term_string}\"},\"query-input\":{\"@type\":\"PropertyValueSpecification\",\"valueRequired\":true,\"valueName\":\"search_term_string\"}}],\"inLanguage\":\"de\"},{\"@type\":\"Organization\",\"@id\":\"https:\/\/le-chouka.com\/de\/#organization\",\"name\":\"Chouka\",\"alternateName\":\"Chouka\",\"url\":\"https:\/\/le-chouka.com\/de\/\",\"logo\":{\"@type\":\"ImageObject\",\"inLanguage\":\"de\",\"@id\":\"https:\/\/le-chouka.com\/de\/#\/schema\/logo\/image\/\",\"url\":\"https:\/\/le-chouka.com\/wp-content\/uploads\/2025\/10\/logo-chouka-grand-orange.png\",\"contentUrl\":\"https:\/\/le-chouka.com\/wp-content\/uploads\/2025\/10\/logo-chouka-grand-orange.png\",\"width\":491,\"height\":424,\"caption\":\"Chouka\"},\"image\":{\"@id\":\"https:\/\/le-chouka.com\/de\/#\/schema\/logo\/image\/\"},\"sameAs\":[\"https:\/\/www.facebook.com\/le.chouka.parapente\",\"https:\/\/www.instagram.com\/chouka_parapente\"]}]}<\/script>\n<meta property=\"og:availability\" content=\"instock\" \/>\n<meta property=\"product:availability\" content=\"instock\" \/>\n<meta property=\"product:condition\" content=\"new\" \/>\n<!-- \/ Yoast SEO Premium plugin. -->","yoast_head_json":{"title":"Chouka Bars: Steuergriffe an den hinteren Risern des Gleitschirms","description":"Chouka Bars: Griffe an den hinteren Tragegurten","robots":{"index":"index","follow":"follow","max-snippet":"max-snippet:-1","max-image-preview":"max-image-preview:large","max-video-preview":"max-video-preview:-1"},"canonical":"https:\/\/le-chouka.com\/de\/shop\/gleitschirmfliegen\/chouka-bars-hintere-steuergriffe\/","og_locale":"de_DE","og_type":"article","og_title":"Chouka Bars: Griffe an den hinteren Tragegurten","og_description":"Chouka Bars: Griffe an den hinteren Tragegurten","og_url":"https:\/\/le-chouka.com\/de\/shop\/gleitschirmfliegen\/chouka-bars-hintere-steuergriffe\/","og_site_name":"Chouka Shop: Gleitschirmfliegen, Klettern und Tauchen","article_publisher":"https:\/\/www.facebook.com\/le.chouka.parapente","article_modified_time":"2025-12-26T14:14:41+00:00","og_image":[{"width":983,"height":983,"url":"https:\/\/le-chouka.com\/wp-content\/uploads\/2025\/10\/chouka-bars-parapente-fly-02-zoom.jpg","type":"image\/jpeg"}],"twitter_card":"summary_large_image","twitter_misc":{"Verf\u00fcgbarkeit":"Auf Lager"},"schema":{"@context":"https:\/\/schema.org","@graph":[{"@type":"WebPage","@id":"https:\/\/le-chouka.com\/de\/shop\/gleitschirmfliegen\/chouka-bars-hintere-steuergriffe\/","url":"https:\/\/le-chouka.com\/de\/shop\/gleitschirmfliegen\/chouka-bars-hintere-steuergriffe\/","name":"Chouka Bars: Steuergriffe an den hinteren Risern des Gleitschirms","isPartOf":{"@id":"https:\/\/le-chouka.com\/de\/#website"},"primaryImageOfPage":{"@id":"https:\/\/le-chouka.com\/de\/shop\/gleitschirmfliegen\/chouka-bars-hintere-steuergriffe\/#primaryimage"},"image":{"@id":"https:\/\/le-chouka.com\/de\/shop\/gleitschirmfliegen\/chouka-bars-hintere-steuergriffe\/#primaryimage"},"thumbnailUrl":"https:\/\/le-chouka.com\/wp-content\/uploads\/2025\/10\/chouka-bars-parapente-fly-02-zoom.jpg","datePublished":"2025-10-09T12:14:11+00:00","dateModified":"2025-12-26T14:14:41+00:00","description":"Chouka Bars: Griffe an den hinteren Tragegurten","breadcrumb":{"@id":"https:\/\/le-chouka.com\/de\/shop\/gleitschirmfliegen\/chouka-bars-hintere-steuergriffe\/#breadcrumb"},"inLanguage":"de","potentialAction":[{"@type":"ReadAction","target":["https:\/\/le-chouka.com\/de\/shop\/gleitschirmfliegen\/chouka-bars-hintere-steuergriffe\/"]}]},{"@type":"ImageObject","inLanguage":"de","@id":"https:\/\/le-chouka.com\/de\/shop\/gleitschirmfliegen\/chouka-bars-hintere-steuergriffe\/#primaryimage","url":"https:\/\/le-chouka.com\/wp-content\/uploads\/2025\/10\/chouka-bars-parapente-fly-02-zoom.jpg","contentUrl":"https:\/\/le-chouka.com\/wp-content\/uploads\/2025\/10\/chouka-bars-parapente-fly-02-zoom.jpg","width":983,"height":983,"caption":"Chouka Bars: Griffe an den hinteren Tragegurten"},{"@type":"BreadcrumbList","@id":"https:\/\/le-chouka.com\/de\/shop\/gleitschirmfliegen\/chouka-bars-hintere-steuergriffe\/#breadcrumb","itemListElement":[{"@type":"ListItem","position":1,"name":"Startseite","item":"https:\/\/le-chouka.com\/de\/"},{"@type":"ListItem","position":2,"name":"Alle unsere Produkte","item":"https:\/\/le-chouka.com\/de\/shop\/"},{"@type":"ListItem","position":3,"name":"Chouka Bars: Griffe an den hinteren Tragegurten"}]},{"@type":"WebSite","@id":"https:\/\/le-chouka.com\/de\/#website","url":"https:\/\/le-chouka.com\/de\/","name":"Chouka shop: Parapente, Montagne, Plong\u00e9e","description":"Chouka Shop: Variometer, Kompasse und Zubeh\u00f6r f\u00fcr Gleitschirmfliegen, Bergsport und Tauchen","publisher":{"@id":"https:\/\/le-chouka.com\/de\/#organization"},"alternateName":"Chouka parapente & montagne","potentialAction":[{"@type":"SearchAction","target":{"@type":"EntryPoint","urlTemplate":"https:\/\/le-chouka.com\/de\/?s={search_term_string}"},"query-input":{"@type":"PropertyValueSpecification","valueRequired":true,"valueName":"search_term_string"}}],"inLanguage":"de"},{"@type":"Organization","@id":"https:\/\/le-chouka.com\/de\/#organization","name":"Chouka","alternateName":"Chouka","url":"https:\/\/le-chouka.com\/de\/","logo":{"@type":"ImageObject","inLanguage":"de","@id":"https:\/\/le-chouka.com\/de\/#\/schema\/logo\/image\/","url":"https:\/\/le-chouka.com\/wp-content\/uploads\/2025\/10\/logo-chouka-grand-orange.png","contentUrl":"https:\/\/le-chouka.com\/wp-content\/uploads\/2025\/10\/logo-chouka-grand-orange.png","width":491,"height":424,"caption":"Chouka"},"image":{"@id":"https:\/\/le-chouka.com\/de\/#\/schema\/logo\/image\/"},"sameAs":["https:\/\/www.facebook.com\/le.chouka.parapente","https:\/\/www.instagram.com\/chouka_parapente"]}]},"og_availability":"instock","product_availability":"instock","product_condition":"new"},"_links":{"self":[{"href":"https:\/\/le-chouka.com\/de\/wp-json\/wp\/v2\/product\/1907","targetHints":{"allow":["GET"]}}],"collection":[{"href":"https:\/\/le-chouka.com\/de\/wp-json\/wp\/v2\/product"}],"about":[{"href":"https:\/\/le-chouka.com\/de\/wp-json\/wp\/v2\/types\/product"}],"replies":[{"embeddable":true,"href":"https:\/\/le-chouka.com\/de\/wp-json\/wp\/v2\/comments?post=1907"}],"wp:featuredmedia":[{"embeddable":true,"href":"https:\/\/le-chouka.com\/de\/wp-json\/wp\/v2\/media\/1894"}],"wp:attachment":[{"href":"https:\/\/le-chouka.com\/de\/wp-json\/wp\/v2\/media?parent=1907"}],"wp:term":[{"taxonomy":"product_brand","embeddable":true,"href":"https:\/\/le-chouka.com\/de\/wp-json\/wp\/v2\/product_brand?post=1907"},{"taxonomy":"product_cat","embeddable":true,"href":"https:\/\/le-chouka.com\/de\/wp-json\/wp\/v2\/product_cat?post=1907"},{"taxonomy":"product_tag","embeddable":true,"href":"https:\/\/le-chouka.com\/de\/wp-json\/wp\/v2\/product_tag?post=1907"}],"curies":[{"name":"wp","href":"https:\/\/api.w.org\/{rel}","templated":true}]}}