{"id":1855,"date":"2025-10-09T14:15:21","date_gmt":"2025-10-09T12:15:21","guid":{"rendered":"https:\/\/new.le-chouka.com\/shop\/unkategorisiert\/baumlandung-sicherheitsset\/"},"modified":"2025-12-27T11:25:37","modified_gmt":"2025-12-27T10:25:37","slug":"baumlandung-sicherheitsset","status":"publish","type":"product","link":"https:\/\/le-chouka.com\/de\/shop\/gleitschirmfliegen\/baumlandung-sicherheitsset\/","title":{"rendered":"Baumlandungs- und Rettungs-Kit"},"content":{"rendered":"<h3>Inhalt des Sets<\/h3>\n<p>Das komplette Chouka-Sicherheitskit enth\u00e4lt:<\/p>\n<ul>\n<li><strong>Rei\u00dfverschlusstasche<\/strong>, kompakt und vollst\u00e4ndig ausgestattet.<\/li>\n<li><strong>Chouka-Pfeife<\/strong> mit hoher Lautst\u00e4rke \u201eAU CHOUK&#8217;OURS!\u201c.<\/li>\n<li><strong>Dyneema-Bandschlinge 150 cm<\/strong> (Normen EN566, UIAA104).<\/li>\n<li><strong>Schraubkarabiner<\/strong> (zertifiziert nach EN12275, UIAA121): zusammen mit der Dyneema-Schlinge zur Sicherung bei einer Baumlandung.<\/li>\n<li><strong>Spule mit 25 m ultrad\u00fcnner Dyneema-Schnur:<\/strong> \u00d8 0,5 mm, Bruchlast 40 kg \u2013 zum Hochziehen eines Abseilseils vom Boden bis zum Piloten.<br \/>\n\u26a0\ufe0f Nicht direkt zum Tragen menschlicher Lasten verwenden.<\/li>\n<li><strong>Chouka-Zubeh\u00f6rkarabiner:<\/strong> n\u00fctzlich, um Pfeife oder Messer griffbereit zu halten.<\/li>\n<li><strong>Ultraleichtes Chouka-Messer:<\/strong> kompakt, schnell einsatzbereit und effektiv im Notfall (<a href=\"https:\/\/le-chouka.com\/de\/shop\/klettern-bergsteigen\/ultraleichtes-chouka-messer\/\">auch separat erh\u00e4ltlich<\/a>).<\/li>\n<li><strong>Rettungsdecke<\/strong> 210 cm \u00d7 160 cm.<\/li>\n<li>Verbandmaterial:\n<ul>\n<li><strong>Druckverband<\/strong> (\u201eamerikanischer Typ\u201c) zum Stoppen von Blutungen.<\/li>\n<li><strong>Elastische Binde<\/strong> 3 m \u00d7 7 cm.<\/li>\n<li><strong>Pflaster<\/strong> f\u00fcr kleine Wunden.<\/li>\n<\/ul>\n<\/li>\n<\/ul>\n<h3>Gewicht<\/h3>\n<p>Jede Komponente wurde sorgf\u00e4ltig ausgew\u00e4hlt, um ein vollst\u00e4ndiges und leichtes Kit zu gew\u00e4hrleisten.<\/p>\n<table>\n<tbody>\n<tr>\n<td><strong>Teil<\/strong><\/td>\n<td><strong>Gewicht<\/strong><\/td>\n<\/tr>\n<tr>\n<td>Rei\u00dfverschlusstasche<\/td>\n<td>11 g<\/td>\n<\/tr>\n<tr>\n<td>Pfeife &#8222;AU CHOUK&#8217;OURS!&#8220;<\/td>\n<td>5 g<\/td>\n<\/tr>\n<tr>\n<td>Dyneema-Schlinge 150 cm<\/td>\n<td>72 g<\/td>\n<\/tr>\n<tr>\n<td>Zertifizierter Schraubkarabiner<\/td>\n<td>37 g<\/td>\n<\/tr>\n<tr>\n<td>Dyneema-Schnur (25 m \u00d7 0,5 mm, 40 kg)<\/td>\n<td>8 g<\/td>\n<\/tr>\n<tr>\n<td>Ultraleichtes Chouka-Messer<\/td>\n<td>5 g<\/td>\n<\/tr>\n<tr>\n<td>Chouka-Zubeh\u00f6rkarabiner<\/td>\n<td>3 g<\/td>\n<\/tr>\n<tr>\n<td>Rettungsdecke<\/td>\n<td>64 g<\/td>\n<\/tr>\n<tr>\n<td>Verb\u00e4nde &amp; Pflaster<\/td>\n<td>26 g<\/td>\n<\/tr>\n<tr>\n<td><strong>GESAMT<\/strong><\/td>\n<td><strong>231 g<\/strong><\/td>\n<\/tr>\n<\/tbody>\n<\/table>\n<h3>\u26a0\ufe0fHinweise &amp; Sicherheit<\/h3>\n<ul>\n<li>Dyneema-Schnur: nicht direkt zum Absteigen verwenden. Nur zum Hochziehen eines Seils gedacht.<\/li>\n<li>Pfeife: nicht in Ohrn\u00e4he oder geschlossenen R\u00e4umen benutzen.<\/li>\n<li>Set und Messer: au\u00dferhalb der Reichweite von Kindern aufbewahren.<\/li>\n<\/ul>\n","protected":false},"excerpt":{"rendered":"<p><strong>Verpass keine Baumlandung mehr*!<\/strong> Das Sicherheits-\/Rettungsset von Chouka wurde entwickelt, um dir zu helfen, eine versehentliche Landung in einem Baum oder eine kleine Verletzung gelassener zu bew\u00e4ltigen.<br \/>\n<small><em>* Mit einem Augenzwinkern zu verstehen \ud83d\ude09<\/em><\/small><\/p>\n<p>Kompakt, vollst\u00e4ndig und ultraleicht enth\u00e4lt es alles N\u00f6tige, um <strong>sicher auf Rettung zu warten<\/strong> und <strong>den Abstieg aus dem Baum zu erleichtern<\/strong> \u2013 dank der 25 m langen, ultrafeinen Dyneema-Schnurrolle.<\/p>\n<p><small><em>Hinweis 1: Du kannst <strong>die Kosten des Sets reduzieren<\/strong>, wenn du bereits eine Dyneema-Bandschlinge (EN566, UIAA104) und einen Karabiner mit Schraubverschluss (EN12275, UIAA121) besitzt.<\/em><\/small><\/p>\n<p><small><em>Hinweis 2: Die Farben der einzelnen Elemente k\u00f6nnen von den Fotos abweichen.<\/em><\/small><\/p>\n","protected":false},"featured_media":1853,"comment_status":"open","ping_status":"closed","template":"","meta":[],"product_brand":[],"product_cat":[127,160],"product_tag":[],"class_list":{"0":"post-1855","1":"product","2":"type-product","3":"status-publish","4":"has-post-thumbnail","6":"product_cat-gleitschirmfliegen","7":"product_cat-zubehor","9":"first","10":"instock","11":"featured","12":"taxable","13":"shipping-taxable","14":"purchasable","15":"product-type-variable","16":"has-default-attributes"},"yoast_head":"<!-- This site is optimized with the Yoast SEO Premium plugin v26.1 (Yoast SEO v27.1.1) - https:\/\/yoast.com\/product\/yoast-seo-premium-wordpress\/ -->\n<title>Baumlandungs- und Rettungs-Kit f\u00fcr Gleitschirmfliegen - Chouka - Sicher fliegen<\/title>\n<meta name=\"description\" content=\"Chouka Sicherheitskit f\u00fcr Baumlandungen beim Gleitschirmfliegen: alles N\u00f6tige, um sich zu sichern, Erste Hilfe zu leisten und den Abstieg aus dem Baum vorzubereiten.\" \/>\n<meta name=\"robots\" content=\"index, follow, max-snippet:-1, max-image-preview:large, max-video-preview:-1\" \/>\n<link rel=\"canonical\" href=\"https:\/\/le-chouka.com\/de\/shop\/gleitschirmfliegen\/baumlandung-sicherheitsset\/\" \/>\n<meta property=\"og:locale\" content=\"de_DE\" \/>\n<meta property=\"og:type\" content=\"article\" \/>\n<meta property=\"og:title\" content=\"Sicherheits- &amp; Baumlandungsset f\u00fcr Gleitschirmfliegen\" \/>\n<meta property=\"og:description\" content=\"Chouka Sicherheitskit f\u00fcr Baumlandungen beim Gleitschirmfliegen: alles N\u00f6tige, um sich zu sichern, Erste Hilfe zu leisten und den Abstieg aus dem Baum vorzubereiten.\" \/>\n<meta property=\"og:url\" content=\"https:\/\/le-chouka.com\/de\/shop\/gleitschirmfliegen\/baumlandung-sicherheitsset\/\" \/>\n<meta property=\"og:site_name\" content=\"Chouka Shop: Gleitschirmfliegen, Klettern und Tauchen\" \/>\n<meta property=\"article:publisher\" content=\"https:\/\/www.facebook.com\/le.chouka.parapente\" \/>\n<meta property=\"article:modified_time\" content=\"2025-12-27T10:25:37+00:00\" \/>\n<meta property=\"og:image\" content=\"https:\/\/le-chouka.com\/wp-content\/uploads\/2025\/10\/kit-secours-chouka_01-scaled.jpg\" \/>\n\t<meta property=\"og:image:width\" content=\"2560\" \/>\n\t<meta property=\"og:image:height\" content=\"2560\" \/>\n\t<meta property=\"og:image:type\" content=\"image\/jpeg\" \/>\n<meta name=\"twitter:card\" content=\"summary_large_image\" \/>\n<meta name=\"twitter:title\" content=\"Baumlandungs- und Rettungs-Kit\" \/>\n<meta name=\"twitter:label1\" content=\"Verf\u00fcgbarkeit\" \/>\n\t<meta name=\"twitter:data1\" content=\"Auf Lager\" \/>\n<script type=\"application\/ld+json\" class=\"yoast-schema-graph\">{\"@context\":\"https:\/\/schema.org\",\"@graph\":[{\"@type\":\"WebPage\",\"@id\":\"https:\/\/le-chouka.com\/de\/shop\/gleitschirmfliegen\/baumlandung-sicherheitsset\/\",\"url\":\"https:\/\/le-chouka.com\/de\/shop\/gleitschirmfliegen\/baumlandung-sicherheitsset\/\",\"name\":\"Baumlandungs- und Rettungs-Kit f\u00fcr Gleitschirmfliegen - Chouka - Sicher fliegen\",\"isPartOf\":{\"@id\":\"https:\/\/le-chouka.com\/de\/#website\"},\"primaryImageOfPage\":{\"@id\":\"https:\/\/le-chouka.com\/de\/shop\/gleitschirmfliegen\/baumlandung-sicherheitsset\/#primaryimage\"},\"image\":{\"@id\":\"https:\/\/le-chouka.com\/de\/shop\/gleitschirmfliegen\/baumlandung-sicherheitsset\/#primaryimage\"},\"thumbnailUrl\":\"https:\/\/le-chouka.com\/wp-content\/uploads\/2025\/10\/kit-secours-chouka_01-scaled.jpg\",\"datePublished\":\"2025-10-09T12:15:21+00:00\",\"dateModified\":\"2025-12-27T10:25:37+00:00\",\"description\":\"Chouka Sicherheitskit f\u00fcr Baumlandungen beim Gleitschirmfliegen: alles N\u00f6tige, um sich zu sichern, Erste Hilfe zu leisten und den Abstieg aus dem Baum vorzubereiten.\",\"breadcrumb\":{\"@id\":\"https:\/\/le-chouka.com\/de\/shop\/gleitschirmfliegen\/baumlandung-sicherheitsset\/#breadcrumb\"},\"inLanguage\":\"de\",\"potentialAction\":[{\"@type\":\"ReadAction\",\"target\":[\"https:\/\/le-chouka.com\/de\/shop\/gleitschirmfliegen\/baumlandung-sicherheitsset\/\"]}]},{\"@type\":\"ImageObject\",\"inLanguage\":\"de\",\"@id\":\"https:\/\/le-chouka.com\/de\/shop\/gleitschirmfliegen\/baumlandung-sicherheitsset\/#primaryimage\",\"url\":\"https:\/\/le-chouka.com\/wp-content\/uploads\/2025\/10\/kit-secours-chouka_01-scaled.jpg\",\"contentUrl\":\"https:\/\/le-chouka.com\/wp-content\/uploads\/2025\/10\/kit-secours-chouka_01-scaled.jpg\",\"width\":2560,\"height\":2560,\"caption\":\"Chouka Baumlandungs-Set f\u00fcr Gleitschirmfliegen\"},{\"@type\":\"BreadcrumbList\",\"@id\":\"https:\/\/le-chouka.com\/de\/shop\/gleitschirmfliegen\/baumlandung-sicherheitsset\/#breadcrumb\",\"itemListElement\":[{\"@type\":\"ListItem\",\"position\":1,\"name\":\"Startseite\",\"item\":\"https:\/\/le-chouka.com\/de\/\"},{\"@type\":\"ListItem\",\"position\":2,\"name\":\"Alle unsere Produkte\",\"item\":\"https:\/\/le-chouka.com\/de\/shop\/\"},{\"@type\":\"ListItem\",\"position\":3,\"name\":\"Baumlandungs- und Rettungs-Kit\"}]},{\"@type\":\"WebSite\",\"@id\":\"https:\/\/le-chouka.com\/de\/#website\",\"url\":\"https:\/\/le-chouka.com\/de\/\",\"name\":\"Chouka shop: Parapente, Montagne, Plong\u00e9e\",\"description\":\"Chouka Shop: Variometer, Kompasse und Zubeh\u00f6r f\u00fcr Gleitschirmfliegen, Bergsport und Tauchen\",\"publisher\":{\"@id\":\"https:\/\/le-chouka.com\/de\/#organization\"},\"alternateName\":\"Chouka parapente & montagne\",\"potentialAction\":[{\"@type\":\"SearchAction\",\"target\":{\"@type\":\"EntryPoint\",\"urlTemplate\":\"https:\/\/le-chouka.com\/de\/?s={search_term_string}\"},\"query-input\":{\"@type\":\"PropertyValueSpecification\",\"valueRequired\":true,\"valueName\":\"search_term_string\"}}],\"inLanguage\":\"de\"},{\"@type\":\"Organization\",\"@id\":\"https:\/\/le-chouka.com\/de\/#organization\",\"name\":\"Chouka\",\"alternateName\":\"Chouka\",\"url\":\"https:\/\/le-chouka.com\/de\/\",\"logo\":{\"@type\":\"ImageObject\",\"inLanguage\":\"de\",\"@id\":\"https:\/\/le-chouka.com\/de\/#\/schema\/logo\/image\/\",\"url\":\"https:\/\/le-chouka.com\/wp-content\/uploads\/2025\/10\/logo-chouka-grand-orange.png\",\"contentUrl\":\"https:\/\/le-chouka.com\/wp-content\/uploads\/2025\/10\/logo-chouka-grand-orange.png\",\"width\":491,\"height\":424,\"caption\":\"Chouka\"},\"image\":{\"@id\":\"https:\/\/le-chouka.com\/de\/#\/schema\/logo\/image\/\"},\"sameAs\":[\"https:\/\/www.facebook.com\/le.chouka.parapente\",\"https:\/\/www.instagram.com\/chouka_parapente\"]}]}<\/script>\n<meta property=\"og:availability\" content=\"instock\" \/>\n<meta property=\"product:availability\" content=\"instock\" \/>\n<meta property=\"product:condition\" content=\"new\" \/>\n<!-- \/ Yoast SEO Premium plugin. -->","yoast_head_json":{"title":"Baumlandungs- und Rettungs-Kit f\u00fcr Gleitschirmfliegen - Chouka - Sicher fliegen","description":"Chouka Sicherheitskit f\u00fcr Baumlandungen beim Gleitschirmfliegen: alles N\u00f6tige, um sich zu sichern, Erste Hilfe zu leisten und den Abstieg aus dem Baum vorzubereiten.","robots":{"index":"index","follow":"follow","max-snippet":"max-snippet:-1","max-image-preview":"max-image-preview:large","max-video-preview":"max-video-preview:-1"},"canonical":"https:\/\/le-chouka.com\/de\/shop\/gleitschirmfliegen\/baumlandung-sicherheitsset\/","og_locale":"de_DE","og_type":"article","og_title":"Sicherheits- & Baumlandungsset f\u00fcr Gleitschirmfliegen","og_description":"Chouka Sicherheitskit f\u00fcr Baumlandungen beim Gleitschirmfliegen: alles N\u00f6tige, um sich zu sichern, Erste Hilfe zu leisten und den Abstieg aus dem Baum vorzubereiten.","og_url":"https:\/\/le-chouka.com\/de\/shop\/gleitschirmfliegen\/baumlandung-sicherheitsset\/","og_site_name":"Chouka Shop: Gleitschirmfliegen, Klettern und Tauchen","article_publisher":"https:\/\/www.facebook.com\/le.chouka.parapente","article_modified_time":"2025-12-27T10:25:37+00:00","og_image":[{"width":2560,"height":2560,"url":"https:\/\/le-chouka.com\/wp-content\/uploads\/2025\/10\/kit-secours-chouka_01-scaled.jpg","type":"image\/jpeg"}],"twitter_card":"summary_large_image","twitter_title":"Baumlandungs- und Rettungs-Kit","twitter_misc":{"Verf\u00fcgbarkeit":"Auf Lager"},"schema":{"@context":"https:\/\/schema.org","@graph":[{"@type":"WebPage","@id":"https:\/\/le-chouka.com\/de\/shop\/gleitschirmfliegen\/baumlandung-sicherheitsset\/","url":"https:\/\/le-chouka.com\/de\/shop\/gleitschirmfliegen\/baumlandung-sicherheitsset\/","name":"Baumlandungs- und Rettungs-Kit f\u00fcr Gleitschirmfliegen - Chouka - Sicher fliegen","isPartOf":{"@id":"https:\/\/le-chouka.com\/de\/#website"},"primaryImageOfPage":{"@id":"https:\/\/le-chouka.com\/de\/shop\/gleitschirmfliegen\/baumlandung-sicherheitsset\/#primaryimage"},"image":{"@id":"https:\/\/le-chouka.com\/de\/shop\/gleitschirmfliegen\/baumlandung-sicherheitsset\/#primaryimage"},"thumbnailUrl":"https:\/\/le-chouka.com\/wp-content\/uploads\/2025\/10\/kit-secours-chouka_01-scaled.jpg","datePublished":"2025-10-09T12:15:21+00:00","dateModified":"2025-12-27T10:25:37+00:00","description":"Chouka Sicherheitskit f\u00fcr Baumlandungen beim Gleitschirmfliegen: alles N\u00f6tige, um sich zu sichern, Erste Hilfe zu leisten und den Abstieg aus dem Baum vorzubereiten.","breadcrumb":{"@id":"https:\/\/le-chouka.com\/de\/shop\/gleitschirmfliegen\/baumlandung-sicherheitsset\/#breadcrumb"},"inLanguage":"de","potentialAction":[{"@type":"ReadAction","target":["https:\/\/le-chouka.com\/de\/shop\/gleitschirmfliegen\/baumlandung-sicherheitsset\/"]}]},{"@type":"ImageObject","inLanguage":"de","@id":"https:\/\/le-chouka.com\/de\/shop\/gleitschirmfliegen\/baumlandung-sicherheitsset\/#primaryimage","url":"https:\/\/le-chouka.com\/wp-content\/uploads\/2025\/10\/kit-secours-chouka_01-scaled.jpg","contentUrl":"https:\/\/le-chouka.com\/wp-content\/uploads\/2025\/10\/kit-secours-chouka_01-scaled.jpg","width":2560,"height":2560,"caption":"Chouka Baumlandungs-Set f\u00fcr Gleitschirmfliegen"},{"@type":"BreadcrumbList","@id":"https:\/\/le-chouka.com\/de\/shop\/gleitschirmfliegen\/baumlandung-sicherheitsset\/#breadcrumb","itemListElement":[{"@type":"ListItem","position":1,"name":"Startseite","item":"https:\/\/le-chouka.com\/de\/"},{"@type":"ListItem","position":2,"name":"Alle unsere Produkte","item":"https:\/\/le-chouka.com\/de\/shop\/"},{"@type":"ListItem","position":3,"name":"Baumlandungs- und Rettungs-Kit"}]},{"@type":"WebSite","@id":"https:\/\/le-chouka.com\/de\/#website","url":"https:\/\/le-chouka.com\/de\/","name":"Chouka shop: Parapente, Montagne, Plong\u00e9e","description":"Chouka Shop: Variometer, Kompasse und Zubeh\u00f6r f\u00fcr Gleitschirmfliegen, Bergsport und Tauchen","publisher":{"@id":"https:\/\/le-chouka.com\/de\/#organization"},"alternateName":"Chouka parapente & montagne","potentialAction":[{"@type":"SearchAction","target":{"@type":"EntryPoint","urlTemplate":"https:\/\/le-chouka.com\/de\/?s={search_term_string}"},"query-input":{"@type":"PropertyValueSpecification","valueRequired":true,"valueName":"search_term_string"}}],"inLanguage":"de"},{"@type":"Organization","@id":"https:\/\/le-chouka.com\/de\/#organization","name":"Chouka","alternateName":"Chouka","url":"https:\/\/le-chouka.com\/de\/","logo":{"@type":"ImageObject","inLanguage":"de","@id":"https:\/\/le-chouka.com\/de\/#\/schema\/logo\/image\/","url":"https:\/\/le-chouka.com\/wp-content\/uploads\/2025\/10\/logo-chouka-grand-orange.png","contentUrl":"https:\/\/le-chouka.com\/wp-content\/uploads\/2025\/10\/logo-chouka-grand-orange.png","width":491,"height":424,"caption":"Chouka"},"image":{"@id":"https:\/\/le-chouka.com\/de\/#\/schema\/logo\/image\/"},"sameAs":["https:\/\/www.facebook.com\/le.chouka.parapente","https:\/\/www.instagram.com\/chouka_parapente"]}]},"og_availability":"instock","product_availability":"instock","product_condition":"new"},"_links":{"self":[{"href":"https:\/\/le-chouka.com\/de\/wp-json\/wp\/v2\/product\/1855","targetHints":{"allow":["GET"]}}],"collection":[{"href":"https:\/\/le-chouka.com\/de\/wp-json\/wp\/v2\/product"}],"about":[{"href":"https:\/\/le-chouka.com\/de\/wp-json\/wp\/v2\/types\/product"}],"replies":[{"embeddable":true,"href":"https:\/\/le-chouka.com\/de\/wp-json\/wp\/v2\/comments?post=1855"}],"wp:featuredmedia":[{"embeddable":true,"href":"https:\/\/le-chouka.com\/de\/wp-json\/wp\/v2\/media\/1853"}],"wp:attachment":[{"href":"https:\/\/le-chouka.com\/de\/wp-json\/wp\/v2\/media?parent=1855"}],"wp:term":[{"taxonomy":"product_brand","embeddable":true,"href":"https:\/\/le-chouka.com\/de\/wp-json\/wp\/v2\/product_brand?post=1855"},{"taxonomy":"product_cat","embeddable":true,"href":"https:\/\/le-chouka.com\/de\/wp-json\/wp\/v2\/product_cat?post=1855"},{"taxonomy":"product_tag","embeddable":true,"href":"https:\/\/le-chouka.com\/de\/wp-json\/wp\/v2\/product_tag?post=1855"}],"curies":[{"name":"wp","href":"https:\/\/api.w.org\/{rel}","templated":true}]}}