{"id":1787,"date":"2025-10-31T11:31:32","date_gmt":"2025-10-31T10:31:32","guid":{"rendered":"https:\/\/new.le-chouka.com\/?post_type=product&#038;p=1787"},"modified":"2025-12-01T21:32:10","modified_gmt":"2025-12-01T20:32:10","slug":"ultraleichtes-chouka-messer","status":"publish","type":"product","link":"https:\/\/le-chouka.com\/de\/shop\/klettern-berg-ski\/ultraleichtes-chouka-messer\/","title":{"rendered":"Ultraleichtes Chouka Messer"},"content":{"rendered":"<div style=\"width: 1280px;\" class=\"wp-video\"><video class=\"wp-video-shortcode\" id=\"video-1787-1\" width=\"1280\" height=\"720\" preload=\"metadata\" controls=\"controls\"><source type=\"video\/mp4\" src=\"https:\/\/le-chouka.com\/wp-content\/uploads\/2025\/10\/Couteau-Chouka-montage-01.mp4?_=1\" \/><a href=\"https:\/\/le-chouka.com\/wp-content\/uploads\/2025\/10\/Couteau-Chouka-montage-01.mp4\">https:\/\/le-chouka.com\/wp-content\/uploads\/2025\/10\/Couteau-Chouka-montage-01.mp4<\/a><\/video><\/div>\n<p>Entwickelt f\u00fcr Outdoor-Sportarten:<\/p>\n<ul>\n<li><strong>Klettern, Bergsteigen, Gebirge<\/strong>: erm\u00f6glicht das schnelle Schneiden einer Reepschnur, Bandschlinge oder eines Seils f\u00fcr verschiedene Zwecke:\n<ul>\n<li>Ersetzen der Reepschnur eines Standplatzes.<\/li>\n<li>Bauen eines Abalakov-Eisankers.<\/li>\n<li>Abseilen oder R\u00fcckzug aus einer Route.<\/li>\n<li>Befreien eines festsitzenden Seils.<\/li>\n<li>Kn\u00fcpfen eines selbstsichernden Machard- oder Prusik-Knotens.<\/li>\n<li>&#8230;<\/li>\n<\/ul>\n<\/li>\n<li><strong>Gleitschirmfliegen<\/strong>: n\u00fctzlich, um sich bei verhedderten Leinen zu befreien (Baumlandung, unerw\u00fcnschter Ankerpunkt, heikle Situation). Im Gurtzeug oder in einer leicht zug\u00e4nglichen Tasche aufbewahren.<\/li>\n<li><strong>Wandern, Trailrunning, Biwak<\/strong>: ein kleines, vielseitiges Werkzeug \u2013 immer n\u00fctzlich, auch einfach f\u00fcr Wurst oder eine schnelle Reparatur.<\/li>\n<li><strong>Alltag<\/strong>: dezentes Schl\u00fcsselanh\u00e4ngerformat, immer dabei, nie im Weg. Kompaktes und ultraleichtes Rettungsmesser.<\/li>\n<\/ul>\n<p>Der gute Griff mit Handschuhen macht es zu einem zuverl\u00e4ssigen Begleiter, auch bei K\u00e4lte oder technischen Bedingungen wie Eisklettern oder Winterbergsteigen.<\/p>\n<h3>Abmessungen<\/h3>\n<table>\n<tbody>\n<tr>\n<td>Gewicht<\/td>\n<td>5 g<\/td>\n<\/tr>\n<tr>\n<td>Abmessungen (geschlossen)<\/td>\n<td>67 \u00d7 17 \u00d7 5 mm<\/td>\n<\/tr>\n<tr>\n<td>Klingenl\u00e4nge<\/td>\n<td>37 mm<\/td>\n<\/tr>\n<\/tbody>\n<\/table>\n<h3>Leistungsf\u00e4hig und sicher<\/h3>\n<ul>\n<li><strong>Extrem scharfe Klinge<\/strong>:\n<ul>\n<li>Schneidet ein Kletterseil oder ein B\u00fcndel Gleitschirmleinen in 1\u20132 Z\u00fcgen.<\/li>\n<li>Leicht austauschbar bei Abnutzung.<\/li>\n<\/ul>\n<\/li>\n<li><strong>Sicherer Verriegelungsmechanismus<\/strong>: die Klinge rastet in ge\u00f6ffneter und geschlossener Position ein.<\/li>\n<li><strong>Austauschbare Klinge<\/strong> bei Abnutzung.<\/li>\n<li><strong>Mit Handschuhen verwendbar<\/strong> (Gleitschirmfliegen, Bergsteigen).<\/li>\n<\/ul>\n<h3>Befestigung und Transport<\/h3>\n<p>L\u00e4sst sich leicht an Gurtzeug, Rucksack, Rei\u00dfverschluss oder Schl\u00fcsselbund befestigen:<\/p>\n<ul>\n<li>Mit dem <strong>optionalen Karabiner<\/strong> (3 g).<\/li>\n<li>Mit einem <strong>Schl\u00fcsselring<\/strong> (kann an einem Kletterkarabiner befestigt werden).<\/li>\n<li>Mit einem <strong>St\u00fcck Schnur<\/strong> oder Leine in gew\u00fcnschter L\u00e4nge.<\/li>\n<\/ul>\n<h3>Lieferumfang<\/h3>\n<ul>\n<li>1 Chouka-Messer.<\/li>\n<li><strong>Optionen:<\/strong>\n<ul>\n<li>Kleiner Karabiner (3 g, nicht f\u00fcr Klettern zugelassen).<\/li>\n<li>1 Ersatzklinge.<\/li>\n<\/ul>\n<\/li>\n<\/ul>\n<h3>Einschr\u00e4nkungen<\/h3>\n<ul>\n<li>Dieses Messer ist nicht zum S\u00e4gen von Holz oder Schneiden harter Materialien geeignet: es ist daf\u00fcr zu flexibel.<\/li>\n<li>Vorsicht im Umgang \u2014 sehr scharfe Klinge. Au\u00dfer Reichweite von Kindern aufbewahren.<\/li>\n<li>Der optionale Karabiner ist nicht f\u00fcr Klettern oder Bergsteigen geeignet, sondern nur zum Befestigen von Zubeh\u00f6r.<\/li>\n<\/ul>\n","protected":false},"excerpt":{"rendered":"<p>Mit nur <strong>5 g<\/strong> ist das ultraleichte Chouka-Messer <strong>kaum sp\u00fcrbar, aber immer griffbereit<\/strong>: am Klettergurt, im Rucksack f\u00fcr Wandern oder Bergsteigen, im Gleitschirm-Gurtzeug oder als Schl\u00fcsselanh\u00e4nger f\u00fcr den t\u00e4glichen Gebrauch.<\/p>\n<p><small><em>Siehe auch: <a href=\"https:\/\/le-chouka.com\/de\/shop\/ersatzteile-bergsteigen-klettern\/chouka-messer-ersatzklingen\/\">Ersatzklingen f\u00fcr das \u201eChouka\u201c-Messer<\/a>.<\/em><\/small><\/p>\n","protected":false},"featured_media":1725,"comment_status":"open","ping_status":"closed","template":"","meta":[],"product_brand":[],"product_cat":[274,127,160],"product_tag":[],"class_list":{"0":"post-1787","1":"product","2":"type-product","3":"status-publish","4":"has-post-thumbnail","6":"product_cat-klettern-berg-ski","7":"product_cat-gleitschirmfliegen","8":"product_cat-zubehor","10":"first","11":"instock","12":"featured","13":"taxable","14":"shipping-taxable","15":"purchasable","16":"product-type-variable"},"yoast_head":"<!-- This site is optimized with the Yoast SEO Premium plugin v26.1 (Yoast SEO v27.1.1) - https:\/\/yoast.com\/product\/yoast-seo-premium-wordpress\/ -->\n<title>Ultraleichtes Chouka Messer f\u00fcr Klettern und Bergsteigen<\/title>\n<meta name=\"description\" content=\"Chouka: ultraleichtes Messer (5 g) f\u00fcr Klettern, Bergsteigen und Alpinismus, entworfen und hergestellt in Frankreich \u2013 von Kletterern f\u00fcr Kletterer.\" \/>\n<meta name=\"robots\" content=\"index, follow, max-snippet:-1, max-image-preview:large, max-video-preview:-1\" \/>\n<link rel=\"canonical\" href=\"https:\/\/le-chouka.com\/de\/shop\/klettern-berg-ski\/ultraleichtes-chouka-messer\/\" \/>\n<meta property=\"og:locale\" content=\"de_DE\" \/>\n<meta property=\"og:type\" content=\"article\" \/>\n<meta property=\"og:title\" content=\"Ultraleichtes Chouka Messer\" \/>\n<meta property=\"og:description\" content=\"Chouka: ultraleichtes Messer (5 g) f\u00fcr Klettern, Bergsteigen und Alpinismus, entworfen und hergestellt in Frankreich \u2013 von Kletterern f\u00fcr Kletterer.\" \/>\n<meta property=\"og:url\" content=\"https:\/\/le-chouka.com\/de\/shop\/klettern-berg-ski\/ultraleichtes-chouka-messer\/\" \/>\n<meta property=\"og:site_name\" content=\"Chouka Shop: Gleitschirmfliegen, Klettern und Tauchen\" \/>\n<meta property=\"article:publisher\" content=\"https:\/\/www.facebook.com\/le.chouka.parapente\" \/>\n<meta property=\"article:modified_time\" content=\"2025-12-01T20:32:10+00:00\" \/>\n<meta property=\"og:image\" content=\"https:\/\/le-chouka.com\/wp-content\/uploads\/2025\/10\/couteau-chouka-nano-x2-mous-01-scaled.jpg\" \/>\n\t<meta property=\"og:image:width\" content=\"2560\" \/>\n\t<meta property=\"og:image:height\" content=\"2560\" \/>\n\t<meta property=\"og:image:type\" content=\"image\/jpeg\" \/>\n<meta name=\"twitter:card\" content=\"summary_large_image\" \/>\n<meta name=\"twitter:label1\" content=\"Verf\u00fcgbarkeit\" \/>\n\t<meta name=\"twitter:data1\" content=\"Auf Lager\" \/>\n<script type=\"application\/ld+json\" class=\"yoast-schema-graph\">{\"@context\":\"https:\/\/schema.org\",\"@graph\":[{\"@type\":\"WebPage\",\"@id\":\"https:\/\/le-chouka.com\/de\/shop\/klettern-berg-ski\/ultraleichtes-chouka-messer\/\",\"url\":\"https:\/\/le-chouka.com\/de\/shop\/klettern-berg-ski\/ultraleichtes-chouka-messer\/\",\"name\":\"Ultraleichtes Chouka Messer f\u00fcr Klettern und Bergsteigen\",\"isPartOf\":{\"@id\":\"https:\/\/le-chouka.com\/de\/#website\"},\"primaryImageOfPage\":{\"@id\":\"https:\/\/le-chouka.com\/de\/shop\/klettern-berg-ski\/ultraleichtes-chouka-messer\/#primaryimage\"},\"image\":{\"@id\":\"https:\/\/le-chouka.com\/de\/shop\/klettern-berg-ski\/ultraleichtes-chouka-messer\/#primaryimage\"},\"thumbnailUrl\":\"https:\/\/le-chouka.com\/wp-content\/uploads\/2025\/10\/couteau-chouka-nano-x2-mous-01-scaled.jpg\",\"datePublished\":\"2025-10-31T10:31:32+00:00\",\"dateModified\":\"2025-12-01T20:32:10+00:00\",\"description\":\"Chouka: ultraleichtes Messer (5 g) f\u00fcr Klettern, Bergsteigen und Alpinismus, entworfen und hergestellt in Frankreich \u2013 von Kletterern f\u00fcr Kletterer.\",\"breadcrumb\":{\"@id\":\"https:\/\/le-chouka.com\/de\/shop\/klettern-berg-ski\/ultraleichtes-chouka-messer\/#breadcrumb\"},\"inLanguage\":\"de\",\"potentialAction\":[{\"@type\":\"ReadAction\",\"target\":[\"https:\/\/le-chouka.com\/de\/shop\/klettern-berg-ski\/ultraleichtes-chouka-messer\/\"]}]},{\"@type\":\"ImageObject\",\"inLanguage\":\"de\",\"@id\":\"https:\/\/le-chouka.com\/de\/shop\/klettern-berg-ski\/ultraleichtes-chouka-messer\/#primaryimage\",\"url\":\"https:\/\/le-chouka.com\/wp-content\/uploads\/2025\/10\/couteau-chouka-nano-x2-mous-01-scaled.jpg\",\"contentUrl\":\"https:\/\/le-chouka.com\/wp-content\/uploads\/2025\/10\/couteau-chouka-nano-x2-mous-01-scaled.jpg\",\"width\":2560,\"height\":2560,\"caption\":\"Chouka Ultraleichtmesser\"},{\"@type\":\"BreadcrumbList\",\"@id\":\"https:\/\/le-chouka.com\/de\/shop\/klettern-berg-ski\/ultraleichtes-chouka-messer\/#breadcrumb\",\"itemListElement\":[{\"@type\":\"ListItem\",\"position\":1,\"name\":\"Startseite\",\"item\":\"https:\/\/le-chouka.com\/de\/\"},{\"@type\":\"ListItem\",\"position\":2,\"name\":\"Alle unsere Produkte\",\"item\":\"https:\/\/le-chouka.com\/de\/shop\/\"},{\"@type\":\"ListItem\",\"position\":3,\"name\":\"Ultraleichtes Chouka Messer\"}]},{\"@type\":\"WebSite\",\"@id\":\"https:\/\/le-chouka.com\/de\/#website\",\"url\":\"https:\/\/le-chouka.com\/de\/\",\"name\":\"Chouka shop: Parapente, Montagne, Plong\u00e9e\",\"description\":\"Chouka Shop: Variometer, Kompasse und Zubeh\u00f6r f\u00fcr Gleitschirmfliegen, Bergsport und Tauchen\",\"publisher\":{\"@id\":\"https:\/\/le-chouka.com\/de\/#organization\"},\"alternateName\":\"Chouka parapente & montagne\",\"potentialAction\":[{\"@type\":\"SearchAction\",\"target\":{\"@type\":\"EntryPoint\",\"urlTemplate\":\"https:\/\/le-chouka.com\/de\/?s={search_term_string}\"},\"query-input\":{\"@type\":\"PropertyValueSpecification\",\"valueRequired\":true,\"valueName\":\"search_term_string\"}}],\"inLanguage\":\"de\"},{\"@type\":\"Organization\",\"@id\":\"https:\/\/le-chouka.com\/de\/#organization\",\"name\":\"Chouka\",\"alternateName\":\"Chouka\",\"url\":\"https:\/\/le-chouka.com\/de\/\",\"logo\":{\"@type\":\"ImageObject\",\"inLanguage\":\"de\",\"@id\":\"https:\/\/le-chouka.com\/de\/#\/schema\/logo\/image\/\",\"url\":\"https:\/\/le-chouka.com\/wp-content\/uploads\/2025\/10\/logo-chouka-grand-orange.png\",\"contentUrl\":\"https:\/\/le-chouka.com\/wp-content\/uploads\/2025\/10\/logo-chouka-grand-orange.png\",\"width\":491,\"height\":424,\"caption\":\"Chouka\"},\"image\":{\"@id\":\"https:\/\/le-chouka.com\/de\/#\/schema\/logo\/image\/\"},\"sameAs\":[\"https:\/\/www.facebook.com\/le.chouka.parapente\",\"https:\/\/www.instagram.com\/chouka_parapente\"]}]}<\/script>\n<meta property=\"og:availability\" content=\"instock\" \/>\n<meta property=\"product:availability\" content=\"instock\" \/>\n<meta property=\"product:condition\" content=\"new\" \/>\n<!-- \/ Yoast SEO Premium plugin. -->","yoast_head_json":{"title":"Ultraleichtes Chouka Messer f\u00fcr Klettern und Bergsteigen","description":"Chouka: ultraleichtes Messer (5 g) f\u00fcr Klettern, Bergsteigen und Alpinismus, entworfen und hergestellt in Frankreich \u2013 von Kletterern f\u00fcr Kletterer.","robots":{"index":"index","follow":"follow","max-snippet":"max-snippet:-1","max-image-preview":"max-image-preview:large","max-video-preview":"max-video-preview:-1"},"canonical":"https:\/\/le-chouka.com\/de\/shop\/klettern-berg-ski\/ultraleichtes-chouka-messer\/","og_locale":"de_DE","og_type":"article","og_title":"Ultraleichtes Chouka Messer","og_description":"Chouka: ultraleichtes Messer (5 g) f\u00fcr Klettern, Bergsteigen und Alpinismus, entworfen und hergestellt in Frankreich \u2013 von Kletterern f\u00fcr Kletterer.","og_url":"https:\/\/le-chouka.com\/de\/shop\/klettern-berg-ski\/ultraleichtes-chouka-messer\/","og_site_name":"Chouka Shop: Gleitschirmfliegen, Klettern und Tauchen","article_publisher":"https:\/\/www.facebook.com\/le.chouka.parapente","article_modified_time":"2025-12-01T20:32:10+00:00","og_image":[{"width":2560,"height":2560,"url":"https:\/\/le-chouka.com\/wp-content\/uploads\/2025\/10\/couteau-chouka-nano-x2-mous-01-scaled.jpg","type":"image\/jpeg"}],"twitter_card":"summary_large_image","twitter_misc":{"Verf\u00fcgbarkeit":"Auf Lager"},"schema":{"@context":"https:\/\/schema.org","@graph":[{"@type":"WebPage","@id":"https:\/\/le-chouka.com\/de\/shop\/klettern-berg-ski\/ultraleichtes-chouka-messer\/","url":"https:\/\/le-chouka.com\/de\/shop\/klettern-berg-ski\/ultraleichtes-chouka-messer\/","name":"Ultraleichtes Chouka Messer f\u00fcr Klettern und Bergsteigen","isPartOf":{"@id":"https:\/\/le-chouka.com\/de\/#website"},"primaryImageOfPage":{"@id":"https:\/\/le-chouka.com\/de\/shop\/klettern-berg-ski\/ultraleichtes-chouka-messer\/#primaryimage"},"image":{"@id":"https:\/\/le-chouka.com\/de\/shop\/klettern-berg-ski\/ultraleichtes-chouka-messer\/#primaryimage"},"thumbnailUrl":"https:\/\/le-chouka.com\/wp-content\/uploads\/2025\/10\/couteau-chouka-nano-x2-mous-01-scaled.jpg","datePublished":"2025-10-31T10:31:32+00:00","dateModified":"2025-12-01T20:32:10+00:00","description":"Chouka: ultraleichtes Messer (5 g) f\u00fcr Klettern, Bergsteigen und Alpinismus, entworfen und hergestellt in Frankreich \u2013 von Kletterern f\u00fcr Kletterer.","breadcrumb":{"@id":"https:\/\/le-chouka.com\/de\/shop\/klettern-berg-ski\/ultraleichtes-chouka-messer\/#breadcrumb"},"inLanguage":"de","potentialAction":[{"@type":"ReadAction","target":["https:\/\/le-chouka.com\/de\/shop\/klettern-berg-ski\/ultraleichtes-chouka-messer\/"]}]},{"@type":"ImageObject","inLanguage":"de","@id":"https:\/\/le-chouka.com\/de\/shop\/klettern-berg-ski\/ultraleichtes-chouka-messer\/#primaryimage","url":"https:\/\/le-chouka.com\/wp-content\/uploads\/2025\/10\/couteau-chouka-nano-x2-mous-01-scaled.jpg","contentUrl":"https:\/\/le-chouka.com\/wp-content\/uploads\/2025\/10\/couteau-chouka-nano-x2-mous-01-scaled.jpg","width":2560,"height":2560,"caption":"Chouka Ultraleichtmesser"},{"@type":"BreadcrumbList","@id":"https:\/\/le-chouka.com\/de\/shop\/klettern-berg-ski\/ultraleichtes-chouka-messer\/#breadcrumb","itemListElement":[{"@type":"ListItem","position":1,"name":"Startseite","item":"https:\/\/le-chouka.com\/de\/"},{"@type":"ListItem","position":2,"name":"Alle unsere Produkte","item":"https:\/\/le-chouka.com\/de\/shop\/"},{"@type":"ListItem","position":3,"name":"Ultraleichtes Chouka Messer"}]},{"@type":"WebSite","@id":"https:\/\/le-chouka.com\/de\/#website","url":"https:\/\/le-chouka.com\/de\/","name":"Chouka shop: Parapente, Montagne, Plong\u00e9e","description":"Chouka Shop: Variometer, Kompasse und Zubeh\u00f6r f\u00fcr Gleitschirmfliegen, Bergsport und Tauchen","publisher":{"@id":"https:\/\/le-chouka.com\/de\/#organization"},"alternateName":"Chouka parapente & montagne","potentialAction":[{"@type":"SearchAction","target":{"@type":"EntryPoint","urlTemplate":"https:\/\/le-chouka.com\/de\/?s={search_term_string}"},"query-input":{"@type":"PropertyValueSpecification","valueRequired":true,"valueName":"search_term_string"}}],"inLanguage":"de"},{"@type":"Organization","@id":"https:\/\/le-chouka.com\/de\/#organization","name":"Chouka","alternateName":"Chouka","url":"https:\/\/le-chouka.com\/de\/","logo":{"@type":"ImageObject","inLanguage":"de","@id":"https:\/\/le-chouka.com\/de\/#\/schema\/logo\/image\/","url":"https:\/\/le-chouka.com\/wp-content\/uploads\/2025\/10\/logo-chouka-grand-orange.png","contentUrl":"https:\/\/le-chouka.com\/wp-content\/uploads\/2025\/10\/logo-chouka-grand-orange.png","width":491,"height":424,"caption":"Chouka"},"image":{"@id":"https:\/\/le-chouka.com\/de\/#\/schema\/logo\/image\/"},"sameAs":["https:\/\/www.facebook.com\/le.chouka.parapente","https:\/\/www.instagram.com\/chouka_parapente"]}]},"og_availability":"instock","product_availability":"instock","product_condition":"new"},"_links":{"self":[{"href":"https:\/\/le-chouka.com\/de\/wp-json\/wp\/v2\/product\/1787","targetHints":{"allow":["GET"]}}],"collection":[{"href":"https:\/\/le-chouka.com\/de\/wp-json\/wp\/v2\/product"}],"about":[{"href":"https:\/\/le-chouka.com\/de\/wp-json\/wp\/v2\/types\/product"}],"replies":[{"embeddable":true,"href":"https:\/\/le-chouka.com\/de\/wp-json\/wp\/v2\/comments?post=1787"}],"wp:featuredmedia":[{"embeddable":true,"href":"https:\/\/le-chouka.com\/de\/wp-json\/wp\/v2\/media\/1725"}],"wp:attachment":[{"href":"https:\/\/le-chouka.com\/de\/wp-json\/wp\/v2\/media?parent=1787"}],"wp:term":[{"taxonomy":"product_brand","embeddable":true,"href":"https:\/\/le-chouka.com\/de\/wp-json\/wp\/v2\/product_brand?post=1787"},{"taxonomy":"product_cat","embeddable":true,"href":"https:\/\/le-chouka.com\/de\/wp-json\/wp\/v2\/product_cat?post=1787"},{"taxonomy":"product_tag","embeddable":true,"href":"https:\/\/le-chouka.com\/de\/wp-json\/wp\/v2\/product_tag?post=1787"}],"curies":[{"name":"wp","href":"https:\/\/api.w.org\/{rel}","templated":true}]}}