{"id":1678,"date":"2025-10-09T14:16:44","date_gmt":"2025-10-09T12:16:44","guid":{"rendered":"https:\/\/new.le-chouka.com\/shop\/unkategorisiert\/ultraleichte-mini-karabiner\/"},"modified":"2025-12-01T21:44:09","modified_gmt":"2025-12-01T20:44:09","slug":"ultraleichte-mini-karabiner","status":"publish","type":"product","link":"https:\/\/le-chouka.com\/de\/shop\/gleitschirmfliegen\/zubehor\/ultraleichte-mini-karabiner\/","title":{"rendered":"Set mit 4 ultraleichten Mini-Karabinern"},"content":{"rendered":"<p>Diese vier praktischen und ultraleichten Mini-Karabiner erm\u00f6glichen es, Ihre wichtigsten Accessoires griffbereit zu befestigen.<\/p>\n<table role=\"table\" aria-label=\"Eigenschaften Mini-Karabiner\">\n<thead>\n<tr>\n<th style=\"text-align: left; padding: 8px 12px;\">Eigenschaft<\/th>\n<th style=\"text-align: left; padding: 8px 12px;\">Details<\/th>\n<\/tr>\n<\/thead>\n<tbody>\n<tr>\n<td style=\"padding: 8px 12px;\"><strong>Gewicht<\/strong><\/td>\n<td style=\"padding: 8px 12px;\">3 g<\/td>\n<\/tr>\n<tr>\n<td style=\"padding: 8px 12px;\"><strong>Abmessungen<\/strong><\/td>\n<td style=\"padding: 8px 12px;\">39 \u00d7 22 mm<\/td>\n<\/tr>\n<tr>\n<td style=\"padding: 8px 12px;\"><strong>Bruchlast<\/strong><\/td>\n<td style=\"padding: 8px 12px;\">~40 kg<\/td>\n<\/tr>\n<tr>\n<td style=\"padding: 8px 12px;\"><strong>Verwendung &amp; Sicherheit<\/strong><\/td>\n<td style=\"padding: 8px 12px;\">Entwickelt zum Befestigen von Zubeh\u00f6r. Nicht zertifiziert \u2014 nicht f\u00fcr Klettern, Sicherung oder kritische Belastungen geeignet.<\/td>\n<\/tr>\n<\/tbody>\n<\/table>\n","protected":false},"excerpt":{"rendered":"<p><strong>Set mit 4 ultraleichten Mini-Karabinern f\u00fcr Zubeh\u00f6r<\/strong>, um Ihre Accessoires zu organisieren und zu sichern: Messer, Vario, Smartphone, Schl\u00fcssel, Camelback in der Gurtzeugtasche usw.<\/p>\n<p>Es ist dasselbe Modell wie das mit dem <a href=\"https:\/\/le-chouka.com\/de\/shop\/klettern-bergsteigen\/ultraleichtes-chouka-messer\/\">ultraleichten Chouka-Messer<\/a> gelieferte.<\/p>\n","protected":false},"featured_media":1675,"comment_status":"open","ping_status":"closed","template":"","meta":[],"product_brand":[],"product_cat":[274,127,160,162],"product_tag":[],"class_list":{"0":"post-1678","1":"product","2":"type-product","3":"status-publish","4":"has-post-thumbnail","6":"product_cat-klettern-berg-ski","7":"product_cat-gleitschirmfliegen","8":"product_cat-zubehor","9":"product_cat-tauchen","11":"first","12":"instock","13":"taxable","14":"shipping-taxable","15":"purchasable","16":"product-type-simple"},"yoast_head":"<!-- This site is optimized with the Yoast SEO Premium plugin v26.1 (Yoast SEO v27.1.1) - https:\/\/yoast.com\/product\/yoast-seo-premium-wordpress\/ -->\n<title>Pack mit 4 ultraleichten Mini-Zubeh\u00f6rkarabinern (3g)<\/title>\n<meta name=\"description\" content=\"Set mit 4 ultraleichten Mini-Karabinern zur Sicherung Ihrer Accessoires beim Klettern, Gleitschirmfliegen, Wandern und anderen Outdoor-Sportarten.\" \/>\n<meta name=\"robots\" content=\"index, follow, max-snippet:-1, max-image-preview:large, max-video-preview:-1\" \/>\n<link rel=\"canonical\" href=\"https:\/\/le-chouka.com\/de\/shop\/gleitschirmfliegen\/zubehor\/ultraleichte-mini-karabiner\/\" \/>\n<meta property=\"og:locale\" content=\"de_DE\" \/>\n<meta property=\"og:type\" content=\"article\" \/>\n<meta property=\"og:title\" content=\"Set mit 4 ultraleichten Mini-Karabinern\" \/>\n<meta property=\"og:description\" content=\"Set mit 4 ultraleichten Mini-Karabinern zur Sicherung Ihrer Accessoires beim Klettern, Gleitschirmfliegen, Wandern und anderen Outdoor-Sportarten.\" \/>\n<meta property=\"og:url\" content=\"https:\/\/le-chouka.com\/de\/shop\/gleitschirmfliegen\/zubehor\/ultraleichte-mini-karabiner\/\" \/>\n<meta property=\"og:site_name\" content=\"Chouka Shop: Gleitschirmfliegen, Klettern und Tauchen\" \/>\n<meta property=\"article:publisher\" content=\"https:\/\/www.facebook.com\/le.chouka.parapente\" \/>\n<meta property=\"article:modified_time\" content=\"2025-12-01T20:44:09+00:00\" \/>\n<meta property=\"og:image\" content=\"https:\/\/le-chouka.com\/wp-content\/uploads\/2025\/10\/mousqueton-chouka-x4-01-scaled.jpg\" \/>\n\t<meta property=\"og:image:width\" content=\"2560\" \/>\n\t<meta property=\"og:image:height\" content=\"2560\" \/>\n\t<meta property=\"og:image:type\" content=\"image\/jpeg\" \/>\n<meta name=\"twitter:card\" content=\"summary_large_image\" \/>\n<meta name=\"twitter:label1\" content=\"Preis\" \/>\n\t<meta name=\"twitter:data1\" content=\"8&nbsp;&euro;\" \/>\n\t<meta name=\"twitter:label2\" content=\"Verf\u00fcgbarkeit\" \/>\n\t<meta name=\"twitter:data2\" content=\"Auf Lager\" \/>\n<script type=\"application\/ld+json\" class=\"yoast-schema-graph\">{\"@context\":\"https:\/\/schema.org\",\"@graph\":[{\"@type\":\"WebPage\",\"@id\":\"https:\/\/le-chouka.com\/de\/shop\/gleitschirmfliegen\/zubehor\/ultraleichte-mini-karabiner\/\",\"url\":\"https:\/\/le-chouka.com\/de\/shop\/gleitschirmfliegen\/zubehor\/ultraleichte-mini-karabiner\/\",\"name\":\"Pack mit 4 ultraleichten Mini-Zubeh\u00f6rkarabinern (3g)\",\"isPartOf\":{\"@id\":\"https:\/\/le-chouka.com\/de\/#website\"},\"primaryImageOfPage\":{\"@id\":\"https:\/\/le-chouka.com\/de\/shop\/gleitschirmfliegen\/zubehor\/ultraleichte-mini-karabiner\/#primaryimage\"},\"image\":{\"@id\":\"https:\/\/le-chouka.com\/de\/shop\/gleitschirmfliegen\/zubehor\/ultraleichte-mini-karabiner\/#primaryimage\"},\"thumbnailUrl\":\"https:\/\/le-chouka.com\/wp-content\/uploads\/2025\/10\/mousqueton-chouka-x4-01-scaled.jpg\",\"datePublished\":\"2025-10-09T12:16:44+00:00\",\"dateModified\":\"2025-12-01T20:44:09+00:00\",\"description\":\"Set mit 4 ultraleichten Mini-Karabinern zur Sicherung Ihrer Accessoires beim Klettern, Gleitschirmfliegen, Wandern und anderen Outdoor-Sportarten.\",\"breadcrumb\":{\"@id\":\"https:\/\/le-chouka.com\/de\/shop\/gleitschirmfliegen\/zubehor\/ultraleichte-mini-karabiner\/#breadcrumb\"},\"inLanguage\":\"de\",\"potentialAction\":[{\"@type\":\"ReadAction\",\"target\":[\"https:\/\/le-chouka.com\/de\/shop\/gleitschirmfliegen\/zubehor\/ultraleichte-mini-karabiner\/\"]}]},{\"@type\":\"ImageObject\",\"inLanguage\":\"de\",\"@id\":\"https:\/\/le-chouka.com\/de\/shop\/gleitschirmfliegen\/zubehor\/ultraleichte-mini-karabiner\/#primaryimage\",\"url\":\"https:\/\/le-chouka.com\/wp-content\/uploads\/2025\/10\/mousqueton-chouka-x4-01-scaled.jpg\",\"contentUrl\":\"https:\/\/le-chouka.com\/wp-content\/uploads\/2025\/10\/mousqueton-chouka-x4-01-scaled.jpg\",\"width\":2560,\"height\":2560,\"caption\":\"Set mit 4 Chouka Mini-Karabinern\"},{\"@type\":\"BreadcrumbList\",\"@id\":\"https:\/\/le-chouka.com\/de\/shop\/gleitschirmfliegen\/zubehor\/ultraleichte-mini-karabiner\/#breadcrumb\",\"itemListElement\":[{\"@type\":\"ListItem\",\"position\":1,\"name\":\"Startseite\",\"item\":\"https:\/\/le-chouka.com\/de\/\"},{\"@type\":\"ListItem\",\"position\":2,\"name\":\"Alle unsere Produkte\",\"item\":\"https:\/\/le-chouka.com\/de\/shop\/\"},{\"@type\":\"ListItem\",\"position\":3,\"name\":\"Set mit 4 ultraleichten Mini-Karabinern\"}]},{\"@type\":\"WebSite\",\"@id\":\"https:\/\/le-chouka.com\/de\/#website\",\"url\":\"https:\/\/le-chouka.com\/de\/\",\"name\":\"Chouka shop: Parapente, Montagne, Plong\u00e9e\",\"description\":\"Chouka Shop: Variometer, Kompasse und Zubeh\u00f6r f\u00fcr Gleitschirmfliegen, Bergsport und Tauchen\",\"publisher\":{\"@id\":\"https:\/\/le-chouka.com\/de\/#organization\"},\"alternateName\":\"Chouka parapente & montagne\",\"potentialAction\":[{\"@type\":\"SearchAction\",\"target\":{\"@type\":\"EntryPoint\",\"urlTemplate\":\"https:\/\/le-chouka.com\/de\/?s={search_term_string}\"},\"query-input\":{\"@type\":\"PropertyValueSpecification\",\"valueRequired\":true,\"valueName\":\"search_term_string\"}}],\"inLanguage\":\"de\"},{\"@type\":\"Organization\",\"@id\":\"https:\/\/le-chouka.com\/de\/#organization\",\"name\":\"Chouka\",\"alternateName\":\"Chouka\",\"url\":\"https:\/\/le-chouka.com\/de\/\",\"logo\":{\"@type\":\"ImageObject\",\"inLanguage\":\"de\",\"@id\":\"https:\/\/le-chouka.com\/de\/#\/schema\/logo\/image\/\",\"url\":\"https:\/\/le-chouka.com\/wp-content\/uploads\/2025\/10\/logo-chouka-grand-orange.png\",\"contentUrl\":\"https:\/\/le-chouka.com\/wp-content\/uploads\/2025\/10\/logo-chouka-grand-orange.png\",\"width\":491,\"height\":424,\"caption\":\"Chouka\"},\"image\":{\"@id\":\"https:\/\/le-chouka.com\/de\/#\/schema\/logo\/image\/\"},\"sameAs\":[\"https:\/\/www.facebook.com\/le.chouka.parapente\",\"https:\/\/www.instagram.com\/chouka_parapente\"]}]}<\/script>\n<meta property=\"product:price:amount\" content=\"8.00\" \/>\n<meta property=\"product:price:currency\" content=\"EUR\" \/>\n<meta property=\"og:availability\" content=\"instock\" \/>\n<meta property=\"product:availability\" content=\"instock\" \/>\n<meta property=\"product:condition\" content=\"new\" \/>\n<!-- \/ Yoast SEO Premium plugin. -->","yoast_head_json":{"title":"Pack mit 4 ultraleichten Mini-Zubeh\u00f6rkarabinern (3g)","description":"Set mit 4 ultraleichten Mini-Karabinern zur Sicherung Ihrer Accessoires beim Klettern, Gleitschirmfliegen, Wandern und anderen Outdoor-Sportarten.","robots":{"index":"index","follow":"follow","max-snippet":"max-snippet:-1","max-image-preview":"max-image-preview:large","max-video-preview":"max-video-preview:-1"},"canonical":"https:\/\/le-chouka.com\/de\/shop\/gleitschirmfliegen\/zubehor\/ultraleichte-mini-karabiner\/","og_locale":"de_DE","og_type":"article","og_title":"Set mit 4 ultraleichten Mini-Karabinern","og_description":"Set mit 4 ultraleichten Mini-Karabinern zur Sicherung Ihrer Accessoires beim Klettern, Gleitschirmfliegen, Wandern und anderen Outdoor-Sportarten.","og_url":"https:\/\/le-chouka.com\/de\/shop\/gleitschirmfliegen\/zubehor\/ultraleichte-mini-karabiner\/","og_site_name":"Chouka Shop: Gleitschirmfliegen, Klettern und Tauchen","article_publisher":"https:\/\/www.facebook.com\/le.chouka.parapente","article_modified_time":"2025-12-01T20:44:09+00:00","og_image":[{"width":2560,"height":2560,"url":"https:\/\/le-chouka.com\/wp-content\/uploads\/2025\/10\/mousqueton-chouka-x4-01-scaled.jpg","type":"image\/jpeg"}],"twitter_card":"summary_large_image","twitter_misc":{"Preis":"8&nbsp;&euro;","Verf\u00fcgbarkeit":"Auf Lager"},"schema":{"@context":"https:\/\/schema.org","@graph":[{"@type":"WebPage","@id":"https:\/\/le-chouka.com\/de\/shop\/gleitschirmfliegen\/zubehor\/ultraleichte-mini-karabiner\/","url":"https:\/\/le-chouka.com\/de\/shop\/gleitschirmfliegen\/zubehor\/ultraleichte-mini-karabiner\/","name":"Pack mit 4 ultraleichten Mini-Zubeh\u00f6rkarabinern (3g)","isPartOf":{"@id":"https:\/\/le-chouka.com\/de\/#website"},"primaryImageOfPage":{"@id":"https:\/\/le-chouka.com\/de\/shop\/gleitschirmfliegen\/zubehor\/ultraleichte-mini-karabiner\/#primaryimage"},"image":{"@id":"https:\/\/le-chouka.com\/de\/shop\/gleitschirmfliegen\/zubehor\/ultraleichte-mini-karabiner\/#primaryimage"},"thumbnailUrl":"https:\/\/le-chouka.com\/wp-content\/uploads\/2025\/10\/mousqueton-chouka-x4-01-scaled.jpg","datePublished":"2025-10-09T12:16:44+00:00","dateModified":"2025-12-01T20:44:09+00:00","description":"Set mit 4 ultraleichten Mini-Karabinern zur Sicherung Ihrer Accessoires beim Klettern, Gleitschirmfliegen, Wandern und anderen Outdoor-Sportarten.","breadcrumb":{"@id":"https:\/\/le-chouka.com\/de\/shop\/gleitschirmfliegen\/zubehor\/ultraleichte-mini-karabiner\/#breadcrumb"},"inLanguage":"de","potentialAction":[{"@type":"ReadAction","target":["https:\/\/le-chouka.com\/de\/shop\/gleitschirmfliegen\/zubehor\/ultraleichte-mini-karabiner\/"]}]},{"@type":"ImageObject","inLanguage":"de","@id":"https:\/\/le-chouka.com\/de\/shop\/gleitschirmfliegen\/zubehor\/ultraleichte-mini-karabiner\/#primaryimage","url":"https:\/\/le-chouka.com\/wp-content\/uploads\/2025\/10\/mousqueton-chouka-x4-01-scaled.jpg","contentUrl":"https:\/\/le-chouka.com\/wp-content\/uploads\/2025\/10\/mousqueton-chouka-x4-01-scaled.jpg","width":2560,"height":2560,"caption":"Set mit 4 Chouka Mini-Karabinern"},{"@type":"BreadcrumbList","@id":"https:\/\/le-chouka.com\/de\/shop\/gleitschirmfliegen\/zubehor\/ultraleichte-mini-karabiner\/#breadcrumb","itemListElement":[{"@type":"ListItem","position":1,"name":"Startseite","item":"https:\/\/le-chouka.com\/de\/"},{"@type":"ListItem","position":2,"name":"Alle unsere Produkte","item":"https:\/\/le-chouka.com\/de\/shop\/"},{"@type":"ListItem","position":3,"name":"Set mit 4 ultraleichten Mini-Karabinern"}]},{"@type":"WebSite","@id":"https:\/\/le-chouka.com\/de\/#website","url":"https:\/\/le-chouka.com\/de\/","name":"Chouka shop: Parapente, Montagne, Plong\u00e9e","description":"Chouka Shop: Variometer, Kompasse und Zubeh\u00f6r f\u00fcr Gleitschirmfliegen, Bergsport und Tauchen","publisher":{"@id":"https:\/\/le-chouka.com\/de\/#organization"},"alternateName":"Chouka parapente & montagne","potentialAction":[{"@type":"SearchAction","target":{"@type":"EntryPoint","urlTemplate":"https:\/\/le-chouka.com\/de\/?s={search_term_string}"},"query-input":{"@type":"PropertyValueSpecification","valueRequired":true,"valueName":"search_term_string"}}],"inLanguage":"de"},{"@type":"Organization","@id":"https:\/\/le-chouka.com\/de\/#organization","name":"Chouka","alternateName":"Chouka","url":"https:\/\/le-chouka.com\/de\/","logo":{"@type":"ImageObject","inLanguage":"de","@id":"https:\/\/le-chouka.com\/de\/#\/schema\/logo\/image\/","url":"https:\/\/le-chouka.com\/wp-content\/uploads\/2025\/10\/logo-chouka-grand-orange.png","contentUrl":"https:\/\/le-chouka.com\/wp-content\/uploads\/2025\/10\/logo-chouka-grand-orange.png","width":491,"height":424,"caption":"Chouka"},"image":{"@id":"https:\/\/le-chouka.com\/de\/#\/schema\/logo\/image\/"},"sameAs":["https:\/\/www.facebook.com\/le.chouka.parapente","https:\/\/www.instagram.com\/chouka_parapente"]}]},"product_price_amount":"8.00","product_price_currency":"EUR","og_availability":"instock","product_availability":"instock","product_condition":"new"},"_links":{"self":[{"href":"https:\/\/le-chouka.com\/de\/wp-json\/wp\/v2\/product\/1678","targetHints":{"allow":["GET"]}}],"collection":[{"href":"https:\/\/le-chouka.com\/de\/wp-json\/wp\/v2\/product"}],"about":[{"href":"https:\/\/le-chouka.com\/de\/wp-json\/wp\/v2\/types\/product"}],"replies":[{"embeddable":true,"href":"https:\/\/le-chouka.com\/de\/wp-json\/wp\/v2\/comments?post=1678"}],"wp:featuredmedia":[{"embeddable":true,"href":"https:\/\/le-chouka.com\/de\/wp-json\/wp\/v2\/media\/1675"}],"wp:attachment":[{"href":"https:\/\/le-chouka.com\/de\/wp-json\/wp\/v2\/media?parent=1678"}],"wp:term":[{"taxonomy":"product_brand","embeddable":true,"href":"https:\/\/le-chouka.com\/de\/wp-json\/wp\/v2\/product_brand?post=1678"},{"taxonomy":"product_cat","embeddable":true,"href":"https:\/\/le-chouka.com\/de\/wp-json\/wp\/v2\/product_cat?post=1678"},{"taxonomy":"product_tag","embeddable":true,"href":"https:\/\/le-chouka.com\/de\/wp-json\/wp\/v2\/product_tag?post=1678"}],"curies":[{"name":"wp","href":"https:\/\/api.w.org\/{rel}","templated":true}]}}