{"id":1668,"date":"2025-10-09T14:18:31","date_gmt":"2025-10-09T12:18:31","guid":{"rendered":"https:\/\/new.le-chouka.com\/shop\/unkategorisiert\/zusaetzliche-velcros\/"},"modified":"2025-12-01T21:42:09","modified_gmt":"2025-12-01T20:42:09","slug":"zusaetzliche-velcros","status":"publish","type":"product","link":"https:\/\/le-chouka.com\/de\/shop\/gleitschirmfliegen\/ersatzteile-gleitschirmfliegen\/zusaetzliche-velcros\/","title":{"rendered":"[Varios Chouka, Chouka Smart] 3\u00d7 zus\u00e4tzliche Velcros"},"content":{"rendered":"","protected":false},"excerpt":{"rendered":"<p>Set aus<strong> 3 zus\u00e4tzlichen Velcros<\/strong> f\u00fcr die <a href=\"https:\/\/le-chouka.com\/de\/shop\/gleitschirmfliegen\/gleitschirm-variometer-chouka\/\"><strong>Chouka<\/strong> Gleitschirm-<strong>Variometer<\/strong><\/a> oder <a href=\"https:\/\/le-chouka.com\/de\/shop\/gleitschirmfliegen\/xctrack-gleitschirm-variometer-chouka-smart\/\"><strong>Chouka Smart<\/strong><\/a>.<\/p>\n<p>Perfekt, um ein Variometer an einem <strong>zweiten Helm, einem zweiten Gurtzeug<\/strong> oder an anderer Ausr\u00fcstung zu befestigen.<\/p>\n","protected":false},"featured_media":1663,"comment_status":"open","ping_status":"closed","template":"","meta":[],"product_brand":[],"product_cat":[140],"product_tag":[],"class_list":{"0":"post-1668","1":"product","2":"type-product","3":"status-publish","4":"has-post-thumbnail","6":"product_cat-ersatzteile-gleitschirmfliegen","8":"first","9":"instock","10":"taxable","11":"shipping-taxable","12":"purchasable","13":"product-type-simple"},"yoast_head":"<!-- This site is optimized with the Yoast SEO Premium plugin v26.1 (Yoast SEO v27.1.1) - https:\/\/yoast.com\/product\/yoast-seo-premium-wordpress\/ -->\n<title>Zus\u00e4tzliche Klettverschl\u00fcsse f\u00fcr Chouka Gleitschirm-Variometer<\/title>\n<meta name=\"robots\" content=\"index, follow, max-snippet:-1, max-image-preview:large, max-video-preview:-1\" \/>\n<link rel=\"canonical\" href=\"https:\/\/le-chouka.com\/de\/shop\/gleitschirmfliegen\/ersatzteile-gleitschirmfliegen\/zusaetzliche-velcros\/\" \/>\n<meta property=\"og:locale\" content=\"de_DE\" \/>\n<meta property=\"og:type\" content=\"article\" \/>\n<meta property=\"og:title\" content=\"[Varios Chouka, Chouka Smart] 3\u00d7 zus\u00e4tzliche Velcros\" \/>\n<meta property=\"og:description\" content=\"Set aus 3 zus\u00e4tzlichen Velcros f\u00fcr die Chouka Gleitschirm-Variometer oder Chouka Smart.  Perfekt, um ein Variometer an einem zweiten Helm, einem zweiten Gurtzeug oder an anderer Ausr\u00fcstung zu befestigen.\" \/>\n<meta property=\"og:url\" content=\"https:\/\/le-chouka.com\/de\/shop\/gleitschirmfliegen\/ersatzteile-gleitschirmfliegen\/zusaetzliche-velcros\/\" \/>\n<meta property=\"og:site_name\" content=\"Chouka Shop: Gleitschirmfliegen, Klettern und Tauchen\" \/>\n<meta property=\"article:publisher\" content=\"https:\/\/www.facebook.com\/le.chouka.parapente\" \/>\n<meta property=\"article:modified_time\" content=\"2025-12-01T20:42:09+00:00\" \/>\n<meta property=\"og:image\" content=\"https:\/\/le-chouka.com\/wp-content\/uploads\/2025\/10\/3-velcros-pour-varios-chouka-01.jpg\" \/>\n\t<meta property=\"og:image:width\" content=\"1800\" \/>\n\t<meta property=\"og:image:height\" content=\"1800\" \/>\n\t<meta property=\"og:image:type\" content=\"image\/jpeg\" \/>\n<meta name=\"twitter:card\" content=\"summary_large_image\" \/>\n<meta name=\"twitter:label1\" content=\"Preis\" \/>\n\t<meta name=\"twitter:data1\" content=\"4,90&nbsp;&euro;\" \/>\n\t<meta name=\"twitter:label2\" content=\"Verf\u00fcgbarkeit\" \/>\n\t<meta name=\"twitter:data2\" content=\"Auf Lager\" \/>\n<script type=\"application\/ld+json\" class=\"yoast-schema-graph\">{\"@context\":\"https:\/\/schema.org\",\"@graph\":[{\"@type\":\"WebPage\",\"@id\":\"https:\/\/le-chouka.com\/de\/shop\/gleitschirmfliegen\/ersatzteile-gleitschirmfliegen\/zusaetzliche-velcros\/\",\"url\":\"https:\/\/le-chouka.com\/de\/shop\/gleitschirmfliegen\/ersatzteile-gleitschirmfliegen\/zusaetzliche-velcros\/\",\"name\":\"Zus\u00e4tzliche Klettverschl\u00fcsse f\u00fcr Chouka Gleitschirm-Variometer\",\"isPartOf\":{\"@id\":\"https:\/\/le-chouka.com\/de\/#website\"},\"primaryImageOfPage\":{\"@id\":\"https:\/\/le-chouka.com\/de\/shop\/gleitschirmfliegen\/ersatzteile-gleitschirmfliegen\/zusaetzliche-velcros\/#primaryimage\"},\"image\":{\"@id\":\"https:\/\/le-chouka.com\/de\/shop\/gleitschirmfliegen\/ersatzteile-gleitschirmfliegen\/zusaetzliche-velcros\/#primaryimage\"},\"thumbnailUrl\":\"https:\/\/le-chouka.com\/wp-content\/uploads\/2025\/10\/3-velcros-pour-varios-chouka-01.jpg\",\"datePublished\":\"2025-10-09T12:18:31+00:00\",\"dateModified\":\"2025-12-01T20:42:09+00:00\",\"breadcrumb\":{\"@id\":\"https:\/\/le-chouka.com\/de\/shop\/gleitschirmfliegen\/ersatzteile-gleitschirmfliegen\/zusaetzliche-velcros\/#breadcrumb\"},\"inLanguage\":\"de\",\"potentialAction\":[{\"@type\":\"ReadAction\",\"target\":[\"https:\/\/le-chouka.com\/de\/shop\/gleitschirmfliegen\/ersatzteile-gleitschirmfliegen\/zusaetzliche-velcros\/\"]}]},{\"@type\":\"ImageObject\",\"inLanguage\":\"de\",\"@id\":\"https:\/\/le-chouka.com\/de\/shop\/gleitschirmfliegen\/ersatzteile-gleitschirmfliegen\/zusaetzliche-velcros\/#primaryimage\",\"url\":\"https:\/\/le-chouka.com\/wp-content\/uploads\/2025\/10\/3-velcros-pour-varios-chouka-01.jpg\",\"contentUrl\":\"https:\/\/le-chouka.com\/wp-content\/uploads\/2025\/10\/3-velcros-pour-varios-chouka-01.jpg\",\"width\":1800,\"height\":1800,\"caption\":\"Set mit 3 zus\u00e4tzlichen Velcros\"},{\"@type\":\"BreadcrumbList\",\"@id\":\"https:\/\/le-chouka.com\/de\/shop\/gleitschirmfliegen\/ersatzteile-gleitschirmfliegen\/zusaetzliche-velcros\/#breadcrumb\",\"itemListElement\":[{\"@type\":\"ListItem\",\"position\":1,\"name\":\"Startseite\",\"item\":\"https:\/\/le-chouka.com\/de\/\"},{\"@type\":\"ListItem\",\"position\":2,\"name\":\"Alle unsere Produkte\",\"item\":\"https:\/\/le-chouka.com\/de\/shop\/\"},{\"@type\":\"ListItem\",\"position\":3,\"name\":\"[Varios Chouka, Chouka Smart] 3\u00d7 zus\u00e4tzliche Velcros\"}]},{\"@type\":\"WebSite\",\"@id\":\"https:\/\/le-chouka.com\/de\/#website\",\"url\":\"https:\/\/le-chouka.com\/de\/\",\"name\":\"Chouka shop: Parapente, Montagne, Plong\u00e9e\",\"description\":\"Chouka Shop: Variometer, Kompasse und Zubeh\u00f6r f\u00fcr Gleitschirmfliegen, Bergsport und Tauchen\",\"publisher\":{\"@id\":\"https:\/\/le-chouka.com\/de\/#organization\"},\"alternateName\":\"Chouka parapente & montagne\",\"potentialAction\":[{\"@type\":\"SearchAction\",\"target\":{\"@type\":\"EntryPoint\",\"urlTemplate\":\"https:\/\/le-chouka.com\/de\/?s={search_term_string}\"},\"query-input\":{\"@type\":\"PropertyValueSpecification\",\"valueRequired\":true,\"valueName\":\"search_term_string\"}}],\"inLanguage\":\"de\"},{\"@type\":\"Organization\",\"@id\":\"https:\/\/le-chouka.com\/de\/#organization\",\"name\":\"Chouka\",\"alternateName\":\"Chouka\",\"url\":\"https:\/\/le-chouka.com\/de\/\",\"logo\":{\"@type\":\"ImageObject\",\"inLanguage\":\"de\",\"@id\":\"https:\/\/le-chouka.com\/de\/#\/schema\/logo\/image\/\",\"url\":\"https:\/\/le-chouka.com\/wp-content\/uploads\/2025\/10\/logo-chouka-grand-orange.png\",\"contentUrl\":\"https:\/\/le-chouka.com\/wp-content\/uploads\/2025\/10\/logo-chouka-grand-orange.png\",\"width\":491,\"height\":424,\"caption\":\"Chouka\"},\"image\":{\"@id\":\"https:\/\/le-chouka.com\/de\/#\/schema\/logo\/image\/\"},\"sameAs\":[\"https:\/\/www.facebook.com\/le.chouka.parapente\",\"https:\/\/www.instagram.com\/chouka_parapente\"]}]}<\/script>\n<meta property=\"product:price:amount\" content=\"4.90\" \/>\n<meta property=\"product:price:currency\" content=\"EUR\" \/>\n<meta property=\"og:availability\" content=\"instock\" \/>\n<meta property=\"product:availability\" content=\"instock\" \/>\n<meta property=\"product:condition\" content=\"new\" \/>\n<!-- \/ Yoast SEO Premium plugin. -->","yoast_head_json":{"title":"Zus\u00e4tzliche Klettverschl\u00fcsse f\u00fcr Chouka Gleitschirm-Variometer","robots":{"index":"index","follow":"follow","max-snippet":"max-snippet:-1","max-image-preview":"max-image-preview:large","max-video-preview":"max-video-preview:-1"},"canonical":"https:\/\/le-chouka.com\/de\/shop\/gleitschirmfliegen\/ersatzteile-gleitschirmfliegen\/zusaetzliche-velcros\/","og_locale":"de_DE","og_type":"article","og_title":"[Varios Chouka, Chouka Smart] 3\u00d7 zus\u00e4tzliche Velcros","og_description":"Set aus 3 zus\u00e4tzlichen Velcros f\u00fcr die Chouka Gleitschirm-Variometer oder Chouka Smart.  Perfekt, um ein Variometer an einem zweiten Helm, einem zweiten Gurtzeug oder an anderer Ausr\u00fcstung zu befestigen.","og_url":"https:\/\/le-chouka.com\/de\/shop\/gleitschirmfliegen\/ersatzteile-gleitschirmfliegen\/zusaetzliche-velcros\/","og_site_name":"Chouka Shop: Gleitschirmfliegen, Klettern und Tauchen","article_publisher":"https:\/\/www.facebook.com\/le.chouka.parapente","article_modified_time":"2025-12-01T20:42:09+00:00","og_image":[{"width":1800,"height":1800,"url":"https:\/\/le-chouka.com\/wp-content\/uploads\/2025\/10\/3-velcros-pour-varios-chouka-01.jpg","type":"image\/jpeg"}],"twitter_card":"summary_large_image","twitter_misc":{"Preis":"4,90&nbsp;&euro;","Verf\u00fcgbarkeit":"Auf Lager"},"schema":{"@context":"https:\/\/schema.org","@graph":[{"@type":"WebPage","@id":"https:\/\/le-chouka.com\/de\/shop\/gleitschirmfliegen\/ersatzteile-gleitschirmfliegen\/zusaetzliche-velcros\/","url":"https:\/\/le-chouka.com\/de\/shop\/gleitschirmfliegen\/ersatzteile-gleitschirmfliegen\/zusaetzliche-velcros\/","name":"Zus\u00e4tzliche Klettverschl\u00fcsse f\u00fcr Chouka Gleitschirm-Variometer","isPartOf":{"@id":"https:\/\/le-chouka.com\/de\/#website"},"primaryImageOfPage":{"@id":"https:\/\/le-chouka.com\/de\/shop\/gleitschirmfliegen\/ersatzteile-gleitschirmfliegen\/zusaetzliche-velcros\/#primaryimage"},"image":{"@id":"https:\/\/le-chouka.com\/de\/shop\/gleitschirmfliegen\/ersatzteile-gleitschirmfliegen\/zusaetzliche-velcros\/#primaryimage"},"thumbnailUrl":"https:\/\/le-chouka.com\/wp-content\/uploads\/2025\/10\/3-velcros-pour-varios-chouka-01.jpg","datePublished":"2025-10-09T12:18:31+00:00","dateModified":"2025-12-01T20:42:09+00:00","breadcrumb":{"@id":"https:\/\/le-chouka.com\/de\/shop\/gleitschirmfliegen\/ersatzteile-gleitschirmfliegen\/zusaetzliche-velcros\/#breadcrumb"},"inLanguage":"de","potentialAction":[{"@type":"ReadAction","target":["https:\/\/le-chouka.com\/de\/shop\/gleitschirmfliegen\/ersatzteile-gleitschirmfliegen\/zusaetzliche-velcros\/"]}]},{"@type":"ImageObject","inLanguage":"de","@id":"https:\/\/le-chouka.com\/de\/shop\/gleitschirmfliegen\/ersatzteile-gleitschirmfliegen\/zusaetzliche-velcros\/#primaryimage","url":"https:\/\/le-chouka.com\/wp-content\/uploads\/2025\/10\/3-velcros-pour-varios-chouka-01.jpg","contentUrl":"https:\/\/le-chouka.com\/wp-content\/uploads\/2025\/10\/3-velcros-pour-varios-chouka-01.jpg","width":1800,"height":1800,"caption":"Set mit 3 zus\u00e4tzlichen Velcros"},{"@type":"BreadcrumbList","@id":"https:\/\/le-chouka.com\/de\/shop\/gleitschirmfliegen\/ersatzteile-gleitschirmfliegen\/zusaetzliche-velcros\/#breadcrumb","itemListElement":[{"@type":"ListItem","position":1,"name":"Startseite","item":"https:\/\/le-chouka.com\/de\/"},{"@type":"ListItem","position":2,"name":"Alle unsere Produkte","item":"https:\/\/le-chouka.com\/de\/shop\/"},{"@type":"ListItem","position":3,"name":"[Varios Chouka, Chouka Smart] 3\u00d7 zus\u00e4tzliche Velcros"}]},{"@type":"WebSite","@id":"https:\/\/le-chouka.com\/de\/#website","url":"https:\/\/le-chouka.com\/de\/","name":"Chouka shop: Parapente, Montagne, Plong\u00e9e","description":"Chouka Shop: Variometer, Kompasse und Zubeh\u00f6r f\u00fcr Gleitschirmfliegen, Bergsport und Tauchen","publisher":{"@id":"https:\/\/le-chouka.com\/de\/#organization"},"alternateName":"Chouka parapente & montagne","potentialAction":[{"@type":"SearchAction","target":{"@type":"EntryPoint","urlTemplate":"https:\/\/le-chouka.com\/de\/?s={search_term_string}"},"query-input":{"@type":"PropertyValueSpecification","valueRequired":true,"valueName":"search_term_string"}}],"inLanguage":"de"},{"@type":"Organization","@id":"https:\/\/le-chouka.com\/de\/#organization","name":"Chouka","alternateName":"Chouka","url":"https:\/\/le-chouka.com\/de\/","logo":{"@type":"ImageObject","inLanguage":"de","@id":"https:\/\/le-chouka.com\/de\/#\/schema\/logo\/image\/","url":"https:\/\/le-chouka.com\/wp-content\/uploads\/2025\/10\/logo-chouka-grand-orange.png","contentUrl":"https:\/\/le-chouka.com\/wp-content\/uploads\/2025\/10\/logo-chouka-grand-orange.png","width":491,"height":424,"caption":"Chouka"},"image":{"@id":"https:\/\/le-chouka.com\/de\/#\/schema\/logo\/image\/"},"sameAs":["https:\/\/www.facebook.com\/le.chouka.parapente","https:\/\/www.instagram.com\/chouka_parapente"]}]},"product_price_amount":"4.90","product_price_currency":"EUR","og_availability":"instock","product_availability":"instock","product_condition":"new"},"_links":{"self":[{"href":"https:\/\/le-chouka.com\/de\/wp-json\/wp\/v2\/product\/1668","targetHints":{"allow":["GET"]}}],"collection":[{"href":"https:\/\/le-chouka.com\/de\/wp-json\/wp\/v2\/product"}],"about":[{"href":"https:\/\/le-chouka.com\/de\/wp-json\/wp\/v2\/types\/product"}],"replies":[{"embeddable":true,"href":"https:\/\/le-chouka.com\/de\/wp-json\/wp\/v2\/comments?post=1668"}],"wp:featuredmedia":[{"embeddable":true,"href":"https:\/\/le-chouka.com\/de\/wp-json\/wp\/v2\/media\/1663"}],"wp:attachment":[{"href":"https:\/\/le-chouka.com\/de\/wp-json\/wp\/v2\/media?parent=1668"}],"wp:term":[{"taxonomy":"product_brand","embeddable":true,"href":"https:\/\/le-chouka.com\/de\/wp-json\/wp\/v2\/product_brand?post=1668"},{"taxonomy":"product_cat","embeddable":true,"href":"https:\/\/le-chouka.com\/de\/wp-json\/wp\/v2\/product_cat?post=1668"},{"taxonomy":"product_tag","embeddable":true,"href":"https:\/\/le-chouka.com\/de\/wp-json\/wp\/v2\/product_tag?post=1668"}],"curies":[{"name":"wp","href":"https:\/\/api.w.org\/{rel}","templated":true}]}}