{"id":1606,"date":"2025-10-09T14:20:05","date_gmt":"2025-10-09T12:20:05","guid":{"rendered":"https:\/\/new.le-chouka.com\/shop\/unkategorisiert\/usb-ladekabel-varios\/"},"modified":"2025-12-01T21:39:10","modified_gmt":"2025-12-01T20:39:10","slug":"usb-ladekabel-varios","status":"publish","type":"product","link":"https:\/\/le-chouka.com\/de\/shop\/gleitschirmfliegen\/ersatzteile-gleitschirmfliegen\/usb-ladekabel-varios\/","title":{"rendered":"[Varios Chouka, Chouka Smart] USB-Ladekabel"},"content":{"rendered":"","protected":false},"excerpt":{"rendered":"<p>Ladekabel f\u00fcr Chouka-Variometer.<\/p>\n<p>W\u00e4hlen Sie das Kabel, das zum USB-Anschluss Ihres Varios passt:<\/p>\n<ul>\n<li><strong>Micro-USB<\/strong> f\u00fcr \u00e4ltere Modelle;<\/li>\n<li><strong>USB-C<\/strong> f\u00fcr neuere Modelle.<\/li>\n<\/ul>\n<p>Siehe auch das <a href=\"https:\/\/le-chouka.com\/de\/shop\/gleitschirmfliegen\/ersatzteile-gleitschirmfliegen\/otg-usb-kabel-chouka-smart-vario\/\">OTG-USB-Kabel f\u00fcr das Chouka Smart Variometer<\/a>.<\/p>\n","protected":false},"featured_media":1595,"comment_status":"open","ping_status":"closed","template":"","meta":[],"product_brand":[],"product_cat":[140],"product_tag":[],"class_list":{"0":"post-1606","1":"product","2":"type-product","3":"status-publish","4":"has-post-thumbnail","6":"product_cat-ersatzteile-gleitschirmfliegen","8":"first","9":"instock","10":"taxable","11":"shipping-taxable","12":"purchasable","13":"product-type-variable"},"yoast_head":"<!-- This site is optimized with the Yoast SEO Premium plugin v26.1 (Yoast SEO v27.1.1) - https:\/\/yoast.com\/product\/yoast-seo-premium-wordpress\/ -->\n<title>Ladekabel f\u00fcr Chouka Gleitschirm-Variometer<\/title>\n<meta name=\"robots\" content=\"index, follow, max-snippet:-1, max-image-preview:large, max-video-preview:-1\" \/>\n<link rel=\"canonical\" href=\"https:\/\/le-chouka.com\/de\/shop\/gleitschirmfliegen\/ersatzteile-gleitschirmfliegen\/usb-ladekabel-varios\/\" \/>\n<meta property=\"og:locale\" content=\"de_DE\" \/>\n<meta property=\"og:type\" content=\"article\" \/>\n<meta property=\"og:title\" content=\"[Varios Chouka, Chouka Smart] USB-Ladekabel\" \/>\n<meta property=\"og:description\" content=\"Ladekabel f\u00fcr Chouka-Variometer.  W\u00e4hlen Sie das Kabel, das zum USB-Anschluss Ihres Varios passt:   Micro-USB f\u00fcr \u00e4ltere Modelle;  USB-C f\u00fcr neuere Modelle.  Siehe auch das OTG-USB-Kabel f\u00fcr das Chouka Smart Variometer.\" \/>\n<meta property=\"og:url\" content=\"https:\/\/le-chouka.com\/de\/shop\/gleitschirmfliegen\/ersatzteile-gleitschirmfliegen\/usb-ladekabel-varios\/\" \/>\n<meta property=\"og:site_name\" content=\"Chouka Shop: Gleitschirmfliegen, Klettern und Tauchen\" \/>\n<meta property=\"article:publisher\" content=\"https:\/\/www.facebook.com\/le.chouka.parapente\" \/>\n<meta property=\"article:modified_time\" content=\"2025-12-01T20:39:10+00:00\" \/>\n<meta property=\"og:image\" content=\"https:\/\/le-chouka.com\/wp-content\/uploads\/2025\/10\/cable-charge-usb-c-01.jpg\" \/>\n\t<meta property=\"og:image:width\" content=\"2478\" \/>\n\t<meta property=\"og:image:height\" content=\"2478\" \/>\n\t<meta property=\"og:image:type\" content=\"image\/jpeg\" \/>\n<meta name=\"twitter:card\" content=\"summary_large_image\" \/>\n<meta name=\"twitter:label1\" content=\"Verf\u00fcgbarkeit\" \/>\n\t<meta name=\"twitter:data1\" content=\"Auf Lager\" \/>\n<script type=\"application\/ld+json\" class=\"yoast-schema-graph\">{\"@context\":\"https:\/\/schema.org\",\"@graph\":[{\"@type\":\"WebPage\",\"@id\":\"https:\/\/le-chouka.com\/de\/shop\/gleitschirmfliegen\/ersatzteile-gleitschirmfliegen\/usb-ladekabel-varios\/\",\"url\":\"https:\/\/le-chouka.com\/de\/shop\/gleitschirmfliegen\/ersatzteile-gleitschirmfliegen\/usb-ladekabel-varios\/\",\"name\":\"Ladekabel f\u00fcr Chouka Gleitschirm-Variometer\",\"isPartOf\":{\"@id\":\"https:\/\/le-chouka.com\/de\/#website\"},\"primaryImageOfPage\":{\"@id\":\"https:\/\/le-chouka.com\/de\/shop\/gleitschirmfliegen\/ersatzteile-gleitschirmfliegen\/usb-ladekabel-varios\/#primaryimage\"},\"image\":{\"@id\":\"https:\/\/le-chouka.com\/de\/shop\/gleitschirmfliegen\/ersatzteile-gleitschirmfliegen\/usb-ladekabel-varios\/#primaryimage\"},\"thumbnailUrl\":\"https:\/\/le-chouka.com\/wp-content\/uploads\/2025\/10\/cable-charge-usb-c-01.jpg\",\"datePublished\":\"2025-10-09T12:20:05+00:00\",\"dateModified\":\"2025-12-01T20:39:10+00:00\",\"breadcrumb\":{\"@id\":\"https:\/\/le-chouka.com\/de\/shop\/gleitschirmfliegen\/ersatzteile-gleitschirmfliegen\/usb-ladekabel-varios\/#breadcrumb\"},\"inLanguage\":\"de\",\"potentialAction\":[{\"@type\":\"ReadAction\",\"target\":[\"https:\/\/le-chouka.com\/de\/shop\/gleitschirmfliegen\/ersatzteile-gleitschirmfliegen\/usb-ladekabel-varios\/\"]}]},{\"@type\":\"ImageObject\",\"inLanguage\":\"de\",\"@id\":\"https:\/\/le-chouka.com\/de\/shop\/gleitschirmfliegen\/ersatzteile-gleitschirmfliegen\/usb-ladekabel-varios\/#primaryimage\",\"url\":\"https:\/\/le-chouka.com\/wp-content\/uploads\/2025\/10\/cable-charge-usb-c-01.jpg\",\"contentUrl\":\"https:\/\/le-chouka.com\/wp-content\/uploads\/2025\/10\/cable-charge-usb-c-01.jpg\",\"width\":2478,\"height\":2478,\"caption\":\"USB-C-Ladekabel\"},{\"@type\":\"BreadcrumbList\",\"@id\":\"https:\/\/le-chouka.com\/de\/shop\/gleitschirmfliegen\/ersatzteile-gleitschirmfliegen\/usb-ladekabel-varios\/#breadcrumb\",\"itemListElement\":[{\"@type\":\"ListItem\",\"position\":1,\"name\":\"Startseite\",\"item\":\"https:\/\/le-chouka.com\/de\/\"},{\"@type\":\"ListItem\",\"position\":2,\"name\":\"Alle unsere Produkte\",\"item\":\"https:\/\/le-chouka.com\/de\/shop\/\"},{\"@type\":\"ListItem\",\"position\":3,\"name\":\"[Varios Chouka, Chouka Smart] USB-Ladekabel\"}]},{\"@type\":\"WebSite\",\"@id\":\"https:\/\/le-chouka.com\/de\/#website\",\"url\":\"https:\/\/le-chouka.com\/de\/\",\"name\":\"Chouka shop: Parapente, Montagne, Plong\u00e9e\",\"description\":\"Chouka Shop: Variometer, Kompasse und Zubeh\u00f6r f\u00fcr Gleitschirmfliegen, Bergsport und Tauchen\",\"publisher\":{\"@id\":\"https:\/\/le-chouka.com\/de\/#organization\"},\"alternateName\":\"Chouka parapente & montagne\",\"potentialAction\":[{\"@type\":\"SearchAction\",\"target\":{\"@type\":\"EntryPoint\",\"urlTemplate\":\"https:\/\/le-chouka.com\/de\/?s={search_term_string}\"},\"query-input\":{\"@type\":\"PropertyValueSpecification\",\"valueRequired\":true,\"valueName\":\"search_term_string\"}}],\"inLanguage\":\"de\"},{\"@type\":\"Organization\",\"@id\":\"https:\/\/le-chouka.com\/de\/#organization\",\"name\":\"Chouka\",\"alternateName\":\"Chouka\",\"url\":\"https:\/\/le-chouka.com\/de\/\",\"logo\":{\"@type\":\"ImageObject\",\"inLanguage\":\"de\",\"@id\":\"https:\/\/le-chouka.com\/de\/#\/schema\/logo\/image\/\",\"url\":\"https:\/\/le-chouka.com\/wp-content\/uploads\/2025\/10\/logo-chouka-grand-orange.png\",\"contentUrl\":\"https:\/\/le-chouka.com\/wp-content\/uploads\/2025\/10\/logo-chouka-grand-orange.png\",\"width\":491,\"height\":424,\"caption\":\"Chouka\"},\"image\":{\"@id\":\"https:\/\/le-chouka.com\/de\/#\/schema\/logo\/image\/\"},\"sameAs\":[\"https:\/\/www.facebook.com\/le.chouka.parapente\",\"https:\/\/www.instagram.com\/chouka_parapente\"]}]}<\/script>\n<meta property=\"og:availability\" content=\"instock\" \/>\n<meta property=\"product:availability\" content=\"instock\" \/>\n<meta property=\"product:condition\" content=\"new\" \/>\n<!-- \/ Yoast SEO Premium plugin. -->","yoast_head_json":{"title":"Ladekabel f\u00fcr Chouka Gleitschirm-Variometer","robots":{"index":"index","follow":"follow","max-snippet":"max-snippet:-1","max-image-preview":"max-image-preview:large","max-video-preview":"max-video-preview:-1"},"canonical":"https:\/\/le-chouka.com\/de\/shop\/gleitschirmfliegen\/ersatzteile-gleitschirmfliegen\/usb-ladekabel-varios\/","og_locale":"de_DE","og_type":"article","og_title":"[Varios Chouka, Chouka Smart] USB-Ladekabel","og_description":"Ladekabel f\u00fcr Chouka-Variometer.  W\u00e4hlen Sie das Kabel, das zum USB-Anschluss Ihres Varios passt:   Micro-USB f\u00fcr \u00e4ltere Modelle;  USB-C f\u00fcr neuere Modelle.  Siehe auch das OTG-USB-Kabel f\u00fcr das Chouka Smart Variometer.","og_url":"https:\/\/le-chouka.com\/de\/shop\/gleitschirmfliegen\/ersatzteile-gleitschirmfliegen\/usb-ladekabel-varios\/","og_site_name":"Chouka Shop: Gleitschirmfliegen, Klettern und Tauchen","article_publisher":"https:\/\/www.facebook.com\/le.chouka.parapente","article_modified_time":"2025-12-01T20:39:10+00:00","og_image":[{"width":2478,"height":2478,"url":"https:\/\/le-chouka.com\/wp-content\/uploads\/2025\/10\/cable-charge-usb-c-01.jpg","type":"image\/jpeg"}],"twitter_card":"summary_large_image","twitter_misc":{"Verf\u00fcgbarkeit":"Auf Lager"},"schema":{"@context":"https:\/\/schema.org","@graph":[{"@type":"WebPage","@id":"https:\/\/le-chouka.com\/de\/shop\/gleitschirmfliegen\/ersatzteile-gleitschirmfliegen\/usb-ladekabel-varios\/","url":"https:\/\/le-chouka.com\/de\/shop\/gleitschirmfliegen\/ersatzteile-gleitschirmfliegen\/usb-ladekabel-varios\/","name":"Ladekabel f\u00fcr Chouka Gleitschirm-Variometer","isPartOf":{"@id":"https:\/\/le-chouka.com\/de\/#website"},"primaryImageOfPage":{"@id":"https:\/\/le-chouka.com\/de\/shop\/gleitschirmfliegen\/ersatzteile-gleitschirmfliegen\/usb-ladekabel-varios\/#primaryimage"},"image":{"@id":"https:\/\/le-chouka.com\/de\/shop\/gleitschirmfliegen\/ersatzteile-gleitschirmfliegen\/usb-ladekabel-varios\/#primaryimage"},"thumbnailUrl":"https:\/\/le-chouka.com\/wp-content\/uploads\/2025\/10\/cable-charge-usb-c-01.jpg","datePublished":"2025-10-09T12:20:05+00:00","dateModified":"2025-12-01T20:39:10+00:00","breadcrumb":{"@id":"https:\/\/le-chouka.com\/de\/shop\/gleitschirmfliegen\/ersatzteile-gleitschirmfliegen\/usb-ladekabel-varios\/#breadcrumb"},"inLanguage":"de","potentialAction":[{"@type":"ReadAction","target":["https:\/\/le-chouka.com\/de\/shop\/gleitschirmfliegen\/ersatzteile-gleitschirmfliegen\/usb-ladekabel-varios\/"]}]},{"@type":"ImageObject","inLanguage":"de","@id":"https:\/\/le-chouka.com\/de\/shop\/gleitschirmfliegen\/ersatzteile-gleitschirmfliegen\/usb-ladekabel-varios\/#primaryimage","url":"https:\/\/le-chouka.com\/wp-content\/uploads\/2025\/10\/cable-charge-usb-c-01.jpg","contentUrl":"https:\/\/le-chouka.com\/wp-content\/uploads\/2025\/10\/cable-charge-usb-c-01.jpg","width":2478,"height":2478,"caption":"USB-C-Ladekabel"},{"@type":"BreadcrumbList","@id":"https:\/\/le-chouka.com\/de\/shop\/gleitschirmfliegen\/ersatzteile-gleitschirmfliegen\/usb-ladekabel-varios\/#breadcrumb","itemListElement":[{"@type":"ListItem","position":1,"name":"Startseite","item":"https:\/\/le-chouka.com\/de\/"},{"@type":"ListItem","position":2,"name":"Alle unsere Produkte","item":"https:\/\/le-chouka.com\/de\/shop\/"},{"@type":"ListItem","position":3,"name":"[Varios Chouka, Chouka Smart] USB-Ladekabel"}]},{"@type":"WebSite","@id":"https:\/\/le-chouka.com\/de\/#website","url":"https:\/\/le-chouka.com\/de\/","name":"Chouka shop: Parapente, Montagne, Plong\u00e9e","description":"Chouka Shop: Variometer, Kompasse und Zubeh\u00f6r f\u00fcr Gleitschirmfliegen, Bergsport und Tauchen","publisher":{"@id":"https:\/\/le-chouka.com\/de\/#organization"},"alternateName":"Chouka parapente & montagne","potentialAction":[{"@type":"SearchAction","target":{"@type":"EntryPoint","urlTemplate":"https:\/\/le-chouka.com\/de\/?s={search_term_string}"},"query-input":{"@type":"PropertyValueSpecification","valueRequired":true,"valueName":"search_term_string"}}],"inLanguage":"de"},{"@type":"Organization","@id":"https:\/\/le-chouka.com\/de\/#organization","name":"Chouka","alternateName":"Chouka","url":"https:\/\/le-chouka.com\/de\/","logo":{"@type":"ImageObject","inLanguage":"de","@id":"https:\/\/le-chouka.com\/de\/#\/schema\/logo\/image\/","url":"https:\/\/le-chouka.com\/wp-content\/uploads\/2025\/10\/logo-chouka-grand-orange.png","contentUrl":"https:\/\/le-chouka.com\/wp-content\/uploads\/2025\/10\/logo-chouka-grand-orange.png","width":491,"height":424,"caption":"Chouka"},"image":{"@id":"https:\/\/le-chouka.com\/de\/#\/schema\/logo\/image\/"},"sameAs":["https:\/\/www.facebook.com\/le.chouka.parapente","https:\/\/www.instagram.com\/chouka_parapente"]}]},"og_availability":"instock","product_availability":"instock","product_condition":"new"},"_links":{"self":[{"href":"https:\/\/le-chouka.com\/de\/wp-json\/wp\/v2\/product\/1606","targetHints":{"allow":["GET"]}}],"collection":[{"href":"https:\/\/le-chouka.com\/de\/wp-json\/wp\/v2\/product"}],"about":[{"href":"https:\/\/le-chouka.com\/de\/wp-json\/wp\/v2\/types\/product"}],"replies":[{"embeddable":true,"href":"https:\/\/le-chouka.com\/de\/wp-json\/wp\/v2\/comments?post=1606"}],"wp:featuredmedia":[{"embeddable":true,"href":"https:\/\/le-chouka.com\/de\/wp-json\/wp\/v2\/media\/1595"}],"wp:attachment":[{"href":"https:\/\/le-chouka.com\/de\/wp-json\/wp\/v2\/media?parent=1606"}],"wp:term":[{"taxonomy":"product_brand","embeddable":true,"href":"https:\/\/le-chouka.com\/de\/wp-json\/wp\/v2\/product_brand?post=1606"},{"taxonomy":"product_cat","embeddable":true,"href":"https:\/\/le-chouka.com\/de\/wp-json\/wp\/v2\/product_cat?post=1606"},{"taxonomy":"product_tag","embeddable":true,"href":"https:\/\/le-chouka.com\/de\/wp-json\/wp\/v2\/product_tag?post=1606"}],"curies":[{"name":"wp","href":"https:\/\/api.w.org\/{rel}","templated":true}]}}