{"id":1586,"date":"2025-10-09T14:21:06","date_gmt":"2025-10-09T12:21:06","guid":{"rendered":"https:\/\/new.le-chouka.com\/shop\/unkategorisiert\/chouka-messer-ersatzklingen\/"},"modified":"2025-12-01T21:36:40","modified_gmt":"2025-12-01T20:36:40","slug":"chouka-messer-ersatzklingen","status":"publish","type":"product","link":"https:\/\/le-chouka.com\/de\/shop\/ersatzteile-bergsteigen-klettern\/chouka-messer-ersatzklingen\/","title":{"rendered":"[Chouka-Messer] Ersatzklinge"},"content":{"rendered":"<p>Klinge f\u00fcr das <a href=\"https:\/\/le-chouka.com\/de\/shop\/klettern-bergsteigen\/ultraleichtes-chouka-messer\/\">ultraleichte Chouka-Messer<\/a>. Schneidenl\u00e4nge: 37 mm<\/p>\n<figure id=\"attachment_263\" aria-describedby=\"caption-attachment-263\" style=\"width: 300px\" class=\"wp-caption alignnone\"><img loading=\"lazy\" decoding=\"async\" class=\"wp-image-263 size-medium\" src=\"https:\/\/le-chouka.com\/wp-content\/uploads\/2025\/10\/lame-nano-01-300x71.png\" alt=\"Spitze Klinge\" width=\"300\" height=\"71\" srcset=\"https:\/\/le-chouka.com\/wp-content\/uploads\/2025\/10\/lame-nano-01-300x71.png 300w, https:\/\/le-chouka.com\/wp-content\/uploads\/2025\/10\/lame-nano-01-600x141.png 600w, https:\/\/le-chouka.com\/wp-content\/uploads\/2025\/10\/lame-nano-01-768x181.png 768w, https:\/\/le-chouka.com\/wp-content\/uploads\/2025\/10\/lame-nano-01.png 1020w\" sizes=\"auto, (max-width: 300px) 100vw, 300px\" \/><figcaption id=\"caption-attachment-263\" class=\"wp-caption-text\">Spitze Klinge<\/figcaption><\/figure>\n<p>&nbsp;<\/p>\n<figure id=\"attachment_264\" aria-describedby=\"caption-attachment-264\" style=\"width: 300px\" class=\"wp-caption alignnone\"><img loading=\"lazy\" decoding=\"async\" class=\"wp-image-264 size-medium\" src=\"https:\/\/le-chouka.com\/wp-content\/uploads\/2025\/10\/lame-nano-round-01-300x67.png\" alt=\"Abgerundete Klinge\" width=\"300\" height=\"67\" srcset=\"https:\/\/le-chouka.com\/wp-content\/uploads\/2025\/10\/lame-nano-round-01-300x67.png 300w, https:\/\/le-chouka.com\/wp-content\/uploads\/2025\/10\/lame-nano-round-01-600x134.png 600w, https:\/\/le-chouka.com\/wp-content\/uploads\/2025\/10\/lame-nano-round-01-768x171.png 768w, https:\/\/le-chouka.com\/wp-content\/uploads\/2025\/10\/lame-nano-round-01.png 966w\" sizes=\"auto, (max-width: 300px) 100vw, 300px\" \/><figcaption id=\"caption-attachment-264\" class=\"wp-caption-text\">Abgerundete Klinge<\/figcaption><\/figure>\n<p>&nbsp;<\/p>\n","protected":false},"excerpt":{"rendered":"<p>Ersatzklingen f\u00fcr das <a href=\"https:\/\/le-chouka.com\/de\/shop\/klettern-bergsteigen\/ultraleichtes-chouka-messer\/\">ultraleichte Chouka-Messer<\/a>.<\/p>\n","protected":false},"featured_media":1576,"comment_status":"open","ping_status":"closed","template":"","meta":[],"product_brand":[],"product_cat":[140,148],"product_tag":[],"class_list":{"0":"post-1586","1":"product","2":"type-product","3":"status-publish","4":"has-post-thumbnail","6":"product_cat-ersatzteile-gleitschirmfliegen","7":"product_cat-ersatzteile-bergsteigen-klettern","9":"first","10":"instock","11":"taxable","12":"shipping-taxable","13":"purchasable","14":"product-type-variable","15":"has-default-attributes"},"yoast_head":"<!-- This site is optimized with the Yoast SEO Premium plugin v26.1 (Yoast SEO v27.1.1) - https:\/\/yoast.com\/product\/yoast-seo-premium-wordpress\/ -->\n<title>[Chouka-Messer] Ersatzklinge<\/title>\n<meta name=\"robots\" content=\"index, follow, max-snippet:-1, max-image-preview:large, max-video-preview:-1\" \/>\n<link rel=\"canonical\" href=\"https:\/\/le-chouka.com\/de\/shop\/ersatzteile-bergsteigen-klettern\/chouka-messer-ersatzklingen\/\" \/>\n<meta property=\"og:locale\" content=\"de_DE\" \/>\n<meta property=\"og:type\" content=\"article\" \/>\n<meta property=\"og:title\" content=\"[Chouka-Messer] Ersatzklinge\" \/>\n<meta property=\"og:description\" content=\"Ersatzklingen f\u00fcr das ultraleichte Chouka-Messer.\" \/>\n<meta property=\"og:url\" content=\"https:\/\/le-chouka.com\/de\/shop\/ersatzteile-bergsteigen-klettern\/chouka-messer-ersatzklingen\/\" \/>\n<meta property=\"og:site_name\" content=\"Chouka Shop: Gleitschirmfliegen, Klettern und Tauchen\" \/>\n<meta property=\"article:publisher\" content=\"https:\/\/www.facebook.com\/le.chouka.parapente\" \/>\n<meta property=\"article:modified_time\" content=\"2025-12-01T20:36:40+00:00\" \/>\n<meta property=\"og:image\" content=\"https:\/\/le-chouka.com\/wp-content\/uploads\/2025\/10\/lames-couteaux-chouka-nano-01.jpg\" \/>\n\t<meta property=\"og:image:width\" content=\"1500\" \/>\n\t<meta property=\"og:image:height\" content=\"1500\" \/>\n\t<meta property=\"og:image:type\" content=\"image\/jpeg\" \/>\n<meta name=\"twitter:card\" content=\"summary_large_image\" \/>\n<meta name=\"twitter:label1\" content=\"Verf\u00fcgbarkeit\" \/>\n\t<meta name=\"twitter:data1\" content=\"Auf Lager\" \/>\n<script type=\"application\/ld+json\" class=\"yoast-schema-graph\">{\"@context\":\"https:\/\/schema.org\",\"@graph\":[{\"@type\":\"WebPage\",\"@id\":\"https:\/\/le-chouka.com\/de\/shop\/ersatzteile-bergsteigen-klettern\/chouka-messer-ersatzklingen\/\",\"url\":\"https:\/\/le-chouka.com\/de\/shop\/ersatzteile-bergsteigen-klettern\/chouka-messer-ersatzklingen\/\",\"name\":\"[Chouka-Messer] Ersatzklinge\",\"isPartOf\":{\"@id\":\"https:\/\/le-chouka.com\/de\/#website\"},\"primaryImageOfPage\":{\"@id\":\"https:\/\/le-chouka.com\/de\/shop\/ersatzteile-bergsteigen-klettern\/chouka-messer-ersatzklingen\/#primaryimage\"},\"image\":{\"@id\":\"https:\/\/le-chouka.com\/de\/shop\/ersatzteile-bergsteigen-klettern\/chouka-messer-ersatzklingen\/#primaryimage\"},\"thumbnailUrl\":\"https:\/\/le-chouka.com\/wp-content\/uploads\/2025\/10\/lames-couteaux-chouka-nano-01.jpg\",\"datePublished\":\"2025-10-09T12:21:06+00:00\",\"dateModified\":\"2025-12-01T20:36:40+00:00\",\"breadcrumb\":{\"@id\":\"https:\/\/le-chouka.com\/de\/shop\/ersatzteile-bergsteigen-klettern\/chouka-messer-ersatzklingen\/#breadcrumb\"},\"inLanguage\":\"de\",\"potentialAction\":[{\"@type\":\"ReadAction\",\"target\":[\"https:\/\/le-chouka.com\/de\/shop\/ersatzteile-bergsteigen-klettern\/chouka-messer-ersatzklingen\/\"]}]},{\"@type\":\"ImageObject\",\"inLanguage\":\"de\",\"@id\":\"https:\/\/le-chouka.com\/de\/shop\/ersatzteile-bergsteigen-klettern\/chouka-messer-ersatzklingen\/#primaryimage\",\"url\":\"https:\/\/le-chouka.com\/wp-content\/uploads\/2025\/10\/lames-couteaux-chouka-nano-01.jpg\",\"contentUrl\":\"https:\/\/le-chouka.com\/wp-content\/uploads\/2025\/10\/lames-couteaux-chouka-nano-01.jpg\",\"width\":1500,\"height\":1500,\"caption\":\"Ersatzklingen f\u00fcr Chouka-Messer\"},{\"@type\":\"BreadcrumbList\",\"@id\":\"https:\/\/le-chouka.com\/de\/shop\/ersatzteile-bergsteigen-klettern\/chouka-messer-ersatzklingen\/#breadcrumb\",\"itemListElement\":[{\"@type\":\"ListItem\",\"position\":1,\"name\":\"Startseite\",\"item\":\"https:\/\/le-chouka.com\/de\/\"},{\"@type\":\"ListItem\",\"position\":2,\"name\":\"Alle unsere Produkte\",\"item\":\"https:\/\/le-chouka.com\/de\/shop\/\"},{\"@type\":\"ListItem\",\"position\":3,\"name\":\"[Chouka-Messer] Ersatzklinge\"}]},{\"@type\":\"WebSite\",\"@id\":\"https:\/\/le-chouka.com\/de\/#website\",\"url\":\"https:\/\/le-chouka.com\/de\/\",\"name\":\"Chouka shop: Parapente, Montagne, Plong\u00e9e\",\"description\":\"Chouka Shop: Variometer, Kompasse und Zubeh\u00f6r f\u00fcr Gleitschirmfliegen, Bergsport und Tauchen\",\"publisher\":{\"@id\":\"https:\/\/le-chouka.com\/de\/#organization\"},\"alternateName\":\"Chouka parapente & montagne\",\"potentialAction\":[{\"@type\":\"SearchAction\",\"target\":{\"@type\":\"EntryPoint\",\"urlTemplate\":\"https:\/\/le-chouka.com\/de\/?s={search_term_string}\"},\"query-input\":{\"@type\":\"PropertyValueSpecification\",\"valueRequired\":true,\"valueName\":\"search_term_string\"}}],\"inLanguage\":\"de\"},{\"@type\":\"Organization\",\"@id\":\"https:\/\/le-chouka.com\/de\/#organization\",\"name\":\"Chouka\",\"alternateName\":\"Chouka\",\"url\":\"https:\/\/le-chouka.com\/de\/\",\"logo\":{\"@type\":\"ImageObject\",\"inLanguage\":\"de\",\"@id\":\"https:\/\/le-chouka.com\/de\/#\/schema\/logo\/image\/\",\"url\":\"https:\/\/le-chouka.com\/wp-content\/uploads\/2025\/10\/logo-chouka-grand-orange.png\",\"contentUrl\":\"https:\/\/le-chouka.com\/wp-content\/uploads\/2025\/10\/logo-chouka-grand-orange.png\",\"width\":491,\"height\":424,\"caption\":\"Chouka\"},\"image\":{\"@id\":\"https:\/\/le-chouka.com\/de\/#\/schema\/logo\/image\/\"},\"sameAs\":[\"https:\/\/www.facebook.com\/le.chouka.parapente\",\"https:\/\/www.instagram.com\/chouka_parapente\"]}]}<\/script>\n<meta property=\"og:availability\" content=\"instock\" \/>\n<meta property=\"product:availability\" content=\"instock\" \/>\n<meta property=\"product:condition\" content=\"new\" \/>\n<!-- \/ Yoast SEO Premium plugin. -->","yoast_head_json":{"title":"[Chouka-Messer] Ersatzklinge","robots":{"index":"index","follow":"follow","max-snippet":"max-snippet:-1","max-image-preview":"max-image-preview:large","max-video-preview":"max-video-preview:-1"},"canonical":"https:\/\/le-chouka.com\/de\/shop\/ersatzteile-bergsteigen-klettern\/chouka-messer-ersatzklingen\/","og_locale":"de_DE","og_type":"article","og_title":"[Chouka-Messer] Ersatzklinge","og_description":"Ersatzklingen f\u00fcr das ultraleichte Chouka-Messer.","og_url":"https:\/\/le-chouka.com\/de\/shop\/ersatzteile-bergsteigen-klettern\/chouka-messer-ersatzklingen\/","og_site_name":"Chouka Shop: Gleitschirmfliegen, Klettern und Tauchen","article_publisher":"https:\/\/www.facebook.com\/le.chouka.parapente","article_modified_time":"2025-12-01T20:36:40+00:00","og_image":[{"width":1500,"height":1500,"url":"https:\/\/le-chouka.com\/wp-content\/uploads\/2025\/10\/lames-couteaux-chouka-nano-01.jpg","type":"image\/jpeg"}],"twitter_card":"summary_large_image","twitter_misc":{"Verf\u00fcgbarkeit":"Auf Lager"},"schema":{"@context":"https:\/\/schema.org","@graph":[{"@type":"WebPage","@id":"https:\/\/le-chouka.com\/de\/shop\/ersatzteile-bergsteigen-klettern\/chouka-messer-ersatzklingen\/","url":"https:\/\/le-chouka.com\/de\/shop\/ersatzteile-bergsteigen-klettern\/chouka-messer-ersatzklingen\/","name":"[Chouka-Messer] Ersatzklinge","isPartOf":{"@id":"https:\/\/le-chouka.com\/de\/#website"},"primaryImageOfPage":{"@id":"https:\/\/le-chouka.com\/de\/shop\/ersatzteile-bergsteigen-klettern\/chouka-messer-ersatzklingen\/#primaryimage"},"image":{"@id":"https:\/\/le-chouka.com\/de\/shop\/ersatzteile-bergsteigen-klettern\/chouka-messer-ersatzklingen\/#primaryimage"},"thumbnailUrl":"https:\/\/le-chouka.com\/wp-content\/uploads\/2025\/10\/lames-couteaux-chouka-nano-01.jpg","datePublished":"2025-10-09T12:21:06+00:00","dateModified":"2025-12-01T20:36:40+00:00","breadcrumb":{"@id":"https:\/\/le-chouka.com\/de\/shop\/ersatzteile-bergsteigen-klettern\/chouka-messer-ersatzklingen\/#breadcrumb"},"inLanguage":"de","potentialAction":[{"@type":"ReadAction","target":["https:\/\/le-chouka.com\/de\/shop\/ersatzteile-bergsteigen-klettern\/chouka-messer-ersatzklingen\/"]}]},{"@type":"ImageObject","inLanguage":"de","@id":"https:\/\/le-chouka.com\/de\/shop\/ersatzteile-bergsteigen-klettern\/chouka-messer-ersatzklingen\/#primaryimage","url":"https:\/\/le-chouka.com\/wp-content\/uploads\/2025\/10\/lames-couteaux-chouka-nano-01.jpg","contentUrl":"https:\/\/le-chouka.com\/wp-content\/uploads\/2025\/10\/lames-couteaux-chouka-nano-01.jpg","width":1500,"height":1500,"caption":"Ersatzklingen f\u00fcr Chouka-Messer"},{"@type":"BreadcrumbList","@id":"https:\/\/le-chouka.com\/de\/shop\/ersatzteile-bergsteigen-klettern\/chouka-messer-ersatzklingen\/#breadcrumb","itemListElement":[{"@type":"ListItem","position":1,"name":"Startseite","item":"https:\/\/le-chouka.com\/de\/"},{"@type":"ListItem","position":2,"name":"Alle unsere Produkte","item":"https:\/\/le-chouka.com\/de\/shop\/"},{"@type":"ListItem","position":3,"name":"[Chouka-Messer] Ersatzklinge"}]},{"@type":"WebSite","@id":"https:\/\/le-chouka.com\/de\/#website","url":"https:\/\/le-chouka.com\/de\/","name":"Chouka shop: Parapente, Montagne, Plong\u00e9e","description":"Chouka Shop: Variometer, Kompasse und Zubeh\u00f6r f\u00fcr Gleitschirmfliegen, Bergsport und Tauchen","publisher":{"@id":"https:\/\/le-chouka.com\/de\/#organization"},"alternateName":"Chouka parapente & montagne","potentialAction":[{"@type":"SearchAction","target":{"@type":"EntryPoint","urlTemplate":"https:\/\/le-chouka.com\/de\/?s={search_term_string}"},"query-input":{"@type":"PropertyValueSpecification","valueRequired":true,"valueName":"search_term_string"}}],"inLanguage":"de"},{"@type":"Organization","@id":"https:\/\/le-chouka.com\/de\/#organization","name":"Chouka","alternateName":"Chouka","url":"https:\/\/le-chouka.com\/de\/","logo":{"@type":"ImageObject","inLanguage":"de","@id":"https:\/\/le-chouka.com\/de\/#\/schema\/logo\/image\/","url":"https:\/\/le-chouka.com\/wp-content\/uploads\/2025\/10\/logo-chouka-grand-orange.png","contentUrl":"https:\/\/le-chouka.com\/wp-content\/uploads\/2025\/10\/logo-chouka-grand-orange.png","width":491,"height":424,"caption":"Chouka"},"image":{"@id":"https:\/\/le-chouka.com\/de\/#\/schema\/logo\/image\/"},"sameAs":["https:\/\/www.facebook.com\/le.chouka.parapente","https:\/\/www.instagram.com\/chouka_parapente"]}]},"og_availability":"instock","product_availability":"instock","product_condition":"new"},"_links":{"self":[{"href":"https:\/\/le-chouka.com\/de\/wp-json\/wp\/v2\/product\/1586","targetHints":{"allow":["GET"]}}],"collection":[{"href":"https:\/\/le-chouka.com\/de\/wp-json\/wp\/v2\/product"}],"about":[{"href":"https:\/\/le-chouka.com\/de\/wp-json\/wp\/v2\/types\/product"}],"replies":[{"embeddable":true,"href":"https:\/\/le-chouka.com\/de\/wp-json\/wp\/v2\/comments?post=1586"}],"wp:featuredmedia":[{"embeddable":true,"href":"https:\/\/le-chouka.com\/de\/wp-json\/wp\/v2\/media\/1576"}],"wp:attachment":[{"href":"https:\/\/le-chouka.com\/de\/wp-json\/wp\/v2\/media?parent=1586"}],"wp:term":[{"taxonomy":"product_brand","embeddable":true,"href":"https:\/\/le-chouka.com\/de\/wp-json\/wp\/v2\/product_brand?post=1586"},{"taxonomy":"product_cat","embeddable":true,"href":"https:\/\/le-chouka.com\/de\/wp-json\/wp\/v2\/product_cat?post=1586"},{"taxonomy":"product_tag","embeddable":true,"href":"https:\/\/le-chouka.com\/de\/wp-json\/wp\/v2\/product_tag?post=1586"}],"curies":[{"name":"wp","href":"https:\/\/api.w.org\/{rel}","templated":true}]}}