{"id":1561,"date":"2025-10-30T18:01:15","date_gmt":"2025-10-30T17:01:15","guid":{"rendered":"https:\/\/new.le-chouka.com\/shop\/unkategorisiert\/gleitschirmkompass\/"},"modified":"2026-04-11T16:05:50","modified_gmt":"2026-04-11T14:05:50","slug":"gleitschirm-kompass","status":"publish","type":"product","link":"https:\/\/le-chouka.com\/de\/shop\/gleitschirmfliegen\/gleitschirm-kompass\/","title":{"rendered":"Chouka Gleitschirmkompass"},"content":{"rendered":"<p>Dieser <strong>Kompass<\/strong> ist speziell f\u00fcr das Gleitschirmfliegen entwickelt. Er bleibt <strong>perfekt ablesbar<\/strong> selbst bei <strong>turbulentem Flug (Rollen, Nicken)<\/strong> und erm\u00f6glicht eine schnelle und zuverl\u00e4ssige Orientierung ohne Ablenkung.<\/p>\n<p>\u2705 Hilft, den Kurs zu halten und sich effizient zu orientieren.<br \/>\n\u2705 Erh\u00f6ht die Sicherheit in der N\u00e4he von Wolken.<\/p>\n<h3><a id=\"model1\"><\/a>Ausrichtung<\/h3>\n<table>\n<tbody>\n<tr>\n<td>Modell <strong>1<\/strong>: klassischer Kompass<\/td>\n<td>Der Buchstabe <strong>N befindet sich auf der Seite des magnetischen Nordens<\/strong>.<br \/>\nAblesung wie bei einem traditionellen <strong>Wanderkompass<\/strong>.<\/td>\n<\/tr>\n<tr>\n<td>Modell <strong>2<\/strong>: Kompass (maritimer Typ)<\/td>\n<td>Der Buchstabe <strong>N befindet sich auf der dem magnetischen Norden gegen\u00fcberliegenden Seite<\/strong>.<br \/>\nAblesung wie bei einem <strong>Kompass maritimer Typ<\/strong> (Kurs des Flugger\u00e4ts).<br \/>\nEmpfohlen f\u00fcr liegende Cocoon-Gurtzeuge mit geneigtem Cockpit auf Gesichtsh\u00f6he.<\/td>\n<\/tr>\n<\/tbody>\n<\/table>\n<p><img loading=\"lazy\" decoding=\"async\" class=\"alignnone size-medium wp-image-160\" src=\"https:\/\/le-chouka.com\/wp-content\/uploads\/2025\/10\/boussole-parapente-chouka-orientation-04-classique-300x300.jpg\" alt=\"\" width=\"300\" height=\"300\" srcset=\"https:\/\/le-chouka.com\/wp-content\/uploads\/2025\/10\/boussole-parapente-chouka-orientation-04-classique-300x300.jpg 300w, https:\/\/le-chouka.com\/wp-content\/uploads\/2025\/10\/boussole-parapente-chouka-orientation-04-classique-100x100.jpg 100w, https:\/\/le-chouka.com\/wp-content\/uploads\/2025\/10\/boussole-parapente-chouka-orientation-04-classique-600x600.jpg 600w, https:\/\/le-chouka.com\/wp-content\/uploads\/2025\/10\/boussole-parapente-chouka-orientation-04-classique-150x150.jpg 150w, https:\/\/le-chouka.com\/wp-content\/uploads\/2025\/10\/boussole-parapente-chouka-orientation-04-classique-768x768.jpg 768w, https:\/\/le-chouka.com\/wp-content\/uploads\/2025\/10\/boussole-parapente-chouka-orientation-04-classique.jpg 1015w\" sizes=\"auto, (max-width: 300px) 100vw, 300px\" \/> <img loading=\"lazy\" decoding=\"async\" class=\"alignnone size-medium wp-image-161\" src=\"https:\/\/le-chouka.com\/wp-content\/uploads\/2025\/10\/boussole-parapente-chouka-orientation-04-compas-300x300.jpg\" alt=\"\" width=\"300\" height=\"300\" srcset=\"https:\/\/le-chouka.com\/wp-content\/uploads\/2025\/10\/boussole-parapente-chouka-orientation-04-compas-300x300.jpg 300w, https:\/\/le-chouka.com\/wp-content\/uploads\/2025\/10\/boussole-parapente-chouka-orientation-04-compas-100x100.jpg 100w, https:\/\/le-chouka.com\/wp-content\/uploads\/2025\/10\/boussole-parapente-chouka-orientation-04-compas-600x600.jpg 600w, https:\/\/le-chouka.com\/wp-content\/uploads\/2025\/10\/boussole-parapente-chouka-orientation-04-compas-150x150.jpg 150w, https:\/\/le-chouka.com\/wp-content\/uploads\/2025\/10\/boussole-parapente-chouka-orientation-04-compas-768x768.jpg 768w, https:\/\/le-chouka.com\/wp-content\/uploads\/2025\/10\/boussole-parapente-chouka-orientation-04-compas.jpg 1015w\" sizes=\"auto, (max-width: 300px) 100vw, 300px\" \/><\/p>\n<h3>Befestigung<\/h3>\n<ul>\n<li><strong>Cockpit<\/strong>: Befestigung mit Klettverschluss + Sicherheitsband.<\/li>\n<li><strong>Oberschenkel<\/strong>: um den Oberschenkel mit dem mitgelieferten elastischen Band, schnell und verstellbar.<\/li>\n<\/ul>\n<h3>Abmessungen<\/h3>\n<ul>\n<li>Gewicht: <strong>22 g<\/strong><\/li>\n<li>Kompakt: <strong>Basis \u2300 40mm \u00d7 H\u00f6he 31mm<\/strong><\/li>\n<\/ul>\n<h3>Einschr\u00e4nkungen<\/h3>\n<ul>\n<li>Erm\u00f6glicht keinen Flug in Wolken oder ohne Sicht.<\/li>\n<li>VFR-Regeln m\u00fcssen stets eingehalten werden.<\/li>\n<li>Dieses Instrument ist eine Orientierungshilfe und kein zertifiziertes Navigationsinstrument.<\/li>\n<li>IFR-Flug verboten.<\/li>\n<\/ul>\n","protected":false},"excerpt":{"rendered":"<p>Leichter und kompakter <strong>Kompass<\/strong> zur Befestigung am <strong>Cockpit<\/strong> oder am Oberschenkel.<\/p>\n<p>Klares Ablesen im Flug, selbst bei Roll- oder Nickbewegungen.<\/p>\n<p><small><em>Wir bieten auch ein Modell eines <a href=\"https:\/\/le-chouka.com\/de\/shop\/gleitschirmfliegen\/chouka-kompass-traeger\/\">Kompasses an den Tragegurten<\/a> an.<\/em><\/small><\/p>\n","protected":false},"featured_media":1495,"comment_status":"open","ping_status":"closed","template":"","meta":[],"product_brand":[],"product_cat":[127,128],"product_tag":[],"class_list":{"0":"post-1561","1":"product","2":"type-product","3":"status-publish","4":"has-post-thumbnail","6":"product_cat-gleitschirmfliegen","7":"product_cat-kompasse","9":"first","10":"instock","11":"taxable","12":"shipping-taxable","13":"purchasable","14":"product-type-variable","15":"has-default-attributes"},"yoast_head":"<!-- This site is optimized with the Yoast SEO Premium plugin v26.1 (Yoast SEO v27.1.1) - https:\/\/yoast.com\/product\/yoast-seo-premium-wordpress\/ -->\n<title>Chouka Gleitschirm-Kompass (Cockpit oder Bein)<\/title>\n<meta name=\"description\" content=\"Verbessere deine Flugsicherheit mit dem Chouka-Kompass (klassischer oder maritimer Typ) auf dem Cockpit. Speziell f\u00fcr das Gleitschirmfliegen entwickelt und in den Alpen hergestellt.\" \/>\n<meta name=\"robots\" content=\"index, follow, max-snippet:-1, max-image-preview:large, max-video-preview:-1\" \/>\n<link rel=\"canonical\" href=\"https:\/\/le-chouka.com\/de\/shop\/gleitschirmfliegen\/gleitschirm-kompass\/\" \/>\n<meta property=\"og:locale\" content=\"de_DE\" \/>\n<meta property=\"og:type\" content=\"article\" \/>\n<meta property=\"og:title\" content=\"Chouka Gleitschirmkompass\" \/>\n<meta property=\"og:description\" content=\"Verbessere deine Flugsicherheit mit dem Chouka-Kompass (klassischer oder maritimer Typ) auf dem Cockpit. Speziell f\u00fcr das Gleitschirmfliegen entwickelt und in den Alpen hergestellt.\" \/>\n<meta property=\"og:url\" content=\"https:\/\/le-chouka.com\/de\/shop\/gleitschirmfliegen\/gleitschirm-kompass\/\" \/>\n<meta property=\"og:site_name\" content=\"Chouka Shop: Gleitschirmfliegen, Klettern und Tauchen\" \/>\n<meta property=\"article:publisher\" content=\"https:\/\/www.facebook.com\/le.chouka.parapente\" \/>\n<meta property=\"article:modified_time\" content=\"2026-04-11T14:05:50+00:00\" \/>\n<meta property=\"og:image\" content=\"https:\/\/le-chouka.com\/wp-content\/uploads\/2025\/10\/boussole-parapente-chouka-cockpit-01_sqr.jpg\" \/>\n\t<meta property=\"og:image:width\" content=\"2196\" \/>\n\t<meta property=\"og:image:height\" content=\"2196\" \/>\n\t<meta property=\"og:image:type\" content=\"image\/jpeg\" \/>\n<meta name=\"twitter:card\" content=\"summary_large_image\" \/>\n<meta name=\"twitter:title\" content=\"Chouka Gleitschirmkompass\" \/>\n<meta name=\"twitter:label1\" content=\"Verf\u00fcgbarkeit\" \/>\n\t<meta name=\"twitter:data1\" content=\"Auf Lager\" \/>\n<script type=\"application\/ld+json\" class=\"yoast-schema-graph\">{\"@context\":\"https:\/\/schema.org\",\"@graph\":[{\"@type\":\"WebPage\",\"@id\":\"https:\/\/le-chouka.com\/de\/shop\/gleitschirmfliegen\/gleitschirm-kompass\/\",\"url\":\"https:\/\/le-chouka.com\/de\/shop\/gleitschirmfliegen\/gleitschirm-kompass\/\",\"name\":\"Chouka Gleitschirm-Kompass (Cockpit oder Bein)\",\"isPartOf\":{\"@id\":\"https:\/\/le-chouka.com\/de\/#website\"},\"primaryImageOfPage\":{\"@id\":\"https:\/\/le-chouka.com\/de\/shop\/gleitschirmfliegen\/gleitschirm-kompass\/#primaryimage\"},\"image\":{\"@id\":\"https:\/\/le-chouka.com\/de\/shop\/gleitschirmfliegen\/gleitschirm-kompass\/#primaryimage\"},\"thumbnailUrl\":\"https:\/\/le-chouka.com\/wp-content\/uploads\/2025\/10\/boussole-parapente-chouka-cockpit-01_sqr.jpg\",\"datePublished\":\"2025-10-30T17:01:15+00:00\",\"dateModified\":\"2026-04-11T14:05:50+00:00\",\"description\":\"Verbessere deine Flugsicherheit mit dem Chouka-Kompass (klassischer oder maritimer Typ) auf dem Cockpit. Speziell f\u00fcr das Gleitschirmfliegen entwickelt und in den Alpen hergestellt.\",\"breadcrumb\":{\"@id\":\"https:\/\/le-chouka.com\/de\/shop\/gleitschirmfliegen\/gleitschirm-kompass\/#breadcrumb\"},\"inLanguage\":\"de\",\"potentialAction\":[{\"@type\":\"ReadAction\",\"target\":[\"https:\/\/le-chouka.com\/de\/shop\/gleitschirmfliegen\/gleitschirm-kompass\/\"]}]},{\"@type\":\"ImageObject\",\"inLanguage\":\"de\",\"@id\":\"https:\/\/le-chouka.com\/de\/shop\/gleitschirmfliegen\/gleitschirm-kompass\/#primaryimage\",\"url\":\"https:\/\/le-chouka.com\/wp-content\/uploads\/2025\/10\/boussole-parapente-chouka-cockpit-01_sqr.jpg\",\"contentUrl\":\"https:\/\/le-chouka.com\/wp-content\/uploads\/2025\/10\/boussole-parapente-chouka-cockpit-01_sqr.jpg\",\"width\":2196,\"height\":2196,\"caption\":\"Chouka-Kompass auf dem Gleitschirm-Cockpit\"},{\"@type\":\"BreadcrumbList\",\"@id\":\"https:\/\/le-chouka.com\/de\/shop\/gleitschirmfliegen\/gleitschirm-kompass\/#breadcrumb\",\"itemListElement\":[{\"@type\":\"ListItem\",\"position\":1,\"name\":\"Startseite\",\"item\":\"https:\/\/le-chouka.com\/de\/\"},{\"@type\":\"ListItem\",\"position\":2,\"name\":\"Alle unsere Produkte\",\"item\":\"https:\/\/le-chouka.com\/de\/shop\/\"},{\"@type\":\"ListItem\",\"position\":3,\"name\":\"Chouka Gleitschirmkompass\"}]},{\"@type\":\"WebSite\",\"@id\":\"https:\/\/le-chouka.com\/de\/#website\",\"url\":\"https:\/\/le-chouka.com\/de\/\",\"name\":\"Chouka shop: Parapente, Montagne, Plong\u00e9e\",\"description\":\"Chouka Shop: Variometer, Kompasse und Zubeh\u00f6r f\u00fcr Gleitschirmfliegen, Bergsport und Tauchen\",\"publisher\":{\"@id\":\"https:\/\/le-chouka.com\/de\/#organization\"},\"alternateName\":\"Chouka parapente & montagne\",\"potentialAction\":[{\"@type\":\"SearchAction\",\"target\":{\"@type\":\"EntryPoint\",\"urlTemplate\":\"https:\/\/le-chouka.com\/de\/?s={search_term_string}\"},\"query-input\":{\"@type\":\"PropertyValueSpecification\",\"valueRequired\":true,\"valueName\":\"search_term_string\"}}],\"inLanguage\":\"de\"},{\"@type\":\"Organization\",\"@id\":\"https:\/\/le-chouka.com\/de\/#organization\",\"name\":\"Chouka\",\"alternateName\":\"Chouka\",\"url\":\"https:\/\/le-chouka.com\/de\/\",\"logo\":{\"@type\":\"ImageObject\",\"inLanguage\":\"de\",\"@id\":\"https:\/\/le-chouka.com\/de\/#\/schema\/logo\/image\/\",\"url\":\"https:\/\/le-chouka.com\/wp-content\/uploads\/2025\/10\/logo-chouka-grand-orange.png\",\"contentUrl\":\"https:\/\/le-chouka.com\/wp-content\/uploads\/2025\/10\/logo-chouka-grand-orange.png\",\"width\":491,\"height\":424,\"caption\":\"Chouka\"},\"image\":{\"@id\":\"https:\/\/le-chouka.com\/de\/#\/schema\/logo\/image\/\"},\"sameAs\":[\"https:\/\/www.facebook.com\/le.chouka.parapente\",\"https:\/\/www.instagram.com\/chouka_parapente\"]}]}<\/script>\n<meta property=\"og:availability\" content=\"instock\" \/>\n<meta property=\"product:availability\" content=\"instock\" \/>\n<meta property=\"product:condition\" content=\"new\" \/>\n<!-- \/ Yoast SEO Premium plugin. -->","yoast_head_json":{"title":"Chouka Gleitschirm-Kompass (Cockpit oder Bein)","description":"Verbessere deine Flugsicherheit mit dem Chouka-Kompass (klassischer oder maritimer Typ) auf dem Cockpit. Speziell f\u00fcr das Gleitschirmfliegen entwickelt und in den Alpen hergestellt.","robots":{"index":"index","follow":"follow","max-snippet":"max-snippet:-1","max-image-preview":"max-image-preview:large","max-video-preview":"max-video-preview:-1"},"canonical":"https:\/\/le-chouka.com\/de\/shop\/gleitschirmfliegen\/gleitschirm-kompass\/","og_locale":"de_DE","og_type":"article","og_title":"Chouka Gleitschirmkompass","og_description":"Verbessere deine Flugsicherheit mit dem Chouka-Kompass (klassischer oder maritimer Typ) auf dem Cockpit. Speziell f\u00fcr das Gleitschirmfliegen entwickelt und in den Alpen hergestellt.","og_url":"https:\/\/le-chouka.com\/de\/shop\/gleitschirmfliegen\/gleitschirm-kompass\/","og_site_name":"Chouka Shop: Gleitschirmfliegen, Klettern und Tauchen","article_publisher":"https:\/\/www.facebook.com\/le.chouka.parapente","article_modified_time":"2026-04-11T14:05:50+00:00","og_image":[{"width":2196,"height":2196,"url":"https:\/\/le-chouka.com\/wp-content\/uploads\/2025\/10\/boussole-parapente-chouka-cockpit-01_sqr.jpg","type":"image\/jpeg"}],"twitter_card":"summary_large_image","twitter_title":"Chouka Gleitschirmkompass","twitter_misc":{"Verf\u00fcgbarkeit":"Auf Lager"},"schema":{"@context":"https:\/\/schema.org","@graph":[{"@type":"WebPage","@id":"https:\/\/le-chouka.com\/de\/shop\/gleitschirmfliegen\/gleitschirm-kompass\/","url":"https:\/\/le-chouka.com\/de\/shop\/gleitschirmfliegen\/gleitschirm-kompass\/","name":"Chouka Gleitschirm-Kompass (Cockpit oder Bein)","isPartOf":{"@id":"https:\/\/le-chouka.com\/de\/#website"},"primaryImageOfPage":{"@id":"https:\/\/le-chouka.com\/de\/shop\/gleitschirmfliegen\/gleitschirm-kompass\/#primaryimage"},"image":{"@id":"https:\/\/le-chouka.com\/de\/shop\/gleitschirmfliegen\/gleitschirm-kompass\/#primaryimage"},"thumbnailUrl":"https:\/\/le-chouka.com\/wp-content\/uploads\/2025\/10\/boussole-parapente-chouka-cockpit-01_sqr.jpg","datePublished":"2025-10-30T17:01:15+00:00","dateModified":"2026-04-11T14:05:50+00:00","description":"Verbessere deine Flugsicherheit mit dem Chouka-Kompass (klassischer oder maritimer Typ) auf dem Cockpit. Speziell f\u00fcr das Gleitschirmfliegen entwickelt und in den Alpen hergestellt.","breadcrumb":{"@id":"https:\/\/le-chouka.com\/de\/shop\/gleitschirmfliegen\/gleitschirm-kompass\/#breadcrumb"},"inLanguage":"de","potentialAction":[{"@type":"ReadAction","target":["https:\/\/le-chouka.com\/de\/shop\/gleitschirmfliegen\/gleitschirm-kompass\/"]}]},{"@type":"ImageObject","inLanguage":"de","@id":"https:\/\/le-chouka.com\/de\/shop\/gleitschirmfliegen\/gleitschirm-kompass\/#primaryimage","url":"https:\/\/le-chouka.com\/wp-content\/uploads\/2025\/10\/boussole-parapente-chouka-cockpit-01_sqr.jpg","contentUrl":"https:\/\/le-chouka.com\/wp-content\/uploads\/2025\/10\/boussole-parapente-chouka-cockpit-01_sqr.jpg","width":2196,"height":2196,"caption":"Chouka-Kompass auf dem Gleitschirm-Cockpit"},{"@type":"BreadcrumbList","@id":"https:\/\/le-chouka.com\/de\/shop\/gleitschirmfliegen\/gleitschirm-kompass\/#breadcrumb","itemListElement":[{"@type":"ListItem","position":1,"name":"Startseite","item":"https:\/\/le-chouka.com\/de\/"},{"@type":"ListItem","position":2,"name":"Alle unsere Produkte","item":"https:\/\/le-chouka.com\/de\/shop\/"},{"@type":"ListItem","position":3,"name":"Chouka Gleitschirmkompass"}]},{"@type":"WebSite","@id":"https:\/\/le-chouka.com\/de\/#website","url":"https:\/\/le-chouka.com\/de\/","name":"Chouka shop: Parapente, Montagne, Plong\u00e9e","description":"Chouka Shop: Variometer, Kompasse und Zubeh\u00f6r f\u00fcr Gleitschirmfliegen, Bergsport und Tauchen","publisher":{"@id":"https:\/\/le-chouka.com\/de\/#organization"},"alternateName":"Chouka parapente & montagne","potentialAction":[{"@type":"SearchAction","target":{"@type":"EntryPoint","urlTemplate":"https:\/\/le-chouka.com\/de\/?s={search_term_string}"},"query-input":{"@type":"PropertyValueSpecification","valueRequired":true,"valueName":"search_term_string"}}],"inLanguage":"de"},{"@type":"Organization","@id":"https:\/\/le-chouka.com\/de\/#organization","name":"Chouka","alternateName":"Chouka","url":"https:\/\/le-chouka.com\/de\/","logo":{"@type":"ImageObject","inLanguage":"de","@id":"https:\/\/le-chouka.com\/de\/#\/schema\/logo\/image\/","url":"https:\/\/le-chouka.com\/wp-content\/uploads\/2025\/10\/logo-chouka-grand-orange.png","contentUrl":"https:\/\/le-chouka.com\/wp-content\/uploads\/2025\/10\/logo-chouka-grand-orange.png","width":491,"height":424,"caption":"Chouka"},"image":{"@id":"https:\/\/le-chouka.com\/de\/#\/schema\/logo\/image\/"},"sameAs":["https:\/\/www.facebook.com\/le.chouka.parapente","https:\/\/www.instagram.com\/chouka_parapente"]}]},"og_availability":"instock","product_availability":"instock","product_condition":"new"},"_links":{"self":[{"href":"https:\/\/le-chouka.com\/de\/wp-json\/wp\/v2\/product\/1561","targetHints":{"allow":["GET"]}}],"collection":[{"href":"https:\/\/le-chouka.com\/de\/wp-json\/wp\/v2\/product"}],"about":[{"href":"https:\/\/le-chouka.com\/de\/wp-json\/wp\/v2\/types\/product"}],"replies":[{"embeddable":true,"href":"https:\/\/le-chouka.com\/de\/wp-json\/wp\/v2\/comments?post=1561"}],"wp:featuredmedia":[{"embeddable":true,"href":"https:\/\/le-chouka.com\/de\/wp-json\/wp\/v2\/media\/1495"}],"wp:attachment":[{"href":"https:\/\/le-chouka.com\/de\/wp-json\/wp\/v2\/media?parent=1561"}],"wp:term":[{"taxonomy":"product_brand","embeddable":true,"href":"https:\/\/le-chouka.com\/de\/wp-json\/wp\/v2\/product_brand?post=1561"},{"taxonomy":"product_cat","embeddable":true,"href":"https:\/\/le-chouka.com\/de\/wp-json\/wp\/v2\/product_cat?post=1561"},{"taxonomy":"product_tag","embeddable":true,"href":"https:\/\/le-chouka.com\/de\/wp-json\/wp\/v2\/product_tag?post=1561"}],"curies":[{"name":"wp","href":"https:\/\/api.w.org\/{rel}","templated":true}]}}