{"id":10631,"date":"2025-12-09T10:19:26","date_gmt":"2025-12-09T09:19:26","guid":{"rendered":"https:\/\/le-chouka.com\/shop\/unkategorisiert\/skicycle-skitrager-fahrrad\/"},"modified":"2026-02-24T16:19:14","modified_gmt":"2026-02-24T15:19:14","slug":"skicycle-skitrager-fahrrad","status":"publish","type":"product","link":"https:\/\/le-chouka.com\/de\/shop\/klettern-berg-ski\/skicycle-skitrager-fahrrad\/","title":{"rendered":"SkiCycle: Skitr\u00e4ger f\u00fcr das Fahrrad"},"content":{"rendered":"<p>Jeder Skifahrer, der schon einmal die Rad-Ski-Kombination ausprobiert hat, wei\u00df: Der \u00c4rger beginnt, sobald Ski und St\u00f6cke am Fahrrad befestigt werden m\u00fcssen. Nach 15 Minuten Kampf in der K\u00e4lte mit Handschuhen geht es endlich los\u2026 und beim ersten Schlagloch liegt alles auf dem Boden.<\/p>\n<p>Der SkiCycle ver\u00e4ndert alles: Er erm\u00f6glicht es Ihnen, Ihre <strong>Ski, St\u00f6cke und Schuhe in nur einer Minute stabil und sicher am Fahrrad zu befestigen<\/strong>. Die Montage ist schnell, zuverl\u00e4ssig und nichts bewegt sich, selbst auf unwegsamstem Gel\u00e4nde \u2013 wir haben die Grenzen getestet!<\/p>\n<p>Ihre <strong>Ausr\u00fcstung ist rundum gesch\u00fctzt<\/strong>: Der Belag Ihrer Ski wird nicht durch den Fahrradrahmen besch\u00e4digt und die Kanten k\u00f6nnen ihn nicht zerkratzen.<\/p>\n<p>Leicht und praktisch, wiegt das System nur <b>257 g <\/b>(inklusive Riemen und Spanner) und erleichtert Ihre Fortbewegung mit sanfter Mobilit\u00e4t. Ob f\u00fcr einen Rad- und Skitouren-Roadtrip, um zu einem Mitfahrpunkt zu gelangen oder um ins Skigebiet zu fahren \u2013 der SkiCycle erm\u00f6glicht es Ihnen, Ihre Ski auf <strong>praktische und \u00f6kologische<\/strong> Weise zu transportieren.<\/p>\n<div style=\"width: 100%; max-width: 900px; margin: 20px 0; aspect-ratio: 16 \/ 9;\">\n<p><iframe style=\"width: 100%; height: 100%; border: 0; display: block;\" title=\"SkiCycle\" src=\"https:\/\/www.youtube.com\/embed\/PO2YZWJ3GFw?cc_load_policy=1&amp;cc_lang_pref=de\" allowfullscreen=\"allowfullscreen\"><\/iframe><\/p>\n<div style=\"text-align: center; font-style: italic; font-weight: bold; font-size: 0.9em; margin-top: 8px;\">Pr\u00e4sentation und Demo des SkiCycle<\/div>\n<\/div>\n","protected":false},"excerpt":{"rendered":"<p><strong>Transportieren Sie Ihre Ski einfach und schnell mit dem Fahrrad!<\/strong><\/p>\n<p>F\u00fcr ein <strong>Bergabenteuer mit Fahrrad und Ski<\/strong> oder f\u00fcr den einfachen Stadtverkehr erm\u00f6glicht SkiCycle das Befestigen von Ski, St\u00f6cken und Schuhen am Fahrrad <strong>in nur einer Minute<\/strong>.<\/p>\n<p>Es <strong>sch\u00fctzt Ihre Ausr\u00fcstung<\/strong>, indem es jeglichen Kontakt zwischen Rahmen, Belag und Kanten verhindert. Kompatibel mit allen Fahrrad- und Skitypen (siehe unten).<\/p>\n","protected":false},"featured_media":10593,"comment_status":"open","ping_status":"closed","template":"","meta":[],"product_brand":[],"product_cat":[274],"product_tag":[],"class_list":{"0":"post-10631","1":"product","2":"type-product","3":"status-publish","4":"has-post-thumbnail","6":"product_cat-klettern-berg-ski","8":"first","9":"instock","10":"taxable","11":"shipping-taxable","12":"purchasable","13":"product-type-variable","14":"has-default-attributes"},"yoast_head":"<!-- This site is optimized with the Yoast SEO Premium plugin v26.1 (Yoast SEO v27.1.1) - https:\/\/yoast.com\/product\/yoast-seo-premium-wordpress\/ -->\n<title>SkiCycle: Skitr\u00e4ger f\u00fcr das Fahrrad - Chouka Berg<\/title>\n<meta name=\"description\" content=\"Transportiere deine Skier ganz einfach mit dem Fahrrad dank SkiCycle: ein praktisches Befestigungssystem, entwickelt f\u00fcr deine Bergabenteuer, die Fahrrad und Ski kombinieren.\" \/>\n<meta name=\"robots\" content=\"index, follow, max-snippet:-1, max-image-preview:large, max-video-preview:-1\" \/>\n<link rel=\"canonical\" href=\"https:\/\/le-chouka.com\/de\/shop\/klettern-berg-ski\/skicycle-skitrager-fahrrad\/\" \/>\n<meta property=\"og:locale\" content=\"de_DE\" \/>\n<meta property=\"og:type\" content=\"article\" \/>\n<meta property=\"og:title\" content=\"SkiCycle: Skitr\u00e4ger f\u00fcr das Fahrrad\" \/>\n<meta property=\"og:description\" content=\"Transportiere deine Skier ganz einfach mit dem Fahrrad dank SkiCycle: ein praktisches Befestigungssystem, entwickelt f\u00fcr deine Bergabenteuer, die Fahrrad und Ski kombinieren.\" \/>\n<meta property=\"og:url\" content=\"https:\/\/le-chouka.com\/de\/shop\/klettern-berg-ski\/skicycle-skitrager-fahrrad\/\" \/>\n<meta property=\"og:site_name\" content=\"Chouka Shop: Gleitschirmfliegen, Klettern und Tauchen\" \/>\n<meta property=\"article:publisher\" content=\"https:\/\/www.facebook.com\/le.chouka.parapente\" \/>\n<meta property=\"article:modified_time\" content=\"2026-02-24T15:19:14+00:00\" \/>\n<meta property=\"og:image\" content=\"https:\/\/le-chouka.com\/wp-content\/uploads\/2025\/12\/skicycle-skis-rando-01-sqr.jpg\" \/>\n\t<meta property=\"og:image:width\" content=\"2259\" \/>\n\t<meta property=\"og:image:height\" content=\"2259\" \/>\n\t<meta property=\"og:image:type\" content=\"image\/jpeg\" \/>\n<meta name=\"twitter:card\" content=\"summary_large_image\" \/>\n<meta name=\"twitter:label1\" content=\"Verf\u00fcgbarkeit\" \/>\n\t<meta name=\"twitter:data1\" content=\"Auf Lager\" \/>\n<script type=\"application\/ld+json\" class=\"yoast-schema-graph\">{\"@context\":\"https:\/\/schema.org\",\"@graph\":[{\"@type\":\"WebPage\",\"@id\":\"https:\/\/le-chouka.com\/de\/shop\/klettern-berg-ski\/skicycle-skitrager-fahrrad\/\",\"url\":\"https:\/\/le-chouka.com\/de\/shop\/klettern-berg-ski\/skicycle-skitrager-fahrrad\/\",\"name\":\"SkiCycle: Skitr\u00e4ger f\u00fcr das Fahrrad - Chouka Berg\",\"isPartOf\":{\"@id\":\"https:\/\/le-chouka.com\/de\/#website\"},\"primaryImageOfPage\":{\"@id\":\"https:\/\/le-chouka.com\/de\/shop\/klettern-berg-ski\/skicycle-skitrager-fahrrad\/#primaryimage\"},\"image\":{\"@id\":\"https:\/\/le-chouka.com\/de\/shop\/klettern-berg-ski\/skicycle-skitrager-fahrrad\/#primaryimage\"},\"thumbnailUrl\":\"https:\/\/le-chouka.com\/wp-content\/uploads\/2025\/12\/skicycle-skis-rando-01-sqr.jpg\",\"datePublished\":\"2025-12-09T09:19:26+00:00\",\"dateModified\":\"2026-02-24T15:19:14+00:00\",\"description\":\"Transportiere deine Skier ganz einfach mit dem Fahrrad dank SkiCycle: ein praktisches Befestigungssystem, entwickelt f\u00fcr deine Bergabenteuer, die Fahrrad und Ski kombinieren.\",\"breadcrumb\":{\"@id\":\"https:\/\/le-chouka.com\/de\/shop\/klettern-berg-ski\/skicycle-skitrager-fahrrad\/#breadcrumb\"},\"inLanguage\":\"de\",\"potentialAction\":[{\"@type\":\"ReadAction\",\"target\":[\"https:\/\/le-chouka.com\/de\/shop\/klettern-berg-ski\/skicycle-skitrager-fahrrad\/\"]}]},{\"@type\":\"ImageObject\",\"inLanguage\":\"de\",\"@id\":\"https:\/\/le-chouka.com\/de\/shop\/klettern-berg-ski\/skicycle-skitrager-fahrrad\/#primaryimage\",\"url\":\"https:\/\/le-chouka.com\/wp-content\/uploads\/2025\/12\/skicycle-skis-rando-01-sqr.jpg\",\"contentUrl\":\"https:\/\/le-chouka.com\/wp-content\/uploads\/2025\/12\/skicycle-skis-rando-01-sqr.jpg\",\"width\":2259,\"height\":2259,\"caption\":\"SkiCycle\"},{\"@type\":\"BreadcrumbList\",\"@id\":\"https:\/\/le-chouka.com\/de\/shop\/klettern-berg-ski\/skicycle-skitrager-fahrrad\/#breadcrumb\",\"itemListElement\":[{\"@type\":\"ListItem\",\"position\":1,\"name\":\"Startseite\",\"item\":\"https:\/\/le-chouka.com\/de\/\"},{\"@type\":\"ListItem\",\"position\":2,\"name\":\"Alle unsere Produkte\",\"item\":\"https:\/\/le-chouka.com\/de\/shop\/\"},{\"@type\":\"ListItem\",\"position\":3,\"name\":\"SkiCycle: Skitr\u00e4ger f\u00fcr das Fahrrad\"}]},{\"@type\":\"WebSite\",\"@id\":\"https:\/\/le-chouka.com\/de\/#website\",\"url\":\"https:\/\/le-chouka.com\/de\/\",\"name\":\"Chouka shop: Parapente, Montagne, Plong\u00e9e\",\"description\":\"Chouka Shop: Variometer, Kompasse und Zubeh\u00f6r f\u00fcr Gleitschirmfliegen, Bergsport und Tauchen\",\"publisher\":{\"@id\":\"https:\/\/le-chouka.com\/de\/#organization\"},\"alternateName\":\"Chouka parapente & montagne\",\"potentialAction\":[{\"@type\":\"SearchAction\",\"target\":{\"@type\":\"EntryPoint\",\"urlTemplate\":\"https:\/\/le-chouka.com\/de\/?s={search_term_string}\"},\"query-input\":{\"@type\":\"PropertyValueSpecification\",\"valueRequired\":true,\"valueName\":\"search_term_string\"}}],\"inLanguage\":\"de\"},{\"@type\":\"Organization\",\"@id\":\"https:\/\/le-chouka.com\/de\/#organization\",\"name\":\"Chouka\",\"alternateName\":\"Chouka\",\"url\":\"https:\/\/le-chouka.com\/de\/\",\"logo\":{\"@type\":\"ImageObject\",\"inLanguage\":\"de\",\"@id\":\"https:\/\/le-chouka.com\/de\/#\/schema\/logo\/image\/\",\"url\":\"https:\/\/le-chouka.com\/wp-content\/uploads\/2025\/10\/logo-chouka-grand-orange.png\",\"contentUrl\":\"https:\/\/le-chouka.com\/wp-content\/uploads\/2025\/10\/logo-chouka-grand-orange.png\",\"width\":491,\"height\":424,\"caption\":\"Chouka\"},\"image\":{\"@id\":\"https:\/\/le-chouka.com\/de\/#\/schema\/logo\/image\/\"},\"sameAs\":[\"https:\/\/www.facebook.com\/le.chouka.parapente\",\"https:\/\/www.instagram.com\/chouka_parapente\"]}]}<\/script>\n<meta property=\"og:availability\" content=\"instock\" \/>\n<meta property=\"product:availability\" content=\"instock\" \/>\n<meta property=\"product:condition\" content=\"new\" \/>\n<!-- \/ Yoast SEO Premium plugin. -->","yoast_head_json":{"title":"SkiCycle: Skitr\u00e4ger f\u00fcr das Fahrrad - Chouka Berg","description":"Transportiere deine Skier ganz einfach mit dem Fahrrad dank SkiCycle: ein praktisches Befestigungssystem, entwickelt f\u00fcr deine Bergabenteuer, die Fahrrad und Ski kombinieren.","robots":{"index":"index","follow":"follow","max-snippet":"max-snippet:-1","max-image-preview":"max-image-preview:large","max-video-preview":"max-video-preview:-1"},"canonical":"https:\/\/le-chouka.com\/de\/shop\/klettern-berg-ski\/skicycle-skitrager-fahrrad\/","og_locale":"de_DE","og_type":"article","og_title":"SkiCycle: Skitr\u00e4ger f\u00fcr das Fahrrad","og_description":"Transportiere deine Skier ganz einfach mit dem Fahrrad dank SkiCycle: ein praktisches Befestigungssystem, entwickelt f\u00fcr deine Bergabenteuer, die Fahrrad und Ski kombinieren.","og_url":"https:\/\/le-chouka.com\/de\/shop\/klettern-berg-ski\/skicycle-skitrager-fahrrad\/","og_site_name":"Chouka Shop: Gleitschirmfliegen, Klettern und Tauchen","article_publisher":"https:\/\/www.facebook.com\/le.chouka.parapente","article_modified_time":"2026-02-24T15:19:14+00:00","og_image":[{"width":2259,"height":2259,"url":"https:\/\/le-chouka.com\/wp-content\/uploads\/2025\/12\/skicycle-skis-rando-01-sqr.jpg","type":"image\/jpeg"}],"twitter_card":"summary_large_image","twitter_misc":{"Verf\u00fcgbarkeit":"Auf Lager"},"schema":{"@context":"https:\/\/schema.org","@graph":[{"@type":"WebPage","@id":"https:\/\/le-chouka.com\/de\/shop\/klettern-berg-ski\/skicycle-skitrager-fahrrad\/","url":"https:\/\/le-chouka.com\/de\/shop\/klettern-berg-ski\/skicycle-skitrager-fahrrad\/","name":"SkiCycle: Skitr\u00e4ger f\u00fcr das Fahrrad - Chouka Berg","isPartOf":{"@id":"https:\/\/le-chouka.com\/de\/#website"},"primaryImageOfPage":{"@id":"https:\/\/le-chouka.com\/de\/shop\/klettern-berg-ski\/skicycle-skitrager-fahrrad\/#primaryimage"},"image":{"@id":"https:\/\/le-chouka.com\/de\/shop\/klettern-berg-ski\/skicycle-skitrager-fahrrad\/#primaryimage"},"thumbnailUrl":"https:\/\/le-chouka.com\/wp-content\/uploads\/2025\/12\/skicycle-skis-rando-01-sqr.jpg","datePublished":"2025-12-09T09:19:26+00:00","dateModified":"2026-02-24T15:19:14+00:00","description":"Transportiere deine Skier ganz einfach mit dem Fahrrad dank SkiCycle: ein praktisches Befestigungssystem, entwickelt f\u00fcr deine Bergabenteuer, die Fahrrad und Ski kombinieren.","breadcrumb":{"@id":"https:\/\/le-chouka.com\/de\/shop\/klettern-berg-ski\/skicycle-skitrager-fahrrad\/#breadcrumb"},"inLanguage":"de","potentialAction":[{"@type":"ReadAction","target":["https:\/\/le-chouka.com\/de\/shop\/klettern-berg-ski\/skicycle-skitrager-fahrrad\/"]}]},{"@type":"ImageObject","inLanguage":"de","@id":"https:\/\/le-chouka.com\/de\/shop\/klettern-berg-ski\/skicycle-skitrager-fahrrad\/#primaryimage","url":"https:\/\/le-chouka.com\/wp-content\/uploads\/2025\/12\/skicycle-skis-rando-01-sqr.jpg","contentUrl":"https:\/\/le-chouka.com\/wp-content\/uploads\/2025\/12\/skicycle-skis-rando-01-sqr.jpg","width":2259,"height":2259,"caption":"SkiCycle"},{"@type":"BreadcrumbList","@id":"https:\/\/le-chouka.com\/de\/shop\/klettern-berg-ski\/skicycle-skitrager-fahrrad\/#breadcrumb","itemListElement":[{"@type":"ListItem","position":1,"name":"Startseite","item":"https:\/\/le-chouka.com\/de\/"},{"@type":"ListItem","position":2,"name":"Alle unsere Produkte","item":"https:\/\/le-chouka.com\/de\/shop\/"},{"@type":"ListItem","position":3,"name":"SkiCycle: Skitr\u00e4ger f\u00fcr das Fahrrad"}]},{"@type":"WebSite","@id":"https:\/\/le-chouka.com\/de\/#website","url":"https:\/\/le-chouka.com\/de\/","name":"Chouka shop: Parapente, Montagne, Plong\u00e9e","description":"Chouka Shop: Variometer, Kompasse und Zubeh\u00f6r f\u00fcr Gleitschirmfliegen, Bergsport und Tauchen","publisher":{"@id":"https:\/\/le-chouka.com\/de\/#organization"},"alternateName":"Chouka parapente & montagne","potentialAction":[{"@type":"SearchAction","target":{"@type":"EntryPoint","urlTemplate":"https:\/\/le-chouka.com\/de\/?s={search_term_string}"},"query-input":{"@type":"PropertyValueSpecification","valueRequired":true,"valueName":"search_term_string"}}],"inLanguage":"de"},{"@type":"Organization","@id":"https:\/\/le-chouka.com\/de\/#organization","name":"Chouka","alternateName":"Chouka","url":"https:\/\/le-chouka.com\/de\/","logo":{"@type":"ImageObject","inLanguage":"de","@id":"https:\/\/le-chouka.com\/de\/#\/schema\/logo\/image\/","url":"https:\/\/le-chouka.com\/wp-content\/uploads\/2025\/10\/logo-chouka-grand-orange.png","contentUrl":"https:\/\/le-chouka.com\/wp-content\/uploads\/2025\/10\/logo-chouka-grand-orange.png","width":491,"height":424,"caption":"Chouka"},"image":{"@id":"https:\/\/le-chouka.com\/de\/#\/schema\/logo\/image\/"},"sameAs":["https:\/\/www.facebook.com\/le.chouka.parapente","https:\/\/www.instagram.com\/chouka_parapente"]}]},"og_availability":"instock","product_availability":"instock","product_condition":"new"},"_links":{"self":[{"href":"https:\/\/le-chouka.com\/de\/wp-json\/wp\/v2\/product\/10631","targetHints":{"allow":["GET"]}}],"collection":[{"href":"https:\/\/le-chouka.com\/de\/wp-json\/wp\/v2\/product"}],"about":[{"href":"https:\/\/le-chouka.com\/de\/wp-json\/wp\/v2\/types\/product"}],"replies":[{"embeddable":true,"href":"https:\/\/le-chouka.com\/de\/wp-json\/wp\/v2\/comments?post=10631"}],"wp:featuredmedia":[{"embeddable":true,"href":"https:\/\/le-chouka.com\/de\/wp-json\/wp\/v2\/media\/10593"}],"wp:attachment":[{"href":"https:\/\/le-chouka.com\/de\/wp-json\/wp\/v2\/media?parent=10631"}],"wp:term":[{"taxonomy":"product_brand","embeddable":true,"href":"https:\/\/le-chouka.com\/de\/wp-json\/wp\/v2\/product_brand?post=10631"},{"taxonomy":"product_cat","embeddable":true,"href":"https:\/\/le-chouka.com\/de\/wp-json\/wp\/v2\/product_cat?post=10631"},{"taxonomy":"product_tag","embeddable":true,"href":"https:\/\/le-chouka.com\/de\/wp-json\/wp\/v2\/product_tag?post=10631"}],"curies":[{"name":"wp","href":"https:\/\/api.w.org\/{rel}","templated":true}]}}