{"id":1289,"date":"2025-10-08T18:49:21","date_gmt":"2025-10-08T16:49:21","guid":{"rendered":"https:\/\/new.le-chouka.com\/datenschutzrichtlinie\/"},"modified":"2025-10-30T09:57:43","modified_gmt":"2025-10-30T08:57:43","slug":"datenschutzrichtlinie","status":"publish","type":"page","link":"https:\/\/le-chouka.com\/de\/datenschutzrichtlinie\/","title":{"rendered":"Datenschutzrichtlinie"},"content":{"rendered":"\n<h2 class=\"wp-block-heading\">1. Wer sind wir?<\/h2>\n\n<p>Das Produkt <strong>Chouka<\/strong> wird von der Firma <strong>LOUISNARD<\/strong> vertrieben. Die Website ist unter folgender Adresse erreichbar: <a href=\"https:\/\/www.le-chouka.com\/de\">https:\/\/www.le-chouka.com<\/a>.<br\/><\/p>\n\n<h2 class=\"wp-block-heading\">2. Verwendung der erhobenen personenbezogenen Daten<\/h2>\n\n<h3 class=\"wp-block-heading\">2.1 Online-Zahlung<\/h3>\n\n<p>Bei einer Zahlung auf unserer Website werden die Zahlungsdaten weder direkt verwendet noch von Chouka gespeichert. Der Zahlungsdienstleister ist <strong>REVOLUT<\/strong>, und deren Datenschutzrichtlinie kann auf der offiziellen Website eingesehen werden.<br\/><\/p>\n\n<h3 class=\"wp-block-heading\">2.2 Bewertungen und Kommentare<\/h3>\n\n<p>Bewertungen und Kommentare auf unserer Website werden von der unabh\u00e4ngigen Plattform <a href=\"https:\/\/www.cusrev.com\/\">CusRev<\/a> verwaltet.<\/p>\n\n<p>Wenn Sie eine Bewertung hinterlassen:<\/p>\n\n<ul class=\"wp-block-list\">\n<li>Die im Formular eingegebenen Informationen sowie Ihre IP-Adresse und der User-Agent Ihres Browsers k\u00f6nnen von CusRev zur Moderation und zur Erkennung unerw\u00fcnschter Bewertungen erfasst werden.&#13;\n<\/li>\n\n\n\n<li>Dein Profilbild kann angezeigt werden, wenn du einen Drittanbieterdienst wie <strong>Gravatar<\/strong> verwendest. Die Datenschutzrichtlinie von Gravatar ist hier verf\u00fcgbar: <a href=\"https:\/\/automattic.com\/privacy\/\">https:\/\/automattic.com\/privacy\/<\/a>.<br\/><\/li>\n<\/ul>\n\n<h3 class=\"wp-block-heading\">2.3 Medien<\/h3>\n\n<p>Wenn du registriert bist und Bilder auf die Website hochl\u00e4dst, vermeide es, Bilder mit EXIF-Geolokalisierungsdaten hochzuladen. Besucher k\u00f6nnten diese Informationen aus den Dateien auslesen.&#13;\n<\/p>\n\n<h3 class=\"wp-block-heading\">2.4 Kontaktformulare<\/h3>\n\n<p>Die \u00fcber die Kontaktformulare eingegebenen Informationen werden ausschlie\u00dflich verwendet, um auf deine Anfragen \u00fcber die <a href=\"https:\/\/www.le-chouka.com\/de\/kontakt\">Kontakt<\/a>-Seite zu antworten.<\/p>\n\n<h3 class=\"wp-block-heading\">2.5 Cookie<\/h3>\n\n<ul class=\"wp-block-list\">\n<li>Wenn eine Bewertung oder ein Kommentar abgegeben wird, kannst du deinen Namen, deine E-Mail-Adresse und deine Website in Cookies speichern lassen, um den Vorgang zu erleichtern. Diese Cookies verfallen nach einem Jahr.&#13;\n<\/li>\n\n\n\n<li>Auf der Anmeldeseite wird ein tempor\u00e4res Cookie erstellt, um zu \u00fcberpr\u00fcfen, ob Ihr Browser Cookies akzeptiert. Es wird beim Schlie\u00dfen des Browsers gel\u00f6scht.&#13;\n<\/li>\n\n\n\n<li>Beim Anmelden k\u00f6nnen Cookies Ihre Informationen und Bildschirmeinstellungen speichern:\r\n\n<ul class=\"wp-block-list\">\n<li>Anmelde-Cookie: 2 Tage<\/li>\n\n\n\n<li>\u201eAngemeldet bleiben\u201c-Cookie: 2 Wochen<\/li>\n\n\n\n<li>Bildschirmpr\u00e4ferenz-Cookie: 1 Jahr<\/li>\n<\/ul>\n<\/li>\n\n\n\n<li>Beim Bearbeiten oder Ver\u00f6ffentlichen wird ein Cookie hinzugef\u00fcgt, das die Ver\u00f6ffentlichung f\u00fcr 1 Tag identifiziert, ohne personenbezogene Daten zu enthalten.&#13;\n<\/li>\n<\/ul>\n\n<h3 class=\"wp-block-heading\">2.6 Eingebettete Inhalte von anderen Websites<\/h3>\n\n<p>Artikel k\u00f6nnen eingebettete Inhalte enthalten (Videos, Bilder, Artikel usw.). Diese Inhalte verhalten sich so, als w\u00fcrden Sie die entsprechenden Drittanbieter-Websites besuchen, die Daten erfassen, Cookies verwenden oder Ihre Interaktionen verfolgen k\u00f6nnen, wenn Sie bei ihrem Dienst angemeldet sind.&#13;\n<\/p>\n\n<h3 class=\"wp-block-heading\">2.7 Statistiken und Reichweitenmessung<\/h3>\n\n<p>Chouka verwendet Analysetools zur Verbesserung der Navigation und der Benutzererfahrung. Die erhobenen Daten werden anonymisiert und ausschlie\u00dflich zu statistischen Zwecken verwendet.&#13;\n<\/p>\n\n<h2 class=\"wp-block-heading\">3. Verwendung und \u00dcbermittlung deiner personenbezogenen Daten<\/h2>\n\n<p>Ihre personenbezogenen Daten werden nicht an Dritte weitergegeben, die oben nicht genannt sind. Bewertungen und Kommentare werden \u00fcber <strong>CusRev<\/strong> \u00fcberpr\u00fcft, um Spam zu erkennen.<br\/><\/p>\n\n<h2 class=\"wp-block-heading\">4. Aufbewahrungsdauern<\/h2>\n\n<ul class=\"wp-block-list\">\n<li>Bewertungen und Kommentare werden unbegrenzt gespeichert, um die Erkennung zuk\u00fcnftiger Bewertungen und die Moderation zu erleichtern.&#13;\n<\/li>\n\n\n\n<li>F\u00fcr registrierte Benutzer werden die pers\u00f6nlichen Profildaten so lange gespeichert, wie das Konto besteht. Der Benutzer kann seine Informationen jederzeit \u00e4ndern oder l\u00f6schen (au\u00dfer seinen Benutzernamen). Die Administratoren der Website k\u00f6nnen diese Informationen bei Bedarf einsehen und bearbeiten.&#13;\n<\/li>\n<\/ul>\n\n<h2 class=\"wp-block-heading\">5. Deine Rechte<\/h2>\n\n<p>Sie k\u00f6nnen Folgendes anfordern:<\/p>\n\n<ul class=\"wp-block-list\">\n<li>Eine Datei, die alle personenbezogenen Daten enth\u00e4lt, die wir \u00fcber dich besitzen&#13;\n<\/li>\n\n\n\n<li>Die L\u00f6schung Ihrer personenbezogenen Daten (au\u00dfer bei gesetzlichen, administrativen oder sicherheitsbedingten Verpflichtungen)&#13;\n<\/li>\n<\/ul>\n\n<h2 class=\"wp-block-heading\">6. Kontaktinformationen<\/h2>\n\n<p>F\u00fcr Anfragen zum Schutz deiner personenbezogenen Daten verwende bitte das Formular auf der <a href=\"https:\/\/www.le-chouka.com\/de\/kontakt\">Kontakt<\/a>-Seite.<br\/><\/p>\n\n<h2 class=\"wp-block-heading\">7. Datensicherheit<\/h2>\n\n<p>Chouka ergreift alle geeigneten technischen und organisatorischen Ma\u00dfnahmen, um Ihre Daten vor unbefugtem Zugriff, Ver\u00e4nderung oder Offenlegung zu sch\u00fctzen.&#13;\n<\/p>\n\n<h2 class=\"wp-block-heading\">8. Dienste von Drittanbietern<\/h2>\n\n<p>Kein oben nicht genannter Drittanbieterdienst \u00fcbermittelt personenbezogene Daten an Chouka.&#13;\n<\/p>\n","protected":false},"excerpt":{"rendered":"<p>1. Wer sind wir? Das Produkt Chouka wird von der Firma LOUISNARD vertrieben. Die Website ist unter folgender Adresse erreichbar: https:\/\/www.le-chouka.com. 2. Verwendung der erhobenen personenbezogenen Daten 2.1 Online-Zahlung Bei einer Zahlung auf unserer Website werden die Zahlungsdaten weder direkt verwendet noch von Chouka gespeichert. Der Zahlungsdienstleister ist REVOLUT, und deren Datenschutzrichtlinie kann auf der [&hellip;]<\/p>\n","protected":false},"author":1,"featured_media":0,"parent":0,"menu_order":0,"comment_status":"closed","ping_status":"open","template":"","meta":{"footnotes":""},"class_list":["post-1289","page","type-page","status-publish","hentry"],"yoast_head":"<!-- This site is optimized with the Yoast SEO Premium plugin v26.1 (Yoast SEO v27.1.1) - https:\/\/yoast.com\/product\/yoast-seo-premium-wordpress\/ -->\n<title>Datenschutzrichtlinie - Chouka Shop: Gleitschirmfliegen, Klettern und Tauchen<\/title>\n<meta name=\"robots\" content=\"index, follow, max-snippet:-1, max-image-preview:large, max-video-preview:-1\" \/>\n<link rel=\"canonical\" href=\"https:\/\/le-chouka.com\/de\/datenschutzrichtlinie\/\" \/>\n<meta property=\"og:locale\" content=\"de_DE\" \/>\n<meta property=\"og:type\" content=\"article\" \/>\n<meta property=\"og:title\" content=\"Datenschutzrichtlinie\" \/>\n<meta property=\"og:description\" content=\"1. Wer sind wir? Das Produkt Chouka wird von der Firma LOUISNARD vertrieben. Die Website ist unter folgender Adresse erreichbar: https:\/\/www.le-chouka.com. 2. Verwendung der erhobenen personenbezogenen Daten 2.1 Online-Zahlung Bei einer Zahlung auf unserer Website werden die Zahlungsdaten weder direkt verwendet noch von Chouka gespeichert. Der Zahlungsdienstleister ist REVOLUT, und deren Datenschutzrichtlinie kann auf der [&hellip;]\" \/>\n<meta property=\"og:url\" content=\"https:\/\/le-chouka.com\/de\/datenschutzrichtlinie\/\" \/>\n<meta property=\"og:site_name\" content=\"Chouka Shop: Gleitschirmfliegen, Klettern und Tauchen\" \/>\n<meta property=\"article:publisher\" content=\"https:\/\/www.facebook.com\/le.chouka.parapente\" \/>\n<meta property=\"article:modified_time\" content=\"2025-10-30T08:57:43+00:00\" \/>\n<meta name=\"twitter:card\" content=\"summary_large_image\" \/>\n<meta name=\"twitter:label1\" content=\"Gesch\u00e4tzte Lesezeit\" \/>\n\t<meta name=\"twitter:data1\" content=\"3 Minute\" \/>\n<script type=\"application\/ld+json\" class=\"yoast-schema-graph\">{\"@context\":\"https:\/\/schema.org\",\"@graph\":[{\"@type\":\"WebPage\",\"@id\":\"https:\/\/le-chouka.com\/de\/datenschutzrichtlinie\/\",\"url\":\"https:\/\/le-chouka.com\/de\/datenschutzrichtlinie\/\",\"name\":\"Datenschutzrichtlinie - Chouka Shop: Gleitschirmfliegen, Klettern und Tauchen\",\"isPartOf\":{\"@id\":\"https:\/\/le-chouka.com\/de\/#website\"},\"datePublished\":\"2025-10-08T16:49:21+00:00\",\"dateModified\":\"2025-10-30T08:57:43+00:00\",\"breadcrumb\":{\"@id\":\"https:\/\/le-chouka.com\/de\/datenschutzrichtlinie\/#breadcrumb\"},\"inLanguage\":\"de\",\"potentialAction\":[{\"@type\":\"ReadAction\",\"target\":[\"https:\/\/le-chouka.com\/de\/datenschutzrichtlinie\/\"]}]},{\"@type\":\"BreadcrumbList\",\"@id\":\"https:\/\/le-chouka.com\/de\/datenschutzrichtlinie\/#breadcrumb\",\"itemListElement\":[{\"@type\":\"ListItem\",\"position\":1,\"name\":\"Startseite\",\"item\":\"https:\/\/le-chouka.com\/de\/\"},{\"@type\":\"ListItem\",\"position\":2,\"name\":\"Datenschutzrichtlinie\"}]},{\"@type\":\"WebSite\",\"@id\":\"https:\/\/le-chouka.com\/de\/#website\",\"url\":\"https:\/\/le-chouka.com\/de\/\",\"name\":\"Chouka shop: Parapente, Montagne, Plong\u00e9e\",\"description\":\"Chouka Shop: Variometer, Kompasse und Zubeh\u00f6r f\u00fcr Gleitschirmfliegen, Bergsport und Tauchen\",\"publisher\":{\"@id\":\"https:\/\/le-chouka.com\/de\/#organization\"},\"alternateName\":\"Chouka parapente & montagne\",\"potentialAction\":[{\"@type\":\"SearchAction\",\"target\":{\"@type\":\"EntryPoint\",\"urlTemplate\":\"https:\/\/le-chouka.com\/de\/?s={search_term_string}\"},\"query-input\":{\"@type\":\"PropertyValueSpecification\",\"valueRequired\":true,\"valueName\":\"search_term_string\"}}],\"inLanguage\":\"de\"},{\"@type\":\"Organization\",\"@id\":\"https:\/\/le-chouka.com\/de\/#organization\",\"name\":\"Chouka\",\"alternateName\":\"Chouka\",\"url\":\"https:\/\/le-chouka.com\/de\/\",\"logo\":{\"@type\":\"ImageObject\",\"inLanguage\":\"de\",\"@id\":\"https:\/\/le-chouka.com\/de\/#\/schema\/logo\/image\/\",\"url\":\"https:\/\/le-chouka.com\/wp-content\/uploads\/2025\/10\/logo-chouka-grand-orange.png\",\"contentUrl\":\"https:\/\/le-chouka.com\/wp-content\/uploads\/2025\/10\/logo-chouka-grand-orange.png\",\"width\":491,\"height\":424,\"caption\":\"Chouka\"},\"image\":{\"@id\":\"https:\/\/le-chouka.com\/de\/#\/schema\/logo\/image\/\"},\"sameAs\":[\"https:\/\/www.facebook.com\/le.chouka.parapente\",\"https:\/\/www.instagram.com\/chouka_parapente\"]}]}<\/script>\n<!-- \/ Yoast SEO Premium plugin. -->","yoast_head_json":{"title":"Datenschutzrichtlinie - Chouka Shop: Gleitschirmfliegen, Klettern und Tauchen","robots":{"index":"index","follow":"follow","max-snippet":"max-snippet:-1","max-image-preview":"max-image-preview:large","max-video-preview":"max-video-preview:-1"},"canonical":"https:\/\/le-chouka.com\/de\/datenschutzrichtlinie\/","og_locale":"de_DE","og_type":"article","og_title":"Datenschutzrichtlinie","og_description":"1. Wer sind wir? Das Produkt Chouka wird von der Firma LOUISNARD vertrieben. Die Website ist unter folgender Adresse erreichbar: https:\/\/www.le-chouka.com. 2. Verwendung der erhobenen personenbezogenen Daten 2.1 Online-Zahlung Bei einer Zahlung auf unserer Website werden die Zahlungsdaten weder direkt verwendet noch von Chouka gespeichert. Der Zahlungsdienstleister ist REVOLUT, und deren Datenschutzrichtlinie kann auf der [&hellip;]","og_url":"https:\/\/le-chouka.com\/de\/datenschutzrichtlinie\/","og_site_name":"Chouka Shop: Gleitschirmfliegen, Klettern und Tauchen","article_publisher":"https:\/\/www.facebook.com\/le.chouka.parapente","article_modified_time":"2025-10-30T08:57:43+00:00","twitter_card":"summary_large_image","twitter_misc":{"Gesch\u00e4tzte Lesezeit":"3 Minute"},"schema":{"@context":"https:\/\/schema.org","@graph":[{"@type":"WebPage","@id":"https:\/\/le-chouka.com\/de\/datenschutzrichtlinie\/","url":"https:\/\/le-chouka.com\/de\/datenschutzrichtlinie\/","name":"Datenschutzrichtlinie - Chouka Shop: Gleitschirmfliegen, Klettern und Tauchen","isPartOf":{"@id":"https:\/\/le-chouka.com\/de\/#website"},"datePublished":"2025-10-08T16:49:21+00:00","dateModified":"2025-10-30T08:57:43+00:00","breadcrumb":{"@id":"https:\/\/le-chouka.com\/de\/datenschutzrichtlinie\/#breadcrumb"},"inLanguage":"de","potentialAction":[{"@type":"ReadAction","target":["https:\/\/le-chouka.com\/de\/datenschutzrichtlinie\/"]}]},{"@type":"BreadcrumbList","@id":"https:\/\/le-chouka.com\/de\/datenschutzrichtlinie\/#breadcrumb","itemListElement":[{"@type":"ListItem","position":1,"name":"Startseite","item":"https:\/\/le-chouka.com\/de\/"},{"@type":"ListItem","position":2,"name":"Datenschutzrichtlinie"}]},{"@type":"WebSite","@id":"https:\/\/le-chouka.com\/de\/#website","url":"https:\/\/le-chouka.com\/de\/","name":"Chouka shop: Parapente, Montagne, Plong\u00e9e","description":"Chouka Shop: Variometer, Kompasse und Zubeh\u00f6r f\u00fcr Gleitschirmfliegen, Bergsport und Tauchen","publisher":{"@id":"https:\/\/le-chouka.com\/de\/#organization"},"alternateName":"Chouka parapente & montagne","potentialAction":[{"@type":"SearchAction","target":{"@type":"EntryPoint","urlTemplate":"https:\/\/le-chouka.com\/de\/?s={search_term_string}"},"query-input":{"@type":"PropertyValueSpecification","valueRequired":true,"valueName":"search_term_string"}}],"inLanguage":"de"},{"@type":"Organization","@id":"https:\/\/le-chouka.com\/de\/#organization","name":"Chouka","alternateName":"Chouka","url":"https:\/\/le-chouka.com\/de\/","logo":{"@type":"ImageObject","inLanguage":"de","@id":"https:\/\/le-chouka.com\/de\/#\/schema\/logo\/image\/","url":"https:\/\/le-chouka.com\/wp-content\/uploads\/2025\/10\/logo-chouka-grand-orange.png","contentUrl":"https:\/\/le-chouka.com\/wp-content\/uploads\/2025\/10\/logo-chouka-grand-orange.png","width":491,"height":424,"caption":"Chouka"},"image":{"@id":"https:\/\/le-chouka.com\/de\/#\/schema\/logo\/image\/"},"sameAs":["https:\/\/www.facebook.com\/le.chouka.parapente","https:\/\/www.instagram.com\/chouka_parapente"]}]}},"_links":{"self":[{"href":"https:\/\/le-chouka.com\/de\/wp-json\/wp\/v2\/pages\/1289","targetHints":{"allow":["GET"]}}],"collection":[{"href":"https:\/\/le-chouka.com\/de\/wp-json\/wp\/v2\/pages"}],"about":[{"href":"https:\/\/le-chouka.com\/de\/wp-json\/wp\/v2\/types\/page"}],"author":[{"embeddable":true,"href":"https:\/\/le-chouka.com\/de\/wp-json\/wp\/v2\/users\/1"}],"replies":[{"embeddable":true,"href":"https:\/\/le-chouka.com\/de\/wp-json\/wp\/v2\/comments?post=1289"}],"version-history":[{"count":1,"href":"https:\/\/le-chouka.com\/de\/wp-json\/wp\/v2\/pages\/1289\/revisions"}],"predecessor-version":[{"id":1290,"href":"https:\/\/le-chouka.com\/de\/wp-json\/wp\/v2\/pages\/1289\/revisions\/1290"}],"wp:attachment":[{"href":"https:\/\/le-chouka.com\/de\/wp-json\/wp\/v2\/media?parent=1289"}],"curies":[{"name":"wp","href":"https:\/\/api.w.org\/{rel}","templated":true}]}}