{"id":1261,"date":"2025-10-10T23:19:37","date_gmt":"2025-10-10T21:19:37","guid":{"rendered":"https:\/\/new.le-chouka.com\/faq\/"},"modified":"2025-11-13T16:20:26","modified_gmt":"2025-11-13T15:20:26","slug":"faq","status":"publish","type":"page","link":"https:\/\/le-chouka.com\/de\/faq\/","title":{"rendered":"FAQ"},"content":{"rendered":"\n<h3 class=\"wp-block-heading\">In welche L\u00e4nder liefern wir?<\/h3>\n\n<p>Wir versenden unsere Chouka-Produkte <strong>in viele L\u00e4nder weltweit<\/strong>. Unsere Hauptkunden befinden sich in Frankreich (einschlie\u00dflich \u00dcberseegebiete), der Schweiz, Italien, Spanien, \u00d6sterreich, Deutschland, dem Vereinigten K\u00f6nigreich, Belgien und den Vereinigten Staaten, aber wir liefern auch in ganz Europa und in die meisten L\u00e4nder au\u00dferhalb Europas.<\/p>\n\n<p>Hier ist eine nicht abschlie\u00dfende Liste der L\u00e4nder, in denen unsere Kunden uns ihr Vertrauen schenken:<\/p>\n\n<p style=\"font-size:0.6rem\">Albanien, Deutschland, Andorra, Australien, \u00d6sterreich, Belgien, Brasilien, Bulgarien, Kanada, Chile, China, Zypern, Kolumbien, S\u00fcdkorea, Kroatien, D\u00e4nemark, Spanien, Estland, Vereinigte Staaten von Amerika, Finnland, Frankreich, Griechenland, Guadeloupe, Hongkong, Ungarn, Irland, Island, Israel, Italien, Kasachstan, Lettland, Libanon, Litauen, Luxemburg, Malta, Mexiko, Monaco, Norwegen, Neuseeland, Niederlande, Polen, Franz\u00f6sisch-Polynesien, Portugal, Katar, R\u00e9union, Rum\u00e4nien, Vereinigtes K\u00f6nigreich von Gro\u00dfbritannien und Nordirland, Serbien, Slowakei, Slowenien, Schweden, Schweiz, Taiwan, Tschechische Republik, Thailand usw.&#13;\n<\/p>\n\n<p>Bestellungen werden direkt auf unserer Website aufgegeben, mit sicherer Zahlung per <strong>Kreditkarte<\/strong> oder <strong>\u00dcberweisung<\/strong>. Die Versandkosten variieren je nach Zielland.<\/p>\n\n<h3 class=\"wp-block-heading\">Wie werden unsere Variometer versendet?<\/h3>\n\n<p>Sofern auf der Website nicht anders angegeben, wenn wir im Urlaub sind, <strong>werden Bestellungen an jedem Werktag versendet<\/strong>.<\/p>\n\n<p>Unsere Produkte werden <strong>mit dem internationalen Postdienst versendet<\/strong>:<\/p>\n\n<ul class=\"wp-block-list my-chouka-bullet\">\n<li><strong>In Frankreich<\/strong> (Festland) dauert die Lieferung in der Regel <strong>2 bis 3 Werktage<\/strong>.<\/li>\n\n\n\n<li>In <strong>Deutschland<\/strong> und in den meisten L\u00e4ndern der <strong>Europ\u00e4ischen Union<\/strong>, <strong>3 bis 8 Werktage<\/strong>.<\/li>\n\n\n\n<li><strong>Au\u00dferhalb Europas<\/strong> k\u00f6nnen die Lieferzeiten variieren. Lieferungen nach Gro\u00dfbritannien, Kanada, Australien, in die USA, nach Neuseeland und Norwegen dauern jedoch in der Regel weniger als 10 Werktage.<\/li>\n<\/ul>\n\n<p>Wenn Sie eine andere Versandmethode w\u00fcnschen, <a href=\"https:\/\/le-chouka.com\/de\/kontakt\/\">kontaktieren Sie uns<\/a> bitte.<\/p>\n\n<h3 class=\"wp-block-heading\" id=\"h-comment-suivre-ma-commande\">Wie kann ich meine Bestellung verfolgen?<\/h3>\n\n<p>Jede Bestellung wird mit einer Sendungsverfolgungsnummer versendet, die automatisch per E-Mail beim Versand zugesendet wird.&#13;\n<\/p>\n\n<h3 class=\"wp-block-heading\">Ein kurzer Gedanke zur Verpackung unserer Produkte<\/h3>\n\n<p>Um Abfall zu vermeiden und die Preise niedrig zu halten, haben wir uns f\u00fcr eine minimalistische Verpackung entschieden, die nur das enth\u00e4lt, was zum Schutz der Produkte w\u00e4hrend des Transports notwendig ist \u2014 <strong>ohne \u00fcberfl\u00fcssige Umverpackung<\/strong>.<\/p>\n\n<h3 class=\"wp-block-heading\">Wie werden unsere Produkte hergestellt?<\/h3>\n\n<p>Der Chouka wird in den franz\u00f6sischen Alpen in Grenoble entworfen, hergestellt und getestet.<\/p>\n\n<p><a href=\"https:\/\/le-chouka.com\/de\/unsere-geschichte\/\">Mehr erfahren<\/a><\/p>\n\n<h3 class=\"wp-block-heading\">Erlaubt die Verwendung unserer Instrumente, Sicherheitsregeln zu missachten?&#13;\n<\/h3>\n\n<p><strong>Nat\u00fcrlich nicht.<\/strong> Die Chouka-Instrumente \u2014 ob Variometer, Kompasse oder anderes Zubeh\u00f6r \u2014 sind weder Sicherheitsausr\u00fcstung noch Navigationsinstrumente. Sie sind daf\u00fcr gedacht, sportliche Aktivit\u00e4ten und Abenteuer zu begleiten, ersetzen jedoch keinesfalls die Einhaltung von Sicherheitsvorschriften, geltender Gesetze oder den gesunden Menschenverstand des Nutzers.<\/p>\n\n<h3 class=\"wp-block-heading\">Sind Sie ein Profi, ein Gesch\u00e4ft oder eine Schule f\u00fcr Gleitschirmfliegen, Bergsport oder Tauchen?&#13;\n<\/h3>\n\n<p>M\u00f6chten Sie <strong>unsere Chouka-Produkte vertreiben<\/strong> oder mehr \u00fcber unsere L\u00f6sungen f\u00fcr Fachleute erfahren? Z\u00f6gern Sie nicht, <a href=\"https:\/\/le-chouka.com\/de\/kontakt\/\">uns \u00fcber die Kontaktseite zu schreiben<\/a> \u2014 wir freuen uns auf das Gespr\u00e4ch mit Ihnen!<\/p>\n","protected":false},"excerpt":{"rendered":"<p>In welche L\u00e4nder liefern wir? Wir versenden unsere Chouka-Produkte in viele L\u00e4nder weltweit. Unsere Hauptkunden befinden sich in Frankreich (einschlie\u00dflich \u00dcberseegebiete), der Schweiz, Italien, Spanien, \u00d6sterreich, Deutschland, dem Vereinigten K\u00f6nigreich, Belgien und den Vereinigten Staaten, aber wir liefern auch in ganz Europa und in die meisten L\u00e4nder au\u00dferhalb Europas. Hier ist eine nicht abschlie\u00dfende Liste [&hellip;]<\/p>\n","protected":false},"author":1,"featured_media":0,"parent":0,"menu_order":0,"comment_status":"closed","ping_status":"closed","template":"","meta":{"footnotes":""},"class_list":["post-1261","page","type-page","status-publish","hentry"],"yoast_head":"<!-- This site is optimized with the Yoast SEO Premium plugin v26.1 (Yoast SEO v27.1.1) - https:\/\/yoast.com\/product\/yoast-seo-premium-wordpress\/ -->\n<title>FAQ - Chouka Shop: Gleitschirmfliegen, Klettern und Tauchen<\/title>\n<meta name=\"description\" content=\"Chouka FAQ: alle Antworten zu unseren Variometern und Instrumenten f\u00fcr Gleitschirmfliegen, Klettern und Tauchen, hergestellt in Frankreich.\" \/>\n<meta name=\"robots\" content=\"index, follow, max-snippet:-1, max-image-preview:large, max-video-preview:-1\" \/>\n<link rel=\"canonical\" href=\"https:\/\/le-chouka.com\/de\/faq\/\" \/>\n<meta property=\"og:locale\" content=\"de_DE\" \/>\n<meta property=\"og:type\" content=\"article\" \/>\n<meta property=\"og:title\" content=\"FAQ\" \/>\n<meta property=\"og:description\" content=\"Chouka FAQ: alle Antworten zu unseren Variometern und Instrumenten f\u00fcr Gleitschirmfliegen, Klettern und Tauchen, hergestellt in Frankreich.\" \/>\n<meta property=\"og:url\" content=\"https:\/\/le-chouka.com\/de\/faq\/\" \/>\n<meta property=\"og:site_name\" content=\"Chouka Shop: Gleitschirmfliegen, Klettern und Tauchen\" \/>\n<meta property=\"article:publisher\" content=\"https:\/\/www.facebook.com\/le.chouka.parapente\" \/>\n<meta property=\"article:modified_time\" content=\"2025-11-13T15:20:26+00:00\" \/>\n<meta name=\"twitter:card\" content=\"summary_large_image\" \/>\n<meta name=\"twitter:label1\" content=\"Gesch\u00e4tzte Lesezeit\" \/>\n\t<meta name=\"twitter:data1\" content=\"2 Minute\" \/>\n<script type=\"application\/ld+json\" class=\"yoast-schema-graph\">{\"@context\":\"https:\/\/schema.org\",\"@graph\":[{\"@type\":\"WebPage\",\"@id\":\"https:\/\/le-chouka.com\/de\/faq\/\",\"url\":\"https:\/\/le-chouka.com\/de\/faq\/\",\"name\":\"FAQ - Chouka Shop: Gleitschirmfliegen, Klettern und Tauchen\",\"isPartOf\":{\"@id\":\"https:\/\/le-chouka.com\/de\/#website\"},\"datePublished\":\"2025-10-10T21:19:37+00:00\",\"dateModified\":\"2025-11-13T15:20:26+00:00\",\"description\":\"Chouka FAQ: alle Antworten zu unseren Variometern und Instrumenten f\u00fcr Gleitschirmfliegen, Klettern und Tauchen, hergestellt in Frankreich.\",\"breadcrumb\":{\"@id\":\"https:\/\/le-chouka.com\/de\/faq\/#breadcrumb\"},\"inLanguage\":\"de\",\"potentialAction\":[{\"@type\":\"ReadAction\",\"target\":[\"https:\/\/le-chouka.com\/de\/faq\/\"]}]},{\"@type\":\"BreadcrumbList\",\"@id\":\"https:\/\/le-chouka.com\/de\/faq\/#breadcrumb\",\"itemListElement\":[{\"@type\":\"ListItem\",\"position\":1,\"name\":\"Startseite\",\"item\":\"https:\/\/le-chouka.com\/de\/\"},{\"@type\":\"ListItem\",\"position\":2,\"name\":\"FAQ\"}]},{\"@type\":\"WebSite\",\"@id\":\"https:\/\/le-chouka.com\/de\/#website\",\"url\":\"https:\/\/le-chouka.com\/de\/\",\"name\":\"Chouka shop: Parapente, Montagne, Plong\u00e9e\",\"description\":\"Chouka Shop: Variometer, Kompasse und Zubeh\u00f6r f\u00fcr Gleitschirmfliegen, Bergsport und Tauchen\",\"publisher\":{\"@id\":\"https:\/\/le-chouka.com\/de\/#organization\"},\"alternateName\":\"Chouka parapente & montagne\",\"potentialAction\":[{\"@type\":\"SearchAction\",\"target\":{\"@type\":\"EntryPoint\",\"urlTemplate\":\"https:\/\/le-chouka.com\/de\/?s={search_term_string}\"},\"query-input\":{\"@type\":\"PropertyValueSpecification\",\"valueRequired\":true,\"valueName\":\"search_term_string\"}}],\"inLanguage\":\"de\"},{\"@type\":\"Organization\",\"@id\":\"https:\/\/le-chouka.com\/de\/#organization\",\"name\":\"Chouka\",\"alternateName\":\"Chouka\",\"url\":\"https:\/\/le-chouka.com\/de\/\",\"logo\":{\"@type\":\"ImageObject\",\"inLanguage\":\"de\",\"@id\":\"https:\/\/le-chouka.com\/de\/#\/schema\/logo\/image\/\",\"url\":\"https:\/\/le-chouka.com\/wp-content\/uploads\/2025\/10\/logo-chouka-grand-orange.png\",\"contentUrl\":\"https:\/\/le-chouka.com\/wp-content\/uploads\/2025\/10\/logo-chouka-grand-orange.png\",\"width\":491,\"height\":424,\"caption\":\"Chouka\"},\"image\":{\"@id\":\"https:\/\/le-chouka.com\/de\/#\/schema\/logo\/image\/\"},\"sameAs\":[\"https:\/\/www.facebook.com\/le.chouka.parapente\",\"https:\/\/www.instagram.com\/chouka_parapente\"]}]}<\/script>\n<!-- \/ Yoast SEO Premium plugin. -->","yoast_head_json":{"title":"FAQ - Chouka Shop: Gleitschirmfliegen, Klettern und Tauchen","description":"Chouka FAQ: alle Antworten zu unseren Variometern und Instrumenten f\u00fcr Gleitschirmfliegen, Klettern und Tauchen, hergestellt in Frankreich.","robots":{"index":"index","follow":"follow","max-snippet":"max-snippet:-1","max-image-preview":"max-image-preview:large","max-video-preview":"max-video-preview:-1"},"canonical":"https:\/\/le-chouka.com\/de\/faq\/","og_locale":"de_DE","og_type":"article","og_title":"FAQ","og_description":"Chouka FAQ: alle Antworten zu unseren Variometern und Instrumenten f\u00fcr Gleitschirmfliegen, Klettern und Tauchen, hergestellt in Frankreich.","og_url":"https:\/\/le-chouka.com\/de\/faq\/","og_site_name":"Chouka Shop: Gleitschirmfliegen, Klettern und Tauchen","article_publisher":"https:\/\/www.facebook.com\/le.chouka.parapente","article_modified_time":"2025-11-13T15:20:26+00:00","twitter_card":"summary_large_image","twitter_misc":{"Gesch\u00e4tzte Lesezeit":"2 Minute"},"schema":{"@context":"https:\/\/schema.org","@graph":[{"@type":"WebPage","@id":"https:\/\/le-chouka.com\/de\/faq\/","url":"https:\/\/le-chouka.com\/de\/faq\/","name":"FAQ - Chouka Shop: Gleitschirmfliegen, Klettern und Tauchen","isPartOf":{"@id":"https:\/\/le-chouka.com\/de\/#website"},"datePublished":"2025-10-10T21:19:37+00:00","dateModified":"2025-11-13T15:20:26+00:00","description":"Chouka FAQ: alle Antworten zu unseren Variometern und Instrumenten f\u00fcr Gleitschirmfliegen, Klettern und Tauchen, hergestellt in Frankreich.","breadcrumb":{"@id":"https:\/\/le-chouka.com\/de\/faq\/#breadcrumb"},"inLanguage":"de","potentialAction":[{"@type":"ReadAction","target":["https:\/\/le-chouka.com\/de\/faq\/"]}]},{"@type":"BreadcrumbList","@id":"https:\/\/le-chouka.com\/de\/faq\/#breadcrumb","itemListElement":[{"@type":"ListItem","position":1,"name":"Startseite","item":"https:\/\/le-chouka.com\/de\/"},{"@type":"ListItem","position":2,"name":"FAQ"}]},{"@type":"WebSite","@id":"https:\/\/le-chouka.com\/de\/#website","url":"https:\/\/le-chouka.com\/de\/","name":"Chouka shop: Parapente, Montagne, Plong\u00e9e","description":"Chouka Shop: Variometer, Kompasse und Zubeh\u00f6r f\u00fcr Gleitschirmfliegen, Bergsport und Tauchen","publisher":{"@id":"https:\/\/le-chouka.com\/de\/#organization"},"alternateName":"Chouka parapente & montagne","potentialAction":[{"@type":"SearchAction","target":{"@type":"EntryPoint","urlTemplate":"https:\/\/le-chouka.com\/de\/?s={search_term_string}"},"query-input":{"@type":"PropertyValueSpecification","valueRequired":true,"valueName":"search_term_string"}}],"inLanguage":"de"},{"@type":"Organization","@id":"https:\/\/le-chouka.com\/de\/#organization","name":"Chouka","alternateName":"Chouka","url":"https:\/\/le-chouka.com\/de\/","logo":{"@type":"ImageObject","inLanguage":"de","@id":"https:\/\/le-chouka.com\/de\/#\/schema\/logo\/image\/","url":"https:\/\/le-chouka.com\/wp-content\/uploads\/2025\/10\/logo-chouka-grand-orange.png","contentUrl":"https:\/\/le-chouka.com\/wp-content\/uploads\/2025\/10\/logo-chouka-grand-orange.png","width":491,"height":424,"caption":"Chouka"},"image":{"@id":"https:\/\/le-chouka.com\/de\/#\/schema\/logo\/image\/"},"sameAs":["https:\/\/www.facebook.com\/le.chouka.parapente","https:\/\/www.instagram.com\/chouka_parapente"]}]}},"_links":{"self":[{"href":"https:\/\/le-chouka.com\/de\/wp-json\/wp\/v2\/pages\/1261","targetHints":{"allow":["GET"]}}],"collection":[{"href":"https:\/\/le-chouka.com\/de\/wp-json\/wp\/v2\/pages"}],"about":[{"href":"https:\/\/le-chouka.com\/de\/wp-json\/wp\/v2\/types\/page"}],"author":[{"embeddable":true,"href":"https:\/\/le-chouka.com\/de\/wp-json\/wp\/v2\/users\/1"}],"replies":[{"embeddable":true,"href":"https:\/\/le-chouka.com\/de\/wp-json\/wp\/v2\/comments?post=1261"}],"version-history":[{"count":4,"href":"https:\/\/le-chouka.com\/de\/wp-json\/wp\/v2\/pages\/1261\/revisions"}],"predecessor-version":[{"id":2713,"href":"https:\/\/le-chouka.com\/de\/wp-json\/wp\/v2\/pages\/1261\/revisions\/2713"}],"wp:attachment":[{"href":"https:\/\/le-chouka.com\/de\/wp-json\/wp\/v2\/media?parent=1261"}],"curies":[{"name":"wp","href":"https:\/\/api.w.org\/{rel}","templated":true}]}}