{"id":1217,"date":"2025-10-10T23:21:12","date_gmt":"2025-10-10T21:21:12","guid":{"rendered":"https:\/\/new.le-chouka.com\/de-kontakt\/"},"modified":"2025-11-05T17:36:07","modified_gmt":"2025-11-05T16:36:07","slug":"kontakt","status":"publish","type":"page","link":"https:\/\/le-chouka.com\/de\/kontakt\/","title":{"rendered":"Kontakt"},"content":{"rendered":"\n<p class=\"is-style-default\">Unsere Variometer, Kompasse und Instrumente werden in den Alpen, nahe Grenoble, von einem kleinen Team leidenschaftlicher Gleitschirmpiloten entworfen, getestet und gefertigt. Keine anonyme Fabrik, keine ferne Produktion \u2013 nur sorgf\u00e4ltige Handarbeit mit echtem Qualit\u00e4tsanspruch (<a href=\"https:\/\/le-chouka.com\/de\/unsere-geschichte\/\">mehr \u00fcber unsere Geschichte erfahren<\/a>).<\/p>\n\n<p>Wir k\u00fcmmern uns um unsere Kunden genauso wie um unsere Produkte und antworten immer pers\u00f6nlich \u2013 ohne Chatbots oder ausgelagerten Kundendienst.&#13;\n<\/p>\n\n<p>Eine Frage? Ein Problem? M\u00f6chten Sie eine Beratung vor dem Kauf?<\/p>\n\n<p><strong>Schreib uns \u00fcber das untenstehende Formular<\/strong>, wir antworten schnell und gerne!<br\/><\/p>\n<style id=\"wpforms-css-vars-302-block-ea7717ba-bc8e-4f98-a263-da19411cf767\">\n\t\t\t\t#wpforms-302.wpforms-block-ea7717ba-bc8e-4f98-a263-da19411cf767 {\n\t\t\t\t--wpforms-label-color: #111111;\n--wpforms-label-sublabel-color: #777777;\n--wpforms-label-error-color: #ff0000;\n--wpforms-page-break-color: #777777;\n--wpforms-field-border-radius: 10px;\n--wpforms-field-border-color: #777777;\n--wpforms-field-border-color-spare: #777777;\n--wpforms-field-text-color: #4;\n--wpforms-field-menu-color: #f2efea;\n--wpforms-button-border-style: solid;\n--wpforms-button-border-radius: 10px;\n--wpforms-button-background-color: #ff9002;\n--wpforms-button-text-color: #f2efea;\n--wpforms-button-border-color: #ff9002;\n--wpforms-field-size-input-height: 43px;\n--wpforms-field-size-input-spacing: 15px;\n--wpforms-field-size-font-size: 16px;\n--wpforms-field-size-line-height: 19px;\n--wpforms-field-size-padding-h: 14px;\n--wpforms-field-size-checkbox-size: 16px;\n--wpforms-field-size-sublabel-spacing: 5px;\n--wpforms-field-size-icon-size: 1;\n--wpforms-label-size-font-size: 14px;\n--wpforms-label-size-line-height: 17px;\n--wpforms-label-size-sublabel-font-size: 13px;\n--wpforms-label-size-sublabel-line-height: 16px;\n--wpforms-button-size-font-size: 17px;\n--wpforms-button-size-height: 41px;\n--wpforms-button-size-padding-h: 15px;\n--wpforms-button-size-margin-top: 10px;\n\t\t\t}\n\t\t\t<\/style><div class=\"wpforms-container wpforms-container-full wpforms-block wpforms-block-ea7717ba-bc8e-4f98-a263-da19411cf767 wpforms-render-modern\" id=\"wpforms-302\"><form id=\"wpforms-form-302\" class=\"wpforms-validate wpforms-form wpforms-ajax-form\" data-formid=\"302\" method=\"post\" enctype=\"multipart\/form-data\" action=\"\/de\/wp-json\/wp\/v2\/pages\/1217\" data-token=\"6720b3602471b984058fd1418ca1211a\" data-token-time=\"1776603488\"><noscript class=\"wpforms-error-noscript\">Bitte aktiviere JavaScript in deinem Browser, um dieses Formular fertigzustellen.<\/noscript><div id=\"wpforms-error-noscript\" style=\"display: none;\">Bitte aktiviere JavaScript in deinem Browser, um dieses Formular fertigzustellen.<\/div><div class=\"wpforms-field-container\"><div id=\"wpforms-302-field_1-container\" class=\"wpforms-field wpforms-field-name\" data-field-id=\"1\"><label class=\"wpforms-field-label\" for=\"wpforms-302-field_1\">Name <span class=\"wpforms-required-label\" aria-hidden=\"true\">*<\/span><\/label><input type=\"text\" id=\"wpforms-302-field_1\" class=\"wpforms-field-medium wpforms-field-required\" name=\"wpforms[fields][1]\" aria-errormessage=\"wpforms-302-field_1-error\" required><\/div><div id=\"wpforms-302-field_2-container\" class=\"wpforms-field wpforms-field-email\" data-field-id=\"2\"><label class=\"wpforms-field-label\" for=\"wpforms-302-field_2\">Email <span class=\"wpforms-required-label\" aria-hidden=\"true\">*<\/span><\/label><input type=\"email\" id=\"wpforms-302-field_2\" class=\"wpforms-field-medium wpforms-field-required\" name=\"wpforms[fields][2]\" spellcheck=\"false\" aria-errormessage=\"wpforms-302-field_2-error\" required><\/div><div id=\"wpforms-302-field_5-container\" class=\"wpforms-field wpforms-field-text\" data-field-id=\"5\"><label class=\"wpforms-field-label\" for=\"wpforms-302-field_5\">Betreff <span class=\"wpforms-required-label\" aria-hidden=\"true\">*<\/span><\/label><input type=\"text\" id=\"wpforms-302-field_5\" class=\"wpforms-field-medium wpforms-field-required\" name=\"wpforms[fields][5]\" aria-errormessage=\"wpforms-302-field_5-error\" required><\/div>\t\t<div id=\"wpforms-302-field_4-container\"\n\t\t\tclass=\"wpforms-field wpforms-field-text\"\n\t\t\tdata-field-type=\"text\"\n\t\t\tdata-field-id=\"4\"\n\t\t\t>\n\t\t\t<label class=\"wpforms-field-label\" for=\"wpforms-302-field_4\" >Betreff Email Name<\/label>\n\t\t\t<input type=\"text\" id=\"wpforms-302-field_4\" class=\"wpforms-field-medium\" name=\"wpforms[fields][4]\" >\n\t\t<\/div>\n\t\t<div id=\"wpforms-302-field_3-container\" class=\"wpforms-field wpforms-field-textarea\" data-field-id=\"3\"><label class=\"wpforms-field-label\" for=\"wpforms-302-field_3\">Nachricht <span class=\"wpforms-required-label\" aria-hidden=\"true\">*<\/span><\/label><textarea id=\"wpforms-302-field_3\" class=\"wpforms-field-medium wpforms-field-required\" name=\"wpforms[fields][3]\" aria-errormessage=\"wpforms-302-field_3-error\" required><\/textarea><\/div><script>\n\t\t\t\t( function() {\n\t\t\t\t\tconst style = document.createElement( 'style' );\n\t\t\t\t\tstyle.appendChild( document.createTextNode( '#wpforms-302-field_4-container { position: absolute !important; overflow: hidden !important; display: inline !important; height: 1px !important; width: 1px !important; z-index: -1000 !important; padding: 0 !important; } #wpforms-302-field_4-container input { visibility: hidden; } #wpforms-conversational-form-page #wpforms-302-field_4-container label { counter-increment: none; }' ) );\n\t\t\t\t\tdocument.head.appendChild( style );\n\t\t\t\t\tdocument.currentScript?.remove();\n\t\t\t\t} )();\n\t\t\t<\/script><\/div><!-- .wpforms-field-container --><div class=\"wpforms-submit-container\" ><input type=\"hidden\" name=\"wpforms[id]\" value=\"302\"><input type=\"hidden\" name=\"page_title\" value=\"\"><input type=\"hidden\" name=\"page_url\" value=\"https:\/\/le-chouka.com\/de\/wp-json\/wp\/v2\/pages\/1217\"><input type=\"hidden\" name=\"url_referer\" value=\"\"><button type=\"submit\" name=\"wpforms[submit]\" id=\"wpforms-submit-302\" class=\"wpforms-submit my-button\" data-alt-text=\"Senden...\" data-submit-text=\"Senden\" aria-live=\"assertive\" value=\"wpforms-submit\">Senden<\/button><img loading=\"lazy\" decoding=\"async\" src=\"https:\/\/le-chouka.com\/wp-content\/plugins\/wpforms-lite\/assets\/images\/submit-spin.svg\" class=\"wpforms-submit-spinner\" style=\"display: none;\" width=\"26\" height=\"26\" alt=\"Wird geladen\"><\/div><\/form><\/div>  <!-- .wpforms-container -->\n<h3 class=\"wp-block-heading\" id=\"h-informations-sur-l-entreprise-chouka\">Informationen \u00fcber das Unternehmen Chouka<\/h3>\n\n<p class=\"has-small-font-size\">Handelsname: Chouka<br\/>Firmenname: LOUISNARD<br\/>SIRET: 88005269100016<br\/>Eingetragen im Handels- und Gesellschaftsregister: 880052691 R.C.S. Grenoble<br\/>Postanschrift:<br\/><em>Alexandre LOUISNARD<br\/>&#13;\nChouka<br\/>&#13;\n97 A rue Charles Michel<br\/>&#13;\n38600 FONTAINE<br\/>&#13;\nFRANKREICH<\/em><\/p>\n","protected":false},"excerpt":{"rendered":"<p>Unsere Variometer, Kompasse und Instrumente werden in den Alpen, nahe Grenoble, von einem kleinen Team leidenschaftlicher Gleitschirmpiloten entworfen, getestet und gefertigt. Keine anonyme Fabrik, keine ferne Produktion \u2013 nur sorgf\u00e4ltige Handarbeit mit echtem Qualit\u00e4tsanspruch (mehr \u00fcber unsere Geschichte erfahren). Wir k\u00fcmmern uns um unsere Kunden genauso wie um unsere Produkte und antworten immer pers\u00f6nlich \u2013 [&hellip;]<\/p>\n","protected":false},"author":1,"featured_media":0,"parent":0,"menu_order":0,"comment_status":"closed","ping_status":"closed","template":"","meta":{"footnotes":""},"class_list":["post-1217","page","type-page","status-publish","hentry"],"yoast_head":"<!-- This site is optimized with the Yoast SEO Premium plugin v26.1 (Yoast SEO v27.1.1) - https:\/\/yoast.com\/product\/yoast-seo-premium-wordpress\/ -->\n<title>Kontakt - Chouka Shop: Gleitschirmfliegen, Klettern und Tauchen<\/title>\n<meta name=\"description\" content=\"Kontaktieren Sie Chouka, eine franz\u00f6sische Marke f\u00fcr Instrumente zum Gleitschirmfliegen, Klettern und Tauchen. Unser engagiertes Team wird Ihnen antworten.\" \/>\n<meta name=\"robots\" content=\"index, follow, max-snippet:-1, max-image-preview:large, max-video-preview:-1\" \/>\n<link rel=\"canonical\" href=\"https:\/\/le-chouka.com\/de\/kontakt\/\" \/>\n<meta property=\"og:locale\" content=\"de_DE\" \/>\n<meta property=\"og:type\" content=\"article\" \/>\n<meta property=\"og:title\" content=\"Kontakt\" \/>\n<meta property=\"og:description\" content=\"Kontaktieren Sie Chouka, eine franz\u00f6sische Marke f\u00fcr Instrumente zum Gleitschirmfliegen, Klettern und Tauchen. Unser engagiertes Team wird Ihnen antworten.\" \/>\n<meta property=\"og:url\" content=\"https:\/\/le-chouka.com\/de\/kontakt\/\" \/>\n<meta property=\"og:site_name\" content=\"Chouka Shop: Gleitschirmfliegen, Klettern und Tauchen\" \/>\n<meta property=\"article:publisher\" content=\"https:\/\/www.facebook.com\/le.chouka.parapente\" \/>\n<meta property=\"article:modified_time\" content=\"2025-11-05T16:36:07+00:00\" \/>\n<meta name=\"twitter:card\" content=\"summary_large_image\" \/>\n<meta name=\"twitter:label1\" content=\"Gesch\u00e4tzte Lesezeit\" \/>\n\t<meta name=\"twitter:data1\" content=\"1\u00a0Minute\" \/>\n<script type=\"application\/ld+json\" class=\"yoast-schema-graph\">{\"@context\":\"https:\/\/schema.org\",\"@graph\":[{\"@type\":\"WebPage\",\"@id\":\"https:\/\/le-chouka.com\/de\/kontakt\/\",\"url\":\"https:\/\/le-chouka.com\/de\/kontakt\/\",\"name\":\"Kontakt - Chouka Shop: Gleitschirmfliegen, Klettern und Tauchen\",\"isPartOf\":{\"@id\":\"https:\/\/le-chouka.com\/de\/#website\"},\"datePublished\":\"2025-10-10T21:21:12+00:00\",\"dateModified\":\"2025-11-05T16:36:07+00:00\",\"description\":\"Kontaktieren Sie Chouka, eine franz\u00f6sische Marke f\u00fcr Instrumente zum Gleitschirmfliegen, Klettern und Tauchen. Unser engagiertes Team wird Ihnen antworten.\",\"breadcrumb\":{\"@id\":\"https:\/\/le-chouka.com\/de\/kontakt\/#breadcrumb\"},\"inLanguage\":\"de\",\"potentialAction\":[{\"@type\":\"ReadAction\",\"target\":[\"https:\/\/le-chouka.com\/de\/kontakt\/\"]}]},{\"@type\":\"BreadcrumbList\",\"@id\":\"https:\/\/le-chouka.com\/de\/kontakt\/#breadcrumb\",\"itemListElement\":[{\"@type\":\"ListItem\",\"position\":1,\"name\":\"Startseite\",\"item\":\"https:\/\/le-chouka.com\/de\/\"},{\"@type\":\"ListItem\",\"position\":2,\"name\":\"Kontakt\"}]},{\"@type\":\"WebSite\",\"@id\":\"https:\/\/le-chouka.com\/de\/#website\",\"url\":\"https:\/\/le-chouka.com\/de\/\",\"name\":\"Chouka shop: Parapente, Montagne, Plong\u00e9e\",\"description\":\"Chouka Shop: Variometer, Kompasse und Zubeh\u00f6r f\u00fcr Gleitschirmfliegen, Bergsport und Tauchen\",\"publisher\":{\"@id\":\"https:\/\/le-chouka.com\/de\/#organization\"},\"alternateName\":\"Chouka parapente & montagne\",\"potentialAction\":[{\"@type\":\"SearchAction\",\"target\":{\"@type\":\"EntryPoint\",\"urlTemplate\":\"https:\/\/le-chouka.com\/de\/?s={search_term_string}\"},\"query-input\":{\"@type\":\"PropertyValueSpecification\",\"valueRequired\":true,\"valueName\":\"search_term_string\"}}],\"inLanguage\":\"de\"},{\"@type\":\"Organization\",\"@id\":\"https:\/\/le-chouka.com\/de\/#organization\",\"name\":\"Chouka\",\"alternateName\":\"Chouka\",\"url\":\"https:\/\/le-chouka.com\/de\/\",\"logo\":{\"@type\":\"ImageObject\",\"inLanguage\":\"de\",\"@id\":\"https:\/\/le-chouka.com\/de\/#\/schema\/logo\/image\/\",\"url\":\"https:\/\/le-chouka.com\/wp-content\/uploads\/2025\/10\/logo-chouka-grand-orange.png\",\"contentUrl\":\"https:\/\/le-chouka.com\/wp-content\/uploads\/2025\/10\/logo-chouka-grand-orange.png\",\"width\":491,\"height\":424,\"caption\":\"Chouka\"},\"image\":{\"@id\":\"https:\/\/le-chouka.com\/de\/#\/schema\/logo\/image\/\"},\"sameAs\":[\"https:\/\/www.facebook.com\/le.chouka.parapente\",\"https:\/\/www.instagram.com\/chouka_parapente\"]}]}<\/script>\n<!-- \/ Yoast SEO Premium plugin. -->","yoast_head_json":{"title":"Kontakt - Chouka Shop: Gleitschirmfliegen, Klettern und Tauchen","description":"Kontaktieren Sie Chouka, eine franz\u00f6sische Marke f\u00fcr Instrumente zum Gleitschirmfliegen, Klettern und Tauchen. Unser engagiertes Team wird Ihnen antworten.","robots":{"index":"index","follow":"follow","max-snippet":"max-snippet:-1","max-image-preview":"max-image-preview:large","max-video-preview":"max-video-preview:-1"},"canonical":"https:\/\/le-chouka.com\/de\/kontakt\/","og_locale":"de_DE","og_type":"article","og_title":"Kontakt","og_description":"Kontaktieren Sie Chouka, eine franz\u00f6sische Marke f\u00fcr Instrumente zum Gleitschirmfliegen, Klettern und Tauchen. Unser engagiertes Team wird Ihnen antworten.","og_url":"https:\/\/le-chouka.com\/de\/kontakt\/","og_site_name":"Chouka Shop: Gleitschirmfliegen, Klettern und Tauchen","article_publisher":"https:\/\/www.facebook.com\/le.chouka.parapente","article_modified_time":"2025-11-05T16:36:07+00:00","twitter_card":"summary_large_image","twitter_misc":{"Gesch\u00e4tzte Lesezeit":"1\u00a0Minute"},"schema":{"@context":"https:\/\/schema.org","@graph":[{"@type":"WebPage","@id":"https:\/\/le-chouka.com\/de\/kontakt\/","url":"https:\/\/le-chouka.com\/de\/kontakt\/","name":"Kontakt - Chouka Shop: Gleitschirmfliegen, Klettern und Tauchen","isPartOf":{"@id":"https:\/\/le-chouka.com\/de\/#website"},"datePublished":"2025-10-10T21:21:12+00:00","dateModified":"2025-11-05T16:36:07+00:00","description":"Kontaktieren Sie Chouka, eine franz\u00f6sische Marke f\u00fcr Instrumente zum Gleitschirmfliegen, Klettern und Tauchen. Unser engagiertes Team wird Ihnen antworten.","breadcrumb":{"@id":"https:\/\/le-chouka.com\/de\/kontakt\/#breadcrumb"},"inLanguage":"de","potentialAction":[{"@type":"ReadAction","target":["https:\/\/le-chouka.com\/de\/kontakt\/"]}]},{"@type":"BreadcrumbList","@id":"https:\/\/le-chouka.com\/de\/kontakt\/#breadcrumb","itemListElement":[{"@type":"ListItem","position":1,"name":"Startseite","item":"https:\/\/le-chouka.com\/de\/"},{"@type":"ListItem","position":2,"name":"Kontakt"}]},{"@type":"WebSite","@id":"https:\/\/le-chouka.com\/de\/#website","url":"https:\/\/le-chouka.com\/de\/","name":"Chouka shop: Parapente, Montagne, Plong\u00e9e","description":"Chouka Shop: Variometer, Kompasse und Zubeh\u00f6r f\u00fcr Gleitschirmfliegen, Bergsport und Tauchen","publisher":{"@id":"https:\/\/le-chouka.com\/de\/#organization"},"alternateName":"Chouka parapente & montagne","potentialAction":[{"@type":"SearchAction","target":{"@type":"EntryPoint","urlTemplate":"https:\/\/le-chouka.com\/de\/?s={search_term_string}"},"query-input":{"@type":"PropertyValueSpecification","valueRequired":true,"valueName":"search_term_string"}}],"inLanguage":"de"},{"@type":"Organization","@id":"https:\/\/le-chouka.com\/de\/#organization","name":"Chouka","alternateName":"Chouka","url":"https:\/\/le-chouka.com\/de\/","logo":{"@type":"ImageObject","inLanguage":"de","@id":"https:\/\/le-chouka.com\/de\/#\/schema\/logo\/image\/","url":"https:\/\/le-chouka.com\/wp-content\/uploads\/2025\/10\/logo-chouka-grand-orange.png","contentUrl":"https:\/\/le-chouka.com\/wp-content\/uploads\/2025\/10\/logo-chouka-grand-orange.png","width":491,"height":424,"caption":"Chouka"},"image":{"@id":"https:\/\/le-chouka.com\/de\/#\/schema\/logo\/image\/"},"sameAs":["https:\/\/www.facebook.com\/le.chouka.parapente","https:\/\/www.instagram.com\/chouka_parapente"]}]}},"_links":{"self":[{"href":"https:\/\/le-chouka.com\/de\/wp-json\/wp\/v2\/pages\/1217","targetHints":{"allow":["GET"]}}],"collection":[{"href":"https:\/\/le-chouka.com\/de\/wp-json\/wp\/v2\/pages"}],"about":[{"href":"https:\/\/le-chouka.com\/de\/wp-json\/wp\/v2\/types\/page"}],"author":[{"embeddable":true,"href":"https:\/\/le-chouka.com\/de\/wp-json\/wp\/v2\/users\/1"}],"replies":[{"embeddable":true,"href":"https:\/\/le-chouka.com\/de\/wp-json\/wp\/v2\/comments?post=1217"}],"version-history":[{"count":6,"href":"https:\/\/le-chouka.com\/de\/wp-json\/wp\/v2\/pages\/1217\/revisions"}],"predecessor-version":[{"id":2513,"href":"https:\/\/le-chouka.com\/de\/wp-json\/wp\/v2\/pages\/1217\/revisions\/2513"}],"wp:attachment":[{"href":"https:\/\/le-chouka.com\/de\/wp-json\/wp\/v2\/media?parent=1217"}],"curies":[{"name":"wp","href":"https:\/\/api.w.org\/{rel}","templated":true}]}}