{"id":10914,"date":"2025-10-10T22:31:07","date_gmt":"2025-10-10T20:31:07","guid":{"rendered":"https:\/\/le-chouka.com\/unsere-geschichte\/"},"modified":"2026-05-05T11:12:22","modified_gmt":"2026-05-05T09:12:22","slug":"unsere-geschichte","status":"publish","type":"page","link":"https:\/\/le-chouka.com\/de\/unsere-geschichte\/","title":{"rendered":"Unsere Geschichte"},"content":{"rendered":"\n<h2 class=\"wp-block-heading\" id=\"h-la-ou-tout-a-commence\">Wo alles begann&#8230;<\/h2>\n\n<p>Bevor es ein Unternehmen war, ist <strong>Chouka vor allem ein Abenteuer, das in den Bergen entstanden ist<\/strong> \u2014 an windigen Startpl\u00e4tzen und auf steilen Pfaden des Hike-and-Fly-Fliegens in den Alpen. Die Idee entstand aus einem einfachen Bed\u00fcrfnis: <strong>leicht zu fliegen, ohne Kompromisse bei der Zuverl\u00e4ssigkeit einzugehen<\/strong>.<\/p>\n\n<p>Als Informatik- und Elektronikingenieur in Grenoble, aber vor allem <strong>leidenschaftlicher Gleitschirmflieger, Kletterer und Bergsportler<\/strong>, habe ich den ersten Variometer-Prototyp mit einer Mischung aus Leidenschaft und handverl\u00f6teten elektronischen Komponenten gebaut, alles untergebracht in \u2026 einer kleinen Tic-Tac-Box! Wir nannten ihn mit Humor den <strong>\u201eVario Tictac\u201c<\/strong>. Dieses erste handgefertigte Modell war keineswegs kommerziell, aber es hatte bereits das Wichtigste: Es funktionierte.<\/p>\n\n<p>Freunde und Piloten schlossen sich dem Abenteuer an und testeten die Prototypen unter allen Bedingungen. Dank ihnen wurde aus Version zu Version <strong>die Idee zu einem echten Fluginstrument<\/strong>: <strong>das <a href=\"https:\/\/le-chouka.com\/de\/shop\/gleitschirmfliegen\/gleitschirm-variometer-chouka\/\">Chouka-Variometer<\/a><\/strong>.<\/p>\n\n<h2 class=\"wp-block-heading\" id=\"h-une-idee-simple-deux-objectifs-forts\">Eine einfache Idee, zwei starke Ziele<\/h2>\n\n<p>Von Anfang an wurden alle Entscheidungen von zwei Leitprinzipien bestimmt:<\/p>\n\n<h3 class=\"wp-block-heading is-style-default\" id=\"h-legerete-et-compacite\">Leichtigkeit und Kompaktheit<\/h3>\n\n<p>Der Chouka sollte ein Variometer sein, das man kaum bemerkt: leicht, unauff\u00e4llig, mit gro\u00dfer Akkulaufzeit und \u00fcberall montierbar \u2014 am Helm, am Cockpit oder im Gurtzeug. Ideal f\u00fcr Hike-and-Fly- und Biwakfl\u00fcge, aber ohne Kompromisse bei Pr\u00e4zision und Leistung.&#13;\n<\/p>\n\n<h3 class=\"wp-block-heading\" id=\"h-fabrication-en-france-a-prix-accessible\">Hergestellt in Frankreich zu einem erschwinglichen Preis<\/h3>\n\n<p>Die Herausforderung schien gewagt: eine lokale Produktion in Frankreich bei gleichzeitig <strong>erschwinglichem Preis<\/strong>.<\/p>\n\n<h2 class=\"wp-block-heading\" id=\"h-une-aventure-qui-continue\">Ein Abenteuer, das weitergeht<\/h2>\n\n<p>Seit der ersten Version hat sich das Chouka-Variometer st\u00e4ndig weiterentwickelt. Jedes Feedback von Piloten und jede Idee aus der Praxis haben dazu beigetragen, Elektronik, Pr\u00e4zision und Ergonomie zu verbessern.&#13;\n<\/p>\n\n<p>Doch die Geschichte h\u00f6rte hier nicht auf. Im Laufe der Jahre <strong>wurde die Chouka-Gleitschirmserie erweitert<\/strong>:<\/p>\n\n<ul class=\"wp-block-list\">\n<li><strong><a href=\"https:\/\/le-chouka.com\/de\/shop\/gleitschirmfliegen\/xctrack-gleitschirm-variometer-chouka-smart\/\">Chouka Smart variometer<\/a><\/strong> \u2013 still ultralight but connected to XCTrack.<\/li>\n\n\n\n<li><strong><a href=\"https:\/\/le-chouka.com\/de\/shop\/gleitschirmfliegen\/gleitschirm-kompass\/\">Chouka-Kompass<\/a><\/strong>.<\/li>\n\n\n\n<li><a href=\"https:\/\/le-chouka.com\/de\/gleitschirmfliegen\/\"><strong>Weitere Instrumente und Zubeh\u00f6r f\u00fcr das Gleitschirmfliegen&#8230;<\/strong><\/a><\/li>\n<\/ul>\n\n<p>Dann erweiterte sie sich auf andere Sportarten:<\/p>\n\n<ul class=\"wp-block-list\">\n<li><a href=\"https:\/\/le-chouka.com\/de\/shop\/klettern-berg-ski\/ultraleichtes-chouka-messer\/\"><strong>Ultraleichtes Chouk&#8217;oup Messer<\/strong><\/a> \u2013 unverzichtbar beim <strong>Klettern und Bergsteigen<\/strong> zum Schneiden von Reepschnurschlaufen oder anderem.<\/li>\n\n\n\n<li><a href=\"https:\/\/le-chouka.com\/de\/shop\/tauchen\/tauchkompass\/\"><strong>Chouka Tauchkompass<\/strong><\/a> \u2013 entwickelt f\u00fcr Unterwassererkundungen, im Meer oder beim H\u00f6hlentauchen.<\/li>\n\n\n\n<li><a href=\"https:\/\/le-chouka.com\/de\/shop\/klettern-berg-ski\/skicycle-skitrager-fahrrad\/\"><strong>SkiCycle: Fahrrad-Skitr\u00e4ger<\/strong><\/a> \u2013 um Bergabenteuer und sanfte Mobilit\u00e4t zu kombinieren.<\/li>\n<\/ul>\n\n<p><strong>Weitere Projekte sind in Arbeit<\/strong>, immer nach der gleichen Philosophie: Einfachheit, Zuverl\u00e4ssigkeit, Effizienz und lokale Herstellung.<\/p>\n\n<p>Mehr als nur eine Marke ist <strong>Chouka eine Abenteuer-Werkstatt<\/strong>, angetrieben von der Leidenschaft f\u00fcr das Fliegen und dem st\u00e4ndigen Streben nach Verbesserungen.<\/p>\n\n<p><\/p>\n","protected":false},"excerpt":{"rendered":"<p>Wo alles begann&#8230; Bevor es ein Unternehmen war, ist Chouka vor allem ein Abenteuer, das in den Bergen entstanden ist \u2014 an windigen Startpl\u00e4tzen und auf steilen Pfaden des Hike-and-Fly-Fliegens in den Alpen. Die Idee entstand aus einem einfachen Bed\u00fcrfnis: leicht zu fliegen, ohne Kompromisse bei der Zuverl\u00e4ssigkeit einzugehen. Als Informatik- und Elektronikingenieur in Grenoble, [&hellip;]<\/p>\n","protected":false},"author":1,"featured_media":0,"parent":0,"menu_order":0,"comment_status":"closed","ping_status":"closed","template":"","meta":{"footnotes":""},"class_list":["post-10914","page","type-page","status-publish","hentry"],"yoast_head":"<!-- This site is optimized with the Yoast SEO Premium plugin v26.1 (Yoast SEO v27.5) - https:\/\/yoast.com\/product\/yoast-seo-premium-wordpress\/ -->\n<title>Unsere Geschichte - Chouka Shop: Gleitschirmfliegen, Klettern und Tauchen<\/title>\n<meta name=\"description\" content=\"Entdecke die Geschichte von Chouka, einer franz\u00f6sischen Marke f\u00fcr Variometer und Gleitschirminstrumente, die von Enthusiasten entwickelt wurden.\" \/>\n<meta name=\"robots\" content=\"index, follow, max-snippet:-1, max-image-preview:large, max-video-preview:-1\" \/>\n<link rel=\"canonical\" href=\"https:\/\/le-chouka.com\/de\/unsere-geschichte\/\" \/>\n<meta property=\"og:locale\" content=\"de_DE\" \/>\n<meta property=\"og:type\" content=\"article\" \/>\n<meta property=\"og:title\" content=\"Unsere Geschichte\" \/>\n<meta property=\"og:description\" content=\"Entdecke die Geschichte von Chouka, einer franz\u00f6sischen Marke f\u00fcr Variometer und Gleitschirminstrumente, die von Enthusiasten entwickelt wurden.\" \/>\n<meta property=\"og:url\" content=\"https:\/\/le-chouka.com\/de\/unsere-geschichte\/\" \/>\n<meta property=\"og:site_name\" content=\"Chouka Shop: Gleitschirmfliegen, Klettern und Tauchen\" \/>\n<meta property=\"article:publisher\" content=\"https:\/\/www.facebook.com\/le.chouka.parapente\" \/>\n<meta property=\"article:modified_time\" content=\"2026-05-05T09:12:22+00:00\" \/>\n<meta name=\"twitter:card\" content=\"summary_large_image\" \/>\n<meta name=\"twitter:label1\" content=\"Gesch\u00e4tzte Lesezeit\" \/>\n\t<meta name=\"twitter:data1\" content=\"2 Minute\" \/>\n<script type=\"application\/ld+json\" class=\"yoast-schema-graph\">{\"@context\":\"https:\\\/\\\/schema.org\",\"@graph\":[{\"@type\":\"WebPage\",\"@id\":\"https:\\\/\\\/le-chouka.com\\\/de\\\/unsere-geschichte\\\/\",\"url\":\"https:\\\/\\\/le-chouka.com\\\/de\\\/unsere-geschichte\\\/\",\"name\":\"Unsere Geschichte - Chouka Shop: Gleitschirmfliegen, Klettern und Tauchen\",\"isPartOf\":{\"@id\":\"https:\\\/\\\/le-chouka.com\\\/de\\\/#website\"},\"datePublished\":\"2025-10-10T20:31:07+00:00\",\"dateModified\":\"2026-05-05T09:12:22+00:00\",\"description\":\"Entdecke die Geschichte von Chouka, einer franz\u00f6sischen Marke f\u00fcr Variometer und Gleitschirminstrumente, die von Enthusiasten entwickelt wurden.\",\"breadcrumb\":{\"@id\":\"https:\\\/\\\/le-chouka.com\\\/de\\\/unsere-geschichte\\\/#breadcrumb\"},\"inLanguage\":\"de\",\"potentialAction\":[{\"@type\":\"ReadAction\",\"target\":[\"https:\\\/\\\/le-chouka.com\\\/de\\\/unsere-geschichte\\\/\"]}]},{\"@type\":\"BreadcrumbList\",\"@id\":\"https:\\\/\\\/le-chouka.com\\\/de\\\/unsere-geschichte\\\/#breadcrumb\",\"itemListElement\":[{\"@type\":\"ListItem\",\"position\":1,\"name\":\"Startseite\",\"item\":\"https:\\\/\\\/le-chouka.com\\\/de\\\/\"},{\"@type\":\"ListItem\",\"position\":2,\"name\":\"Unsere Geschichte\"}]},{\"@type\":\"WebSite\",\"@id\":\"https:\\\/\\\/le-chouka.com\\\/de\\\/#website\",\"url\":\"https:\\\/\\\/le-chouka.com\\\/de\\\/\",\"name\":\"Chouka shop: Parapente, Montagne, Plong\u00e9e\",\"description\":\"Chouka Shop: Variometer, Kompasse und Zubeh\u00f6r f\u00fcr Gleitschirmfliegen, Bergsport und Tauchen\",\"publisher\":{\"@id\":\"https:\\\/\\\/le-chouka.com\\\/de\\\/#organization\"},\"alternateName\":\"Chouka parapente & montagne\",\"potentialAction\":[{\"@type\":\"SearchAction\",\"target\":{\"@type\":\"EntryPoint\",\"urlTemplate\":\"https:\\\/\\\/le-chouka.com\\\/de\\\/?s={search_term_string}\"},\"query-input\":{\"@type\":\"PropertyValueSpecification\",\"valueRequired\":true,\"valueName\":\"search_term_string\"}}],\"inLanguage\":\"de\"},{\"@type\":\"Organization\",\"@id\":\"https:\\\/\\\/le-chouka.com\\\/de\\\/#organization\",\"name\":\"Chouka\",\"alternateName\":\"Chouka\",\"url\":\"https:\\\/\\\/le-chouka.com\\\/de\\\/\",\"logo\":{\"@type\":\"ImageObject\",\"inLanguage\":\"de\",\"@id\":\"https:\\\/\\\/le-chouka.com\\\/de\\\/#\\\/schema\\\/logo\\\/image\\\/\",\"url\":\"https:\\\/\\\/le-chouka.com\\\/wp-content\\\/uploads\\\/2025\\\/10\\\/logo-chouka-grand-orange.png\",\"contentUrl\":\"https:\\\/\\\/le-chouka.com\\\/wp-content\\\/uploads\\\/2025\\\/10\\\/logo-chouka-grand-orange.png\",\"width\":491,\"height\":424,\"caption\":\"Chouka\"},\"image\":{\"@id\":\"https:\\\/\\\/le-chouka.com\\\/de\\\/#\\\/schema\\\/logo\\\/image\\\/\"},\"sameAs\":[\"https:\\\/\\\/www.facebook.com\\\/le.chouka.parapente\",\"https:\\\/\\\/www.instagram.com\\\/chouka_parapente\"]}]}<\/script>\n<!-- \/ Yoast SEO Premium plugin. -->","yoast_head_json":{"title":"Unsere Geschichte - Chouka Shop: Gleitschirmfliegen, Klettern und Tauchen","description":"Entdecke die Geschichte von Chouka, einer franz\u00f6sischen Marke f\u00fcr Variometer und Gleitschirminstrumente, die von Enthusiasten entwickelt wurden.","robots":{"index":"index","follow":"follow","max-snippet":"max-snippet:-1","max-image-preview":"max-image-preview:large","max-video-preview":"max-video-preview:-1"},"canonical":"https:\/\/le-chouka.com\/de\/unsere-geschichte\/","og_locale":"de_DE","og_type":"article","og_title":"Unsere Geschichte","og_description":"Entdecke die Geschichte von Chouka, einer franz\u00f6sischen Marke f\u00fcr Variometer und Gleitschirminstrumente, die von Enthusiasten entwickelt wurden.","og_url":"https:\/\/le-chouka.com\/de\/unsere-geschichte\/","og_site_name":"Chouka Shop: Gleitschirmfliegen, Klettern und Tauchen","article_publisher":"https:\/\/www.facebook.com\/le.chouka.parapente","article_modified_time":"2026-05-05T09:12:22+00:00","twitter_card":"summary_large_image","twitter_misc":{"Gesch\u00e4tzte Lesezeit":"2 Minute"},"schema":{"@context":"https:\/\/schema.org","@graph":[{"@type":"WebPage","@id":"https:\/\/le-chouka.com\/de\/unsere-geschichte\/","url":"https:\/\/le-chouka.com\/de\/unsere-geschichte\/","name":"Unsere Geschichte - Chouka Shop: Gleitschirmfliegen, Klettern und Tauchen","isPartOf":{"@id":"https:\/\/le-chouka.com\/de\/#website"},"datePublished":"2025-10-10T20:31:07+00:00","dateModified":"2026-05-05T09:12:22+00:00","description":"Entdecke die Geschichte von Chouka, einer franz\u00f6sischen Marke f\u00fcr Variometer und Gleitschirminstrumente, die von Enthusiasten entwickelt wurden.","breadcrumb":{"@id":"https:\/\/le-chouka.com\/de\/unsere-geschichte\/#breadcrumb"},"inLanguage":"de","potentialAction":[{"@type":"ReadAction","target":["https:\/\/le-chouka.com\/de\/unsere-geschichte\/"]}]},{"@type":"BreadcrumbList","@id":"https:\/\/le-chouka.com\/de\/unsere-geschichte\/#breadcrumb","itemListElement":[{"@type":"ListItem","position":1,"name":"Startseite","item":"https:\/\/le-chouka.com\/de\/"},{"@type":"ListItem","position":2,"name":"Unsere Geschichte"}]},{"@type":"WebSite","@id":"https:\/\/le-chouka.com\/de\/#website","url":"https:\/\/le-chouka.com\/de\/","name":"Chouka shop: Parapente, Montagne, Plong\u00e9e","description":"Chouka Shop: Variometer, Kompasse und Zubeh\u00f6r f\u00fcr Gleitschirmfliegen, Bergsport und Tauchen","publisher":{"@id":"https:\/\/le-chouka.com\/de\/#organization"},"alternateName":"Chouka parapente & montagne","potentialAction":[{"@type":"SearchAction","target":{"@type":"EntryPoint","urlTemplate":"https:\/\/le-chouka.com\/de\/?s={search_term_string}"},"query-input":{"@type":"PropertyValueSpecification","valueRequired":true,"valueName":"search_term_string"}}],"inLanguage":"de"},{"@type":"Organization","@id":"https:\/\/le-chouka.com\/de\/#organization","name":"Chouka","alternateName":"Chouka","url":"https:\/\/le-chouka.com\/de\/","logo":{"@type":"ImageObject","inLanguage":"de","@id":"https:\/\/le-chouka.com\/de\/#\/schema\/logo\/image\/","url":"https:\/\/le-chouka.com\/wp-content\/uploads\/2025\/10\/logo-chouka-grand-orange.png","contentUrl":"https:\/\/le-chouka.com\/wp-content\/uploads\/2025\/10\/logo-chouka-grand-orange.png","width":491,"height":424,"caption":"Chouka"},"image":{"@id":"https:\/\/le-chouka.com\/de\/#\/schema\/logo\/image\/"},"sameAs":["https:\/\/www.facebook.com\/le.chouka.parapente","https:\/\/www.instagram.com\/chouka_parapente"]}]}},"_links":{"self":[{"href":"https:\/\/le-chouka.com\/de\/wp-json\/wp\/v2\/pages\/10914","targetHints":{"allow":["GET"]}}],"collection":[{"href":"https:\/\/le-chouka.com\/de\/wp-json\/wp\/v2\/pages"}],"about":[{"href":"https:\/\/le-chouka.com\/de\/wp-json\/wp\/v2\/types\/page"}],"author":[{"embeddable":true,"href":"https:\/\/le-chouka.com\/de\/wp-json\/wp\/v2\/users\/1"}],"replies":[{"embeddable":true,"href":"https:\/\/le-chouka.com\/de\/wp-json\/wp\/v2\/comments?post=10914"}],"version-history":[{"count":1,"href":"https:\/\/le-chouka.com\/de\/wp-json\/wp\/v2\/pages\/10914\/revisions"}],"predecessor-version":[{"id":10915,"href":"https:\/\/le-chouka.com\/de\/wp-json\/wp\/v2\/pages\/10914\/revisions\/10915"}],"wp:attachment":[{"href":"https:\/\/le-chouka.com\/de\/wp-json\/wp\/v2\/media?parent=10914"}],"curies":[{"name":"wp","href":"https:\/\/api.w.org\/{rel}","templated":true}]}}